{"id":680,"date":"2020-06-18T03:03:23","date_gmt":"2020-06-18T03:03:23","guid":{"rendered":"http:\/\/alfaquarium.mx\/?page_id=680"},"modified":"2020-07-06T18:12:16","modified_gmt":"2020-07-06T18:12:16","slug":"el-metodo-triton","status":"publish","type":"page","link":"https:\/\/proyectos.pgiovas.com\/alfaquarium\/el-metodo-triton","title":{"rendered":"El M\u00e9todo Triton"},"content":{"rendered":"<section class=\"wpb-content-wrapper\"><p>[vc_row full_width=&#8221;stretch_row&#8221;][vc_column icons_position=&#8221;left&#8221;][vc_row_inner][vc_column_inner icons_position=&#8221;left&#8221;][vc_single_image image=&#8221;682&#8243; img_size=&#8221;full&#8221;][vc_single_image image=&#8221;816&#8243; img_size=&#8221;medium&#8221; alignment=&#8221;right&#8221;]<div id=\"sc_title_1314627779\"\n\t\tclass=\"sc_title color_style_default sc_title_default with_border\"><h6 class=\"sc_item_subtitle sc_title_subtitle sc_align_left sc_item_title_style_default\">EL M\u00c9TODO<\/h6><h3 class=\"sc_item_title sc_title_title sc_align_left sc_item_title_style_default\">TRITON<\/h3><div class=\"title_icon icon-010-wave  sc_align_left\"><\/div>\n<\/div><!-- \/.sc_title -->[vc_column_text]<\/p>\n<p class=\"p2\">El m\u00e9todo Triton para mantener la qu\u00edmica del agua de un acuario marino es realmente muy sencillo.<\/p>\n<p class=\"p2\">Todos llevamos muchos a\u00f1os tratando de hacer lo siguiente:<\/p>\n<ol>\n<li class=\"p2\">Mantener los niveles de los elementos macro y traza lo mas estable posible. Porque los mejores resultados se obtienen con ESTABILIDAD.<\/li>\n<li class=\"p2\">Medir con precisi\u00f3n cada uno de los elementos que componen el agua de nuestros acuarios. Porque solo as\u00ed podemos saber que falta y que sobra para poder actuar en consecuencia.<\/li>\n<li class=\"p2\">Dosificar con precisi\u00f3n solo los elementos que faltan.<\/li>\n<\/ol>\n<p class=\"p2\">Para igualar lo mas posible la composici\u00f3n de la qu\u00edmica de nuestros acuarios en relaci\u00f3n a la qu\u00edmica de un arrecife natural. \u00bfPor qu\u00e9 no hab\u00eda sido posible hacer estas 3 cosas con la precisi\u00f3n y facilidad que todos queremos? Porque no cont\u00e1bamos con una tecnolog\u00eda disponible que midiera con precisi\u00f3n la composici\u00f3n qu\u00edmica del agua de nuestros acuarios.<\/p>\n<p>[\/vc_column_text][\/vc_column_inner][\/vc_row_inner][\/vc_column][\/vc_row][vc_row css=&#8221;.vc_custom_1592451529303{margin-top: 50px !important;}&#8221;][vc_column icons_position=&#8221;left&#8221;][vc_row_inner][vc_column_inner width=&#8221;1\/2&#8243; icons_position=&#8221;left&#8221;][vc_single_image image=&#8221;683&#8243; img_size=&#8221;500&#215;500&#8243; alignment=&#8221;center&#8221;][\/vc_column_inner][vc_column_inner width=&#8221;1\/2&#8243; icons_position=&#8221;left&#8221;][vc_empty_space height=&#8221;6rem&#8221; alter_height=&#8221;none&#8221; hide_on_desktop=&#8221;&#8221; hide_on_notebook=&#8221;&#8221; hide_on_tablet=&#8221;&#8221; hide_on_mobile=&#8221;&#8221;][vc_column_text]<\/p>\n<p class=\"p2\" style=\"text-align: justify;\">Contamos con kits de medici\u00f3n que permiten saber con precisi\u00f3n aceptable los 5 elementos\/mol\u00e9culas mas importantes <strong>(dKH, Ca, Mg, NO3 y PO4)<\/strong> adem\u00e1s podemos medir con muy baja precisi\u00f3n otros elementos como <strong>Estroncio, Yodo, Hierro, <\/strong>entre otros.<\/p>\n<p class=\"p1\" style=\"text-align: justify;\">Con esta tecnolog\u00eda podemos medir con precisi\u00f3n de mil\u00e9simas de mill\u00f3n. (Microgramos por litro)13 contaminantes, los mas comunes en el agua de mar y los acuarios, 8 elementos Macro (miligramos x Litro), los mas importantes que componen el agua de mar (mas del 99%) y 13 elementos traza (microgramos x Litro) los mas importantes para los procesos metab\u00f3licos de los corales y algunos invertebrados. (Menos del 1%). Con esta herramienta podemos ahora saber la composici\u00f3n exacta del agua de nuestros acuarios.<\/p>\n<p>[\/vc_column_text][\/vc_column_inner][\/vc_row_inner][\/vc_column][\/vc_row][vc_row css=&#8221;.vc_custom_1592451529303{margin-top: 50px !important;}&#8221;][vc_column icons_position=&#8221;left&#8221;][vc_row_inner][vc_column_inner icons_position=&#8221;left&#8221;][vc_column_text]<\/p>\n<h5 class=\"p1\" style=\"text-align: center;\">Ning\u00fan acuario es igual a otro. <span style=\"color: #00523d;\"><em><strong>Triton Lab<\/strong><\/em><\/span> calcula las dosis de correcci\u00f3n para cada acuario de acuerdo con los resultados y la cantidad de litros de agua del sistema completo.<\/h5>\n<p>[\/vc_column_text][\/vc_column_inner][\/vc_row_inner][\/vc_column][\/vc_row][vc_row css=&#8221;.vc_custom_1592451529303{margin-top: 50px !important;}&#8221;][vc_column icons_position=&#8221;left&#8221;][vc_column_text]<\/p>\n<p class=\"p1\" style=\"text-align: justify;\">Triton continu\u00f3 la investigaci\u00f3n usando esta tecnolog\u00eda y analizando miles de muestras de arrecifes naturales, acuarios p\u00fablicos y privados desarroll\u00f3 un nuevo l\u00edquido de mantenimiento de elementos. Este nuevo producto mantiene estables TODOS los elementos macro y traza incluyendo los 3 mas importantes. Alcalinidad, Calcio y Magnesio.<\/p>\n<p>[\/vc_column_text][vc_empty_space height=&#8221;3rem&#8221; alter_height=&#8221;none&#8221; hide_on_desktop=&#8221;&#8221; hide_on_notebook=&#8221;&#8221; hide_on_tablet=&#8221;&#8221; hide_on_mobile=&#8221;&#8221;][vc_row_inner][vc_column_inner width=&#8221;1\/2&#8243; icons_position=&#8221;left&#8221;][vc_single_image image=&#8221;690&#8243; img_size=&#8221;500&#215;500&#8243; alignment=&#8221;center&#8221;][vc_empty_space height=&#8221;2rem&#8221; alter_height=&#8221;none&#8221; hide_on_desktop=&#8221;&#8221; hide_on_notebook=&#8221;&#8221; hide_on_tablet=&#8221;&#8221; hide_on_mobile=&#8221;&#8221;][vc_column_text]<\/p>\n<p class=\"p1\" style=\"text-align: center;\"><strong>Triton Core 7 Base Elements Triton Method.<\/strong> Para Acuarios que usan Macroalgas como m\u00e9todo principal de control de nutrientes.<\/p>\n<p>[\/vc_column_text][\/vc_column_inner][vc_column_inner width=&#8221;1\/2&#8243; icons_position=&#8221;left&#8221;][vc_single_image image=&#8221;691&#8243; img_size=&#8221;500&#215;500&#8243; alignment=&#8221;center&#8221;][vc_empty_space height=&#8221;2rem&#8221; alter_height=&#8221;none&#8221; hide_on_desktop=&#8221;&#8221; hide_on_notebook=&#8221;&#8221; hide_on_tablet=&#8221;&#8221; hide_on_mobile=&#8221;&#8221;][vc_column_text]<\/p>\n<p class=\"p1\" style=\"text-align: center;\"><strong>Triton Core 7 Reef Supplements Other Methods<\/strong>, Para acuarios con reactores y cualquier otro m\u00e9todo de control de Nutrientes sin Macroalgas.<\/p>\n<p>[\/vc_column_text][\/vc_column_inner][\/vc_row_inner][\/vc_column][\/vc_row][vc_row css=&#8221;.vc_custom_1592451529303{margin-top: 50px !important;}&#8221;][vc_column icons_position=&#8221;left&#8221;][vc_empty_space height=&#8221;3rem&#8221; alter_height=&#8221;none&#8221; hide_on_desktop=&#8221;&#8221; hide_on_notebook=&#8221;&#8221; hide_on_tablet=&#8221;&#8221; hide_on_mobile=&#8221;&#8221;][vc_media_grid element_width=&#8221;2&#8243; gap=&#8221;15&#8243; grid_id=&#8221;vc_gid:1594058194554-11d6049e569a5342e3db82e79f9305b6-0&#8243; include=&#8221;710,711,712,713,705,706,707,708,715,716,717,718,719,720,721,722&#8243;][vc_empty_space height=&#8221;3rem&#8221; alter_height=&#8221;none&#8221; hide_on_desktop=&#8221;&#8221; hide_on_notebook=&#8221;&#8221; hide_on_tablet=&#8221;&#8221; hide_on_mobile=&#8221;&#8221;][vc_column_text]<\/p>\n<p class=\"p1\" style=\"text-align: justify;\">Usando tambi\u00e9n la tecnolog\u00eda <strong>ICP-OES,<\/strong> Triton desarrollo la l\u00ednea de elementos Macro y Traza mas completa. Que adem\u00e1s de ser fabricados con elementos de grado farmac\u00e9utico cuentan ya con una garant\u00eda de pureza de miles de an\u00e1lisis. Pues cada que estos elementos se usan para ajustar y se realiza un an\u00e1lisis <strong>ICP-OES<\/strong> se puede comprobar con los resultados que solo los elementos que se dosifican son modificados. <strong>Nunca encontrar\u00e1s Bario o Litio adicional en ninguno de nuestros elementos individuales de grado farmac\u00e9utico.<\/strong><\/p>\n<p>[\/vc_column_text][\/vc_column][\/vc_row]<\/p>\n<\/section>","protected":false},"excerpt":{"rendered":"<p>[vc_row full_width=&#8221;stretch_row&#8221;][vc_column icons_position=&#8221;left&#8221;][vc_row_inner][vc_column_inner icons_position=&#8221;left&#8221;][vc_single_image image=&#8221;682&#8243; img_size=&#8221;full&#8221;][vc_single_image image=&#8221;816&#8243; img_size=&#8221;medium&#8221; alignment=&#8221;right&#8221;][vc_column_text] El m\u00e9todo Triton para mantener la qu\u00edmica del agua de un acuario marino es realmente muy sencillo. Todos llevamos muchos a\u00f1os tratando de hacer lo siguiente:&hellip;<\/p>\n","protected":false},"author":4,"featured_media":0,"parent":0,"menu_order":0,"comment_status":"closed","ping_status":"closed","template":"","meta":{"footnotes":""},"class_list":["post-680","page","type-page","status-publish","hentry"],"_links":{"self":[{"href":"https:\/\/proyectos.pgiovas.com\/alfaquarium\/wp-json\/wp\/v2\/pages\/680","targetHints":{"allow":["GET"]}}],"collection":[{"href":"https:\/\/proyectos.pgiovas.com\/alfaquarium\/wp-json\/wp\/v2\/pages"}],"about":[{"href":"https:\/\/proyectos.pgiovas.com\/alfaquarium\/wp-json\/wp\/v2\/types\/page"}],"author":[{"embeddable":true,"href":"https:\/\/proyectos.pgiovas.com\/alfaquarium\/wp-json\/wp\/v2\/users\/4"}],"replies":[{"embeddable":true,"href":"https:\/\/proyectos.pgiovas.com\/alfaquarium\/wp-json\/wp\/v2\/comments?post=680"}],"version-history":[{"count":34,"href":"https:\/\/proyectos.pgiovas.com\/alfaquarium\/wp-json\/wp\/v2\/pages\/680\/revisions"}],"predecessor-version":[{"id":826,"href":"https:\/\/proyectos.pgiovas.com\/alfaquarium\/wp-json\/wp\/v2\/pages\/680\/revisions\/826"}],"wp:attachment":[{"href":"https:\/\/proyectos.pgiovas.com\/alfaquarium\/wp-json\/wp\/v2\/media?parent=680"}],"curies":[{"name":"wp","href":"https:\/\/api.w.org\/{rel}","templated":true}]}}