{"id":5495,"date":"2020-12-08T23:56:21","date_gmt":"2020-12-08T23:56:21","guid":{"rendered":"http:\/\/alfaquarium.mx\/?page_id=5495"},"modified":"2020-12-09T00:00:38","modified_gmt":"2020-12-09T00:00:38","slug":"pseudochromis-pacagnellae","status":"publish","type":"page","link":"https:\/\/proyectos.pgiovas.com\/alfaquarium\/pseudochromis-pacagnellae","title":{"rendered":"Pseudochromis Pacagnellae"},"content":{"rendered":"\t\t<div data-elementor-type=\"wp-page\" data-elementor-id=\"5495\" class=\"elementor elementor-5495\">\n\t\t\t\t\t\t<section class=\"elementor-section elementor-top-section elementor-element elementor-element-79b8e8b elementor-section-full_width elementor-section-height-default elementor-section-height-default\" data-id=\"79b8e8b\" data-element_type=\"section\" data-e-type=\"section\">\n\t\t\t\t\t\t<div class=\"elementor-container elementor-column-gap-default\">\n\t\t\t\t\t<div class=\"elementor-column elementor-col-100 elementor-top-column elementor-element elementor-element-8003a9b\" data-id=\"8003a9b\" data-element_type=\"column\" data-e-type=\"column\">\n\t\t\t<div class=\"elementor-widget-wrap elementor-element-populated\">\n\t\t\t\t\t\t<div class=\"elementor-element elementor-element-a9cc64a elementor-widget elementor-widget-heading\" data-id=\"a9cc64a\" data-element_type=\"widget\" data-e-type=\"widget\" data-widget_type=\"heading.default\">\n\t\t\t\t<div class=\"elementor-widget-container\">\n\t\t\t\t\t<h3 class=\"elementor-heading-title elementor-size-default\">Pseudochromis Pacagnellae<\/h3>\t\t\t\t<\/div>\n\t\t\t\t<\/div>\n\t\t\t\t<div class=\"elementor-element elementor-element-254ba6f elementor-widget elementor-widget-spacer\" data-id=\"254ba6f\" data-element_type=\"widget\" data-e-type=\"widget\" data-widget_type=\"spacer.default\">\n\t\t\t\t<div class=\"elementor-widget-container\">\n\t\t\t\t\t\t\t<div class=\"elementor-spacer\">\n\t\t\t<div class=\"elementor-spacer-inner\"><\/div>\n\t\t<\/div>\n\t\t\t\t\t\t<\/div>\n\t\t\t\t<\/div>\n\t\t\t\t<div class=\"elementor-element elementor-element-65959d3 elementor-widget-divider--separator-type-pattern elementor-widget-divider--view-line elementor-widget elementor-widget-divider\" data-id=\"65959d3\" data-element_type=\"widget\" data-e-type=\"widget\" data-widget_type=\"divider.default\">\n\t\t\t\t<div class=\"elementor-widget-container\">\n\t\t\t\t\t\t\t<div class=\"elementor-divider\" style=\"--divider-pattern-url: url(&quot;data:image\/svg+xml,%3Csvg xmlns=&#039;http:\/\/www.w3.org\/2000\/svg&#039; preserveAspectRatio=&#039;none&#039; overflow=&#039;visible&#039; height=&#039;100%&#039; viewBox=&#039;0 0 24 24&#039; fill=&#039;none&#039; stroke=&#039;black&#039; stroke-width=&#039;7&#039; stroke-linecap=&#039;square&#039; stroke-miterlimit=&#039;10&#039;%3E%3Cpath d=&#039;M0,6c6,0,6,13,12,13S18,6,24,6&#039;\/%3E%3C\/svg%3E&quot;);\">\n\t\t\t<span class=\"elementor-divider-separator\">\n\t\t\t\t\t\t<\/span>\n\t\t<\/div>\n\t\t\t\t\t\t<\/div>\n\t\t\t\t<\/div>\n\t\t\t\t<div class=\"elementor-element elementor-element-600efcf elementor-widget elementor-widget-text-editor\" data-id=\"600efcf\" data-element_type=\"widget\" data-e-type=\"widget\" data-widget_type=\"text-editor.default\">\n\t\t\t\t<div class=\"elementor-widget-container\">\n\t\t\t\t\t\t\t\t\t<p><img fetchpriority=\"high\" decoding=\"async\" class=\"size-medium wp-image-2223 alignleft\" src=\"https:\/\/proyectos.pgiovas.com\/alfaquarium\/wp-content\/uploads\/2020\/08\/pseudochromis_pacagnellae-300x270.jpg\" alt=\"\" width=\"300\" height=\"270\" srcset=\"https:\/\/proyectos.pgiovas.com\/alfaquarium\/wp-content\/uploads\/2020\/08\/pseudochromis_pacagnellae-300x270.jpg 300w, https:\/\/proyectos.pgiovas.com\/alfaquarium\/wp-content\/uploads\/2020\/08\/pseudochromis_pacagnellae-370x333.jpg 370w, https:\/\/proyectos.pgiovas.com\/alfaquarium\/wp-content\/uploads\/2020\/08\/pseudochromis_pacagnellae-400x360.jpg 400w, https:\/\/proyectos.pgiovas.com\/alfaquarium\/wp-content\/uploads\/2020\/08\/pseudochromis_pacagnellae.jpg 500w\" sizes=\"(max-width: 300px) 100vw, 300px\" \/><\/p><p><strong>Nombre cient\u00edfico:<\/strong> Pseudochromis pacagnellae<br \/><strong>Nombre com\u00fan en ingl\u00e9s:<\/strong> Bicolor dottyback<br \/><strong>Nombre com\u00fan en espa\u00f1ol:<\/strong> Pseudochromis bicolor<br \/><strong>Familia:<\/strong> Pseudochromidae<br \/><strong>Origen:<\/strong> Indo Pac\u00edfico<br \/><strong>Par\u00e1metros ideales:<\/strong><br \/><strong>Salinidad:<\/strong> 1023 a 1025<br \/><strong>Temperatura:<\/strong> 23 a 26\u00ba C<br \/><strong>Calcio:<\/strong> 400 a 450 ppm<br \/><strong>Alcalinidad:<\/strong> 8 a 12 dKH<br \/><strong>Magnesio:<\/strong> 1200 a 1350<br \/><strong>Estroncio:<\/strong> 8 a 10<br \/><strong>PH:<\/strong> 8.10 a 8.40<\/p><p><strong>Informaci\u00f3n, cuidados y curiosidades:<\/strong> El Pseudochromis pacagnellae \u00f3 Pseudochromis bicolor en la naturaleza vive en los arrecifes coralinos alrededor de la pen\u00ednsula Malaya, incluyendo Taiwan, Indonesia, Filipinas y Malasia. Pueden encontrarse desde los 5 hasta los 30 metros de profundidad.<\/p><p>Este pez posee los colores m\u00e1s brillantes de entre los peces marinos que se pueden ver en los comercios. Su cuerpo es alargado, la mitad trasera de \u00e9l es amarilla y la parte frontal es p\u00farpura, estando la divisi\u00f3n de los colores casi exactamente a la mitad de su cuerpo. En cautiverio estos colores pueden desvanecerse debido a carencias nutricionales. De adulto llega a medir aproximadamente 2\u201d, por lo que necesita estar en un tanque de al menos 100 litros.<\/p><p>Es un pez agresivo y si va a ser introducido en un tanque comunitario, deben tomarse muchas precauciones, pues acosa y molesta incluso a peces 5 veces m\u00e1s grandes que \u00e9l. No debe mantenerse junto a peces no agresivos o m\u00e1s peque\u00f1os que \u00e9l. El acuario debe tener rocas vivas con abundantes huecos y recovecos en donde \u00e9l pueda guarecerse y sentirse c\u00f3modo. Tambi\u00e9n el acuario siempre debe estar bien tapado, pues este pez tiende a saltar del acuario cuando se asusta o est\u00e1 estresado. Tambi\u00e9n molesta e incluso llega a comerse a los camarones ornamentales. No deben colocarse dos o m\u00e1s ejemplares de este pez, pues uno acabar\u00e1 matando al otro.<\/p><p>Son carn\u00edvoros y su alimentaci\u00f3n debe estar basada en trocitos peque\u00f1os de calamar, pescado o camar\u00f3n, papillas caseras o alg\u00fan alimento comercial bien balanceado, con vitaminas y minerales.<\/p><p><strong><em>Fuentes del art\u00edculo:<\/em><\/strong><\/p><p><strong><em>The sea y Wikipedia.<\/em><\/strong><\/p><p><strong><em>Origen de la imagen:<\/em><\/strong><\/p><p><strong><a href=\"http:\/\/www.flickr.com\"><em>http:\/\/www.flickr.com<\/em><\/a><\/strong><\/p><p><strong><em>Colaboraci\u00f3n de:<\/em><\/strong><\/p><p><strong><em>Jessica Romero Saldivar (AtOmIcFaRt)<\/em><\/strong><\/p>\t\t\t\t\t\t\t\t<\/div>\n\t\t\t\t<\/div>\n\t\t\t\t\t<\/div>\n\t\t<\/div>\n\t\t\t\t\t<\/div>\n\t\t<\/section>\n\t\t\t\t<\/div>\n\t\t","protected":false},"excerpt":{"rendered":"<p>Pseudochromis Pacagnellae Nombre cient\u00edfico: Pseudochromis pacagnellaeNombre com\u00fan en ingl\u00e9s: Bicolor dottybackNombre com\u00fan en espa\u00f1ol: Pseudochromis bicolorFamilia: PseudochromidaeOrigen: Indo Pac\u00edficoPar\u00e1metros ideales:Salinidad: 1023 a 1025Temperatura: 23 a 26\u00ba CCalcio: 400 a 450 ppmAlcalinidad: 8 a 12 dKHMagnesio:&hellip;<\/p>\n","protected":false},"author":4,"featured_media":0,"parent":0,"menu_order":0,"comment_status":"closed","ping_status":"closed","template":"","meta":{"footnotes":""},"class_list":["post-5495","page","type-page","status-publish","hentry"],"_links":{"self":[{"href":"https:\/\/proyectos.pgiovas.com\/alfaquarium\/wp-json\/wp\/v2\/pages\/5495","targetHints":{"allow":["GET"]}}],"collection":[{"href":"https:\/\/proyectos.pgiovas.com\/alfaquarium\/wp-json\/wp\/v2\/pages"}],"about":[{"href":"https:\/\/proyectos.pgiovas.com\/alfaquarium\/wp-json\/wp\/v2\/types\/page"}],"author":[{"embeddable":true,"href":"https:\/\/proyectos.pgiovas.com\/alfaquarium\/wp-json\/wp\/v2\/users\/4"}],"replies":[{"embeddable":true,"href":"https:\/\/proyectos.pgiovas.com\/alfaquarium\/wp-json\/wp\/v2\/comments?post=5495"}],"version-history":[{"count":4,"href":"https:\/\/proyectos.pgiovas.com\/alfaquarium\/wp-json\/wp\/v2\/pages\/5495\/revisions"}],"predecessor-version":[{"id":5499,"href":"https:\/\/proyectos.pgiovas.com\/alfaquarium\/wp-json\/wp\/v2\/pages\/5495\/revisions\/5499"}],"wp:attachment":[{"href":"https:\/\/proyectos.pgiovas.com\/alfaquarium\/wp-json\/wp\/v2\/media?parent=5495"}],"curies":[{"name":"wp","href":"https:\/\/api.w.org\/{rel}","templated":true}]}}