{"id":5272,"date":"2020-12-02T03:05:47","date_gmt":"2020-12-02T03:05:47","guid":{"rendered":"http:\/\/alfaquarium.mx\/?page_id=5272"},"modified":"2020-12-02T03:12:56","modified_gmt":"2020-12-02T03:12:56","slug":"xanthichthys-lineopunctatus","status":"publish","type":"page","link":"https:\/\/proyectos.pgiovas.com\/alfaquarium\/xanthichthys-lineopunctatus","title":{"rendered":"Xanthichthys Lineopunctatus"},"content":{"rendered":"\t\t<div data-elementor-type=\"wp-page\" data-elementor-id=\"5272\" class=\"elementor elementor-5272\">\n\t\t\t\t\t\t<section class=\"elementor-section elementor-top-section elementor-element elementor-element-79b8e8b elementor-section-full_width elementor-section-height-default elementor-section-height-default\" data-id=\"79b8e8b\" data-element_type=\"section\" data-e-type=\"section\">\n\t\t\t\t\t\t<div class=\"elementor-container elementor-column-gap-default\">\n\t\t\t\t\t<div class=\"elementor-column elementor-col-100 elementor-top-column elementor-element elementor-element-8003a9b\" data-id=\"8003a9b\" data-element_type=\"column\" data-e-type=\"column\">\n\t\t\t<div class=\"elementor-widget-wrap elementor-element-populated\">\n\t\t\t\t\t\t<div class=\"elementor-element elementor-element-a9cc64a elementor-widget elementor-widget-heading\" data-id=\"a9cc64a\" data-element_type=\"widget\" data-e-type=\"widget\" data-widget_type=\"heading.default\">\n\t\t\t\t<div class=\"elementor-widget-container\">\n\t\t\t\t\t<h3 class=\"elementor-heading-title elementor-size-default\">Xanthichthys Lineopunctatus<\/h3>\t\t\t\t<\/div>\n\t\t\t\t<\/div>\n\t\t\t\t<div class=\"elementor-element elementor-element-254ba6f elementor-widget elementor-widget-spacer\" data-id=\"254ba6f\" data-element_type=\"widget\" data-e-type=\"widget\" data-widget_type=\"spacer.default\">\n\t\t\t\t<div class=\"elementor-widget-container\">\n\t\t\t\t\t\t\t<div class=\"elementor-spacer\">\n\t\t\t<div class=\"elementor-spacer-inner\"><\/div>\n\t\t<\/div>\n\t\t\t\t\t\t<\/div>\n\t\t\t\t<\/div>\n\t\t\t\t<div class=\"elementor-element elementor-element-65959d3 elementor-widget-divider--separator-type-pattern elementor-widget-divider--view-line elementor-widget elementor-widget-divider\" data-id=\"65959d3\" data-element_type=\"widget\" data-e-type=\"widget\" data-widget_type=\"divider.default\">\n\t\t\t\t<div class=\"elementor-widget-container\">\n\t\t\t\t\t\t\t<div class=\"elementor-divider\" style=\"--divider-pattern-url: url(&quot;data:image\/svg+xml,%3Csvg xmlns=&#039;http:\/\/www.w3.org\/2000\/svg&#039; preserveAspectRatio=&#039;none&#039; overflow=&#039;visible&#039; height=&#039;100%&#039; viewBox=&#039;0 0 24 24&#039; fill=&#039;none&#039; stroke=&#039;black&#039; stroke-width=&#039;7&#039; stroke-linecap=&#039;square&#039; stroke-miterlimit=&#039;10&#039;%3E%3Cpath d=&#039;M0,6c6,0,6,13,12,13S18,6,24,6&#039;\/%3E%3C\/svg%3E&quot;);\">\n\t\t\t<span class=\"elementor-divider-separator\">\n\t\t\t\t\t\t<\/span>\n\t\t<\/div>\n\t\t\t\t\t\t<\/div>\n\t\t\t\t<\/div>\n\t\t\t\t<div class=\"elementor-element elementor-element-600efcf elementor-widget elementor-widget-text-editor\" data-id=\"600efcf\" data-element_type=\"widget\" data-e-type=\"widget\" data-widget_type=\"text-editor.default\">\n\t\t\t\t<div class=\"elementor-widget-container\">\n\t\t\t\t\t\t\t\t\t<p><img fetchpriority=\"high\" decoding=\"async\" class=\"size-medium wp-image-2384 alignleft\" src=\"https:\/\/proyectos.pgiovas.com\/alfaquarium\/wp-content\/uploads\/2020\/08\/xanthichthys_caeruleolineatus-300x270.jpg\" alt=\"\" width=\"300\" height=\"270\" srcset=\"https:\/\/proyectos.pgiovas.com\/alfaquarium\/wp-content\/uploads\/2020\/08\/xanthichthys_caeruleolineatus-300x270.jpg 300w, https:\/\/proyectos.pgiovas.com\/alfaquarium\/wp-content\/uploads\/2020\/08\/xanthichthys_caeruleolineatus-370x333.jpg 370w, https:\/\/proyectos.pgiovas.com\/alfaquarium\/wp-content\/uploads\/2020\/08\/xanthichthys_caeruleolineatus-400x360.jpg 400w, https:\/\/proyectos.pgiovas.com\/alfaquarium\/wp-content\/uploads\/2020\/08\/xanthichthys_caeruleolineatus.jpg 500w\" sizes=\"(max-width: 300px) 100vw, 300px\" \/><\/p><p><strong>Nombre cient\u00edfico:<\/strong> Xanthichthys caeruleolineatus<br \/><strong>Nombre com\u00fan en ingl\u00e9s:<\/strong> Outrigger triggerfirsh<br \/><strong>Nombre com\u00fan en espa\u00f1ol:<\/strong> Pez ballesta canoa<br \/><strong>Familia:<\/strong> Balistidae<br \/><strong>Origen:<\/strong> Oc\u00e9ano Indo-Pac\u00edfico<br \/><strong>Par\u00e1metros ideales:<\/strong><br \/><strong>Salinidad:<\/strong> 1023 a 1025\u00a0\u00a0 <br \/><strong>Temperatura:<\/strong> 23 a 26\u00ba C<br \/><strong>Calcio:<\/strong> 400 a 450 ppm<br \/><strong>Alcalinidad:<\/strong> 8 a 12 dKH<br \/><strong>Magnesio:<\/strong> 1200 a 1350<br \/><strong>Estroncio:<\/strong> 8 a 10<br \/><strong>PH:<\/strong> 8.10 a 8.40<\/p><p><strong>Informaci\u00f3n, cuidados y curiosidades: <\/strong>El pez ballesta canoa Xanthichthys caeruleolineatus fue descrito por Randall, Matsuura y Zama en 1978.<br \/>Esta especie es originaria del este del Oc\u00e9ano Indo-Pac\u00edfico y vive en el Banco de St Brandon en el este del Oc\u00e9ano \u00cdndico, a trav\u00e9s de Indonesia a las islas Tuamotu y al norte hacia las islas Ryukyu.<\/p><p>Su coloraci\u00f3n dorsal es amarillenta y su vientre es gris claro. Los dos colores est\u00e1n separados por una delgada l\u00ednea irregular de color azul el\u00e9ctrico, que recorre su cuerpo desde la aleta pectoral hasta su aleta caudal. Los surcos diagonales y sus mejillas son azules. Tiene una franja anaranjada bordeada de azul que recorre desde detr\u00e1s de su ojo hasta la base de su aleta pectoral. Su aleta caudal es blanca, tiene un borde irregular negro y sus bordes laterales son rojos.<\/p><p>Este pez puede llegar a medir alrededor de 35 cm<\/p><p>Vive en los arrecifes a una profundidad que va de los 15 a los 200 m.<\/p><p>Es bentopel\u00e1gico y presenta dimorfismo sexual.<\/p><p>Es un pez curioso e inteligente y se le debe mantener en un acuario con muchas cosas para que explore, juegue y tambi\u00e9n para que se refugie.<\/p><p>Le gusta jugar con las burbujas y los chorros de agua de las salidas de las bombas. Tambi\u00e9n le gusta mucho escarbar, por lo que todo en el acuario debe estar bien sujeto.<\/p><p>El acuario debe ser de al menos 1000 l de capacidad debido al tama\u00f1o que este pez puede alcanzar y el agua debe estar siempre limpia, perfectamente filtrada y con circulaci\u00f3n.<\/p><p>En cautiverio acepta de muy buena gana alimentos frescos y congelados.<\/p><p>No debe mantenerse en un acuario con corales y otros invertebrados pues es un hecho que se los comer\u00e1 o mordisquear\u00e1.<\/p><p><strong><em>Fuentes del art\u00edculo:<\/em><\/strong><\/p><p><strong><em>About fish online, Animal world y Wikipedia.<\/em><em>\u00a0<\/em><\/strong><\/p><p><strong><em>Origen de la imagen:<\/em><\/strong><\/p><p><strong><em>http:\/\/www.hawaiisfishes.com<\/em><\/strong><\/p><p><strong><em>Colaboraci\u00f3n de:<\/em><\/strong><\/p><p><strong><em>Jessica Romero Saldivar (AtOmIcFaRt)<\/em><\/strong><\/p>\t\t\t\t\t\t\t\t<\/div>\n\t\t\t\t<\/div>\n\t\t\t\t\t<\/div>\n\t\t<\/div>\n\t\t\t\t\t<\/div>\n\t\t<\/section>\n\t\t\t\t<\/div>\n\t\t","protected":false},"excerpt":{"rendered":"<p>Xanthichthys Lineopunctatus Nombre cient\u00edfico: Xanthichthys caeruleolineatusNombre com\u00fan en ingl\u00e9s: Outrigger triggerfirshNombre com\u00fan en espa\u00f1ol: Pez ballesta canoaFamilia: BalistidaeOrigen: Oc\u00e9ano Indo-Pac\u00edficoPar\u00e1metros ideales:Salinidad: 1023 a 1025\u00a0\u00a0 Temperatura: 23 a 26\u00ba CCalcio: 400 a 450 ppmAlcalinidad: 8 a&hellip;<\/p>\n","protected":false},"author":4,"featured_media":0,"parent":0,"menu_order":0,"comment_status":"closed","ping_status":"closed","template":"","meta":{"footnotes":""},"class_list":["post-5272","page","type-page","status-publish","hentry"],"_links":{"self":[{"href":"https:\/\/proyectos.pgiovas.com\/alfaquarium\/wp-json\/wp\/v2\/pages\/5272","targetHints":{"allow":["GET"]}}],"collection":[{"href":"https:\/\/proyectos.pgiovas.com\/alfaquarium\/wp-json\/wp\/v2\/pages"}],"about":[{"href":"https:\/\/proyectos.pgiovas.com\/alfaquarium\/wp-json\/wp\/v2\/types\/page"}],"author":[{"embeddable":true,"href":"https:\/\/proyectos.pgiovas.com\/alfaquarium\/wp-json\/wp\/v2\/users\/4"}],"replies":[{"embeddable":true,"href":"https:\/\/proyectos.pgiovas.com\/alfaquarium\/wp-json\/wp\/v2\/comments?post=5272"}],"version-history":[{"count":4,"href":"https:\/\/proyectos.pgiovas.com\/alfaquarium\/wp-json\/wp\/v2\/pages\/5272\/revisions"}],"predecessor-version":[{"id":5276,"href":"https:\/\/proyectos.pgiovas.com\/alfaquarium\/wp-json\/wp\/v2\/pages\/5272\/revisions\/5276"}],"wp:attachment":[{"href":"https:\/\/proyectos.pgiovas.com\/alfaquarium\/wp-json\/wp\/v2\/media?parent=5272"}],"curies":[{"name":"wp","href":"https:\/\/api.w.org\/{rel}","templated":true}]}}