{"id":5210,"date":"2020-12-02T01:49:01","date_gmt":"2020-12-02T01:49:01","guid":{"rendered":"http:\/\/alfaquarium.mx\/?page_id=5210"},"modified":"2020-12-02T02:06:05","modified_gmt":"2020-12-02T02:06:05","slug":"rhinecanthus-verrucosus","status":"publish","type":"page","link":"https:\/\/proyectos.pgiovas.com\/alfaquarium\/rhinecanthus-verrucosus","title":{"rendered":"Rhinecanthus Rectangulus"},"content":{"rendered":"\t\t<div data-elementor-type=\"wp-page\" data-elementor-id=\"5210\" class=\"elementor elementor-5210\">\n\t\t\t\t\t\t<section class=\"elementor-section elementor-top-section elementor-element elementor-element-79b8e8b elementor-section-full_width elementor-section-height-default elementor-section-height-default\" data-id=\"79b8e8b\" data-element_type=\"section\" data-e-type=\"section\">\n\t\t\t\t\t\t<div class=\"elementor-container elementor-column-gap-default\">\n\t\t\t\t\t<div class=\"elementor-column elementor-col-100 elementor-top-column elementor-element elementor-element-8003a9b\" data-id=\"8003a9b\" data-element_type=\"column\" data-e-type=\"column\">\n\t\t\t<div class=\"elementor-widget-wrap elementor-element-populated\">\n\t\t\t\t\t\t<div class=\"elementor-element elementor-element-a9cc64a elementor-widget elementor-widget-heading\" data-id=\"a9cc64a\" data-element_type=\"widget\" data-e-type=\"widget\" data-widget_type=\"heading.default\">\n\t\t\t\t<div class=\"elementor-widget-container\">\n\t\t\t\t\t<h3 class=\"elementor-heading-title elementor-size-default\">Rhinecanthus Verrucosus<\/h3>\t\t\t\t<\/div>\n\t\t\t\t<\/div>\n\t\t\t\t<div class=\"elementor-element elementor-element-254ba6f elementor-widget elementor-widget-spacer\" data-id=\"254ba6f\" data-element_type=\"widget\" data-e-type=\"widget\" data-widget_type=\"spacer.default\">\n\t\t\t\t<div class=\"elementor-widget-container\">\n\t\t\t\t\t\t\t<div class=\"elementor-spacer\">\n\t\t\t<div class=\"elementor-spacer-inner\"><\/div>\n\t\t<\/div>\n\t\t\t\t\t\t<\/div>\n\t\t\t\t<\/div>\n\t\t\t\t<div class=\"elementor-element elementor-element-65959d3 elementor-widget-divider--separator-type-pattern elementor-widget-divider--view-line elementor-widget elementor-widget-divider\" data-id=\"65959d3\" data-element_type=\"widget\" data-e-type=\"widget\" data-widget_type=\"divider.default\">\n\t\t\t\t<div class=\"elementor-widget-container\">\n\t\t\t\t\t\t\t<div class=\"elementor-divider\" style=\"--divider-pattern-url: url(&quot;data:image\/svg+xml,%3Csvg xmlns=&#039;http:\/\/www.w3.org\/2000\/svg&#039; preserveAspectRatio=&#039;none&#039; overflow=&#039;visible&#039; height=&#039;100%&#039; viewBox=&#039;0 0 24 24&#039; fill=&#039;none&#039; stroke=&#039;black&#039; stroke-width=&#039;7&#039; stroke-linecap=&#039;square&#039; stroke-miterlimit=&#039;10&#039;%3E%3Cpath d=&#039;M0,6c6,0,6,13,12,13S18,6,24,6&#039;\/%3E%3C\/svg%3E&quot;);\">\n\t\t\t<span class=\"elementor-divider-separator\">\n\t\t\t\t\t\t<\/span>\n\t\t<\/div>\n\t\t\t\t\t\t<\/div>\n\t\t\t\t<\/div>\n\t\t\t\t<div class=\"elementor-element elementor-element-600efcf elementor-widget elementor-widget-text-editor\" data-id=\"600efcf\" data-element_type=\"widget\" data-e-type=\"widget\" data-widget_type=\"text-editor.default\">\n\t\t\t\t<div class=\"elementor-widget-container\">\n\t\t\t\t\t\t\t\t\t<p><img fetchpriority=\"high\" decoding=\"async\" class=\"size-medium wp-image-2377 alignleft\" src=\"https:\/\/proyectos.pgiovas.com\/alfaquarium\/wp-content\/uploads\/2020\/08\/rhinecanthus_verrucosus-300x270.jpg\" alt=\"\" width=\"300\" height=\"270\" srcset=\"https:\/\/proyectos.pgiovas.com\/alfaquarium\/wp-content\/uploads\/2020\/08\/rhinecanthus_verrucosus-300x270.jpg 300w, https:\/\/proyectos.pgiovas.com\/alfaquarium\/wp-content\/uploads\/2020\/08\/rhinecanthus_verrucosus-370x333.jpg 370w, https:\/\/proyectos.pgiovas.com\/alfaquarium\/wp-content\/uploads\/2020\/08\/rhinecanthus_verrucosus-400x360.jpg 400w, https:\/\/proyectos.pgiovas.com\/alfaquarium\/wp-content\/uploads\/2020\/08\/rhinecanthus_verrucosus.jpg 500w\" sizes=\"(max-width: 300px) 100vw, 300px\" \/><\/p><p><strong>Nombre cient\u00edfico:<\/strong> Rhinecanthus verrucosus<br \/><strong>Nombre com\u00fan en ingl\u00e9s:<\/strong> Blackbelly triggerfirsh<br \/><strong>Nombre com\u00fan en espa\u00f1ol:<\/strong> Pez ballesta de vientre negro<br \/><strong>Familia: <\/strong>Balistidae<br \/><strong>Origen:<\/strong> Oc\u00e9ano Indo-Pac\u00edfico<br \/><strong>Par\u00e1metros ideales:<\/strong><br \/><strong>Salinidad:<\/strong> 1023 a 1025<br \/><strong>Temperatura:<\/strong> 23 a 26\u00ba C<br \/><strong>Calcio:<\/strong> 400 a 450 ppm<br \/><strong>Alcalinidad:<\/strong> 8 a 12 dKH<br \/><strong>Magnesio:<\/strong> 1200 a 1350<br \/><strong>Estroncio:<\/strong> 8 a 10<br \/><strong>PH:<\/strong> 8.10 a 8.40<\/p><p><strong>Informaci\u00f3n, cuidados y curiosidades: <\/strong>El pez ballesta de vientre negro Rhinecanthus verrucosus fue descrito por Linnaeus en 1758.<\/p><p>Esta especie es originaria del este del Oc\u00e9ano Indo-Pac\u00edfico y vive en las aguas tropicales desde el archipi\u00e9lago de Chagos, a trav\u00e9s de Indonesia a las islas Salom\u00f3n, al norte hacia el sureste de Jap\u00f3n y al sur hacia Vanuatu.<\/p><p>Su coloraci\u00f3n corporal general es caf\u00e9-gris\u00e1ceo dorsalmente, ventralmente es blanco, tiene una gran mancha negra en la parte baja del costado centrada sobre el ano, una ancha franja caf\u00e9 amarillento con cuatro l\u00edneas azules a lo largo del espacio interorbital que continua con tres l\u00edneas azules debajo del ojo hacia la apertura de sus agallas, una zona azul sobre el labio superior, bordeada arriba por una l\u00ednea roja que se extiende hacia la parte baja de la base de su aleta pectoral, la parte posterior de su cuerpo tiene un par de manchas amarillentas. Carece de surco en el frente de los ojos, su ped\u00fanculo caudal y la parte posterior de su cuerpo tienen tres hileras horizontales de peque\u00f1as espinas proyectadas hacia atr\u00e1s y su aleta caudal es redondeada.<\/p><p>Este pez puede llegar a medir alrededor de 30 cm<\/p><p>Vive en los arrecifes y en las lagunas someras y protegidas. Casi siempre vive en zonas con algas y cascajo, generalmente forma peque\u00f1os card\u00famenes y a una profundidad que va de 1 a 20 m. Es una especie t\u00edmida y los juveniles cuando se asustan corren a meterse en sus escondrijos.<\/p><p>Es un pez curioso e inteligente y se le debe mantener en un acuario con muchas cosas para que explore, juegue y tambi\u00e9n para que se refugie.<\/p><p>Le gusta jugar con las burbujas y los chorros de agua de las salidas de las bombas. Tambi\u00e9n le gusta mucho escarbar, por lo que todo en el acuario debe estar bien sujeto.<\/p><p>El acuario debe ser de al menos 1000 l de capacidad debido al tama\u00f1o que este pez puede alcanzar y el agua debe estar siempre limpia, perfectamente filtrada y con circulaci\u00f3n.<\/p><p>En cautiverio acepta de muy buena gana alimentos frescos y congelados.<\/p><p>No debe mantenerse en un acuario con corales y otros invertebrados pues es un hecho que se los comer\u00e1 o mordisquear\u00e1.<\/p><p><strong><em>Fuentes del art\u00edculo:<\/em><\/strong><\/p><p><strong><em>About fish online, Animal world y Wikipedia.<\/em><\/strong><\/p><p><strong><em>Origen de la imagen:<\/em><\/strong><\/p><p><strong><em>http:\/\/www.aquatab.net<\/em><\/strong><\/p><p><strong><em>Colaboraci\u00f3n de:<\/em><\/strong><\/p><p><strong><em>Jessica Romero Saldivar (AtOmIcFaRt)<\/em><\/strong><\/p>\t\t\t\t\t\t\t\t<\/div>\n\t\t\t\t<\/div>\n\t\t\t\t\t<\/div>\n\t\t<\/div>\n\t\t\t\t\t<\/div>\n\t\t<\/section>\n\t\t\t\t<\/div>\n\t\t","protected":false},"excerpt":{"rendered":"<p>Rhinecanthus Verrucosus Nombre cient\u00edfico: Rhinecanthus verrucosusNombre com\u00fan en ingl\u00e9s: Blackbelly triggerfirshNombre com\u00fan en espa\u00f1ol: Pez ballesta de vientre negroFamilia: BalistidaeOrigen: Oc\u00e9ano Indo-Pac\u00edficoPar\u00e1metros ideales:Salinidad: 1023 a 1025Temperatura: 23 a 26\u00ba CCalcio: 400 a 450 ppmAlcalinidad: 8&hellip;<\/p>\n","protected":false},"author":4,"featured_media":0,"parent":0,"menu_order":0,"comment_status":"closed","ping_status":"closed","template":"","meta":{"footnotes":""},"class_list":["post-5210","page","type-page","status-publish","hentry"],"_links":{"self":[{"href":"https:\/\/proyectos.pgiovas.com\/alfaquarium\/wp-json\/wp\/v2\/pages\/5210","targetHints":{"allow":["GET"]}}],"collection":[{"href":"https:\/\/proyectos.pgiovas.com\/alfaquarium\/wp-json\/wp\/v2\/pages"}],"about":[{"href":"https:\/\/proyectos.pgiovas.com\/alfaquarium\/wp-json\/wp\/v2\/types\/page"}],"author":[{"embeddable":true,"href":"https:\/\/proyectos.pgiovas.com\/alfaquarium\/wp-json\/wp\/v2\/users\/4"}],"replies":[{"embeddable":true,"href":"https:\/\/proyectos.pgiovas.com\/alfaquarium\/wp-json\/wp\/v2\/comments?post=5210"}],"version-history":[{"count":5,"href":"https:\/\/proyectos.pgiovas.com\/alfaquarium\/wp-json\/wp\/v2\/pages\/5210\/revisions"}],"predecessor-version":[{"id":5224,"href":"https:\/\/proyectos.pgiovas.com\/alfaquarium\/wp-json\/wp\/v2\/pages\/5210\/revisions\/5224"}],"wp:attachment":[{"href":"https:\/\/proyectos.pgiovas.com\/alfaquarium\/wp-json\/wp\/v2\/media?parent=5210"}],"curies":[{"name":"wp","href":"https:\/\/api.w.org\/{rel}","templated":true}]}}