{"id":5180,"date":"2020-12-02T01:14:39","date_gmt":"2020-12-02T01:14:39","guid":{"rendered":"http:\/\/alfaquarium.mx\/?page_id=5180"},"modified":"2020-12-02T01:25:53","modified_gmt":"2020-12-02T01:25:53","slug":"rhinecanthus-aculeatus","status":"publish","type":"page","link":"https:\/\/proyectos.pgiovas.com\/alfaquarium\/rhinecanthus-aculeatus","title":{"rendered":"Rhinecanthus Aculeatus"},"content":{"rendered":"\t\t<div data-elementor-type=\"wp-page\" data-elementor-id=\"5180\" class=\"elementor elementor-5180\">\n\t\t\t\t\t\t<section class=\"elementor-section elementor-top-section elementor-element elementor-element-79b8e8b elementor-section-full_width elementor-section-height-default elementor-section-height-default\" data-id=\"79b8e8b\" data-element_type=\"section\" data-e-type=\"section\">\n\t\t\t\t\t\t<div class=\"elementor-container elementor-column-gap-default\">\n\t\t\t\t\t<div class=\"elementor-column elementor-col-100 elementor-top-column elementor-element elementor-element-8003a9b\" data-id=\"8003a9b\" data-element_type=\"column\" data-e-type=\"column\">\n\t\t\t<div class=\"elementor-widget-wrap elementor-element-populated\">\n\t\t\t\t\t\t<div class=\"elementor-element elementor-element-a9cc64a elementor-widget elementor-widget-heading\" data-id=\"a9cc64a\" data-element_type=\"widget\" data-e-type=\"widget\" data-widget_type=\"heading.default\">\n\t\t\t\t<div class=\"elementor-widget-container\">\n\t\t\t\t\t<h3 class=\"elementor-heading-title elementor-size-default\">Rhinecanthus Aculeatus<\/h3>\t\t\t\t<\/div>\n\t\t\t\t<\/div>\n\t\t\t\t<div class=\"elementor-element elementor-element-254ba6f elementor-widget elementor-widget-spacer\" data-id=\"254ba6f\" data-element_type=\"widget\" data-e-type=\"widget\" data-widget_type=\"spacer.default\">\n\t\t\t\t<div class=\"elementor-widget-container\">\n\t\t\t\t\t\t\t<div class=\"elementor-spacer\">\n\t\t\t<div class=\"elementor-spacer-inner\"><\/div>\n\t\t<\/div>\n\t\t\t\t\t\t<\/div>\n\t\t\t\t<\/div>\n\t\t\t\t<div class=\"elementor-element elementor-element-65959d3 elementor-widget-divider--separator-type-pattern elementor-widget-divider--view-line elementor-widget elementor-widget-divider\" data-id=\"65959d3\" data-element_type=\"widget\" data-e-type=\"widget\" data-widget_type=\"divider.default\">\n\t\t\t\t<div class=\"elementor-widget-container\">\n\t\t\t\t\t\t\t<div class=\"elementor-divider\" style=\"--divider-pattern-url: url(&quot;data:image\/svg+xml,%3Csvg xmlns=&#039;http:\/\/www.w3.org\/2000\/svg&#039; preserveAspectRatio=&#039;none&#039; overflow=&#039;visible&#039; height=&#039;100%&#039; viewBox=&#039;0 0 24 24&#039; fill=&#039;none&#039; stroke=&#039;black&#039; stroke-width=&#039;7&#039; stroke-linecap=&#039;square&#039; stroke-miterlimit=&#039;10&#039;%3E%3Cpath d=&#039;M0,6c6,0,6,13,12,13S18,6,24,6&#039;\/%3E%3C\/svg%3E&quot;);\">\n\t\t\t<span class=\"elementor-divider-separator\">\n\t\t\t\t\t\t<\/span>\n\t\t<\/div>\n\t\t\t\t\t\t<\/div>\n\t\t\t\t<\/div>\n\t\t\t\t<div class=\"elementor-element elementor-element-600efcf elementor-widget elementor-widget-text-editor\" data-id=\"600efcf\" data-element_type=\"widget\" data-e-type=\"widget\" data-widget_type=\"text-editor.default\">\n\t\t\t\t<div class=\"elementor-widget-container\">\n\t\t\t\t\t\t\t\t\t<p><img fetchpriority=\"high\" decoding=\"async\" class=\"size-medium wp-image-2371 alignleft\" src=\"https:\/\/proyectos.pgiovas.com\/alfaquarium\/wp-content\/uploads\/2020\/08\/rhinecanthus_aculeatus-300x270.jpg\" alt=\"\" width=\"300\" height=\"270\" srcset=\"https:\/\/proyectos.pgiovas.com\/alfaquarium\/wp-content\/uploads\/2020\/08\/rhinecanthus_aculeatus-300x270.jpg 300w, https:\/\/proyectos.pgiovas.com\/alfaquarium\/wp-content\/uploads\/2020\/08\/rhinecanthus_aculeatus-370x333.jpg 370w, https:\/\/proyectos.pgiovas.com\/alfaquarium\/wp-content\/uploads\/2020\/08\/rhinecanthus_aculeatus-400x360.jpg 400w, https:\/\/proyectos.pgiovas.com\/alfaquarium\/wp-content\/uploads\/2020\/08\/rhinecanthus_aculeatus.jpg 500w\" sizes=\"(max-width: 300px) 100vw, 300px\" \/><\/p><p><strong>Nombre cient\u00edfico:<\/strong> Rhinecanthus aculeatus<br \/><strong>Nombre com\u00fan en ingl\u00e9s:<\/strong> White-banded triggerfirsh<br \/><strong>Nombre com\u00fan en espa\u00f1ol:<\/strong> Pez ballesta de franjas blancas<br \/><strong>Familia: <\/strong>Balistidae<br \/><strong>Origen:<\/strong> Oc\u00e9ano Indo-Pac\u00edfico<br \/><strong>Par\u00e1metros ideales:<\/strong><br \/><strong>Salinidad:<\/strong> 1023 a 1025<br \/><strong>Temperatura:<\/strong> 23 a 26\u00ba C<br \/><strong>Calcio:<\/strong> 400 a 450 ppm<br \/><strong>Alcalinidad:<\/strong> 8 a 12 dKH<br \/><strong>Magnesio:<\/strong> 1200 a 1350<br \/><strong>Estroncio:<\/strong> 8 a 10<br \/><strong>PH:<\/strong> 8.10 a 8.40<\/p><p><strong>Informaci\u00f3n, cuidados y curiosidades: <\/strong>El pez ballesta de franjas blancas Rhinecanthus aculeatus fue descrito por Linnaeus en 1758.<\/p><p>Esta especie es originaria del Oc\u00e9ano Indo Pac\u00edfico y vive en el Mar Rojo, al sur hacia Sud\u00e1frica, al este hacia las islas de Hawaii, las Marquesas y Tuamotu, al norte hacia el sureste de Jap\u00f3n y al sur hacia la isla Lord Howe. En el este del Oc\u00e9ano Atl\u00e1ntico desde Senegal a Sud\u00e1frica.<\/p><p>Su coloraci\u00f3n corporal general es blanquizca, tiene una franja amarilla que lo recorre desde el hocico y se interseca con una barra negra que tiene en el ojo. Tiene una zona caf\u00e9 oscuro en la parte media de su cuerpo, que se conecta con unas franjas diagonales sobre su aleta anal, la base de su aleta caudal tiene hileras de puntos, tiene un surco profundo al frente del ojo, tiene peque\u00f1as espinas que se proyectan hacia atr\u00e1s en el ped\u00fanculo caudal y en la parte posterior de su cuerpo en tres hileras horizontales y el borde de su aleta caudal es redondeado.<\/p><p>Este pez puede llegar a medir alrededor de 30 cm<\/p><p>Vive en los arrecifes y en las lagunas someras y protegidas y a una profundidad de hasta 50 m. Los juveniles son t\u00edmidos y viven entre el cascajo del fondo. Los adultos se alejan del fondo pero generalmente tambi\u00e9n son t\u00edmidos. Es un pez territorial y se alimenta de algas, detritos, moluscos, crust\u00e1ceos, gusanos, erizos, peces, corales, tunicados y huevecillos de otros peces y crust\u00e1ceos. Duerme recostado de lado y produce un zumbido cuando se asusta.<\/p><p>Es un pez curioso e inteligente y se le debe mantener en un acuario con muchas cosas para que explore, juegue y tambi\u00e9n para que se refugie.<\/p><p>Le gusta jugar con las burbujas y los chorros de agua de las salidas de las bombas. Tambi\u00e9n le gusta mucho escarbar, por lo que todo en el acuario debe estar bien sujeto.<\/p><p>El acuario debe ser de al menos 1000 l de capacidad debido al tama\u00f1o que este pez puede alcanzar y el agua debe estar siempre limpia, perfectamente filtrada y con circulaci\u00f3n.<\/p><p>En cautiverio acepta de muy buena gana alimentos frescos y congelados.<\/p><p>No debe mantenerse en un acuario con corales y otros invertebrados pues es un hecho que se los comer\u00e1 o mordisquear\u00e1.<\/p><p><strong><em>Fuentes del art\u00edculo:<\/em><\/strong><\/p><p><strong><em>About fish online, Animal world y Wikipedia.<\/em><\/strong><\/p><p><strong><em>Origen de la imagen:<\/em><\/strong><\/p><p><strong><em>http:\/\/www.taenos.com<\/em><\/strong><\/p><p><strong><em>Colaboraci\u00f3n de:<\/em><\/strong><\/p><p><strong><em>Jessica Romero Saldivar (AtOmIcFaRt)<\/em><\/strong><\/p>\t\t\t\t\t\t\t\t<\/div>\n\t\t\t\t<\/div>\n\t\t\t\t\t<\/div>\n\t\t<\/div>\n\t\t\t\t\t<\/div>\n\t\t<\/section>\n\t\t\t\t<\/div>\n\t\t","protected":false},"excerpt":{"rendered":"<p>Rhinecanthus Aculeatus Nombre cient\u00edfico: Rhinecanthus aculeatusNombre com\u00fan en ingl\u00e9s: White-banded triggerfirshNombre com\u00fan en espa\u00f1ol: Pez ballesta de franjas blancasFamilia: BalistidaeOrigen: Oc\u00e9ano Indo-Pac\u00edficoPar\u00e1metros ideales:Salinidad: 1023 a 1025Temperatura: 23 a 26\u00ba CCalcio: 400 a 450 ppmAlcalinidad: 8&hellip;<\/p>\n","protected":false},"author":4,"featured_media":0,"parent":0,"menu_order":0,"comment_status":"closed","ping_status":"closed","template":"","meta":{"footnotes":""},"class_list":["post-5180","page","type-page","status-publish","hentry"],"_links":{"self":[{"href":"https:\/\/proyectos.pgiovas.com\/alfaquarium\/wp-json\/wp\/v2\/pages\/5180","targetHints":{"allow":["GET"]}}],"collection":[{"href":"https:\/\/proyectos.pgiovas.com\/alfaquarium\/wp-json\/wp\/v2\/pages"}],"about":[{"href":"https:\/\/proyectos.pgiovas.com\/alfaquarium\/wp-json\/wp\/v2\/types\/page"}],"author":[{"embeddable":true,"href":"https:\/\/proyectos.pgiovas.com\/alfaquarium\/wp-json\/wp\/v2\/users\/4"}],"replies":[{"embeddable":true,"href":"https:\/\/proyectos.pgiovas.com\/alfaquarium\/wp-json\/wp\/v2\/comments?post=5180"}],"version-history":[{"count":4,"href":"https:\/\/proyectos.pgiovas.com\/alfaquarium\/wp-json\/wp\/v2\/pages\/5180\/revisions"}],"predecessor-version":[{"id":5184,"href":"https:\/\/proyectos.pgiovas.com\/alfaquarium\/wp-json\/wp\/v2\/pages\/5180\/revisions\/5184"}],"wp:attachment":[{"href":"https:\/\/proyectos.pgiovas.com\/alfaquarium\/wp-json\/wp\/v2\/media?parent=5180"}],"curies":[{"name":"wp","href":"https:\/\/api.w.org\/{rel}","templated":true}]}}