{"id":5137,"date":"2020-12-01T22:45:39","date_gmt":"2020-12-01T22:45:39","guid":{"rendered":"http:\/\/alfaquarium.mx\/?page_id=5137"},"modified":"2020-12-01T23:13:18","modified_gmt":"2020-12-01T23:13:18","slug":"melichthys-niger","status":"publish","type":"page","link":"https:\/\/proyectos.pgiovas.com\/alfaquarium\/melichthys-niger","title":{"rendered":"Melichthys Niger"},"content":{"rendered":"\t\t<div data-elementor-type=\"wp-page\" data-elementor-id=\"5137\" class=\"elementor elementor-5137\">\n\t\t\t\t\t\t<section class=\"elementor-section elementor-top-section elementor-element elementor-element-79b8e8b elementor-section-full_width elementor-section-height-default elementor-section-height-default\" data-id=\"79b8e8b\" data-element_type=\"section\" data-e-type=\"section\">\n\t\t\t\t\t\t<div class=\"elementor-container elementor-column-gap-default\">\n\t\t\t\t\t<div class=\"elementor-column elementor-col-100 elementor-top-column elementor-element elementor-element-8003a9b\" data-id=\"8003a9b\" data-element_type=\"column\" data-e-type=\"column\">\n\t\t\t<div class=\"elementor-widget-wrap elementor-element-populated\">\n\t\t\t\t\t\t<div class=\"elementor-element elementor-element-a9cc64a elementor-widget elementor-widget-heading\" data-id=\"a9cc64a\" data-element_type=\"widget\" data-e-type=\"widget\" data-widget_type=\"heading.default\">\n\t\t\t\t<div class=\"elementor-widget-container\">\n\t\t\t\t\t<h3 class=\"elementor-heading-title elementor-size-default\">Melichthys Niger<\/h3>\t\t\t\t<\/div>\n\t\t\t\t<\/div>\n\t\t\t\t<div class=\"elementor-element elementor-element-254ba6f elementor-widget elementor-widget-spacer\" data-id=\"254ba6f\" data-element_type=\"widget\" data-e-type=\"widget\" data-widget_type=\"spacer.default\">\n\t\t\t\t<div class=\"elementor-widget-container\">\n\t\t\t\t\t\t\t<div class=\"elementor-spacer\">\n\t\t\t<div class=\"elementor-spacer-inner\"><\/div>\n\t\t<\/div>\n\t\t\t\t\t\t<\/div>\n\t\t\t\t<\/div>\n\t\t\t\t<div class=\"elementor-element elementor-element-65959d3 elementor-widget-divider--separator-type-pattern elementor-widget-divider--view-line elementor-widget elementor-widget-divider\" data-id=\"65959d3\" data-element_type=\"widget\" data-e-type=\"widget\" data-widget_type=\"divider.default\">\n\t\t\t\t<div class=\"elementor-widget-container\">\n\t\t\t\t\t\t\t<div class=\"elementor-divider\" style=\"--divider-pattern-url: url(&quot;data:image\/svg+xml,%3Csvg xmlns=&#039;http:\/\/www.w3.org\/2000\/svg&#039; preserveAspectRatio=&#039;none&#039; overflow=&#039;visible&#039; height=&#039;100%&#039; viewBox=&#039;0 0 24 24&#039; fill=&#039;none&#039; stroke=&#039;black&#039; stroke-width=&#039;7&#039; stroke-linecap=&#039;square&#039; stroke-miterlimit=&#039;10&#039;%3E%3Cpath d=&#039;M0,6c6,0,6,13,12,13S18,6,24,6&#039;\/%3E%3C\/svg%3E&quot;);\">\n\t\t\t<span class=\"elementor-divider-separator\">\n\t\t\t\t\t\t<\/span>\n\t\t<\/div>\n\t\t\t\t\t\t<\/div>\n\t\t\t\t<\/div>\n\t\t\t\t<div class=\"elementor-element elementor-element-600efcf elementor-widget elementor-widget-text-editor\" data-id=\"600efcf\" data-element_type=\"widget\" data-e-type=\"widget\" data-widget_type=\"text-editor.default\">\n\t\t\t\t<div class=\"elementor-widget-container\">\n\t\t\t\t\t\t\t\t\t<p><img fetchpriority=\"high\" decoding=\"async\" class=\"size-medium wp-image-2365 alignleft\" src=\"https:\/\/proyectos.pgiovas.com\/alfaquarium\/wp-content\/uploads\/2020\/08\/melichthys_niger-300x270.jpg\" alt=\"\" width=\"300\" height=\"270\" srcset=\"https:\/\/proyectos.pgiovas.com\/alfaquarium\/wp-content\/uploads\/2020\/08\/melichthys_niger-300x270.jpg 300w, https:\/\/proyectos.pgiovas.com\/alfaquarium\/wp-content\/uploads\/2020\/08\/melichthys_niger-370x333.jpg 370w, https:\/\/proyectos.pgiovas.com\/alfaquarium\/wp-content\/uploads\/2020\/08\/melichthys_niger-400x360.jpg 400w, https:\/\/proyectos.pgiovas.com\/alfaquarium\/wp-content\/uploads\/2020\/08\/melichthys_niger.jpg 500w\" sizes=\"(max-width: 300px) 100vw, 300px\" \/><\/p><p><strong>Nombre cient\u00edfico:<\/strong> Melichthys niger<br \/><strong>Nombre com\u00fan en ingl\u00e9s:<\/strong> Black triggerfirsh<br \/><strong>Nombre com\u00fan en espa\u00f1ol:<\/strong> Pez ballesta negro<br \/><strong>Familia: <\/strong>Balistidae<br \/><strong>Origen:<\/strong> Todos los Oc\u00e9anos del mundo<br \/><strong>Par\u00e1metros ideales:<\/strong><br \/><strong>Salinidad:<\/strong> 1023 a 1025\u00a0\u00a0 <br \/><strong>Temperatura:<\/strong> 23 a 26\u00ba C<br \/><strong>Calcio:<\/strong> 400 a 450 ppm<br \/><strong>Alcalinidad:<\/strong> 8 a 12 dKH<br \/><strong>Magnesio:<\/strong> 1200 a 1350<br \/><strong>Estroncio:<\/strong> 8 a 10<br \/><strong>PH:<\/strong> 8.10 a 8.40<\/p><p><strong>Informaci\u00f3n, cuidados y curiosidades: <\/strong>El pez ballesta negro Melichthys niger fue descrito por Bloch en 1786.<br \/>Esta especie vive en todos los Oc\u00e9anos del mundo.<br \/>En el Occidente del Oc\u00e9ano Pac\u00edfico vive en las islas Ryukyu y Ogasawara y hacia el este a las islas Tuamotu. En el este del Oc\u00e9ano Pac\u00edfico vive desde San Diego California a las islas Malpelo en Colombia. En el Occidente del Oc\u00e9ano Atl\u00e1ntico vive desde Florida y las Bahamas hasta Brasil. En el Golfo de M\u00e9xico no se ha reportado su presencia. En el Este del Oc\u00e9ano Atl\u00e1ntico vive en las Rocas de San Pablo, Santa Elena, la isla Ascenci\u00f3n, la isla Rolas, Cabo Verde y la isla Sao Tom\u00e9. En el Occidente del Oc\u00e9ano \u00cdndico vive en Durban, Natal y Sud\u00e1frica. En las dem\u00e1s \u00e1reas es poco com\u00fan, pero abunda alrededor de las islas oce\u00e1nicas aisladas.<\/p><p>Su coloraci\u00f3n corporal generalmente es verde-negruzca con tonalidades p\u00farpura. En las bases de las partes suaves de sus aletas dorsal y anal tiene l\u00edneas azul p\u00e1lido. Las escamas de la parte anterior de su cuerpo tienen los bordes prominentes que forman surcos longitudinales.<\/p><p>Este pez puede llegar a medir alrededor de 50 cm\u00a0<\/p><p>Vive en los arrecifes protegidos de las corrientes marinas y a una profundidad de hasta 75 m. Tambi\u00e9n puede encontrarse en las laderas de los arrecifes, generalmente en peque\u00f1os card\u00famenes. A veces se eleva en la columna de agua para alimentarse de zooplancton. Se alimenta principalmente de algas calc\u00e1reas, de zooplancton y fitoplancton. En el archipi\u00e9lago Fernando de Noro\u00f1a, en el sureste del Oc\u00e9ano Atl\u00e1ntico, card\u00famenes de 100 o m\u00e1s peces se unen a los delfines para alimentarse de las heces o v\u00f3mitos de estos cet\u00e1ceos mientras estos se congregan en las bah\u00edas para descansar y socializar. Las posturas que estos cet\u00e1ceos adoptan antes de defecar o vomitar son reconocidas por los peces y se congregan para darse un fest\u00edn.<\/p><p>Es un pez curioso e inteligente y se le debe mantener en un acuario con muchas cosas para que explore, juegue y tambi\u00e9n para que se refugie. El acuario debe ser de al menos 1000 l de capacidad debido al tama\u00f1o que este pez puede alcanzar y el agua debe estar siempre limpia, perfectamente filtrada y con circulaci\u00f3n.<\/p><p>En cautiverio acepta de muy buena gana alimentos frescos y congelados.<\/p><p><strong><em>Fuentes del art\u00edculo:<\/em><\/strong><\/p><p><strong><em>About fish online, Animal world y Wikipedia.<\/em><em>\u00a0<\/em><\/strong><\/p><p><strong><em>Origen de la imagen:<\/em><\/strong><\/p><p><strong><em>http:\/\/reefguide.org<\/em><\/strong><\/p><p><strong><em>Colaboraci\u00f3n de:<\/em><\/strong><\/p><p><strong><em>Jessica Romero Saldivar (AtOmIcFaRt)<\/em><\/strong><\/p>\t\t\t\t\t\t\t\t<\/div>\n\t\t\t\t<\/div>\n\t\t\t\t\t<\/div>\n\t\t<\/div>\n\t\t\t\t\t<\/div>\n\t\t<\/section>\n\t\t\t\t<\/div>\n\t\t","protected":false},"excerpt":{"rendered":"<p>Melichthys Niger Nombre cient\u00edfico: Melichthys nigerNombre com\u00fan en ingl\u00e9s: Black triggerfirshNombre com\u00fan en espa\u00f1ol: Pez ballesta negroFamilia: BalistidaeOrigen: Todos los Oc\u00e9anos del mundoPar\u00e1metros ideales:Salinidad: 1023 a 1025\u00a0\u00a0 Temperatura: 23 a 26\u00ba CCalcio: 400 a 450&hellip;<\/p>\n","protected":false},"author":4,"featured_media":0,"parent":0,"menu_order":0,"comment_status":"closed","ping_status":"closed","template":"","meta":{"footnotes":""},"class_list":["post-5137","page","type-page","status-publish","hentry"],"_links":{"self":[{"href":"https:\/\/proyectos.pgiovas.com\/alfaquarium\/wp-json\/wp\/v2\/pages\/5137","targetHints":{"allow":["GET"]}}],"collection":[{"href":"https:\/\/proyectos.pgiovas.com\/alfaquarium\/wp-json\/wp\/v2\/pages"}],"about":[{"href":"https:\/\/proyectos.pgiovas.com\/alfaquarium\/wp-json\/wp\/v2\/types\/page"}],"author":[{"embeddable":true,"href":"https:\/\/proyectos.pgiovas.com\/alfaquarium\/wp-json\/wp\/v2\/users\/4"}],"replies":[{"embeddable":true,"href":"https:\/\/proyectos.pgiovas.com\/alfaquarium\/wp-json\/wp\/v2\/comments?post=5137"}],"version-history":[{"count":4,"href":"https:\/\/proyectos.pgiovas.com\/alfaquarium\/wp-json\/wp\/v2\/pages\/5137\/revisions"}],"predecessor-version":[{"id":5141,"href":"https:\/\/proyectos.pgiovas.com\/alfaquarium\/wp-json\/wp\/v2\/pages\/5137\/revisions\/5141"}],"wp:attachment":[{"href":"https:\/\/proyectos.pgiovas.com\/alfaquarium\/wp-json\/wp\/v2\/media?parent=5137"}],"curies":[{"name":"wp","href":"https:\/\/api.w.org\/{rel}","templated":true}]}}