{"id":5053,"date":"2020-12-01T21:19:34","date_gmt":"2020-12-01T21:19:34","guid":{"rendered":"http:\/\/alfaquarium.mx\/?page_id=5053"},"modified":"2020-12-01T21:21:01","modified_gmt":"2020-12-01T21:21:01","slug":"rhynchocinetes-spp","status":"publish","type":"page","link":"https:\/\/proyectos.pgiovas.com\/alfaquarium\/rhynchocinetes-spp","title":{"rendered":"Rhynchocinetes spp. (R. brucei, R. durbanensis, R. hiatti, R. rigens, R. rugulosus, R. uritai)"},"content":{"rendered":"\t\t<div data-elementor-type=\"wp-page\" data-elementor-id=\"5053\" class=\"elementor elementor-5053\">\n\t\t\t\t\t\t<section class=\"elementor-section elementor-top-section elementor-element elementor-element-79b8e8b elementor-section-full_width elementor-section-height-default elementor-section-height-default\" data-id=\"79b8e8b\" data-element_type=\"section\" data-e-type=\"section\">\n\t\t\t\t\t\t<div class=\"elementor-container elementor-column-gap-default\">\n\t\t\t\t\t<div class=\"elementor-column elementor-col-100 elementor-top-column elementor-element elementor-element-8003a9b\" data-id=\"8003a9b\" data-element_type=\"column\" data-e-type=\"column\">\n\t\t\t<div class=\"elementor-widget-wrap elementor-element-populated\">\n\t\t\t\t\t\t<div class=\"elementor-element elementor-element-a9cc64a elementor-widget elementor-widget-heading\" data-id=\"a9cc64a\" data-element_type=\"widget\" data-e-type=\"widget\" data-widget_type=\"heading.default\">\n\t\t\t\t<div class=\"elementor-widget-container\">\n\t\t\t\t\t<h3 class=\"elementor-heading-title elementor-size-default\">Rhynchocinetes spp. (R. brucei, R. durbanensis, R. hiatti, R. rigens, R. rugulosus, R. uritai)<\/h3>\t\t\t\t<\/div>\n\t\t\t\t<\/div>\n\t\t\t\t<div class=\"elementor-element elementor-element-254ba6f elementor-widget elementor-widget-spacer\" data-id=\"254ba6f\" data-element_type=\"widget\" data-e-type=\"widget\" data-widget_type=\"spacer.default\">\n\t\t\t\t<div class=\"elementor-widget-container\">\n\t\t\t\t\t\t\t<div class=\"elementor-spacer\">\n\t\t\t<div class=\"elementor-spacer-inner\"><\/div>\n\t\t<\/div>\n\t\t\t\t\t\t<\/div>\n\t\t\t\t<\/div>\n\t\t\t\t<div class=\"elementor-element elementor-element-65959d3 elementor-widget-divider--separator-type-pattern elementor-widget-divider--view-line elementor-widget elementor-widget-divider\" data-id=\"65959d3\" data-element_type=\"widget\" data-e-type=\"widget\" data-widget_type=\"divider.default\">\n\t\t\t\t<div class=\"elementor-widget-container\">\n\t\t\t\t\t\t\t<div class=\"elementor-divider\" style=\"--divider-pattern-url: url(&quot;data:image\/svg+xml,%3Csvg xmlns=&#039;http:\/\/www.w3.org\/2000\/svg&#039; preserveAspectRatio=&#039;none&#039; overflow=&#039;visible&#039; height=&#039;100%&#039; viewBox=&#039;0 0 24 24&#039; fill=&#039;none&#039; stroke=&#039;black&#039; stroke-width=&#039;7&#039; stroke-linecap=&#039;square&#039; stroke-miterlimit=&#039;10&#039;%3E%3Cpath d=&#039;M0,6c6,0,6,13,12,13S18,6,24,6&#039;\/%3E%3C\/svg%3E&quot;);\">\n\t\t\t<span class=\"elementor-divider-separator\">\n\t\t\t\t\t\t<\/span>\n\t\t<\/div>\n\t\t\t\t\t\t<\/div>\n\t\t\t\t<\/div>\n\t\t\t\t<div class=\"elementor-element elementor-element-600efcf elementor-widget elementor-widget-text-editor\" data-id=\"600efcf\" data-element_type=\"widget\" data-e-type=\"widget\" data-widget_type=\"text-editor.default\">\n\t\t\t\t<div class=\"elementor-widget-container\">\n\t\t\t\t\t\t\t\t\t<p><img decoding=\"async\" class=\"size-full wp-image-2528 alignleft\" src=\"https:\/\/proyectos.pgiovas.com\/alfaquarium\/wp-content\/uploads\/2020\/08\/Rhynchocinetes-spp.R.-brucei.png\" alt=\"\" width=\"181\" height=\"163\" \/><\/p><p><strong>Nombre cient\u00edfico:<\/strong> Rhynchocinetes spp. <em>(R. brucei, R. durbanensis, R. hiatti, R. rigens, R. rugulosus, R. uritai)<\/em><\/p><p><strong>Nombre com\u00fan en ingl\u00e9s:<\/strong> Camelback Shrimps\u00a0 (Hinge-beak prawns)<\/p><p><strong>Nombre com\u00fan es espa\u00f1ol:<\/strong> Camar\u00f3n Camello (Camar\u00f3n de Yucat\u00e1n)<\/p><p><strong>Tama\u00f1o m\u00e1ximo:<\/strong> Hasta aproximadamente 1.6 pulgadas (4 cm) de largo.<\/p><p><strong>Extensi\u00f3n:<\/strong> Mares Tropicales<\/p><p><strong>Tama\u00f1o m\u00ednimo de acuario:<\/strong> Tanques peque\u00f1os, 10 galones (38 lts) o m\u00e1s.<\/p><p><strong>Iluminaci\u00f3n:<\/strong> Irrelevante.<\/p><p><strong>Alimento y Alimentaci\u00f3n:<\/strong> Se alimenta de p\u00f3lipos peque\u00f1os. Alimento de carro\u00f1a.<\/p><p><strong>Conveniencia y Compatibilidad con el acuario de arrecife:<\/strong> Ataca corales y otros p\u00f3lipos. No es seguro para acuarios de arrecife, excepto en tanques muy grandes con una poblaci\u00f3n en crecimiento saludable de varios p\u00f3lipos. Nocturno.<\/p><p><strong>Cuidado Cautivo:<\/strong> Estos peque\u00f1os camarones son atractivos, con rayas blancas brillantes o manchas rodeadas por l\u00edneas de color rojo cereza marrasquino, pero son una bendici\u00f3n mixta para la mayor\u00eda de los acuarios. Son muy activos por la noche y pueden verse recogiendo materiales de rocas y otros sustratos duros, y tener algunos en un tanque reducir\u00e1n el crecimiento neto de zoantidos o colonias de p\u00f3lipos de estrella a cero. Llamados as\u00ed por la pronunciada &#8220;joroba&#8221; en sus abd\u00f3menes, estas especies son excepcionalmente similares en el patr\u00f3n de color y caracter\u00edsticas morfol\u00f3gicas generales. Todos ellos tienen grandes ojos compuestos que reflejan una luz brillante de cobre o roja en el haz de una linterna por la noche.<\/p><p><strong>Fuentes del art\u00edculo:<\/strong><br \/><strong>Marine Invertebrates; Ronald L. Shimek, Ph.D.<\/strong><br \/><br \/><strong>Colaboraci\u00f3n de:<\/strong><br \/><strong>Luz Alicia Anduaga<\/strong><\/p>\t\t\t\t\t\t\t\t<\/div>\n\t\t\t\t<\/div>\n\t\t\t\t\t<\/div>\n\t\t<\/div>\n\t\t\t\t\t<\/div>\n\t\t<\/section>\n\t\t\t\t<\/div>\n\t\t","protected":false},"excerpt":{"rendered":"<p>Rhynchocinetes spp. (R. brucei, R. durbanensis, R. hiatti, R. rigens, R. rugulosus, R. uritai) Nombre cient\u00edfico: Rhynchocinetes spp. (R. brucei, R. durbanensis, R. hiatti, R. rigens, R. rugulosus, R. uritai) Nombre com\u00fan en ingl\u00e9s: Camelback&hellip;<\/p>\n","protected":false},"author":4,"featured_media":0,"parent":0,"menu_order":0,"comment_status":"closed","ping_status":"closed","template":"","meta":{"footnotes":""},"class_list":["post-5053","page","type-page","status-publish","hentry"],"_links":{"self":[{"href":"https:\/\/proyectos.pgiovas.com\/alfaquarium\/wp-json\/wp\/v2\/pages\/5053","targetHints":{"allow":["GET"]}}],"collection":[{"href":"https:\/\/proyectos.pgiovas.com\/alfaquarium\/wp-json\/wp\/v2\/pages"}],"about":[{"href":"https:\/\/proyectos.pgiovas.com\/alfaquarium\/wp-json\/wp\/v2\/types\/page"}],"author":[{"embeddable":true,"href":"https:\/\/proyectos.pgiovas.com\/alfaquarium\/wp-json\/wp\/v2\/users\/4"}],"replies":[{"embeddable":true,"href":"https:\/\/proyectos.pgiovas.com\/alfaquarium\/wp-json\/wp\/v2\/comments?post=5053"}],"version-history":[{"count":4,"href":"https:\/\/proyectos.pgiovas.com\/alfaquarium\/wp-json\/wp\/v2\/pages\/5053\/revisions"}],"predecessor-version":[{"id":5058,"href":"https:\/\/proyectos.pgiovas.com\/alfaquarium\/wp-json\/wp\/v2\/pages\/5053\/revisions\/5058"}],"wp:attachment":[{"href":"https:\/\/proyectos.pgiovas.com\/alfaquarium\/wp-json\/wp\/v2\/media?parent=5053"}],"curies":[{"name":"wp","href":"https:\/\/api.w.org\/{rel}","templated":true}]}}