{"id":5029,"date":"2020-12-01T17:26:11","date_gmt":"2020-12-01T17:26:11","guid":{"rendered":"http:\/\/alfaquarium.mx\/?page_id=5029"},"modified":"2020-12-01T17:28:13","modified_gmt":"2020-12-01T17:28:13","slug":"lysmata-wurdemanni","status":"publish","type":"page","link":"https:\/\/proyectos.pgiovas.com\/alfaquarium\/lysmata-wurdemanni","title":{"rendered":"Lysmata Wurdemanni"},"content":{"rendered":"\t\t<div data-elementor-type=\"wp-page\" data-elementor-id=\"5029\" class=\"elementor elementor-5029\">\n\t\t\t\t\t\t<section class=\"elementor-section elementor-top-section elementor-element elementor-element-79b8e8b elementor-section-full_width elementor-section-height-default elementor-section-height-default\" data-id=\"79b8e8b\" data-element_type=\"section\" data-e-type=\"section\">\n\t\t\t\t\t\t<div class=\"elementor-container elementor-column-gap-default\">\n\t\t\t\t\t<div class=\"elementor-column elementor-col-100 elementor-top-column elementor-element elementor-element-8003a9b\" data-id=\"8003a9b\" data-element_type=\"column\" data-e-type=\"column\">\n\t\t\t<div class=\"elementor-widget-wrap elementor-element-populated\">\n\t\t\t\t\t\t<div class=\"elementor-element elementor-element-a9cc64a elementor-widget elementor-widget-heading\" data-id=\"a9cc64a\" data-element_type=\"widget\" data-e-type=\"widget\" data-widget_type=\"heading.default\">\n\t\t\t\t<div class=\"elementor-widget-container\">\n\t\t\t\t\t<h3 class=\"elementor-heading-title elementor-size-default\">Lysmata Wurdemanni<\/h3>\t\t\t\t<\/div>\n\t\t\t\t<\/div>\n\t\t\t\t<div class=\"elementor-element elementor-element-254ba6f elementor-widget elementor-widget-spacer\" data-id=\"254ba6f\" data-element_type=\"widget\" data-e-type=\"widget\" data-widget_type=\"spacer.default\">\n\t\t\t\t<div class=\"elementor-widget-container\">\n\t\t\t\t\t\t\t<div class=\"elementor-spacer\">\n\t\t\t<div class=\"elementor-spacer-inner\"><\/div>\n\t\t<\/div>\n\t\t\t\t\t\t<\/div>\n\t\t\t\t<\/div>\n\t\t\t\t<div class=\"elementor-element elementor-element-65959d3 elementor-widget-divider--separator-type-pattern elementor-widget-divider--view-line elementor-widget elementor-widget-divider\" data-id=\"65959d3\" data-element_type=\"widget\" data-e-type=\"widget\" data-widget_type=\"divider.default\">\n\t\t\t\t<div class=\"elementor-widget-container\">\n\t\t\t\t\t\t\t<div class=\"elementor-divider\" style=\"--divider-pattern-url: url(&quot;data:image\/svg+xml,%3Csvg xmlns=&#039;http:\/\/www.w3.org\/2000\/svg&#039; preserveAspectRatio=&#039;none&#039; overflow=&#039;visible&#039; height=&#039;100%&#039; viewBox=&#039;0 0 24 24&#039; fill=&#039;none&#039; stroke=&#039;black&#039; stroke-width=&#039;7&#039; stroke-linecap=&#039;square&#039; stroke-miterlimit=&#039;10&#039;%3E%3Cpath d=&#039;M0,6c6,0,6,13,12,13S18,6,24,6&#039;\/%3E%3C\/svg%3E&quot;);\">\n\t\t\t<span class=\"elementor-divider-separator\">\n\t\t\t\t\t\t<\/span>\n\t\t<\/div>\n\t\t\t\t\t\t<\/div>\n\t\t\t\t<\/div>\n\t\t\t\t<div class=\"elementor-element elementor-element-600efcf elementor-widget elementor-widget-text-editor\" data-id=\"600efcf\" data-element_type=\"widget\" data-e-type=\"widget\" data-widget_type=\"text-editor.default\">\n\t\t\t\t<div class=\"elementor-widget-container\">\n\t\t\t\t\t\t\t\t\t<p><img decoding=\"async\" class=\"size-full wp-image-2524 alignleft\" src=\"https:\/\/proyectos.pgiovas.com\/alfaquarium\/wp-content\/uploads\/2020\/08\/Lysmata-wurdemanni.png\" alt=\"\" width=\"194\" height=\"175\" \/><\/p><p><strong>Nombre cient\u00edfico:<\/strong> Lysmata wurdemanni<\/p><p><strong>Nombre com\u00fan en ingl\u00e9s:<\/strong> Peppermint Shrimp\u00a0 \u00a0<\/p><p><strong>Nombre com\u00fan es espa\u00f1ol:<\/strong> Camar\u00f3n Pimienta<\/p><p><strong>Tama\u00f1o m\u00e1ximo:<\/strong> Hasta aproximadamente 1.5 pulgadas (4 cm) de largo.<\/p><p><strong>Extensi\u00f3n:<\/strong> Caribe<\/p><p><strong>Tama\u00f1o m\u00ednimo de acuario:<\/strong> Tanques peque\u00f1os, 10 galones (38 lts) o m\u00e1s.<\/p><p><strong>Iluminaci\u00f3n:<\/strong> Iluminaci\u00f3n normal de arrecife.<\/p><p><strong>Alimento y Alimentaci\u00f3n:<\/strong> Carro\u00f1ero eficiente; comer\u00e1 casi todos los alimentos de acuario.\u00a0<\/p><p><strong>Conveniencia y Compatibilidad con el acuario de arrecife:<\/strong> Adecuado animal de acuario. Aceptar\u00e1 alimentos desde corales, an\u00e9monas, y otras criaturas lentas y puede tener un efecto perjudicial en ellos.<\/p><p><strong>Cuidado Cautivo:<\/strong> Este camar\u00f3n tiene una tendencia a comer p\u00f3lipos peque\u00f1os y, por lo tanto, puede beneficiar al aficionado que est\u00e1 plagado de un caso de la an\u00e9mona <em>Aiptasia<\/em>, la cual este camar\u00f3n tiene fama de comer. <em>Lysmata wurdemanni<\/em> es nocturno y recluido y vive hasta cuatro a\u00f1os. El \u00fanico cuidado especial que se necesita es una cueva o espacio en la roca para refugiarse. Los acuaristas pueden nunca verlo una vez que se agrega al tanque. Tiene un cuerpo blanco p\u00e1lido, amarillo o \u00e1mbar con numerosas franjas longitudinales de aproximadamente 0.25 a 0.5 mm de ancho que van desde la parte frontal del cuerpo hasta el final del abdomen. Las piernas y el cuerpo son de color naranja p\u00e1lido; las patas no tienen rayas amarillas o blancas. Puede cambiar el color significativamente en un corto per\u00edodo de tiempo, dependiendo de su estado fisiol\u00f3gico y estado de estr\u00e9s.<\/p><p><strong>Fuentes del art\u00edculo:<\/strong><br \/><strong>Marine Invertebrates; Ronald L. Shimek, Ph.D.<\/strong><\/p><p><strong>Colaboraci\u00f3n de:<\/strong><br \/><strong>Luz Alicia Anduaga<\/strong><\/p>\t\t\t\t\t\t\t\t<\/div>\n\t\t\t\t<\/div>\n\t\t\t\t\t<\/div>\n\t\t<\/div>\n\t\t\t\t\t<\/div>\n\t\t<\/section>\n\t\t\t\t<\/div>\n\t\t","protected":false},"excerpt":{"rendered":"<p>Lysmata Wurdemanni Nombre cient\u00edfico: Lysmata wurdemanni Nombre com\u00fan en ingl\u00e9s: Peppermint Shrimp\u00a0 \u00a0 Nombre com\u00fan es espa\u00f1ol: Camar\u00f3n Pimienta Tama\u00f1o m\u00e1ximo: Hasta aproximadamente 1.5 pulgadas (4 cm) de largo. Extensi\u00f3n: Caribe Tama\u00f1o m\u00ednimo de acuario:&hellip;<\/p>\n","protected":false},"author":4,"featured_media":0,"parent":0,"menu_order":0,"comment_status":"closed","ping_status":"closed","template":"","meta":{"footnotes":""},"class_list":["post-5029","page","type-page","status-publish","hentry"],"_links":{"self":[{"href":"https:\/\/proyectos.pgiovas.com\/alfaquarium\/wp-json\/wp\/v2\/pages\/5029","targetHints":{"allow":["GET"]}}],"collection":[{"href":"https:\/\/proyectos.pgiovas.com\/alfaquarium\/wp-json\/wp\/v2\/pages"}],"about":[{"href":"https:\/\/proyectos.pgiovas.com\/alfaquarium\/wp-json\/wp\/v2\/types\/page"}],"author":[{"embeddable":true,"href":"https:\/\/proyectos.pgiovas.com\/alfaquarium\/wp-json\/wp\/v2\/users\/4"}],"replies":[{"embeddable":true,"href":"https:\/\/proyectos.pgiovas.com\/alfaquarium\/wp-json\/wp\/v2\/comments?post=5029"}],"version-history":[{"count":4,"href":"https:\/\/proyectos.pgiovas.com\/alfaquarium\/wp-json\/wp\/v2\/pages\/5029\/revisions"}],"predecessor-version":[{"id":5034,"href":"https:\/\/proyectos.pgiovas.com\/alfaquarium\/wp-json\/wp\/v2\/pages\/5029\/revisions\/5034"}],"wp:attachment":[{"href":"https:\/\/proyectos.pgiovas.com\/alfaquarium\/wp-json\/wp\/v2\/media?parent=5029"}],"curies":[{"name":"wp","href":"https:\/\/api.w.org\/{rel}","templated":true}]}}