{"id":4996,"date":"2020-12-01T16:55:45","date_gmt":"2020-12-01T16:55:45","guid":{"rendered":"http:\/\/alfaquarium.mx\/?page_id=4996"},"modified":"2020-12-01T16:57:37","modified_gmt":"2020-12-01T16:57:37","slug":"alpheus-spp","status":"publish","type":"page","link":"https:\/\/proyectos.pgiovas.com\/alfaquarium\/alpheus-spp","title":{"rendered":"Alpheus Spp"},"content":{"rendered":"\t\t<div data-elementor-type=\"wp-page\" data-elementor-id=\"4996\" class=\"elementor elementor-4996\">\n\t\t\t\t\t\t<section class=\"elementor-section elementor-top-section elementor-element elementor-element-79b8e8b elementor-section-full_width elementor-section-height-default elementor-section-height-default\" data-id=\"79b8e8b\" data-element_type=\"section\" data-e-type=\"section\">\n\t\t\t\t\t\t<div class=\"elementor-container elementor-column-gap-default\">\n\t\t\t\t\t<div class=\"elementor-column elementor-col-100 elementor-top-column elementor-element elementor-element-8003a9b\" data-id=\"8003a9b\" data-element_type=\"column\" data-e-type=\"column\">\n\t\t\t<div class=\"elementor-widget-wrap elementor-element-populated\">\n\t\t\t\t\t\t<div class=\"elementor-element elementor-element-a9cc64a elementor-widget elementor-widget-heading\" data-id=\"a9cc64a\" data-element_type=\"widget\" data-e-type=\"widget\" data-widget_type=\"heading.default\">\n\t\t\t\t<div class=\"elementor-widget-container\">\n\t\t\t\t\t<h3 class=\"elementor-heading-title elementor-size-default\">Alpheus Spp<\/h3>\t\t\t\t<\/div>\n\t\t\t\t<\/div>\n\t\t\t\t<div class=\"elementor-element elementor-element-254ba6f elementor-widget elementor-widget-spacer\" data-id=\"254ba6f\" data-element_type=\"widget\" data-e-type=\"widget\" data-widget_type=\"spacer.default\">\n\t\t\t\t<div class=\"elementor-widget-container\">\n\t\t\t\t\t\t\t<div class=\"elementor-spacer\">\n\t\t\t<div class=\"elementor-spacer-inner\"><\/div>\n\t\t<\/div>\n\t\t\t\t\t\t<\/div>\n\t\t\t\t<\/div>\n\t\t\t\t<div class=\"elementor-element elementor-element-65959d3 elementor-widget-divider--separator-type-pattern elementor-widget-divider--view-line elementor-widget elementor-widget-divider\" data-id=\"65959d3\" data-element_type=\"widget\" data-e-type=\"widget\" data-widget_type=\"divider.default\">\n\t\t\t\t<div class=\"elementor-widget-container\">\n\t\t\t\t\t\t\t<div class=\"elementor-divider\" style=\"--divider-pattern-url: url(&quot;data:image\/svg+xml,%3Csvg xmlns=&#039;http:\/\/www.w3.org\/2000\/svg&#039; preserveAspectRatio=&#039;none&#039; overflow=&#039;visible&#039; height=&#039;100%&#039; viewBox=&#039;0 0 24 24&#039; fill=&#039;none&#039; stroke=&#039;black&#039; stroke-width=&#039;7&#039; stroke-linecap=&#039;square&#039; stroke-miterlimit=&#039;10&#039;%3E%3Cpath d=&#039;M0,6c6,0,6,13,12,13S18,6,24,6&#039;\/%3E%3C\/svg%3E&quot;);\">\n\t\t\t<span class=\"elementor-divider-separator\">\n\t\t\t\t\t\t<\/span>\n\t\t<\/div>\n\t\t\t\t\t\t<\/div>\n\t\t\t\t<\/div>\n\t\t\t\t<div class=\"elementor-element elementor-element-600efcf elementor-widget elementor-widget-text-editor\" data-id=\"600efcf\" data-element_type=\"widget\" data-e-type=\"widget\" data-widget_type=\"text-editor.default\">\n\t\t\t\t<div class=\"elementor-widget-container\">\n\t\t\t\t\t\t\t\t\t<p><img decoding=\"async\" class=\"size-full wp-image-2518 alignleft\" src=\"https:\/\/proyectos.pgiovas.com\/alfaquarium\/wp-content\/uploads\/2020\/08\/Alpheus-spp.png\" alt=\"\" width=\"216\" height=\"194\" \/><\/p><p><strong>Nombre cient\u00edfico:<\/strong> Alpheus spp.<\/p><p><strong>Nombre com\u00fan en ingl\u00e9s:<\/strong> Pistol Shrimp\u00a0\u00a0<\/p><p><strong>Nombre com\u00fan es espa\u00f1ol:<\/strong> Camar\u00f3n Pistola<\/p><p><strong>Tama\u00f1o m\u00e1ximo:<\/strong> Hasta aproximadamente 3 pulgadas (7.6 cm) de largo; La mayor\u00eda m\u00e1s peque\u00f1os.<\/p><p><strong>Extensi\u00f3n:<\/strong> Todos los mares tropicales.<\/p><p><strong>Tama\u00f1o m\u00ednimo de acuario:<\/strong> Tanques peque\u00f1os, 10 galones (38 lts) o m\u00e1s.<\/p><p><strong>Iluminaci\u00f3n:<\/strong> Prefiere iluminaci\u00f3n tenue.<\/p><p><strong>Alimento y Alimentaci\u00f3n:<\/strong> Algunos aceptan alimentos vivos como caracoles, peces u otros crust\u00e1ceos. La mayor\u00eda aceptar\u00e1 pescado en trozos, krill, y algunos alimentos preparados.\u00a0<\/p><p><strong>Conveniencia y Compatibilidad con el acuario de arrecife:<\/strong> Algunos son buenos animales para un tanque comunitario, otros no. En general, aquellos sin un simbionte son de corta vida.<\/p><p><strong>Cuidado Cautivo:<\/strong> Generalmente simbi\u00f3ticos, estos peque\u00f1os camarones viven vidas curiosas con varios compa\u00f1eros, desde los gobios hasta los crinoideos. Varios se encuentran viviendo con gobios excavadores, donde comparten la madriguera del pez. Si tanto el camar\u00f3n como el gobio est\u00e1n disponibles, hacen una atractiva exhibici\u00f3n de acuario. Los gobios de madriguera necesitan una cama de arena profunda para la construcci\u00f3n de su hogar. Muchas especies de <em>Alpheus <\/em>parecen ser principalmente nocturnas y se desenvuelven mejor en un acuario poco iluminado. Estos camarones tienen un par de garras de diferentes tama\u00f1os. Su nombre proviene de su capacidad para producir un fuerte crujido o chasquido con su gran &#8220;garra clicker&#8221;, que puede ser tan grande como su t\u00f3rax.<\/p><p><strong>Fuentes del art\u00edculo:<\/strong><br \/><strong>Marine Invertebrates; Ronald L. Shimek, Ph.D.<\/strong><br \/><br \/><strong>Colaboraci\u00f3n de:<\/strong><br \/><strong>Luz Alicia Anduaga<\/strong><\/p>\t\t\t\t\t\t\t\t<\/div>\n\t\t\t\t<\/div>\n\t\t\t\t\t<\/div>\n\t\t<\/div>\n\t\t\t\t\t<\/div>\n\t\t<\/section>\n\t\t\t\t<\/div>\n\t\t","protected":false},"excerpt":{"rendered":"<p>Alpheus Spp Nombre cient\u00edfico: Alpheus spp. Nombre com\u00fan en ingl\u00e9s: Pistol Shrimp\u00a0\u00a0 Nombre com\u00fan es espa\u00f1ol: Camar\u00f3n Pistola Tama\u00f1o m\u00e1ximo: Hasta aproximadamente 3 pulgadas (7.6 cm) de largo; La mayor\u00eda m\u00e1s peque\u00f1os. Extensi\u00f3n: Todos los&hellip;<\/p>\n","protected":false},"author":4,"featured_media":0,"parent":0,"menu_order":0,"comment_status":"closed","ping_status":"closed","template":"","meta":{"footnotes":""},"class_list":["post-4996","page","type-page","status-publish","hentry"],"_links":{"self":[{"href":"https:\/\/proyectos.pgiovas.com\/alfaquarium\/wp-json\/wp\/v2\/pages\/4996","targetHints":{"allow":["GET"]}}],"collection":[{"href":"https:\/\/proyectos.pgiovas.com\/alfaquarium\/wp-json\/wp\/v2\/pages"}],"about":[{"href":"https:\/\/proyectos.pgiovas.com\/alfaquarium\/wp-json\/wp\/v2\/types\/page"}],"author":[{"embeddable":true,"href":"https:\/\/proyectos.pgiovas.com\/alfaquarium\/wp-json\/wp\/v2\/users\/4"}],"replies":[{"embeddable":true,"href":"https:\/\/proyectos.pgiovas.com\/alfaquarium\/wp-json\/wp\/v2\/comments?post=4996"}],"version-history":[{"count":4,"href":"https:\/\/proyectos.pgiovas.com\/alfaquarium\/wp-json\/wp\/v2\/pages\/4996\/revisions"}],"predecessor-version":[{"id":5000,"href":"https:\/\/proyectos.pgiovas.com\/alfaquarium\/wp-json\/wp\/v2\/pages\/4996\/revisions\/5000"}],"wp:attachment":[{"href":"https:\/\/proyectos.pgiovas.com\/alfaquarium\/wp-json\/wp\/v2\/media?parent=4996"}],"curies":[{"name":"wp","href":"https:\/\/api.w.org\/{rel}","templated":true}]}}