{"id":4991,"date":"2020-12-01T16:52:12","date_gmt":"2020-12-01T16:52:12","guid":{"rendered":"http:\/\/alfaquarium.mx\/?page_id=4991"},"modified":"2020-12-01T16:55:17","modified_gmt":"2020-12-01T16:55:17","slug":"odontodactylus-scyllarus","status":"publish","type":"page","link":"https:\/\/proyectos.pgiovas.com\/alfaquarium\/odontodactylus-scyllarus","title":{"rendered":"Odontodactylus Scyllarus"},"content":{"rendered":"\t\t<div data-elementor-type=\"wp-page\" data-elementor-id=\"4991\" class=\"elementor elementor-4991\">\n\t\t\t\t\t\t<section class=\"elementor-section elementor-top-section elementor-element elementor-element-79b8e8b elementor-section-full_width elementor-section-height-default elementor-section-height-default\" data-id=\"79b8e8b\" data-element_type=\"section\" data-e-type=\"section\">\n\t\t\t\t\t\t<div class=\"elementor-container elementor-column-gap-default\">\n\t\t\t\t\t<div class=\"elementor-column elementor-col-100 elementor-top-column elementor-element elementor-element-8003a9b\" data-id=\"8003a9b\" data-element_type=\"column\" data-e-type=\"column\">\n\t\t\t<div class=\"elementor-widget-wrap elementor-element-populated\">\n\t\t\t\t\t\t<div class=\"elementor-element elementor-element-a9cc64a elementor-widget elementor-widget-heading\" data-id=\"a9cc64a\" data-element_type=\"widget\" data-e-type=\"widget\" data-widget_type=\"heading.default\">\n\t\t\t\t<div class=\"elementor-widget-container\">\n\t\t\t\t\t<h3 class=\"elementor-heading-title elementor-size-default\">Odontodactylus Scyllarus<\/h3>\t\t\t\t<\/div>\n\t\t\t\t<\/div>\n\t\t\t\t<div class=\"elementor-element elementor-element-254ba6f elementor-widget elementor-widget-spacer\" data-id=\"254ba6f\" data-element_type=\"widget\" data-e-type=\"widget\" data-widget_type=\"spacer.default\">\n\t\t\t\t<div class=\"elementor-widget-container\">\n\t\t\t\t\t\t\t<div class=\"elementor-spacer\">\n\t\t\t<div class=\"elementor-spacer-inner\"><\/div>\n\t\t<\/div>\n\t\t\t\t\t\t<\/div>\n\t\t\t\t<\/div>\n\t\t\t\t<div class=\"elementor-element elementor-element-65959d3 elementor-widget-divider--separator-type-pattern elementor-widget-divider--view-line elementor-widget elementor-widget-divider\" data-id=\"65959d3\" data-element_type=\"widget\" data-e-type=\"widget\" data-widget_type=\"divider.default\">\n\t\t\t\t<div class=\"elementor-widget-container\">\n\t\t\t\t\t\t\t<div class=\"elementor-divider\" style=\"--divider-pattern-url: url(&quot;data:image\/svg+xml,%3Csvg xmlns=&#039;http:\/\/www.w3.org\/2000\/svg&#039; preserveAspectRatio=&#039;none&#039; overflow=&#039;visible&#039; height=&#039;100%&#039; viewBox=&#039;0 0 24 24&#039; fill=&#039;none&#039; stroke=&#039;black&#039; stroke-width=&#039;7&#039; stroke-linecap=&#039;square&#039; stroke-miterlimit=&#039;10&#039;%3E%3Cpath d=&#039;M0,6c6,0,6,13,12,13S18,6,24,6&#039;\/%3E%3C\/svg%3E&quot;);\">\n\t\t\t<span class=\"elementor-divider-separator\">\n\t\t\t\t\t\t<\/span>\n\t\t<\/div>\n\t\t\t\t\t\t<\/div>\n\t\t\t\t<\/div>\n\t\t\t\t<div class=\"elementor-element elementor-element-600efcf elementor-widget elementor-widget-text-editor\" data-id=\"600efcf\" data-element_type=\"widget\" data-e-type=\"widget\" data-widget_type=\"text-editor.default\">\n\t\t\t\t<div class=\"elementor-widget-container\">\n\t\t\t\t\t\t\t\t\t<p><img decoding=\"async\" class=\"size-full wp-image-2517 alignleft\" src=\"https:\/\/proyectos.pgiovas.com\/alfaquarium\/wp-content\/uploads\/2020\/08\/Odontodactylus-scyllarus.png\" alt=\"\" width=\"227\" height=\"205\" \/><\/p><p><strong>Nombre cient\u00edfico:<\/strong> Odontodactylus scyllarus<\/p><p><strong>Nombre com\u00fan en ingl\u00e9s:<\/strong> Peacock Mantis Shrimp \u00a0\u00a0<\/p><p><strong>Nombre com\u00fan es espa\u00f1ol:<\/strong> Camar\u00f3n Mantis Marina Pavorreal<\/p><p><strong>Tama\u00f1o m\u00e1ximo:<\/strong> Hasta aproximadamente 6 pulgadas (15 cm) de largo; La mayor\u00eda m\u00e1s peque\u00f1os.<\/p><p><strong>Extensi\u00f3n:<\/strong> Indo Pac\u00edfico<\/p><p><strong>Tama\u00f1o m\u00ednimo de acuario:<\/strong> Tanques moderados, 20 galones (76 lts) o m\u00e1s.<\/p><p><strong>Iluminaci\u00f3n:<\/strong> Prefiere iluminaci\u00f3n tenue.<\/p><p><strong>Alimento y Alimentaci\u00f3n:<\/strong> Requiere alimentos carnosos. Comer\u00e1 caracoles, peces u otros crust\u00e1ceos. Aceptar\u00e1 pescado en trozos, krill, y algunos alimentos preparados. Alimentar regularmente.<\/p><p><strong>Conveniencia y Compatibilidad con el acuario de arrecife:<\/strong> No es un animal para un tanque comunitario, pero es una mascota excepcional en un tanque de especies. Man\u00e9jese con cuidado; puede provocar heridas profundas.<\/p><p><strong>Cuidado Cautivo:<\/strong> Entre los animales de arrecife m\u00e1s coloridos, este es un carn\u00edvoro nocturno de fondo, y es un camar\u00f3n mantis de &#8220;ataque contundente&#8221;. Necesita rocas dispuestas como una madriguera o cueva, pero har\u00e1 muchas remodelaciones. Un mantis pavorreal completamente desarrollado es capaz de romper las paredes de vidrio de la mayor\u00eda de los acuarios, pero puede mantenerse en tanques acr\u00edlicos. Se encuentran entre los artr\u00f3podos m\u00e1s inteligentes, si no es que<em> los<\/em> <em>m\u00e1s<\/em> inteligentes. Pronto aprender\u00e1 a reconocer a diferentes personas y responder a ellas de manera diferente. Tiene mucha &#8220;personalidad&#8221; y es un atractivo residente de acuario. Se alimentar\u00e1 mucho y requiere una buena filtraci\u00f3n.<\/p><p><strong>Fuentes del art\u00edculo:<\/strong><br \/><strong>Marine Invertebrates; Ronald L. Shimek, Ph.D.<\/strong><br \/><br \/><strong>Colaboraci\u00f3n de:<\/strong><br \/><strong>Luz Alicia Anduaga<\/strong><\/p>\t\t\t\t\t\t\t\t<\/div>\n\t\t\t\t<\/div>\n\t\t\t\t\t<\/div>\n\t\t<\/div>\n\t\t\t\t\t<\/div>\n\t\t<\/section>\n\t\t\t\t<\/div>\n\t\t","protected":false},"excerpt":{"rendered":"<p>Odontodactylus Scyllarus Nombre cient\u00edfico: Odontodactylus scyllarus Nombre com\u00fan en ingl\u00e9s: Peacock Mantis Shrimp \u00a0\u00a0 Nombre com\u00fan es espa\u00f1ol: Camar\u00f3n Mantis Marina Pavorreal Tama\u00f1o m\u00e1ximo: Hasta aproximadamente 6 pulgadas (15 cm) de largo; La mayor\u00eda m\u00e1s&hellip;<\/p>\n","protected":false},"author":4,"featured_media":0,"parent":0,"menu_order":0,"comment_status":"closed","ping_status":"closed","template":"","meta":{"footnotes":""},"class_list":["post-4991","page","type-page","status-publish","hentry"],"_links":{"self":[{"href":"https:\/\/proyectos.pgiovas.com\/alfaquarium\/wp-json\/wp\/v2\/pages\/4991","targetHints":{"allow":["GET"]}}],"collection":[{"href":"https:\/\/proyectos.pgiovas.com\/alfaquarium\/wp-json\/wp\/v2\/pages"}],"about":[{"href":"https:\/\/proyectos.pgiovas.com\/alfaquarium\/wp-json\/wp\/v2\/types\/page"}],"author":[{"embeddable":true,"href":"https:\/\/proyectos.pgiovas.com\/alfaquarium\/wp-json\/wp\/v2\/users\/4"}],"replies":[{"embeddable":true,"href":"https:\/\/proyectos.pgiovas.com\/alfaquarium\/wp-json\/wp\/v2\/comments?post=4991"}],"version-history":[{"count":4,"href":"https:\/\/proyectos.pgiovas.com\/alfaquarium\/wp-json\/wp\/v2\/pages\/4991\/revisions"}],"predecessor-version":[{"id":4995,"href":"https:\/\/proyectos.pgiovas.com\/alfaquarium\/wp-json\/wp\/v2\/pages\/4991\/revisions\/4995"}],"wp:attachment":[{"href":"https:\/\/proyectos.pgiovas.com\/alfaquarium\/wp-json\/wp\/v2\/media?parent=4991"}],"curies":[{"name":"wp","href":"https:\/\/api.w.org\/{rel}","templated":true}]}}