{"id":4981,"date":"2020-12-01T16:46:12","date_gmt":"2020-12-01T16:46:12","guid":{"rendered":"http:\/\/alfaquarium.mx\/?page_id=4981"},"modified":"2020-12-01T16:49:05","modified_gmt":"2020-12-01T16:49:05","slug":"cirolanidae-cflironeca","status":"publish","type":"page","link":"https:\/\/proyectos.pgiovas.com\/alfaquarium\/cirolanidae-cflironeca","title":{"rendered":"Cirolanidae, Cf.Lironeca"},"content":{"rendered":"\t\t<div data-elementor-type=\"wp-page\" data-elementor-id=\"4981\" class=\"elementor elementor-4981\">\n\t\t\t\t\t\t<section class=\"elementor-section elementor-top-section elementor-element elementor-element-79b8e8b elementor-section-full_width elementor-section-height-default elementor-section-height-default\" data-id=\"79b8e8b\" data-element_type=\"section\" data-e-type=\"section\">\n\t\t\t\t\t\t<div class=\"elementor-container elementor-column-gap-default\">\n\t\t\t\t\t<div class=\"elementor-column elementor-col-100 elementor-top-column elementor-element elementor-element-8003a9b\" data-id=\"8003a9b\" data-element_type=\"column\" data-e-type=\"column\">\n\t\t\t<div class=\"elementor-widget-wrap elementor-element-populated\">\n\t\t\t\t\t\t<div class=\"elementor-element elementor-element-a9cc64a elementor-widget elementor-widget-heading\" data-id=\"a9cc64a\" data-element_type=\"widget\" data-e-type=\"widget\" data-widget_type=\"heading.default\">\n\t\t\t\t<div class=\"elementor-widget-container\">\n\t\t\t\t\t<h3 class=\"elementor-heading-title elementor-size-default\">Cirolanidae, Cf.Lironeca<\/h3>\t\t\t\t<\/div>\n\t\t\t\t<\/div>\n\t\t\t\t<div class=\"elementor-element elementor-element-254ba6f elementor-widget elementor-widget-spacer\" data-id=\"254ba6f\" data-element_type=\"widget\" data-e-type=\"widget\" data-widget_type=\"spacer.default\">\n\t\t\t\t<div class=\"elementor-widget-container\">\n\t\t\t\t\t\t\t<div class=\"elementor-spacer\">\n\t\t\t<div class=\"elementor-spacer-inner\"><\/div>\n\t\t<\/div>\n\t\t\t\t\t\t<\/div>\n\t\t\t\t<\/div>\n\t\t\t\t<div class=\"elementor-element elementor-element-65959d3 elementor-widget-divider--separator-type-pattern elementor-widget-divider--view-line elementor-widget elementor-widget-divider\" data-id=\"65959d3\" data-element_type=\"widget\" data-e-type=\"widget\" data-widget_type=\"divider.default\">\n\t\t\t\t<div class=\"elementor-widget-container\">\n\t\t\t\t\t\t\t<div class=\"elementor-divider\" style=\"--divider-pattern-url: url(&quot;data:image\/svg+xml,%3Csvg xmlns=&#039;http:\/\/www.w3.org\/2000\/svg&#039; preserveAspectRatio=&#039;none&#039; overflow=&#039;visible&#039; height=&#039;100%&#039; viewBox=&#039;0 0 24 24&#039; fill=&#039;none&#039; stroke=&#039;black&#039; stroke-width=&#039;7&#039; stroke-linecap=&#039;square&#039; stroke-miterlimit=&#039;10&#039;%3E%3Cpath d=&#039;M0,6c6,0,6,13,12,13S18,6,24,6&#039;\/%3E%3C\/svg%3E&quot;);\">\n\t\t\t<span class=\"elementor-divider-separator\">\n\t\t\t\t\t\t<\/span>\n\t\t<\/div>\n\t\t\t\t\t\t<\/div>\n\t\t\t\t<\/div>\n\t\t\t\t<div class=\"elementor-element elementor-element-600efcf elementor-widget elementor-widget-text-editor\" data-id=\"600efcf\" data-element_type=\"widget\" data-e-type=\"widget\" data-widget_type=\"text-editor.default\">\n\t\t\t\t<div class=\"elementor-widget-container\">\n\t\t\t\t\t\t\t\t\t<p><img decoding=\"async\" class=\"size-full wp-image-2515 alignleft\" src=\"https:\/\/proyectos.pgiovas.com\/alfaquarium\/wp-content\/uploads\/2020\/08\/Cirolanidae-cf.Lironeca.png\" alt=\"\" width=\"210\" height=\"189\" \/><\/p><p><strong>Nombre cient\u00edfico:<\/strong> Cirolanidae, cf.Lironeca<\/p><p><strong>Nombre com\u00fan en ingl\u00e9s:<\/strong> Cirolanids (Cirolanid Isopods, Fish Lice)<\/p><p><strong>Nombre com\u00fan es espa\u00f1ol:<\/strong> Camar\u00f3n Piojo<\/p><p><strong>Tama\u00f1o m\u00e1ximo:<\/strong> Hasta aproximadamente 3 pulgadas (7.5 cm) de largo; La mayor\u00eda hasta 0.4 \u00a0a 1 pulgadas (1 a 2.5 cm) de largo.<\/p><p><strong>Extensi\u00f3n:<\/strong> Todos los mares.<\/p><p><strong>Tama\u00f1o m\u00ednimo de acuario:<\/strong> Tanques peque\u00f1os, 10 galones (38 lts) o m\u00e1s.<\/p><p><strong>Iluminaci\u00f3n:<\/strong> Irrelevante.<\/p><p><strong>Alimento y Alimentaci\u00f3n:<\/strong> Grande familia de especies que son carro\u00f1eros, par\u00e1sitos y depredadores. Los dos \u00faltimos grupos atacan peces vivos.<\/p><p><strong>Conveniencia y Compatibilidad con el acuario de arrecife:<\/strong> Las formas depredadoras y parasitarias son extremadamente peligrosas. Incluso atacar\u00e1 y chupar\u00e1 la sangre de los acuaristas.<\/p><p><strong>Cuidado Cautivo:<\/strong> Los is\u00f3podos Cirolanid tienen un extremo frontal puntiagudo, un cuerpo c\u00f3nico aerodin\u00e1mico, antenas cortas y grandes ojos en la parte frontal de la cabeza. Generalmente gris blanco o moteado. Entra en los tanques montados en un pez o en un trozo de roca viva. Si encuentra uno en un pez, se lo debe quitar con un f\u00f3rceps; transfiera el pez a un tanque hospital tratado con antibi\u00f3ticos hasta que la herida del pez cicatrice. Si el is\u00f3podo deja al pez, puede: 1) quitar el pez y esperar de 2 a 3 meses hasta que est\u00e9 seguro de que el is\u00f3podo se ha ido 2) eliminar toda la roca y arena vivas y desecharla. Si no hace nada, es probable que los is\u00f3podos matar\u00e1n a sus peces uno por uno.<\/p><p><strong>Fuentes del art\u00edculo:<\/strong><br \/><strong>Marine Invertebrates; Ronald L. Shimek, Ph.D.<\/strong><br \/><br \/><strong>Colaboraci\u00f3n de:<\/strong><br \/><strong>Luz Alicia Anduaga<\/strong><\/p>\t\t\t\t\t\t\t\t<\/div>\n\t\t\t\t<\/div>\n\t\t\t\t\t<\/div>\n\t\t<\/div>\n\t\t\t\t\t<\/div>\n\t\t<\/section>\n\t\t\t\t<\/div>\n\t\t","protected":false},"excerpt":{"rendered":"<p>Cirolanidae, Cf.Lironeca Nombre cient\u00edfico: Cirolanidae, cf.Lironeca Nombre com\u00fan en ingl\u00e9s: Cirolanids (Cirolanid Isopods, Fish Lice) Nombre com\u00fan es espa\u00f1ol: Camar\u00f3n Piojo Tama\u00f1o m\u00e1ximo: Hasta aproximadamente 3 pulgadas (7.5 cm) de largo; La mayor\u00eda hasta 0.4&hellip;<\/p>\n","protected":false},"author":4,"featured_media":0,"parent":0,"menu_order":0,"comment_status":"closed","ping_status":"closed","template":"","meta":{"footnotes":""},"class_list":["post-4981","page","type-page","status-publish","hentry"],"_links":{"self":[{"href":"https:\/\/proyectos.pgiovas.com\/alfaquarium\/wp-json\/wp\/v2\/pages\/4981","targetHints":{"allow":["GET"]}}],"collection":[{"href":"https:\/\/proyectos.pgiovas.com\/alfaquarium\/wp-json\/wp\/v2\/pages"}],"about":[{"href":"https:\/\/proyectos.pgiovas.com\/alfaquarium\/wp-json\/wp\/v2\/types\/page"}],"author":[{"embeddable":true,"href":"https:\/\/proyectos.pgiovas.com\/alfaquarium\/wp-json\/wp\/v2\/users\/4"}],"replies":[{"embeddable":true,"href":"https:\/\/proyectos.pgiovas.com\/alfaquarium\/wp-json\/wp\/v2\/comments?post=4981"}],"version-history":[{"count":4,"href":"https:\/\/proyectos.pgiovas.com\/alfaquarium\/wp-json\/wp\/v2\/pages\/4981\/revisions"}],"predecessor-version":[{"id":4985,"href":"https:\/\/proyectos.pgiovas.com\/alfaquarium\/wp-json\/wp\/v2\/pages\/4981\/revisions\/4985"}],"wp:attachment":[{"href":"https:\/\/proyectos.pgiovas.com\/alfaquarium\/wp-json\/wp\/v2\/media?parent=4981"}],"curies":[{"name":"wp","href":"https:\/\/api.w.org\/{rel}","templated":true}]}}