{"id":4958,"date":"2020-12-01T00:48:08","date_gmt":"2020-12-01T00:48:08","guid":{"rendered":"http:\/\/alfaquarium.mx\/?page_id=4958"},"modified":"2020-12-01T00:49:35","modified_gmt":"2020-12-01T00:49:35","slug":"sipunculid-species","status":"publish","type":"page","link":"https:\/\/proyectos.pgiovas.com\/alfaquarium\/sipunculid-species","title":{"rendered":"Sipunculid Species"},"content":{"rendered":"\t\t<div data-elementor-type=\"wp-page\" data-elementor-id=\"4958\" class=\"elementor elementor-4958\">\n\t\t\t\t\t\t<section class=\"elementor-section elementor-top-section elementor-element elementor-element-79b8e8b elementor-section-full_width elementor-section-height-default elementor-section-height-default\" data-id=\"79b8e8b\" data-element_type=\"section\" data-e-type=\"section\">\n\t\t\t\t\t\t<div class=\"elementor-container elementor-column-gap-default\">\n\t\t\t\t\t<div class=\"elementor-column elementor-col-100 elementor-top-column elementor-element elementor-element-8003a9b\" data-id=\"8003a9b\" data-element_type=\"column\" data-e-type=\"column\">\n\t\t\t<div class=\"elementor-widget-wrap elementor-element-populated\">\n\t\t\t\t\t\t<div class=\"elementor-element elementor-element-a9cc64a elementor-widget elementor-widget-heading\" data-id=\"a9cc64a\" data-element_type=\"widget\" data-e-type=\"widget\" data-widget_type=\"heading.default\">\n\t\t\t\t<div class=\"elementor-widget-container\">\n\t\t\t\t\t<h3 class=\"elementor-heading-title elementor-size-default\">Sipunculid Species<\/h3>\t\t\t\t<\/div>\n\t\t\t\t<\/div>\n\t\t\t\t<div class=\"elementor-element elementor-element-254ba6f elementor-widget elementor-widget-spacer\" data-id=\"254ba6f\" data-element_type=\"widget\" data-e-type=\"widget\" data-widget_type=\"spacer.default\">\n\t\t\t\t<div class=\"elementor-widget-container\">\n\t\t\t\t\t\t\t<div class=\"elementor-spacer\">\n\t\t\t<div class=\"elementor-spacer-inner\"><\/div>\n\t\t<\/div>\n\t\t\t\t\t\t<\/div>\n\t\t\t\t<\/div>\n\t\t\t\t<div class=\"elementor-element elementor-element-65959d3 elementor-widget-divider--separator-type-pattern elementor-widget-divider--view-line elementor-widget elementor-widget-divider\" data-id=\"65959d3\" data-element_type=\"widget\" data-e-type=\"widget\" data-widget_type=\"divider.default\">\n\t\t\t\t<div class=\"elementor-widget-container\">\n\t\t\t\t\t\t\t<div class=\"elementor-divider\" style=\"--divider-pattern-url: url(&quot;data:image\/svg+xml,%3Csvg xmlns=&#039;http:\/\/www.w3.org\/2000\/svg&#039; preserveAspectRatio=&#039;none&#039; overflow=&#039;visible&#039; height=&#039;100%&#039; viewBox=&#039;0 0 24 24&#039; fill=&#039;none&#039; stroke=&#039;black&#039; stroke-width=&#039;7&#039; stroke-linecap=&#039;square&#039; stroke-miterlimit=&#039;10&#039;%3E%3Cpath d=&#039;M0,6c6,0,6,13,12,13S18,6,24,6&#039;\/%3E%3C\/svg%3E&quot;);\">\n\t\t\t<span class=\"elementor-divider-separator\">\n\t\t\t\t\t\t<\/span>\n\t\t<\/div>\n\t\t\t\t\t\t<\/div>\n\t\t\t\t<\/div>\n\t\t\t\t<div class=\"elementor-element elementor-element-600efcf elementor-widget elementor-widget-text-editor\" data-id=\"600efcf\" data-element_type=\"widget\" data-e-type=\"widget\" data-widget_type=\"text-editor.default\">\n\t\t\t\t<div class=\"elementor-widget-container\">\n\t\t\t\t\t\t\t\t\t<p><img decoding=\"async\" class=\"size-full wp-image-2500 alignleft\" src=\"https:\/\/proyectos.pgiovas.com\/alfaquarium\/wp-content\/uploads\/2020\/08\/Sipunculid-species.png\" alt=\"\" width=\"200\" height=\"180\" \/><\/p><p><strong>Nombre cient\u00edfico:<\/strong> Sipunculid species<\/p><p><strong>Nombre com\u00fan en ingl\u00e9s:<\/strong> Peanut Worms<\/p><p><strong>Nombre com\u00fan es espa\u00f1ol:<\/strong> Gusano Cacahuate<\/p><p><strong>Tama\u00f1o m\u00e1ximo:<\/strong> Aproximadamente 6 pulgadas (15 cm) de largo; la mayor\u00eda m\u00e1s peque\u00f1os.<\/p><p><strong>Extensi\u00f3n:<\/strong> Todos los mares, enterrados profundo en madrigueras.<\/p><p><strong>Tama\u00f1o m\u00ednimo de acuario:<\/strong> Tanques peque\u00f1os, 10 galones (38 lts) o m\u00e1s.<\/p><p><strong>Iluminaci\u00f3n:<\/strong> Irrelevante.<\/p><p><strong>Alimento y Alimentaci\u00f3n:<\/strong> Alimentadores de desechos.<\/p><p><strong>Conveniencia y Compatibilidad con el acuario de arrecife:<\/strong> Buenos carro\u00f1eros de acuario. Inofensivos.<strong>\u00a0<\/strong><\/p><p><strong>Cuidado Cautivo:<\/strong> Se encuentran en roca viva, estos gusanos en forma de urna tienen una parte delantera larga y c\u00f3nica y carecen de cabeza o segmentos. Se desenvuelven bien en condiciones normales de arrecife, pero sus poblaciones disminuyen ya que sufren mortalidad ocasional de cangrejos ermita\u00f1os o peces. Puede ser del tama\u00f1o de un cacahuate, pero la mayor\u00eda son m\u00e1s peque\u00f1os. El extremo largo y c\u00f3nico generalmente tiene un grupo de peque\u00f1os tent\u00e1culos en forma de moqueta, y la boca est\u00e1 entre sus bases. Cuando se alimenta, contrae su cuerpo y la presi\u00f3n interna obliga a un extremo c\u00f3nico largo, llamado &#8220;introverto&#8221;, a expandirse. Se desenrolla de adentro hacia afuera, como empujando el dedo de un guante. Se expandir\u00e1 hacia afuera y comenzar\u00e1 a marcar el sustrato, recogiendo material particulado para ser consumido. Cuando el gusano se sobresalta o termina de comer, los poderosos m\u00fasculos del detractor retiran el introverto.<\/p><p><strong>Fuentes del art\u00edculo:<\/strong><br \/><strong>Marine Invertebrates; Ronald L. Shimek, Ph.D.<\/strong><br \/><br \/><strong>Colaboraci\u00f3n de:<\/strong><br \/><strong>Luz Alicia Anduaga<\/strong><\/p>\t\t\t\t\t\t\t\t<\/div>\n\t\t\t\t<\/div>\n\t\t\t\t\t<\/div>\n\t\t<\/div>\n\t\t\t\t\t<\/div>\n\t\t<\/section>\n\t\t\t\t<\/div>\n\t\t","protected":false},"excerpt":{"rendered":"<p>Sipunculid Species Nombre cient\u00edfico: Sipunculid species Nombre com\u00fan en ingl\u00e9s: Peanut Worms Nombre com\u00fan es espa\u00f1ol: Gusano Cacahuate Tama\u00f1o m\u00e1ximo: Aproximadamente 6 pulgadas (15 cm) de largo; la mayor\u00eda m\u00e1s peque\u00f1os. Extensi\u00f3n: Todos los mares,&hellip;<\/p>\n","protected":false},"author":4,"featured_media":0,"parent":0,"menu_order":0,"comment_status":"closed","ping_status":"closed","template":"","meta":{"footnotes":""},"class_list":["post-4958","page","type-page","status-publish","hentry"],"_links":{"self":[{"href":"https:\/\/proyectos.pgiovas.com\/alfaquarium\/wp-json\/wp\/v2\/pages\/4958","targetHints":{"allow":["GET"]}}],"collection":[{"href":"https:\/\/proyectos.pgiovas.com\/alfaquarium\/wp-json\/wp\/v2\/pages"}],"about":[{"href":"https:\/\/proyectos.pgiovas.com\/alfaquarium\/wp-json\/wp\/v2\/types\/page"}],"author":[{"embeddable":true,"href":"https:\/\/proyectos.pgiovas.com\/alfaquarium\/wp-json\/wp\/v2\/users\/4"}],"replies":[{"embeddable":true,"href":"https:\/\/proyectos.pgiovas.com\/alfaquarium\/wp-json\/wp\/v2\/comments?post=4958"}],"version-history":[{"count":4,"href":"https:\/\/proyectos.pgiovas.com\/alfaquarium\/wp-json\/wp\/v2\/pages\/4958\/revisions"}],"predecessor-version":[{"id":4962,"href":"https:\/\/proyectos.pgiovas.com\/alfaquarium\/wp-json\/wp\/v2\/pages\/4958\/revisions\/4962"}],"wp:attachment":[{"href":"https:\/\/proyectos.pgiovas.com\/alfaquarium\/wp-json\/wp\/v2\/media?parent=4958"}],"curies":[{"name":"wp","href":"https:\/\/api.w.org\/{rel}","templated":true}]}}