{"id":4949,"date":"2020-12-01T00:46:02","date_gmt":"2020-12-01T00:46:02","guid":{"rendered":"http:\/\/alfaquarium.mx\/?page_id=4949"},"modified":"2020-12-01T00:47:50","modified_gmt":"2020-12-01T00:47:50","slug":"eunice-spp","status":"publish","type":"page","link":"https:\/\/proyectos.pgiovas.com\/alfaquarium\/eunice-spp","title":{"rendered":"Eunice Spp"},"content":{"rendered":"\t\t<div data-elementor-type=\"wp-page\" data-elementor-id=\"4949\" class=\"elementor elementor-4949\">\n\t\t\t\t\t\t<section class=\"elementor-section elementor-top-section elementor-element elementor-element-79b8e8b elementor-section-full_width elementor-section-height-default elementor-section-height-default\" data-id=\"79b8e8b\" data-element_type=\"section\" data-e-type=\"section\">\n\t\t\t\t\t\t<div class=\"elementor-container elementor-column-gap-default\">\n\t\t\t\t\t<div class=\"elementor-column elementor-col-100 elementor-top-column elementor-element elementor-element-8003a9b\" data-id=\"8003a9b\" data-element_type=\"column\" data-e-type=\"column\">\n\t\t\t<div class=\"elementor-widget-wrap elementor-element-populated\">\n\t\t\t\t\t\t<div class=\"elementor-element elementor-element-a9cc64a elementor-widget elementor-widget-heading\" data-id=\"a9cc64a\" data-element_type=\"widget\" data-e-type=\"widget\" data-widget_type=\"heading.default\">\n\t\t\t\t<div class=\"elementor-widget-container\">\n\t\t\t\t\t<h3 class=\"elementor-heading-title elementor-size-default\">Eunice Spp<\/h3>\t\t\t\t<\/div>\n\t\t\t\t<\/div>\n\t\t\t\t<div class=\"elementor-element elementor-element-254ba6f elementor-widget elementor-widget-spacer\" data-id=\"254ba6f\" data-element_type=\"widget\" data-e-type=\"widget\" data-widget_type=\"spacer.default\">\n\t\t\t\t<div class=\"elementor-widget-container\">\n\t\t\t\t\t\t\t<div class=\"elementor-spacer\">\n\t\t\t<div class=\"elementor-spacer-inner\"><\/div>\n\t\t<\/div>\n\t\t\t\t\t\t<\/div>\n\t\t\t\t<\/div>\n\t\t\t\t<div class=\"elementor-element elementor-element-65959d3 elementor-widget-divider--separator-type-pattern elementor-widget-divider--view-line elementor-widget elementor-widget-divider\" data-id=\"65959d3\" data-element_type=\"widget\" data-e-type=\"widget\" data-widget_type=\"divider.default\">\n\t\t\t\t<div class=\"elementor-widget-container\">\n\t\t\t\t\t\t\t<div class=\"elementor-divider\" style=\"--divider-pattern-url: url(&quot;data:image\/svg+xml,%3Csvg xmlns=&#039;http:\/\/www.w3.org\/2000\/svg&#039; preserveAspectRatio=&#039;none&#039; overflow=&#039;visible&#039; height=&#039;100%&#039; viewBox=&#039;0 0 24 24&#039; fill=&#039;none&#039; stroke=&#039;black&#039; stroke-width=&#039;7&#039; stroke-linecap=&#039;square&#039; stroke-miterlimit=&#039;10&#039;%3E%3Cpath d=&#039;M0,6c6,0,6,13,12,13S18,6,24,6&#039;\/%3E%3C\/svg%3E&quot;);\">\n\t\t\t<span class=\"elementor-divider-separator\">\n\t\t\t\t\t\t<\/span>\n\t\t<\/div>\n\t\t\t\t\t\t<\/div>\n\t\t\t\t<\/div>\n\t\t\t\t<div class=\"elementor-element elementor-element-600efcf elementor-widget elementor-widget-text-editor\" data-id=\"600efcf\" data-element_type=\"widget\" data-e-type=\"widget\" data-widget_type=\"text-editor.default\">\n\t\t\t\t<div class=\"elementor-widget-container\">\n\t\t\t\t\t\t\t\t\t<p><img decoding=\"async\" class=\"size-full wp-image-2499 alignleft\" src=\"https:\/\/proyectos.pgiovas.com\/alfaquarium\/wp-content\/uploads\/2020\/08\/Eunice-spp.png\" alt=\"\" width=\"229\" height=\"206\" \/><\/p><p><strong>Nombre cient\u00edfico:<\/strong> Eunice spp.<\/p><p><strong>Nombre com\u00fan en ingl\u00e9s:<\/strong> Eunicid Worms (Bobbit Worms)<\/p><p><strong>Nombre com\u00fan es espa\u00f1ol:<\/strong> Gusano Eunice<\/p><p><strong>Tama\u00f1o m\u00e1ximo:<\/strong> Inmenso; el m\u00e1s largo recolectado es aproximadamente 20 pies (6 mt); puede alcanzar longitudes de 50 pies (15 mt) y un di\u00e1metro de 1 pulgada (2.5 cm).<\/p><p><strong>Extensi\u00f3n:<\/strong> Todos los mares.<\/p><p><strong>Tama\u00f1o m\u00ednimo de acuario:<\/strong> Tanques moderados, 50 galones (190 lts) o m\u00e1s.<\/p><p><strong>Iluminaci\u00f3n:<\/strong> Irrelevante.<\/p><p><strong>Alimento y Alimentaci\u00f3n:<\/strong> Carro\u00f1eros en trozos grandes de alimentos carnosos; depredadores.<\/p><p><strong>Conveniencia y Compatibilidad con el acuario de arrecife:<\/strong> Muy eficiente para comer carro\u00f1a. Las formas depredadoras pueden comer peces del acuario y animales inm\u00f3viles.<\/p><p><strong>Cuidado Cautivo:<\/strong> Aunque es un modelo para ciertos alien\u00edgenas de ciencia ficci\u00f3n, y no es bienvenido en la mayor\u00eda de los acuarios, algunos eunicidas pueden ser carro\u00f1eros eficientes y beneficiosos, adem\u00e1s de ser bastante atractivos. Son robustos y pueden crecer bastante. Com\u00fan en roca viva fresca. Todos tienen cabezas bien desarrolladas caracterizadas por 5 grandes proyecciones en forma de tent\u00e1culos, una de las cuales siempre surge desde el centro de la &#8220;frente&#8221;. Usualmente viven en madrigueras y se extienden para obtener comida. La mayor\u00eda son depredadores, con 3 a 5 pares de mand\u00edbulas grandes, quitinosas y con forma de pinza. Los m\u00e1s grandes son capaces de atrapar y comer peces de hasta 4 pulgadas (10 cm) de longitud. Tienen excelentes respuestas para evitar depredadores; para eliminar uno, se debe encontrar su madriguera y extraer el gusano.<\/p><p><strong>Fuentes del art\u00edculo:<\/strong><br \/><strong>Marine Invertebrates; Ronald L. Shimek, Ph.D.<\/strong><br \/><br \/><strong>Colaboraci\u00f3n de:<\/strong><br \/><strong>Luz Alicia Anduaga<\/strong><\/p>\t\t\t\t\t\t\t\t<\/div>\n\t\t\t\t<\/div>\n\t\t\t\t\t<\/div>\n\t\t<\/div>\n\t\t\t\t\t<\/div>\n\t\t<\/section>\n\t\t\t\t<\/div>\n\t\t","protected":false},"excerpt":{"rendered":"<p>Eunice Spp Nombre cient\u00edfico: Eunice spp. Nombre com\u00fan en ingl\u00e9s: Eunicid Worms (Bobbit Worms) Nombre com\u00fan es espa\u00f1ol: Gusano Eunice Tama\u00f1o m\u00e1ximo: Inmenso; el m\u00e1s largo recolectado es aproximadamente 20 pies (6 mt); puede alcanzar&hellip;<\/p>\n","protected":false},"author":4,"featured_media":0,"parent":0,"menu_order":0,"comment_status":"closed","ping_status":"closed","template":"","meta":{"footnotes":""},"class_list":["post-4949","page","type-page","status-publish","hentry"],"_links":{"self":[{"href":"https:\/\/proyectos.pgiovas.com\/alfaquarium\/wp-json\/wp\/v2\/pages\/4949","targetHints":{"allow":["GET"]}}],"collection":[{"href":"https:\/\/proyectos.pgiovas.com\/alfaquarium\/wp-json\/wp\/v2\/pages"}],"about":[{"href":"https:\/\/proyectos.pgiovas.com\/alfaquarium\/wp-json\/wp\/v2\/types\/page"}],"author":[{"embeddable":true,"href":"https:\/\/proyectos.pgiovas.com\/alfaquarium\/wp-json\/wp\/v2\/users\/4"}],"replies":[{"embeddable":true,"href":"https:\/\/proyectos.pgiovas.com\/alfaquarium\/wp-json\/wp\/v2\/comments?post=4949"}],"version-history":[{"count":4,"href":"https:\/\/proyectos.pgiovas.com\/alfaquarium\/wp-json\/wp\/v2\/pages\/4949\/revisions"}],"predecessor-version":[{"id":4954,"href":"https:\/\/proyectos.pgiovas.com\/alfaquarium\/wp-json\/wp\/v2\/pages\/4949\/revisions\/4954"}],"wp:attachment":[{"href":"https:\/\/proyectos.pgiovas.com\/alfaquarium\/wp-json\/wp\/v2\/media?parent=4949"}],"curies":[{"name":"wp","href":"https:\/\/api.w.org\/{rel}","templated":true}]}}