{"id":4921,"date":"2020-12-01T00:34:44","date_gmt":"2020-12-01T00:34:44","guid":{"rendered":"http:\/\/alfaquarium.mx\/?page_id=4921"},"modified":"2020-12-01T00:36:23","modified_gmt":"2020-12-01T00:36:23","slug":"spirorbis-spp","status":"publish","type":"page","link":"https:\/\/proyectos.pgiovas.com\/alfaquarium\/spirorbis-spp","title":{"rendered":"Spirorbis Spp"},"content":{"rendered":"\t\t<div data-elementor-type=\"wp-page\" data-elementor-id=\"4921\" class=\"elementor elementor-4921\">\n\t\t\t\t\t\t<section class=\"elementor-section elementor-top-section elementor-element elementor-element-79b8e8b elementor-section-full_width elementor-section-height-default elementor-section-height-default\" data-id=\"79b8e8b\" data-element_type=\"section\" data-e-type=\"section\">\n\t\t\t\t\t\t<div class=\"elementor-container elementor-column-gap-default\">\n\t\t\t\t\t<div class=\"elementor-column elementor-col-100 elementor-top-column elementor-element elementor-element-8003a9b\" data-id=\"8003a9b\" data-element_type=\"column\" data-e-type=\"column\">\n\t\t\t<div class=\"elementor-widget-wrap elementor-element-populated\">\n\t\t\t\t\t\t<div class=\"elementor-element elementor-element-a9cc64a elementor-widget elementor-widget-heading\" data-id=\"a9cc64a\" data-element_type=\"widget\" data-e-type=\"widget\" data-widget_type=\"heading.default\">\n\t\t\t\t<div class=\"elementor-widget-container\">\n\t\t\t\t\t<h3 class=\"elementor-heading-title elementor-size-default\">Spirorbis Spp<\/h3>\t\t\t\t<\/div>\n\t\t\t\t<\/div>\n\t\t\t\t<div class=\"elementor-element elementor-element-254ba6f elementor-widget elementor-widget-spacer\" data-id=\"254ba6f\" data-element_type=\"widget\" data-e-type=\"widget\" data-widget_type=\"spacer.default\">\n\t\t\t\t<div class=\"elementor-widget-container\">\n\t\t\t\t\t\t\t<div class=\"elementor-spacer\">\n\t\t\t<div class=\"elementor-spacer-inner\"><\/div>\n\t\t<\/div>\n\t\t\t\t\t\t<\/div>\n\t\t\t\t<\/div>\n\t\t\t\t<div class=\"elementor-element elementor-element-65959d3 elementor-widget-divider--separator-type-pattern elementor-widget-divider--view-line elementor-widget elementor-widget-divider\" data-id=\"65959d3\" data-element_type=\"widget\" data-e-type=\"widget\" data-widget_type=\"divider.default\">\n\t\t\t\t<div class=\"elementor-widget-container\">\n\t\t\t\t\t\t\t<div class=\"elementor-divider\" style=\"--divider-pattern-url: url(&quot;data:image\/svg+xml,%3Csvg xmlns=&#039;http:\/\/www.w3.org\/2000\/svg&#039; preserveAspectRatio=&#039;none&#039; overflow=&#039;visible&#039; height=&#039;100%&#039; viewBox=&#039;0 0 24 24&#039; fill=&#039;none&#039; stroke=&#039;black&#039; stroke-width=&#039;7&#039; stroke-linecap=&#039;square&#039; stroke-miterlimit=&#039;10&#039;%3E%3Cpath d=&#039;M0,6c6,0,6,13,12,13S18,6,24,6&#039;\/%3E%3C\/svg%3E&quot;);\">\n\t\t\t<span class=\"elementor-divider-separator\">\n\t\t\t\t\t\t<\/span>\n\t\t<\/div>\n\t\t\t\t\t\t<\/div>\n\t\t\t\t<\/div>\n\t\t\t\t<div class=\"elementor-element elementor-element-600efcf elementor-widget elementor-widget-text-editor\" data-id=\"600efcf\" data-element_type=\"widget\" data-e-type=\"widget\" data-widget_type=\"text-editor.default\">\n\t\t\t\t<div class=\"elementor-widget-container\">\n\t\t\t\t\t\t\t\t\t<p><img decoding=\"async\" class=\"size-full wp-image-2494 alignleft\" src=\"https:\/\/proyectos.pgiovas.com\/alfaquarium\/wp-content\/uploads\/2020\/08\/Spirorbis-spp.png\" alt=\"\" width=\"183\" height=\"164\" \/><\/p><p><strong>Nombre cient\u00edfico:<\/strong> Spirorbis spp.<\/p><p><strong>Nombre com\u00fan en ingl\u00e9s:<\/strong> Spiral Tube Feather Dusters (Spirorbids)<\/p><p><strong>Nombre com\u00fan es espa\u00f1ol:<\/strong> Gusano Plumero de Tubo Espiral<\/p><p><strong>Tama\u00f1o m\u00e1ximo:<\/strong> Aproximadamente 0.25 pulgadas (6 mm) de di\u00e1metro o mayor.<\/p><p><strong>Extensi\u00f3n:<\/strong> Mares tropicales.<\/p><p><strong>Tama\u00f1o m\u00ednimo de acuario:<\/strong> Tanques peque\u00f1os, 10 galones (38 lts) o m\u00e1s.<\/p><p><strong>Iluminaci\u00f3n:<\/strong> Irrelevante.<\/p><p><strong>Alimento y Alimentaci\u00f3n:<\/strong> Se alimenta de material org\u00e1nico particulado y fitoplancton, el cual debe ser abastecido con regularidad. Probablemente sobreviva con nutrientes disueltos en muchos tanques.<\/p><p><strong>Conveniencia y Compatibilidad con el acuario de arrecife:<\/strong> F\u00e1cil de mantener; inofensivo.<\/p><p><strong>Cuidado Cautivo:<\/strong> Estos son los gusanos plumero m\u00e1s peque\u00f1os y se abren paso virtualmente en todos los acuarios marinos. Los tubos generalmente se enrollan en espiral alrededor de 1 1\/3 a 1 1\/2 vueltas y, a menudo, primero se observan en las paredes del tanque. La corona min\u00fascula es generalmente de color rojo brillante o naranja brillante, pero los tent\u00e1culos son dif\u00edciles de ver debido a su peque\u00f1o tama\u00f1o. Los espirorbidos son hermafroditas simult\u00e1neos y auto fertilizantes. El per\u00edodo de larva es corto y los adultos empollan las larvas en sus tubos. Los j\u00f3venes salen del tubo de los padres y se arrastran una corta distancia antes de comenzar a secretar sus propios tubos. Una vez que se inicia el tubo, permanecen en su lugar por el resto de sus vidas. No se necesita cuidado especial para mantener estos animales inofensivos. Son comidos por los peces mariposa banda de cobre.<\/p><p><strong>Fuentes del art\u00edculo:<\/strong><br \/><strong>Marine Invertebrates; Ronald L. Shimek, Ph.D.<\/strong><br \/><br \/><strong>Colaboraci\u00f3n de:<\/strong><br \/><strong>Luz Alicia Anduaga<\/strong><\/p>\t\t\t\t\t\t\t\t<\/div>\n\t\t\t\t<\/div>\n\t\t\t\t\t<\/div>\n\t\t<\/div>\n\t\t\t\t\t<\/div>\n\t\t<\/section>\n\t\t\t\t<\/div>\n\t\t","protected":false},"excerpt":{"rendered":"<p>Spirorbis Spp Nombre cient\u00edfico: Spirorbis spp. Nombre com\u00fan en ingl\u00e9s: Spiral Tube Feather Dusters (Spirorbids) Nombre com\u00fan es espa\u00f1ol: Gusano Plumero de Tubo Espiral Tama\u00f1o m\u00e1ximo: Aproximadamente 0.25 pulgadas (6 mm) de di\u00e1metro o mayor.&hellip;<\/p>\n","protected":false},"author":4,"featured_media":0,"parent":0,"menu_order":0,"comment_status":"closed","ping_status":"closed","template":"","meta":{"footnotes":""},"class_list":["post-4921","page","type-page","status-publish","hentry"],"_links":{"self":[{"href":"https:\/\/proyectos.pgiovas.com\/alfaquarium\/wp-json\/wp\/v2\/pages\/4921","targetHints":{"allow":["GET"]}}],"collection":[{"href":"https:\/\/proyectos.pgiovas.com\/alfaquarium\/wp-json\/wp\/v2\/pages"}],"about":[{"href":"https:\/\/proyectos.pgiovas.com\/alfaquarium\/wp-json\/wp\/v2\/types\/page"}],"author":[{"embeddable":true,"href":"https:\/\/proyectos.pgiovas.com\/alfaquarium\/wp-json\/wp\/v2\/users\/4"}],"replies":[{"embeddable":true,"href":"https:\/\/proyectos.pgiovas.com\/alfaquarium\/wp-json\/wp\/v2\/comments?post=4921"}],"version-history":[{"count":4,"href":"https:\/\/proyectos.pgiovas.com\/alfaquarium\/wp-json\/wp\/v2\/pages\/4921\/revisions"}],"predecessor-version":[{"id":4925,"href":"https:\/\/proyectos.pgiovas.com\/alfaquarium\/wp-json\/wp\/v2\/pages\/4921\/revisions\/4925"}],"wp:attachment":[{"href":"https:\/\/proyectos.pgiovas.com\/alfaquarium\/wp-json\/wp\/v2\/media?parent=4921"}],"curies":[{"name":"wp","href":"https:\/\/api.w.org\/{rel}","templated":true}]}}