{"id":4915,"date":"2020-12-01T00:32:37","date_gmt":"2020-12-01T00:32:37","guid":{"rendered":"http:\/\/alfaquarium.mx\/?page_id=4915"},"modified":"2020-12-01T00:34:22","modified_gmt":"2020-12-01T00:34:22","slug":"spirobranchus-qiganteus","status":"publish","type":"page","link":"https:\/\/proyectos.pgiovas.com\/alfaquarium\/spirobranchus-qiganteus","title":{"rendered":"Spirobranchus Qiganteus"},"content":{"rendered":"\t\t<div data-elementor-type=\"wp-page\" data-elementor-id=\"4915\" class=\"elementor elementor-4915\">\n\t\t\t\t\t\t<section class=\"elementor-section elementor-top-section elementor-element elementor-element-79b8e8b elementor-section-full_width elementor-section-height-default elementor-section-height-default\" data-id=\"79b8e8b\" data-element_type=\"section\" data-e-type=\"section\">\n\t\t\t\t\t\t<div class=\"elementor-container elementor-column-gap-default\">\n\t\t\t\t\t<div class=\"elementor-column elementor-col-100 elementor-top-column elementor-element elementor-element-8003a9b\" data-id=\"8003a9b\" data-element_type=\"column\" data-e-type=\"column\">\n\t\t\t<div class=\"elementor-widget-wrap elementor-element-populated\">\n\t\t\t\t\t\t<div class=\"elementor-element elementor-element-a9cc64a elementor-widget elementor-widget-heading\" data-id=\"a9cc64a\" data-element_type=\"widget\" data-e-type=\"widget\" data-widget_type=\"heading.default\">\n\t\t\t\t<div class=\"elementor-widget-container\">\n\t\t\t\t\t<h3 class=\"elementor-heading-title elementor-size-default\">Spirobranchus Qiganteus<\/h3>\t\t\t\t<\/div>\n\t\t\t\t<\/div>\n\t\t\t\t<div class=\"elementor-element elementor-element-254ba6f elementor-widget elementor-widget-spacer\" data-id=\"254ba6f\" data-element_type=\"widget\" data-e-type=\"widget\" data-widget_type=\"spacer.default\">\n\t\t\t\t<div class=\"elementor-widget-container\">\n\t\t\t\t\t\t\t<div class=\"elementor-spacer\">\n\t\t\t<div class=\"elementor-spacer-inner\"><\/div>\n\t\t<\/div>\n\t\t\t\t\t\t<\/div>\n\t\t\t\t<\/div>\n\t\t\t\t<div class=\"elementor-element elementor-element-65959d3 elementor-widget-divider--separator-type-pattern elementor-widget-divider--view-line elementor-widget elementor-widget-divider\" data-id=\"65959d3\" data-element_type=\"widget\" data-e-type=\"widget\" data-widget_type=\"divider.default\">\n\t\t\t\t<div class=\"elementor-widget-container\">\n\t\t\t\t\t\t\t<div class=\"elementor-divider\" style=\"--divider-pattern-url: url(&quot;data:image\/svg+xml,%3Csvg xmlns=&#039;http:\/\/www.w3.org\/2000\/svg&#039; preserveAspectRatio=&#039;none&#039; overflow=&#039;visible&#039; height=&#039;100%&#039; viewBox=&#039;0 0 24 24&#039; fill=&#039;none&#039; stroke=&#039;black&#039; stroke-width=&#039;7&#039; stroke-linecap=&#039;square&#039; stroke-miterlimit=&#039;10&#039;%3E%3Cpath d=&#039;M0,6c6,0,6,13,12,13S18,6,24,6&#039;\/%3E%3C\/svg%3E&quot;);\">\n\t\t\t<span class=\"elementor-divider-separator\">\n\t\t\t\t\t\t<\/span>\n\t\t<\/div>\n\t\t\t\t\t\t<\/div>\n\t\t\t\t<\/div>\n\t\t\t\t<div class=\"elementor-element elementor-element-600efcf elementor-widget elementor-widget-text-editor\" data-id=\"600efcf\" data-element_type=\"widget\" data-e-type=\"widget\" data-widget_type=\"text-editor.default\">\n\t\t\t\t<div class=\"elementor-widget-container\">\n\t\t\t\t\t\t\t\t\t<p><img decoding=\"async\" class=\"size-full wp-image-2493 alignleft\" src=\"https:\/\/proyectos.pgiovas.com\/alfaquarium\/wp-content\/uploads\/2020\/08\/Spirobranchus-giganteus.png\" alt=\"\" width=\"198\" height=\"178\" \/><\/p><p><strong>Nombre cient\u00edfico:<\/strong> Spirobranchus giganteus<\/p><p><strong>Nombre com\u00fan en ingl\u00e9s:<\/strong> Christmas Tree Worm<\/p><p><strong>Nombre com\u00fan es espa\u00f1ol:<\/strong> Gusano \u00c1rbol de Navidad<\/p><p><strong>Tama\u00f1o m\u00e1ximo:<\/strong> El tent\u00e1culo del Indo Pac\u00edfico corona hasta 0.5 pulgadas (1.3 cm) de di\u00e1metro y 0.75 pulgadas (1.9 cm) de largo. Los animales del Caribe pueden ser hasta dos veces este tama\u00f1o.<\/p><p><strong>Extensi\u00f3n:<\/strong> Mares tropicales.<\/p><p><strong>Tama\u00f1o m\u00ednimo de acuario:<\/strong> Tanques peque\u00f1os, 10 galones (38 lts) o m\u00e1s.<\/p><p><strong>Iluminaci\u00f3n:<\/strong> Irrelevante.<\/p><p><strong>Alimento y Alimentaci\u00f3n:<\/strong> Se alimenta de material org\u00e1nico particulado y fitoplancton, el cual debe ser abastecido con regularidad.<\/p><p><strong>Conveniencia y Compatibilidad con el acuario de arrecife:<\/strong> Debe mantenerse solo por el acuarista experto en arrecifes dispuesto y capaz de proporcionar alimentos planct\u00f3nicos. De lo contrario, el animal generalmente morir\u00e1 de hambre lentamente.<\/p><p><strong>Cuidado Cautivo:<\/strong> Esta gloriosa especie vive en un tubo excavado dentro de una cabeza de coral vivo. Hasta hace poco, tanto el coral como el gusano casi siempre perecer\u00edan en cautiverio, aunque el coral ten\u00eda m\u00e1s posibilidades. Con la adici\u00f3n de fitoplancton vivo, los animales ahora pueden hacerlo bien en cautiverio. Requieren un flujo de corriente de moderado a fuerte, pero no agresivo, para llevarles comida. Los espec\u00edmenes caribe\u00f1os suelen ser marrones, moteados o violetas; Las formas del Pac\u00edfico son principalmente azul, blanco puro o amarillo puro. Los espec\u00edmenes del Pac\u00edfico se encuentran en trozos de <em>Porites<\/em>.<\/p><p><strong>Fuentes del art\u00edculo:<\/strong><br \/><strong>Marine Invertebrates; Ronald L. Shimek, Ph.D.<\/strong><br \/><br \/><strong>Colaboraci\u00f3n de:<\/strong><br \/><strong>Luz Alicia Anduaga<\/strong><\/p>\t\t\t\t\t\t\t\t<\/div>\n\t\t\t\t<\/div>\n\t\t\t\t\t<\/div>\n\t\t<\/div>\n\t\t\t\t\t<\/div>\n\t\t<\/section>\n\t\t\t\t<\/div>\n\t\t","protected":false},"excerpt":{"rendered":"<p>Spirobranchus Qiganteus Nombre cient\u00edfico: Spirobranchus giganteus Nombre com\u00fan en ingl\u00e9s: Christmas Tree Worm Nombre com\u00fan es espa\u00f1ol: Gusano \u00c1rbol de Navidad Tama\u00f1o m\u00e1ximo: El tent\u00e1culo del Indo Pac\u00edfico corona hasta 0.5 pulgadas (1.3 cm) de&hellip;<\/p>\n","protected":false},"author":4,"featured_media":0,"parent":0,"menu_order":0,"comment_status":"closed","ping_status":"closed","template":"","meta":{"footnotes":""},"class_list":["post-4915","page","type-page","status-publish","hentry"],"_links":{"self":[{"href":"https:\/\/proyectos.pgiovas.com\/alfaquarium\/wp-json\/wp\/v2\/pages\/4915","targetHints":{"allow":["GET"]}}],"collection":[{"href":"https:\/\/proyectos.pgiovas.com\/alfaquarium\/wp-json\/wp\/v2\/pages"}],"about":[{"href":"https:\/\/proyectos.pgiovas.com\/alfaquarium\/wp-json\/wp\/v2\/types\/page"}],"author":[{"embeddable":true,"href":"https:\/\/proyectos.pgiovas.com\/alfaquarium\/wp-json\/wp\/v2\/users\/4"}],"replies":[{"embeddable":true,"href":"https:\/\/proyectos.pgiovas.com\/alfaquarium\/wp-json\/wp\/v2\/comments?post=4915"}],"version-history":[{"count":4,"href":"https:\/\/proyectos.pgiovas.com\/alfaquarium\/wp-json\/wp\/v2\/pages\/4915\/revisions"}],"predecessor-version":[{"id":4920,"href":"https:\/\/proyectos.pgiovas.com\/alfaquarium\/wp-json\/wp\/v2\/pages\/4915\/revisions\/4920"}],"wp:attachment":[{"href":"https:\/\/proyectos.pgiovas.com\/alfaquarium\/wp-json\/wp\/v2\/media?parent=4915"}],"curies":[{"name":"wp","href":"https:\/\/api.w.org\/{rel}","templated":true}]}}