{"id":4870,"date":"2020-12-01T00:15:58","date_gmt":"2020-12-01T00:15:58","guid":{"rendered":"http:\/\/alfaquarium.mx\/?page_id=4870"},"modified":"2020-12-01T00:20:17","modified_gmt":"2020-12-01T00:20:17","slug":"achaetobonelliaspp-bonelliaspp","status":"publish","type":"page","link":"https:\/\/proyectos.pgiovas.com\/alfaquarium\/achaetobonelliaspp-bonelliaspp","title":{"rendered":"Achaetobonellia Spp, Bonellia Spp"},"content":{"rendered":"\t\t<div data-elementor-type=\"wp-page\" data-elementor-id=\"4870\" class=\"elementor elementor-4870\">\n\t\t\t\t\t\t<section class=\"elementor-section elementor-top-section elementor-element elementor-element-79b8e8b elementor-section-full_width elementor-section-height-default elementor-section-height-default\" data-id=\"79b8e8b\" data-element_type=\"section\" data-e-type=\"section\">\n\t\t\t\t\t\t<div class=\"elementor-container elementor-column-gap-default\">\n\t\t\t\t\t<div class=\"elementor-column elementor-col-100 elementor-top-column elementor-element elementor-element-8003a9b\" data-id=\"8003a9b\" data-element_type=\"column\" data-e-type=\"column\">\n\t\t\t<div class=\"elementor-widget-wrap elementor-element-populated\">\n\t\t\t\t\t\t<div class=\"elementor-element elementor-element-a9cc64a elementor-widget elementor-widget-heading\" data-id=\"a9cc64a\" data-element_type=\"widget\" data-e-type=\"widget\" data-widget_type=\"heading.default\">\n\t\t\t\t<div class=\"elementor-widget-container\">\n\t\t\t\t\t<h3 class=\"elementor-heading-title elementor-size-default\">Achaetobonellia Spp, Bonellia Spp<\/h3>\t\t\t\t<\/div>\n\t\t\t\t<\/div>\n\t\t\t\t<div class=\"elementor-element elementor-element-254ba6f elementor-widget elementor-widget-spacer\" data-id=\"254ba6f\" data-element_type=\"widget\" data-e-type=\"widget\" data-widget_type=\"spacer.default\">\n\t\t\t\t<div class=\"elementor-widget-container\">\n\t\t\t\t\t\t\t<div class=\"elementor-spacer\">\n\t\t\t<div class=\"elementor-spacer-inner\"><\/div>\n\t\t<\/div>\n\t\t\t\t\t\t<\/div>\n\t\t\t\t<\/div>\n\t\t\t\t<div class=\"elementor-element elementor-element-65959d3 elementor-widget-divider--separator-type-pattern elementor-widget-divider--view-line elementor-widget elementor-widget-divider\" data-id=\"65959d3\" data-element_type=\"widget\" data-e-type=\"widget\" data-widget_type=\"divider.default\">\n\t\t\t\t<div class=\"elementor-widget-container\">\n\t\t\t\t\t\t\t<div class=\"elementor-divider\" style=\"--divider-pattern-url: url(&quot;data:image\/svg+xml,%3Csvg xmlns=&#039;http:\/\/www.w3.org\/2000\/svg&#039; preserveAspectRatio=&#039;none&#039; overflow=&#039;visible&#039; height=&#039;100%&#039; viewBox=&#039;0 0 24 24&#039; fill=&#039;none&#039; stroke=&#039;black&#039; stroke-width=&#039;7&#039; stroke-linecap=&#039;square&#039; stroke-miterlimit=&#039;10&#039;%3E%3Cpath d=&#039;M0,6c6,0,6,13,12,13S18,6,24,6&#039;\/%3E%3C\/svg%3E&quot;);\">\n\t\t\t<span class=\"elementor-divider-separator\">\n\t\t\t\t\t\t<\/span>\n\t\t<\/div>\n\t\t\t\t\t\t<\/div>\n\t\t\t\t<\/div>\n\t\t\t\t<div class=\"elementor-element elementor-element-600efcf elementor-widget elementor-widget-text-editor\" data-id=\"600efcf\" data-element_type=\"widget\" data-e-type=\"widget\" data-widget_type=\"text-editor.default\">\n\t\t\t\t<div class=\"elementor-widget-container\">\n\t\t\t\t\t\t\t\t\t<p><img decoding=\"async\" class=\"size-full wp-image-2485 alignleft\" src=\"https:\/\/proyectos.pgiovas.com\/alfaquarium\/wp-content\/uploads\/2020\/08\/Achaetobonellia-spp.-Bonellia-spp.png\" alt=\"\" width=\"187\" height=\"168\" \/><\/p><p><strong>Nombre cient\u00edfico:<\/strong> Achaetobonellia spp., Bonellia spp.<\/p><p><strong>Nombre com\u00fan en ingl\u00e9s:<\/strong> Echiurid Worms (Bonelid Worms)<\/p><p><strong>Nombre com\u00fan es espa\u00f1ol:<\/strong> Gusano Bonelia<\/p><p><strong>Tama\u00f1o m\u00e1ximo:<\/strong> Cuerpos de 1 a 2 pulgadas (2.5 a 5 cm) de largo; puede tener una trompa que se extiende a 3.3 pies (1 m) o m\u00e1s.<\/p><p><strong>Extensi\u00f3n:<\/strong> Todos los mares.<\/p><p><strong>Tama\u00f1o m\u00ednimo de acuario:<\/strong> Tanques peque\u00f1os, 10 galones (38 lts) o m\u00e1s.<\/p><p><strong>Iluminaci\u00f3n:<\/strong> Irrelevante. \u00a0<\/p><p><strong>Alimento y Alimentaci\u00f3n:<\/strong> Se alimentar\u00e1 de restos.<\/p><p><strong>Conveniencia y Compatibilidad con el acuario de arrecife:<\/strong> F\u00e1cil de mantener; buen animal de acuario.<\/p><p><strong>Cuidado Cautivo:<\/strong> Estos animales inofensivos e interesantes a veces aparecen en tanques de arrecife, muy probablemente importados con roca viva o arena viva. La \u00fanica parte visible de estos gusanos es la trompa larga, delgada y ramificada que se extiende fuera de la madriguera para recoger material particulado. Forma dos l\u00f3bulos iguales en la punta que parecen tener forma de T o de Y. El peque\u00f1o cuerpo de saco permanece enterrado en las rocas. Los Bonelidos tienen un pigmento, bonellin, que colorea todas las partes del cuerpo de color verde oscuro. Si el animal es amenazado o perturbado, puede cortar su trompa, que luego vuelve a crecer. Estos gusanos prosperan en tanques de arrecife siempre que el tanque est\u00e9 bien alimentado. Pueden ser perseguidos por peces, algunos caracoles y algunas estrellas de mar.<\/p><p><strong>Fuentes del art\u00edculo:<\/strong><br \/><strong>Marine Invertebrates; Ronald L. Shimek, Ph.D.<\/strong><br \/><br \/><strong>Colaboraci\u00f3n de:<\/strong><br \/><strong>Luz Alicia Anduaga<\/strong><\/p>\t\t\t\t\t\t\t\t<\/div>\n\t\t\t\t<\/div>\n\t\t\t\t\t<\/div>\n\t\t<\/div>\n\t\t\t\t\t<\/div>\n\t\t<\/section>\n\t\t\t\t<\/div>\n\t\t","protected":false},"excerpt":{"rendered":"<p>Achaetobonellia Spp, Bonellia Spp Nombre cient\u00edfico: Achaetobonellia spp., Bonellia spp. Nombre com\u00fan en ingl\u00e9s: Echiurid Worms (Bonelid Worms) Nombre com\u00fan es espa\u00f1ol: Gusano Bonelia Tama\u00f1o m\u00e1ximo: Cuerpos de 1 a 2 pulgadas (2.5 a 5&hellip;<\/p>\n","protected":false},"author":4,"featured_media":0,"parent":0,"menu_order":0,"comment_status":"closed","ping_status":"closed","template":"","meta":{"footnotes":""},"class_list":["post-4870","page","type-page","status-publish","hentry"],"_links":{"self":[{"href":"https:\/\/proyectos.pgiovas.com\/alfaquarium\/wp-json\/wp\/v2\/pages\/4870","targetHints":{"allow":["GET"]}}],"collection":[{"href":"https:\/\/proyectos.pgiovas.com\/alfaquarium\/wp-json\/wp\/v2\/pages"}],"about":[{"href":"https:\/\/proyectos.pgiovas.com\/alfaquarium\/wp-json\/wp\/v2\/types\/page"}],"author":[{"embeddable":true,"href":"https:\/\/proyectos.pgiovas.com\/alfaquarium\/wp-json\/wp\/v2\/users\/4"}],"replies":[{"embeddable":true,"href":"https:\/\/proyectos.pgiovas.com\/alfaquarium\/wp-json\/wp\/v2\/comments?post=4870"}],"version-history":[{"count":4,"href":"https:\/\/proyectos.pgiovas.com\/alfaquarium\/wp-json\/wp\/v2\/pages\/4870\/revisions"}],"predecessor-version":[{"id":4874,"href":"https:\/\/proyectos.pgiovas.com\/alfaquarium\/wp-json\/wp\/v2\/pages\/4870\/revisions\/4874"}],"wp:attachment":[{"href":"https:\/\/proyectos.pgiovas.com\/alfaquarium\/wp-json\/wp\/v2\/media?parent=4870"}],"curies":[{"name":"wp","href":"https:\/\/api.w.org\/{rel}","templated":true}]}}