{"id":4855,"date":"2020-12-01T00:06:08","date_gmt":"2020-12-01T00:06:08","guid":{"rendered":"http:\/\/alfaquarium.mx\/?page_id=4855"},"modified":"2020-12-01T00:08:35","modified_gmt":"2020-12-01T00:08:35","slug":"schizoporella-spp","status":"publish","type":"page","link":"https:\/\/proyectos.pgiovas.com\/alfaquarium\/schizoporella-spp","title":{"rendered":"Schizoporella Spp"},"content":{"rendered":"\t\t<div data-elementor-type=\"wp-page\" data-elementor-id=\"4855\" class=\"elementor elementor-4855\">\n\t\t\t\t\t\t<section class=\"elementor-section elementor-top-section elementor-element elementor-element-79b8e8b elementor-section-full_width elementor-section-height-default elementor-section-height-default\" data-id=\"79b8e8b\" data-element_type=\"section\" data-e-type=\"section\">\n\t\t\t\t\t\t<div class=\"elementor-container elementor-column-gap-default\">\n\t\t\t\t\t<div class=\"elementor-column elementor-col-100 elementor-top-column elementor-element elementor-element-8003a9b\" data-id=\"8003a9b\" data-element_type=\"column\" data-e-type=\"column\">\n\t\t\t<div class=\"elementor-widget-wrap elementor-element-populated\">\n\t\t\t\t\t\t<div class=\"elementor-element elementor-element-a9cc64a elementor-widget elementor-widget-heading\" data-id=\"a9cc64a\" data-element_type=\"widget\" data-e-type=\"widget\" data-widget_type=\"heading.default\">\n\t\t\t\t<div class=\"elementor-widget-container\">\n\t\t\t\t\t<h3 class=\"elementor-heading-title elementor-size-default\">Schizoporella Spp<\/h3>\t\t\t\t<\/div>\n\t\t\t\t<\/div>\n\t\t\t\t<div class=\"elementor-element elementor-element-254ba6f elementor-widget elementor-widget-spacer\" data-id=\"254ba6f\" data-element_type=\"widget\" data-e-type=\"widget\" data-widget_type=\"spacer.default\">\n\t\t\t\t<div class=\"elementor-widget-container\">\n\t\t\t\t\t\t\t<div class=\"elementor-spacer\">\n\t\t\t<div class=\"elementor-spacer-inner\"><\/div>\n\t\t<\/div>\n\t\t\t\t\t\t<\/div>\n\t\t\t\t<\/div>\n\t\t\t\t<div class=\"elementor-element elementor-element-65959d3 elementor-widget-divider--separator-type-pattern elementor-widget-divider--view-line elementor-widget elementor-widget-divider\" data-id=\"65959d3\" data-element_type=\"widget\" data-e-type=\"widget\" data-widget_type=\"divider.default\">\n\t\t\t\t<div class=\"elementor-widget-container\">\n\t\t\t\t\t\t\t<div class=\"elementor-divider\" style=\"--divider-pattern-url: url(&quot;data:image\/svg+xml,%3Csvg xmlns=&#039;http:\/\/www.w3.org\/2000\/svg&#039; preserveAspectRatio=&#039;none&#039; overflow=&#039;visible&#039; height=&#039;100%&#039; viewBox=&#039;0 0 24 24&#039; fill=&#039;none&#039; stroke=&#039;black&#039; stroke-width=&#039;7&#039; stroke-linecap=&#039;square&#039; stroke-miterlimit=&#039;10&#039;%3E%3Cpath d=&#039;M0,6c6,0,6,13,12,13S18,6,24,6&#039;\/%3E%3C\/svg%3E&quot;);\">\n\t\t\t<span class=\"elementor-divider-separator\">\n\t\t\t\t\t\t<\/span>\n\t\t<\/div>\n\t\t\t\t\t\t<\/div>\n\t\t\t\t<\/div>\n\t\t\t\t<div class=\"elementor-element elementor-element-600efcf elementor-widget elementor-widget-text-editor\" data-id=\"600efcf\" data-element_type=\"widget\" data-e-type=\"widget\" data-widget_type=\"text-editor.default\">\n\t\t\t\t<div class=\"elementor-widget-container\">\n\t\t\t\t\t\t\t\t\t<p><img decoding=\"async\" class=\"size-full wp-image-2481 alignleft\" src=\"https:\/\/proyectos.pgiovas.com\/alfaquarium\/wp-content\/uploads\/2020\/08\/Schizoporella-spp.png\" alt=\"\" width=\"202\" height=\"181\" \/><\/p><p><strong>Nombre cient\u00edfico:<\/strong> Schizoporella spp.<\/p><p><strong>Nombre com\u00fan en ingl\u00e9s:<\/strong> Purple Encrusting Bryozoans<\/p><p><strong>Nombre com\u00fan es espa\u00f1ol:<\/strong> Gusano Bryozoa P\u00farpura<\/p><p><strong>Tama\u00f1o m\u00e1ximo:<\/strong> Colonias grandes hasta 10 pulgadas (25 cm) de di\u00e1metro; la mayor\u00eda m\u00e1s peque\u00f1as.<\/p><p><strong>Extensi\u00f3n:<\/strong> Caribe<\/p><p><strong>Tama\u00f1o m\u00ednimo de acuario:<\/strong> Nano tanques, 1 gal\u00f3n (3.8 lts) o m\u00e1s.<\/p><p><strong>Iluminaci\u00f3n:<\/strong> Irrelevante.<\/p><p><strong>Alimento y Alimentaci\u00f3n:<\/strong> Necesita material particulado muy peque\u00f1o, agregados bacterianos en la columna de agua. Dichos alimentos no pueden agregarse, pero pueden generarse internamente mediante un lecho de arena bueno y funcional.<\/p><p><strong>Conveniencia y Compatibilidad con el acuario de arrecife:<\/strong> Dif\u00edcil de mantener, probablemente debido a la falta de alimentos apropiados.<strong>\u00a0<\/strong><\/p><p><strong>Cuidado Cautivo:<\/strong> Los bryozoas incrustados de color p\u00farpura son comunes en todo el Caribe e ilustran algunas de las propiedades comunes del grupo de bryozoas. Se los puede reconocer como una costra calc\u00e1rea morada, no muy diferente a la apariencia de algunas algas coralinas. La superficie de la corteza se ve con agujeros diminutos, uno por p\u00f3lipo de alimentaci\u00f3n, que se extienden regularmente por la superficie. Los p\u00f3lipos generalmente no son visibles sin aumento. La identificaci\u00f3n a nivel de especie requiere un examen microsc\u00f3pico.<\/p><p><strong>Fuentes del art\u00edculo:<\/strong><br \/><strong>Marine Invertebrates; Ronald L. Shimek, Ph.D.<\/strong><br \/><br \/><strong>Colaboraci\u00f3n de:<\/strong><br \/><strong>Luz Alicia Anduaga<\/strong><\/p>\t\t\t\t\t\t\t\t<\/div>\n\t\t\t\t<\/div>\n\t\t\t\t\t<\/div>\n\t\t<\/div>\n\t\t\t\t\t<\/div>\n\t\t<\/section>\n\t\t\t\t<\/div>\n\t\t","protected":false},"excerpt":{"rendered":"<p>Schizoporella Spp Nombre cient\u00edfico: Schizoporella spp. Nombre com\u00fan en ingl\u00e9s: Purple Encrusting Bryozoans Nombre com\u00fan es espa\u00f1ol: Gusano Bryozoa P\u00farpura Tama\u00f1o m\u00e1ximo: Colonias grandes hasta 10 pulgadas (25 cm) de di\u00e1metro; la mayor\u00eda m\u00e1s peque\u00f1as.&hellip;<\/p>\n","protected":false},"author":4,"featured_media":0,"parent":0,"menu_order":0,"comment_status":"closed","ping_status":"closed","template":"","meta":{"footnotes":""},"class_list":["post-4855","page","type-page","status-publish","hentry"],"_links":{"self":[{"href":"https:\/\/proyectos.pgiovas.com\/alfaquarium\/wp-json\/wp\/v2\/pages\/4855","targetHints":{"allow":["GET"]}}],"collection":[{"href":"https:\/\/proyectos.pgiovas.com\/alfaquarium\/wp-json\/wp\/v2\/pages"}],"about":[{"href":"https:\/\/proyectos.pgiovas.com\/alfaquarium\/wp-json\/wp\/v2\/types\/page"}],"author":[{"embeddable":true,"href":"https:\/\/proyectos.pgiovas.com\/alfaquarium\/wp-json\/wp\/v2\/users\/4"}],"replies":[{"embeddable":true,"href":"https:\/\/proyectos.pgiovas.com\/alfaquarium\/wp-json\/wp\/v2\/comments?post=4855"}],"version-history":[{"count":4,"href":"https:\/\/proyectos.pgiovas.com\/alfaquarium\/wp-json\/wp\/v2\/pages\/4855\/revisions"}],"predecessor-version":[{"id":4859,"href":"https:\/\/proyectos.pgiovas.com\/alfaquarium\/wp-json\/wp\/v2\/pages\/4855\/revisions\/4859"}],"wp:attachment":[{"href":"https:\/\/proyectos.pgiovas.com\/alfaquarium\/wp-json\/wp\/v2\/media?parent=4855"}],"curies":[{"name":"wp","href":"https:\/\/api.w.org\/{rel}","templated":true}]}}