{"id":4841,"date":"2020-11-30T23:47:16","date_gmt":"2020-11-30T23:47:16","guid":{"rendered":"http:\/\/alfaquarium.mx\/?page_id=4841"},"modified":"2020-11-30T23:56:21","modified_gmt":"2020-11-30T23:56:21","slug":"convolutriloba-retrogemma","status":"publish","type":"page","link":"https:\/\/proyectos.pgiovas.com\/alfaquarium\/convolutriloba-retrogemma","title":{"rendered":"Convolutriloba Retrogemma"},"content":{"rendered":"\t\t<div data-elementor-type=\"wp-page\" data-elementor-id=\"4841\" class=\"elementor elementor-4841\">\n\t\t\t\t\t\t<section class=\"elementor-section elementor-top-section elementor-element elementor-element-79b8e8b elementor-section-full_width elementor-section-height-default elementor-section-height-default\" data-id=\"79b8e8b\" data-element_type=\"section\" data-e-type=\"section\">\n\t\t\t\t\t\t<div class=\"elementor-container elementor-column-gap-default\">\n\t\t\t\t\t<div class=\"elementor-column elementor-col-100 elementor-top-column elementor-element elementor-element-8003a9b\" data-id=\"8003a9b\" data-element_type=\"column\" data-e-type=\"column\">\n\t\t\t<div class=\"elementor-widget-wrap elementor-element-populated\">\n\t\t\t\t\t\t<div class=\"elementor-element elementor-element-a9cc64a elementor-widget elementor-widget-heading\" data-id=\"a9cc64a\" data-element_type=\"widget\" data-e-type=\"widget\" data-widget_type=\"heading.default\">\n\t\t\t\t<div class=\"elementor-widget-container\">\n\t\t\t\t\t<h3 class=\"elementor-heading-title elementor-size-default\">Convolutriloba Retrogemma<\/h3>\t\t\t\t<\/div>\n\t\t\t\t<\/div>\n\t\t\t\t<div class=\"elementor-element elementor-element-254ba6f elementor-widget elementor-widget-spacer\" data-id=\"254ba6f\" data-element_type=\"widget\" data-e-type=\"widget\" data-widget_type=\"spacer.default\">\n\t\t\t\t<div class=\"elementor-widget-container\">\n\t\t\t\t\t\t\t<div class=\"elementor-spacer\">\n\t\t\t<div class=\"elementor-spacer-inner\"><\/div>\n\t\t<\/div>\n\t\t\t\t\t\t<\/div>\n\t\t\t\t<\/div>\n\t\t\t\t<div class=\"elementor-element elementor-element-65959d3 elementor-widget-divider--separator-type-pattern elementor-widget-divider--view-line elementor-widget elementor-widget-divider\" data-id=\"65959d3\" data-element_type=\"widget\" data-e-type=\"widget\" data-widget_type=\"divider.default\">\n\t\t\t\t<div class=\"elementor-widget-container\">\n\t\t\t\t\t\t\t<div class=\"elementor-divider\" style=\"--divider-pattern-url: url(&quot;data:image\/svg+xml,%3Csvg xmlns=&#039;http:\/\/www.w3.org\/2000\/svg&#039; preserveAspectRatio=&#039;none&#039; overflow=&#039;visible&#039; height=&#039;100%&#039; viewBox=&#039;0 0 24 24&#039; fill=&#039;none&#039; stroke=&#039;black&#039; stroke-width=&#039;7&#039; stroke-linecap=&#039;square&#039; stroke-miterlimit=&#039;10&#039;%3E%3Cpath d=&#039;M0,6c6,0,6,13,12,13S18,6,24,6&#039;\/%3E%3C\/svg%3E&quot;);\">\n\t\t\t<span class=\"elementor-divider-separator\">\n\t\t\t\t\t\t<\/span>\n\t\t<\/div>\n\t\t\t\t\t\t<\/div>\n\t\t\t\t<\/div>\n\t\t\t\t<div class=\"elementor-element elementor-element-600efcf elementor-widget elementor-widget-text-editor\" data-id=\"600efcf\" data-element_type=\"widget\" data-e-type=\"widget\" data-widget_type=\"text-editor.default\">\n\t\t\t\t<div class=\"elementor-widget-container\">\n\t\t\t\t\t\t\t\t\t<p><img decoding=\"async\" class=\"size-full wp-image-2479 alignleft\" src=\"https:\/\/proyectos.pgiovas.com\/alfaquarium\/wp-content\/uploads\/2020\/08\/Convolutriloba-retrogemma.png\" alt=\"\" width=\"193\" height=\"174\" \/><\/p><p><strong>Nombre cient\u00edfico:<\/strong> Convolutriloba retrogemma<br \/><strong>Nombre com\u00fan en ingl\u00e9s:<\/strong> Planaria (Red Flatworm, Red Menace)<br \/><strong>Nombre com\u00fan es espa\u00f1ol:<\/strong> Gusanos Planos Rojos<br \/><strong>Tama\u00f1o m\u00e1ximo:<\/strong> Los individuos alcanzan hasta aproximadamente 0.25 pulgadas (6 mm) de largo.<br \/><strong>Extensi\u00f3n:<\/strong> Todos los mares tropicales.<br \/><strong>Tama\u00f1o m\u00ednimo de acuario:<\/strong> Nano tanques, 1 gal\u00f3n (3.8 lts) o m\u00e1s.<br \/><strong>Iluminaci\u00f3n:<\/strong> Zooxantela. Iluminaci\u00f3n tenue puede ayudar a controlar esta peste.<br \/><strong>Alimento y Alimentaci\u00f3n:<\/strong> Alimentadores de restos o algas.<br \/><strong>Conveniencia y Compatibilidad con el acuario de arrecife:<\/strong> Pestes significativas Pueden alcanzar proporciones de plaga. Dif\u00edcil de erradicar.<strong>\u00a0<\/strong><br \/><strong>Cuidado Cautivo:<\/strong> Planaria ingresa a los acuarios de \u201cavent\u00f3n\u201d. Var\u00edan en color, desde vino tinto profundo a marr\u00f3n claro o verde. Con un aumento de 10x, el extremo frontal aparece suavemente redondeado, mientras que la cola tiene tres puntos o l\u00f3bulos de salida, uno en cada borde y otro en el medio. En algunos acuarios, las poblaciones peque\u00f1as persisten durante largos per\u00edodos sin causar problemas, mientras que en otros se reproducen r\u00e1pidamente por fisi\u00f3n. Literalmente pueden estar en todas partes del tanque. El control de esta plaga es dif\u00edcil, ya que sus requisitos son similares a los de los animales m\u00e1s deseables en el sistema. Reduzca la intensidad y la duraci\u00f3n de la iluminaci\u00f3n por un par de semanas; la alimentaci\u00f3n tambi\u00e9n debe reducirse. La babosa <em>Chelidonura varians<\/em> tambi\u00e9n puede ser efectiva para reducir la poblaci\u00f3n. Los tratamientos qu\u00edmicos comerciales pueden erradicarlos.<\/p><p><em><strong>Fuentes del art\u00edculo:<\/strong><\/em><br \/><em><strong>Marine Invertebrates; Ronald L. Shimek, Ph.D.<\/strong><\/em><\/p><p><em><strong>Colaboraci\u00f3n de:<\/strong><\/em><br \/><em><strong>Luz Alicia Anduaga<\/strong><\/em><\/p>\t\t\t\t\t\t\t\t<\/div>\n\t\t\t\t<\/div>\n\t\t\t\t\t<\/div>\n\t\t<\/div>\n\t\t\t\t\t<\/div>\n\t\t<\/section>\n\t\t\t\t<\/div>\n\t\t","protected":false},"excerpt":{"rendered":"<p>Convolutriloba Retrogemma Nombre cient\u00edfico: Convolutriloba retrogemmaNombre com\u00fan en ingl\u00e9s: Planaria (Red Flatworm, Red Menace)Nombre com\u00fan es espa\u00f1ol: Gusanos Planos RojosTama\u00f1o m\u00e1ximo: Los individuos alcanzan hasta aproximadamente 0.25 pulgadas (6 mm) de largo.Extensi\u00f3n: Todos los mares&hellip;<\/p>\n","protected":false},"author":4,"featured_media":0,"parent":0,"menu_order":0,"comment_status":"closed","ping_status":"closed","template":"","meta":{"footnotes":""},"class_list":["post-4841","page","type-page","status-publish","hentry"],"_links":{"self":[{"href":"https:\/\/proyectos.pgiovas.com\/alfaquarium\/wp-json\/wp\/v2\/pages\/4841","targetHints":{"allow":["GET"]}}],"collection":[{"href":"https:\/\/proyectos.pgiovas.com\/alfaquarium\/wp-json\/wp\/v2\/pages"}],"about":[{"href":"https:\/\/proyectos.pgiovas.com\/alfaquarium\/wp-json\/wp\/v2\/types\/page"}],"author":[{"embeddable":true,"href":"https:\/\/proyectos.pgiovas.com\/alfaquarium\/wp-json\/wp\/v2\/users\/4"}],"replies":[{"embeddable":true,"href":"https:\/\/proyectos.pgiovas.com\/alfaquarium\/wp-json\/wp\/v2\/comments?post=4841"}],"version-history":[{"count":4,"href":"https:\/\/proyectos.pgiovas.com\/alfaquarium\/wp-json\/wp\/v2\/pages\/4841\/revisions"}],"predecessor-version":[{"id":4845,"href":"https:\/\/proyectos.pgiovas.com\/alfaquarium\/wp-json\/wp\/v2\/pages\/4841\/revisions\/4845"}],"wp:attachment":[{"href":"https:\/\/proyectos.pgiovas.com\/alfaquarium\/wp-json\/wp\/v2\/media?parent=4841"}],"curies":[{"name":"wp","href":"https:\/\/api.w.org\/{rel}","templated":true}]}}