{"id":4662,"date":"2020-10-28T23:54:43","date_gmt":"2020-10-28T23:54:43","guid":{"rendered":"http:\/\/alfaquarium.mx\/?page_id=4662"},"modified":"2020-10-28T23:58:19","modified_gmt":"2020-10-28T23:58:19","slug":"oxycercichthys-veliferus","status":"publish","type":"page","link":"https:\/\/proyectos.pgiovas.com\/alfaquarium\/oxycercichthys-veliferus","title":{"rendered":"Oxycercichthys Veliferus"},"content":{"rendered":"\t\t<div data-elementor-type=\"wp-page\" data-elementor-id=\"4662\" class=\"elementor elementor-4662\">\n\t\t\t\t\t\t<section class=\"elementor-section elementor-top-section elementor-element elementor-element-79b8e8b elementor-section-full_width elementor-section-height-default elementor-section-height-default\" data-id=\"79b8e8b\" data-element_type=\"section\" data-e-type=\"section\">\n\t\t\t\t\t\t<div class=\"elementor-container elementor-column-gap-default\">\n\t\t\t\t\t<div class=\"elementor-column elementor-col-100 elementor-top-column elementor-element elementor-element-8003a9b\" data-id=\"8003a9b\" data-element_type=\"column\" data-e-type=\"column\">\n\t\t\t<div class=\"elementor-widget-wrap elementor-element-populated\">\n\t\t\t\t\t\t<div class=\"elementor-element elementor-element-a9cc64a elementor-widget elementor-widget-heading\" data-id=\"a9cc64a\" data-element_type=\"widget\" data-e-type=\"widget\" data-widget_type=\"heading.default\">\n\t\t\t\t<div class=\"elementor-widget-container\">\n\t\t\t\t\t<h3 class=\"elementor-heading-title elementor-size-default\">Oxycercichthys Veliferus<\/h3>\t\t\t\t<\/div>\n\t\t\t\t<\/div>\n\t\t\t\t<div class=\"elementor-element elementor-element-254ba6f elementor-widget elementor-widget-spacer\" data-id=\"254ba6f\" data-element_type=\"widget\" data-e-type=\"widget\" data-widget_type=\"spacer.default\">\n\t\t\t\t<div class=\"elementor-widget-container\">\n\t\t\t\t\t\t\t<div class=\"elementor-spacer\">\n\t\t\t<div class=\"elementor-spacer-inner\"><\/div>\n\t\t<\/div>\n\t\t\t\t\t\t<\/div>\n\t\t\t\t<\/div>\n\t\t\t\t<div class=\"elementor-element elementor-element-65959d3 elementor-widget-divider--separator-type-pattern elementor-widget-divider--view-line elementor-widget elementor-widget-divider\" data-id=\"65959d3\" data-element_type=\"widget\" data-e-type=\"widget\" data-widget_type=\"divider.default\">\n\t\t\t\t<div class=\"elementor-widget-container\">\n\t\t\t\t\t\t\t<div class=\"elementor-divider\" style=\"--divider-pattern-url: url(&quot;data:image\/svg+xml,%3Csvg xmlns=&#039;http:\/\/www.w3.org\/2000\/svg&#039; preserveAspectRatio=&#039;none&#039; overflow=&#039;visible&#039; height=&#039;100%&#039; viewBox=&#039;0 0 24 24&#039; fill=&#039;none&#039; stroke=&#039;black&#039; stroke-width=&#039;7&#039; stroke-linecap=&#039;square&#039; stroke-miterlimit=&#039;10&#039;%3E%3Cpath d=&#039;M0,6c6,0,6,13,12,13S18,6,24,6&#039;\/%3E%3C\/svg%3E&quot;);\">\n\t\t\t<span class=\"elementor-divider-separator\">\n\t\t\t\t\t\t<\/span>\n\t\t<\/div>\n\t\t\t\t\t\t<\/div>\n\t\t\t\t<\/div>\n\t\t\t\t<div class=\"elementor-element elementor-element-600efcf elementor-widget elementor-widget-text-editor\" data-id=\"600efcf\" data-element_type=\"widget\" data-e-type=\"widget\" data-widget_type=\"text-editor.default\">\n\t\t\t\t<div class=\"elementor-widget-container\">\n\t\t\t\t\t\t\t\t\t<p><img fetchpriority=\"high\" decoding=\"async\" class=\"size-medium wp-image-2183 alignleft\" src=\"https:\/\/proyectos.pgiovas.com\/alfaquarium\/wp-content\/uploads\/2020\/08\/oxycercichthys_veliferus-300x270.jpg\" alt=\"\" width=\"300\" height=\"270\" srcset=\"https:\/\/proyectos.pgiovas.com\/alfaquarium\/wp-content\/uploads\/2020\/08\/oxycercichthys_veliferus-300x270.jpg 300w, https:\/\/proyectos.pgiovas.com\/alfaquarium\/wp-content\/uploads\/2020\/08\/oxycercichthys_veliferus-370x333.jpg 370w, https:\/\/proyectos.pgiovas.com\/alfaquarium\/wp-content\/uploads\/2020\/08\/oxycercichthys_veliferus-400x360.jpg 400w, https:\/\/proyectos.pgiovas.com\/alfaquarium\/wp-content\/uploads\/2020\/08\/oxycercichthys_veliferus.jpg 500w\" sizes=\"(max-width: 300px) 100vw, 300px\" \/><\/p><p><strong>Nombre cient\u00edfico:<\/strong> Oxycercichthys veliferus<br \/><strong>Nombre com\u00fan en ingl\u00e9s:<\/strong> Longtail dottyback<br \/><strong>Nombre com\u00fan en espa\u00f1ol:<\/strong> Pseudochromis de cola larga<br \/><strong>Familia:<\/strong> Pseudochromidae<br \/><strong>Origen:<\/strong> Oc\u00e9ano Pac\u00edfico<br \/><strong>Par\u00e1metros ideales:<\/strong><br \/><strong>Salinidad:<\/strong> 1023 a 1025<br \/><strong>Temperatura:<\/strong> 23 a 26\u00ba C<br \/><strong>Calcio:<\/strong> 400 a 450 ppm<br \/><strong>Alcalinidad:<\/strong> 8 a 12 dKH<br \/><strong>Magnesio:<\/strong> 1200 a 1350<br \/><strong>Estroncio:<\/strong> 8 a 10<br \/><strong>PH:<\/strong> 8.10 a 8.40<\/p><p><strong>Informaci\u00f3n, cuidados y curiosidades:<\/strong> El pez pseudochromis de cola larga Oxycercichthys veliferus fue descrito por Lubbock en 1980.<\/p><p>Es originario del Oc\u00e9ano Pac\u00edfico Occidental Central y es end\u00e9mico de Australia.<\/p><p>Vive alrededor de las rocas, los corales y permanece a una profundidad que va de 12 a 50 m.<\/p><p>Se alimenta principalmente de peces peque\u00f1os.<\/p><p>La coloraci\u00f3n corporal de los adultos va del gris p\u00e1lido al amarillento con la parte superior de la cabeza azulada, tienen un punto al frente de la aleta dorsal, esta es de color azulado y gradualmente se torna amarilla posteriormente y se caracterizan por su aleta caudal lanceolada.<\/p><p>La coloraci\u00f3n corporal de las hembras y los juveniles va del purp\u00fareo al ros\u00e1ceo y la parte superior de sus cabezas y el frente de sus aletas dorsales son de color amarillo.<\/p><p>Este pez puede llegar a medir 12 cm.<\/p><p>Es muy agresivo y territorial, por lo que debe ser mantenido con peces m\u00e1s grandes que \u00e9l. Tambi\u00e9n puede molestar a los camarones ornamentales. Necesita un acuario de al menos 200 litros, con cama de arena y abundante roca viva entre cuyos huecos y recovecos el pez pueda encontrar un sitio para descansar o esconderse. Reci\u00e9n introducido al acuario puede ser dif\u00edcil estimularlo a comer, pero poco a poco ir\u00e1 entrando en confianza y podremos alimentarlo con mysis, peque\u00f1os trozos de camar\u00f3n, pescado, calamar, carne de cangrejo o alg\u00fan alimento comercial especial para peces carn\u00edvoros. Para mantener su hermoso y brillante colorido, necesita una dieta lo m\u00e1s variada posible.<\/p><p>Es un pez raro y dif\u00edcil de encontrarlo a la venta.<\/p><p><strong><em>Fuentes del art\u00edculo:<\/em><\/strong><\/p><p><strong><em>Fishbase, Animal world y Aquatic community.<\/em><\/strong><\/p><p><strong><em>Origen de la imagen:<\/em><\/strong><\/p><p><strong>http:\/\/www.fishbase.org<\/strong><\/p><p><strong><em>Colaboraci\u00f3n de:<\/em><\/strong><\/p><p><strong><em>Jessica Romero Saldivar (AtOmIcFaRt)<\/em><\/strong><\/p>\t\t\t\t\t\t\t\t<\/div>\n\t\t\t\t<\/div>\n\t\t\t\t\t<\/div>\n\t\t<\/div>\n\t\t\t\t\t<\/div>\n\t\t<\/section>\n\t\t\t\t<\/div>\n\t\t","protected":false},"excerpt":{"rendered":"<p>Oxycercichthys Veliferus Nombre cient\u00edfico: Oxycercichthys veliferusNombre com\u00fan en ingl\u00e9s: Longtail dottybackNombre com\u00fan en espa\u00f1ol: Pseudochromis de cola largaFamilia: PseudochromidaeOrigen: Oc\u00e9ano Pac\u00edficoPar\u00e1metros ideales:Salinidad: 1023 a 1025Temperatura: 23 a 26\u00ba CCalcio: 400 a 450 ppmAlcalinidad: 8 a&hellip;<\/p>\n","protected":false},"author":4,"featured_media":0,"parent":0,"menu_order":0,"comment_status":"closed","ping_status":"closed","template":"","meta":{"footnotes":""},"class_list":["post-4662","page","type-page","status-publish","hentry"],"_links":{"self":[{"href":"https:\/\/proyectos.pgiovas.com\/alfaquarium\/wp-json\/wp\/v2\/pages\/4662","targetHints":{"allow":["GET"]}}],"collection":[{"href":"https:\/\/proyectos.pgiovas.com\/alfaquarium\/wp-json\/wp\/v2\/pages"}],"about":[{"href":"https:\/\/proyectos.pgiovas.com\/alfaquarium\/wp-json\/wp\/v2\/types\/page"}],"author":[{"embeddable":true,"href":"https:\/\/proyectos.pgiovas.com\/alfaquarium\/wp-json\/wp\/v2\/users\/4"}],"replies":[{"embeddable":true,"href":"https:\/\/proyectos.pgiovas.com\/alfaquarium\/wp-json\/wp\/v2\/comments?post=4662"}],"version-history":[{"count":2,"href":"https:\/\/proyectos.pgiovas.com\/alfaquarium\/wp-json\/wp\/v2\/pages\/4662\/revisions"}],"predecessor-version":[{"id":4665,"href":"https:\/\/proyectos.pgiovas.com\/alfaquarium\/wp-json\/wp\/v2\/pages\/4662\/revisions\/4665"}],"wp:attachment":[{"href":"https:\/\/proyectos.pgiovas.com\/alfaquarium\/wp-json\/wp\/v2\/media?parent=4662"}],"curies":[{"name":"wp","href":"https:\/\/api.w.org\/{rel}","templated":true}]}}