{"id":4654,"date":"2020-10-28T22:28:55","date_gmt":"2020-10-28T22:28:55","guid":{"rendered":"http:\/\/alfaquarium.mx\/?page_id=4654"},"modified":"2020-10-28T22:31:59","modified_gmt":"2020-10-28T22:31:59","slug":"turbinaria-reniformis","status":"publish","type":"page","link":"https:\/\/proyectos.pgiovas.com\/alfaquarium\/turbinaria-reniformis","title":{"rendered":"Turbinaria Reniformis"},"content":{"rendered":"\t\t<div data-elementor-type=\"wp-page\" data-elementor-id=\"4654\" class=\"elementor elementor-4654\">\n\t\t\t\t\t\t<section class=\"elementor-section elementor-top-section elementor-element elementor-element-79b8e8b elementor-section-full_width elementor-section-height-default elementor-section-height-default\" data-id=\"79b8e8b\" data-element_type=\"section\" data-e-type=\"section\">\n\t\t\t\t\t\t<div class=\"elementor-container elementor-column-gap-default\">\n\t\t\t\t\t<div class=\"elementor-column elementor-col-100 elementor-top-column elementor-element elementor-element-8003a9b\" data-id=\"8003a9b\" data-element_type=\"column\" data-e-type=\"column\">\n\t\t\t<div class=\"elementor-widget-wrap elementor-element-populated\">\n\t\t\t\t\t\t<div class=\"elementor-element elementor-element-a9cc64a elementor-widget elementor-widget-heading\" data-id=\"a9cc64a\" data-element_type=\"widget\" data-e-type=\"widget\" data-widget_type=\"heading.default\">\n\t\t\t\t<div class=\"elementor-widget-container\">\n\t\t\t\t\t<h3 class=\"elementor-heading-title elementor-size-default\">Turbinaria Reniformis<\/h3>\t\t\t\t<\/div>\n\t\t\t\t<\/div>\n\t\t\t\t<div class=\"elementor-element elementor-element-254ba6f elementor-widget elementor-widget-spacer\" data-id=\"254ba6f\" data-element_type=\"widget\" data-e-type=\"widget\" data-widget_type=\"spacer.default\">\n\t\t\t\t<div class=\"elementor-widget-container\">\n\t\t\t\t\t\t\t<div class=\"elementor-spacer\">\n\t\t\t<div class=\"elementor-spacer-inner\"><\/div>\n\t\t<\/div>\n\t\t\t\t\t\t<\/div>\n\t\t\t\t<\/div>\n\t\t\t\t<div class=\"elementor-element elementor-element-65959d3 elementor-widget-divider--separator-type-pattern elementor-widget-divider--view-line elementor-widget elementor-widget-divider\" data-id=\"65959d3\" data-element_type=\"widget\" data-e-type=\"widget\" data-widget_type=\"divider.default\">\n\t\t\t\t<div class=\"elementor-widget-container\">\n\t\t\t\t\t\t\t<div class=\"elementor-divider\" style=\"--divider-pattern-url: url(&quot;data:image\/svg+xml,%3Csvg xmlns=&#039;http:\/\/www.w3.org\/2000\/svg&#039; preserveAspectRatio=&#039;none&#039; overflow=&#039;visible&#039; height=&#039;100%&#039; viewBox=&#039;0 0 24 24&#039; fill=&#039;none&#039; stroke=&#039;black&#039; stroke-width=&#039;7&#039; stroke-linecap=&#039;square&#039; stroke-miterlimit=&#039;10&#039;%3E%3Cpath d=&#039;M0,6c6,0,6,13,12,13S18,6,24,6&#039;\/%3E%3C\/svg%3E&quot;);\">\n\t\t\t<span class=\"elementor-divider-separator\">\n\t\t\t\t\t\t<\/span>\n\t\t<\/div>\n\t\t\t\t\t\t<\/div>\n\t\t\t\t<\/div>\n\t\t\t\t<div class=\"elementor-element elementor-element-600efcf elementor-widget elementor-widget-text-editor\" data-id=\"600efcf\" data-element_type=\"widget\" data-e-type=\"widget\" data-widget_type=\"text-editor.default\">\n\t\t\t\t<div class=\"elementor-widget-container\">\n\t\t\t\t\t\t\t\t\t<p><img fetchpriority=\"high\" decoding=\"async\" class=\"size-medium wp-image-1274 alignleft\" src=\"https:\/\/proyectos.pgiovas.com\/alfaquarium\/wp-content\/uploads\/2020\/08\/turbinaria_reniformis-300x300.jpg\" alt=\"\" width=\"300\" height=\"300\" srcset=\"https:\/\/proyectos.pgiovas.com\/alfaquarium\/wp-content\/uploads\/2020\/08\/turbinaria_reniformis-300x300.jpg 300w, https:\/\/proyectos.pgiovas.com\/alfaquarium\/wp-content\/uploads\/2020\/08\/turbinaria_reniformis-150x150.jpg 150w, https:\/\/proyectos.pgiovas.com\/alfaquarium\/wp-content\/uploads\/2020\/08\/turbinaria_reniformis-370x370.jpg 370w, https:\/\/proyectos.pgiovas.com\/alfaquarium\/wp-content\/uploads\/2020\/08\/turbinaria_reniformis-90x90.jpg 90w, https:\/\/proyectos.pgiovas.com\/alfaquarium\/wp-content\/uploads\/2020\/08\/turbinaria_reniformis-406x406.jpg 406w, https:\/\/proyectos.pgiovas.com\/alfaquarium\/wp-content\/uploads\/2020\/08\/turbinaria_reniformis-143x143.jpg 143w, https:\/\/proyectos.pgiovas.com\/alfaquarium\/wp-content\/uploads\/2020\/08\/turbinaria_reniformis-400x400.jpg 400w, https:\/\/proyectos.pgiovas.com\/alfaquarium\/wp-content\/uploads\/2020\/08\/turbinaria_reniformis-100x100.jpg 100w, https:\/\/proyectos.pgiovas.com\/alfaquarium\/wp-content\/uploads\/2020\/08\/turbinaria_reniformis.jpg 500w\" sizes=\"(max-width: 300px) 100vw, 300px\" \/><\/p><p><strong>Nombre cient\u00edfico:<\/strong> Turbinaria reniformis<br \/><strong>Nombre com\u00fan en ingl\u00e9s:<\/strong> Lettuce coral<br \/><strong>Nombre com\u00fan en espa\u00f1ol:<\/strong> Coral lechuga<br \/><strong>Familia:<\/strong> \u00a0Dendrophyllidae<br \/><strong>Origen:<\/strong> Bali, Fiji, Indonesia y Tonga<br \/><strong>Par\u00e1metros ideales:<\/strong><br \/><strong>Salinidad:<\/strong> 1023 a 1025<br \/><strong>Temperatura:<\/strong> 23 a 26\u00ba C<br \/><strong>Calcio:<\/strong> 400 a 450 ppm<br \/><strong>Alcalinidad:<\/strong> 8 a 12 dKH<br \/><strong>Magnesio:<\/strong> 1200 a 1350<br \/><strong>Estroncio:<\/strong> 8 a 10<br \/><strong>PH:<\/strong> 8.10 a 8.40<\/p><p><strong>Informaci\u00f3n, cuidados y curiosidades: <\/strong>El coral Turbinaria reniformes, tambi\u00e9n conocido como coral lechuga o turbinaria amarillo, es uno de los m\u00e1s reconocidos del g\u00e9nero Turbinaria.<\/p><p>En los especimenes maduros, la forma en espiral u ondulada puede ser vertical, horizontal o de columna, dependiendo de la profundidad a la que se encuentren, aunque son muy adaptables.<\/p><p>Los ejemplares encontrados en zonas m\u00e1s profundas tienen forma de plato y crecimiento horizontal, pero esto puede cambiar dr\u00e1sticamente a una forma m\u00e1s ondulada y crecimiento vertical al encontrarse m\u00e1s arriba, cerca de la superficie. Literalmente cambian de forma para aprovechar al m\u00e1ximo toda la luz que reciben.<\/p><p>Estas formas caracter\u00edsticas del coral se reflejan en algunos de los diferentes nombres que recibe: Coral vaso, turbante, coral Turbinaria enrollado y coral lechuga amarillo.<\/p><p>Adem\u00e1s de tener diferentes formas, los Turbinaria tambi\u00e9n tienen variaciones o diferencias en sus p\u00f3lipos. Cualquier Turbinaria con forma de plato o columna tiene al menos un lado cubierto de p\u00f3lipos o tejido. El color del coral generalmente es amarillento o caf\u00e9 verdoso, con los p\u00f3lipos amarillentos y la orilla amarilla. Sus p\u00f3lipos son peque\u00f1os y distintivamente espaciados, por lo que es f\u00e1cil identificar este coral.<\/p><p>Requiere de iluminaci\u00f3n moderada a alta en base a MH o T5 HO y circulaci\u00f3n fuerte para evitar que se le acumulen detritos encima.<\/p><p>Aunque este coral tambi\u00e9n posee zooxantelas simbiontes, necesita ser alimentado dos o tres\u00a0 veces a la semana con papilla casera, cyclop eeze o alg\u00fan alimento comercial.<\/p><p>El sentido com\u00fan nos indicar\u00e1 cuantas veces es necesario alimentarlo. Si los p\u00f3lipos empiezan a desaparecer, no est\u00e1 recibiendo suficiente comida.<\/p><p>Tambi\u00e9n es necesario aditar elementos traza como calcio, estroncio, magnesio y otros para que crezca y se desarrolle adecuadamente.<\/p><p>Es un coral pac\u00edfico y no molesta o irrita a sus vecinos, pero hay que tener precauci\u00f3n pues puede ser irritado o molestado por otros corales que s\u00ed sean agresivos.<\/p><p><strong><em>Fuentes del art\u00edculo:<\/em><\/strong><\/p><p><strong><em>Animal world<\/em><em>\u00a0<\/em><\/strong><\/p><p><strong><em>Origen de la imagen:<\/em><\/strong><\/p><p><strong><a href=\"http:\/\/www.sanjalica.com\"><em>http:\/\/www.sanjalica.com<\/em><\/a><em>\u00a0<\/em><\/strong><\/p><p><strong><em>Colaboraci\u00f3n de:<\/em><\/strong><\/p><p><strong><em>Jessica Romero Saldivar (AtOmIcFaRt)<\/em><\/strong><\/p>\t\t\t\t\t\t\t\t<\/div>\n\t\t\t\t<\/div>\n\t\t\t\t\t<\/div>\n\t\t<\/div>\n\t\t\t\t\t<\/div>\n\t\t<\/section>\n\t\t\t\t<\/div>\n\t\t","protected":false},"excerpt":{"rendered":"<p>Turbinaria Reniformis Nombre cient\u00edfico: Turbinaria reniformisNombre com\u00fan en ingl\u00e9s: Lettuce coralNombre com\u00fan en espa\u00f1ol: Coral lechugaFamilia: \u00a0DendrophyllidaeOrigen: Bali, Fiji, Indonesia y TongaPar\u00e1metros ideales:Salinidad: 1023 a 1025Temperatura: 23 a 26\u00ba CCalcio: 400 a 450 ppmAlcalinidad: 8&hellip;<\/p>\n","protected":false},"author":4,"featured_media":0,"parent":0,"menu_order":0,"comment_status":"closed","ping_status":"closed","template":"","meta":{"footnotes":""},"class_list":["post-4654","page","type-page","status-publish","hentry"],"_links":{"self":[{"href":"https:\/\/proyectos.pgiovas.com\/alfaquarium\/wp-json\/wp\/v2\/pages\/4654","targetHints":{"allow":["GET"]}}],"collection":[{"href":"https:\/\/proyectos.pgiovas.com\/alfaquarium\/wp-json\/wp\/v2\/pages"}],"about":[{"href":"https:\/\/proyectos.pgiovas.com\/alfaquarium\/wp-json\/wp\/v2\/types\/page"}],"author":[{"embeddable":true,"href":"https:\/\/proyectos.pgiovas.com\/alfaquarium\/wp-json\/wp\/v2\/users\/4"}],"replies":[{"embeddable":true,"href":"https:\/\/proyectos.pgiovas.com\/alfaquarium\/wp-json\/wp\/v2\/comments?post=4654"}],"version-history":[{"count":2,"href":"https:\/\/proyectos.pgiovas.com\/alfaquarium\/wp-json\/wp\/v2\/pages\/4654\/revisions"}],"predecessor-version":[{"id":4656,"href":"https:\/\/proyectos.pgiovas.com\/alfaquarium\/wp-json\/wp\/v2\/pages\/4654\/revisions\/4656"}],"wp:attachment":[{"href":"https:\/\/proyectos.pgiovas.com\/alfaquarium\/wp-json\/wp\/v2\/media?parent=4654"}],"curies":[{"name":"wp","href":"https:\/\/api.w.org\/{rel}","templated":true}]}}