{"id":4651,"date":"2020-10-28T22:21:07","date_gmt":"2020-10-28T22:21:07","guid":{"rendered":"http:\/\/alfaquarium.mx\/?page_id=4651"},"modified":"2020-10-28T22:28:37","modified_gmt":"2020-10-28T22:28:37","slug":"turbinaria-peltata","status":"publish","type":"page","link":"https:\/\/proyectos.pgiovas.com\/alfaquarium\/turbinaria-peltata","title":{"rendered":"Turbinaria Peltata"},"content":{"rendered":"\t\t<div data-elementor-type=\"wp-page\" data-elementor-id=\"4651\" class=\"elementor elementor-4651\">\n\t\t\t\t\t\t<section class=\"elementor-section elementor-top-section elementor-element elementor-element-79b8e8b elementor-section-full_width elementor-section-height-default elementor-section-height-default\" data-id=\"79b8e8b\" data-element_type=\"section\" data-e-type=\"section\">\n\t\t\t\t\t\t<div class=\"elementor-container elementor-column-gap-default\">\n\t\t\t\t\t<div class=\"elementor-column elementor-col-100 elementor-top-column elementor-element elementor-element-8003a9b\" data-id=\"8003a9b\" data-element_type=\"column\" data-e-type=\"column\">\n\t\t\t<div class=\"elementor-widget-wrap elementor-element-populated\">\n\t\t\t\t\t\t<div class=\"elementor-element elementor-element-a9cc64a elementor-widget elementor-widget-heading\" data-id=\"a9cc64a\" data-element_type=\"widget\" data-e-type=\"widget\" data-widget_type=\"heading.default\">\n\t\t\t\t<div class=\"elementor-widget-container\">\n\t\t\t\t\t<h3 class=\"elementor-heading-title elementor-size-default\">Turbinaria Peltata<\/h3>\t\t\t\t<\/div>\n\t\t\t\t<\/div>\n\t\t\t\t<div class=\"elementor-element elementor-element-254ba6f elementor-widget elementor-widget-spacer\" data-id=\"254ba6f\" data-element_type=\"widget\" data-e-type=\"widget\" data-widget_type=\"spacer.default\">\n\t\t\t\t<div class=\"elementor-widget-container\">\n\t\t\t\t\t\t\t<div class=\"elementor-spacer\">\n\t\t\t<div class=\"elementor-spacer-inner\"><\/div>\n\t\t<\/div>\n\t\t\t\t\t\t<\/div>\n\t\t\t\t<\/div>\n\t\t\t\t<div class=\"elementor-element elementor-element-65959d3 elementor-widget-divider--separator-type-pattern elementor-widget-divider--view-line elementor-widget elementor-widget-divider\" data-id=\"65959d3\" data-element_type=\"widget\" data-e-type=\"widget\" data-widget_type=\"divider.default\">\n\t\t\t\t<div class=\"elementor-widget-container\">\n\t\t\t\t\t\t\t<div class=\"elementor-divider\" style=\"--divider-pattern-url: url(&quot;data:image\/svg+xml,%3Csvg xmlns=&#039;http:\/\/www.w3.org\/2000\/svg&#039; preserveAspectRatio=&#039;none&#039; overflow=&#039;visible&#039; height=&#039;100%&#039; viewBox=&#039;0 0 24 24&#039; fill=&#039;none&#039; stroke=&#039;black&#039; stroke-width=&#039;7&#039; stroke-linecap=&#039;square&#039; stroke-miterlimit=&#039;10&#039;%3E%3Cpath d=&#039;M0,6c6,0,6,13,12,13S18,6,24,6&#039;\/%3E%3C\/svg%3E&quot;);\">\n\t\t\t<span class=\"elementor-divider-separator\">\n\t\t\t\t\t\t<\/span>\n\t\t<\/div>\n\t\t\t\t\t\t<\/div>\n\t\t\t\t<\/div>\n\t\t\t\t<div class=\"elementor-element elementor-element-600efcf elementor-widget elementor-widget-text-editor\" data-id=\"600efcf\" data-element_type=\"widget\" data-e-type=\"widget\" data-widget_type=\"text-editor.default\">\n\t\t\t\t<div class=\"elementor-widget-container\">\n\t\t\t\t\t\t\t\t\t<p><img fetchpriority=\"high\" decoding=\"async\" class=\"size-medium wp-image-1273 alignleft\" src=\"https:\/\/proyectos.pgiovas.com\/alfaquarium\/wp-content\/uploads\/2020\/08\/turbinaria_peltata-300x300.jpg\" alt=\"\" width=\"300\" height=\"300\" srcset=\"https:\/\/proyectos.pgiovas.com\/alfaquarium\/wp-content\/uploads\/2020\/08\/turbinaria_peltata-300x300.jpg 300w, https:\/\/proyectos.pgiovas.com\/alfaquarium\/wp-content\/uploads\/2020\/08\/turbinaria_peltata-150x150.jpg 150w, https:\/\/proyectos.pgiovas.com\/alfaquarium\/wp-content\/uploads\/2020\/08\/turbinaria_peltata-370x370.jpg 370w, https:\/\/proyectos.pgiovas.com\/alfaquarium\/wp-content\/uploads\/2020\/08\/turbinaria_peltata-90x90.jpg 90w, https:\/\/proyectos.pgiovas.com\/alfaquarium\/wp-content\/uploads\/2020\/08\/turbinaria_peltata-406x406.jpg 406w, https:\/\/proyectos.pgiovas.com\/alfaquarium\/wp-content\/uploads\/2020\/08\/turbinaria_peltata-143x143.jpg 143w, https:\/\/proyectos.pgiovas.com\/alfaquarium\/wp-content\/uploads\/2020\/08\/turbinaria_peltata-400x400.jpg 400w, https:\/\/proyectos.pgiovas.com\/alfaquarium\/wp-content\/uploads\/2020\/08\/turbinaria_peltata-100x100.jpg 100w, https:\/\/proyectos.pgiovas.com\/alfaquarium\/wp-content\/uploads\/2020\/08\/turbinaria_peltata.jpg 500w\" sizes=\"(max-width: 300px) 100vw, 300px\" \/><\/p><p><strong>Nombre cient\u00edfico:<\/strong> Turbinaria peltata<br \/><strong>Nombre com\u00fan en ingl\u00e9s<\/strong>: Cup coral \u00f3 Pagoda coral<br \/><strong>Nombre com\u00fan en espa\u00f1ol:<\/strong> Coral pagoda<br \/><strong>Familia:<\/strong> Dendrophyllidae<br \/><strong>Origen:<\/strong> Mar Rojo, Oc\u00e9ano \u00cdndico, Jap\u00f3n y Pac\u00edfico Central<br \/><strong>Par\u00e1metros ideales:<\/strong><br \/><strong>Salinidad:<\/strong> 1023 a 1025<br \/><strong>Temperatura:<\/strong> 23 a 26\u00ba C<br \/><strong>Calcio:<\/strong> 400 a 450 ppm<br \/><strong>Alcalinidad:<\/strong> 8 a 12 dKH<br \/><strong>Magnesio:<\/strong> 1200 a 1350<br \/><strong>Estroncio:<\/strong> 8 a 10<br \/><strong>PH:<\/strong> 8.10 a 8.40<\/p><p><strong>Informaci\u00f3n, cuidados y curiosidades: <\/strong>El coral Turbinaria peltata, tambi\u00e9n conocido como coral copa o pagoda, es un coral SPS (Small Polyp Stony, en ingl\u00e9s).<\/p><p>Este coral en la naturaleza generalmente crece en forma c\u00f3nica o de copa. Tambi\u00e9n se encuentra con forma de taza, con las orillas onduladas, plato, vaso o enrollado.<\/p><p>Aunque su coloraci\u00f3n puede ser amarillo brillante, caf\u00e9, roja, verde, crema o gris, la parte de de abajo de este coral siempre es azul claro, y sus p\u00f3lipos son color crema azulado.<\/p><p>Dependiendo de las condiciones a las que est\u00e9 expuesto, crecer\u00e1 de forma horizontal o vertical.<\/p><p>Cada Turbinaria es diferente y var\u00edan los cuidados y requerimientos de cada uno.<\/p><p>Aquellos cuya forma es muy retorcida o crece en forma de plato y es muy delgado, son los m\u00e1s dif\u00edciles de mantener en el acuario.<\/p><p>Es un coral muy pac\u00edfico y no molesta o da\u00f1a a sus vecinos, pero es necesario darle suficiente espacio por que crece muy r\u00e1pido.<\/p><p>\u00a0<\/p><p>Requiere iluminaci\u00f3n moderada combinado con corriente de agua moderada a fuerte.<\/p><p>Para que crezca y se mantenga sano y feliz, es necesario alimentarlo un par de veces a la semana con micro plankton, artemia reci\u00e9n eclosionada o alg\u00fan alimento comercial.<\/p><p>Tambi\u00e9n agradece mucho la adici\u00f3n de elementos traza como calcio, magnesio y estroncio.<\/p><p><strong><em>Fuentes del art\u00edculo:<\/em><\/strong><\/p><p><strong><em>Animal world<\/em><\/strong><\/p><p><strong><em>Origen de la imagen:<\/em><\/strong><\/p><p><strong><a href=\"http:\/\/www.flickr.com\"><em>http:\/\/www.flickr.com<\/em><\/a><em>\u00a0<\/em><\/strong><\/p><p><strong><em>Colaboraci\u00f3n de:<\/em><\/strong><\/p><p><strong><em>Jessica Romero Saldivar (AtOmIcFaRt)<\/em><\/strong><\/p>\t\t\t\t\t\t\t\t<\/div>\n\t\t\t\t<\/div>\n\t\t\t\t\t<\/div>\n\t\t<\/div>\n\t\t\t\t\t<\/div>\n\t\t<\/section>\n\t\t\t\t<\/div>\n\t\t","protected":false},"excerpt":{"rendered":"<p>Turbinaria Peltata Nombre cient\u00edfico: Turbinaria peltataNombre com\u00fan en ingl\u00e9s: Cup coral \u00f3 Pagoda coralNombre com\u00fan en espa\u00f1ol: Coral pagodaFamilia: DendrophyllidaeOrigen: Mar Rojo, Oc\u00e9ano \u00cdndico, Jap\u00f3n y Pac\u00edfico CentralPar\u00e1metros ideales:Salinidad: 1023 a 1025Temperatura: 23 a 26\u00ba&hellip;<\/p>\n","protected":false},"author":4,"featured_media":0,"parent":0,"menu_order":0,"comment_status":"closed","ping_status":"closed","template":"","meta":{"footnotes":""},"class_list":["post-4651","page","type-page","status-publish","hentry"],"_links":{"self":[{"href":"https:\/\/proyectos.pgiovas.com\/alfaquarium\/wp-json\/wp\/v2\/pages\/4651","targetHints":{"allow":["GET"]}}],"collection":[{"href":"https:\/\/proyectos.pgiovas.com\/alfaquarium\/wp-json\/wp\/v2\/pages"}],"about":[{"href":"https:\/\/proyectos.pgiovas.com\/alfaquarium\/wp-json\/wp\/v2\/types\/page"}],"author":[{"embeddable":true,"href":"https:\/\/proyectos.pgiovas.com\/alfaquarium\/wp-json\/wp\/v2\/users\/4"}],"replies":[{"embeddable":true,"href":"https:\/\/proyectos.pgiovas.com\/alfaquarium\/wp-json\/wp\/v2\/comments?post=4651"}],"version-history":[{"count":2,"href":"https:\/\/proyectos.pgiovas.com\/alfaquarium\/wp-json\/wp\/v2\/pages\/4651\/revisions"}],"predecessor-version":[{"id":4653,"href":"https:\/\/proyectos.pgiovas.com\/alfaquarium\/wp-json\/wp\/v2\/pages\/4651\/revisions\/4653"}],"wp:attachment":[{"href":"https:\/\/proyectos.pgiovas.com\/alfaquarium\/wp-json\/wp\/v2\/media?parent=4651"}],"curies":[{"name":"wp","href":"https:\/\/api.w.org\/{rel}","templated":true}]}}