{"id":4624,"date":"2020-10-28T19:10:07","date_gmt":"2020-10-28T19:10:07","guid":{"rendered":"http:\/\/alfaquarium.mx\/?page_id=4624"},"modified":"2020-10-28T19:16:28","modified_gmt":"2020-10-28T19:16:28","slug":"porites-sp","status":"publish","type":"page","link":"https:\/\/proyectos.pgiovas.com\/alfaquarium\/porites-sp","title":{"rendered":"Porites Sp"},"content":{"rendered":"\t\t<div data-elementor-type=\"wp-page\" data-elementor-id=\"4624\" class=\"elementor elementor-4624\">\n\t\t\t\t\t\t<section class=\"elementor-section elementor-top-section elementor-element elementor-element-79b8e8b elementor-section-full_width elementor-section-height-default elementor-section-height-default\" data-id=\"79b8e8b\" data-element_type=\"section\" data-e-type=\"section\">\n\t\t\t\t\t\t<div class=\"elementor-container elementor-column-gap-default\">\n\t\t\t\t\t<div class=\"elementor-column elementor-col-100 elementor-top-column elementor-element elementor-element-8003a9b\" data-id=\"8003a9b\" data-element_type=\"column\" data-e-type=\"column\">\n\t\t\t<div class=\"elementor-widget-wrap elementor-element-populated\">\n\t\t\t\t\t\t<div class=\"elementor-element elementor-element-a9cc64a elementor-widget elementor-widget-heading\" data-id=\"a9cc64a\" data-element_type=\"widget\" data-e-type=\"widget\" data-widget_type=\"heading.default\">\n\t\t\t\t<div class=\"elementor-widget-container\">\n\t\t\t\t\t<h3 class=\"elementor-heading-title elementor-size-default\">Porites Sp<\/h3>\t\t\t\t<\/div>\n\t\t\t\t<\/div>\n\t\t\t\t<div class=\"elementor-element elementor-element-254ba6f elementor-widget elementor-widget-spacer\" data-id=\"254ba6f\" data-element_type=\"widget\" data-e-type=\"widget\" data-widget_type=\"spacer.default\">\n\t\t\t\t<div class=\"elementor-widget-container\">\n\t\t\t\t\t\t\t<div class=\"elementor-spacer\">\n\t\t\t<div class=\"elementor-spacer-inner\"><\/div>\n\t\t<\/div>\n\t\t\t\t\t\t<\/div>\n\t\t\t\t<\/div>\n\t\t\t\t<div class=\"elementor-element elementor-element-65959d3 elementor-widget-divider--separator-type-pattern elementor-widget-divider--view-line elementor-widget elementor-widget-divider\" data-id=\"65959d3\" data-element_type=\"widget\" data-e-type=\"widget\" data-widget_type=\"divider.default\">\n\t\t\t\t<div class=\"elementor-widget-container\">\n\t\t\t\t\t\t\t<div class=\"elementor-divider\" style=\"--divider-pattern-url: url(&quot;data:image\/svg+xml,%3Csvg xmlns=&#039;http:\/\/www.w3.org\/2000\/svg&#039; preserveAspectRatio=&#039;none&#039; overflow=&#039;visible&#039; height=&#039;100%&#039; viewBox=&#039;0 0 24 24&#039; fill=&#039;none&#039; stroke=&#039;black&#039; stroke-width=&#039;7&#039; stroke-linecap=&#039;square&#039; stroke-miterlimit=&#039;10&#039;%3E%3Cpath d=&#039;M0,6c6,0,6,13,12,13S18,6,24,6&#039;\/%3E%3C\/svg%3E&quot;);\">\n\t\t\t<span class=\"elementor-divider-separator\">\n\t\t\t\t\t\t<\/span>\n\t\t<\/div>\n\t\t\t\t\t\t<\/div>\n\t\t\t\t<\/div>\n\t\t\t\t<div class=\"elementor-element elementor-element-600efcf elementor-widget elementor-widget-text-editor\" data-id=\"600efcf\" data-element_type=\"widget\" data-e-type=\"widget\" data-widget_type=\"text-editor.default\">\n\t\t\t\t<div class=\"elementor-widget-container\">\n\t\t\t\t\t\t\t\t\t<p><img fetchpriority=\"high\" decoding=\"async\" class=\"size-medium wp-image-1265 alignleft\" src=\"https:\/\/proyectos.pgiovas.com\/alfaquarium\/wp-content\/uploads\/2020\/08\/porites_sp-300x300.jpg\" alt=\"\" width=\"300\" height=\"300\" srcset=\"https:\/\/proyectos.pgiovas.com\/alfaquarium\/wp-content\/uploads\/2020\/08\/porites_sp-300x300.jpg 300w, https:\/\/proyectos.pgiovas.com\/alfaquarium\/wp-content\/uploads\/2020\/08\/porites_sp-150x150.jpg 150w, https:\/\/proyectos.pgiovas.com\/alfaquarium\/wp-content\/uploads\/2020\/08\/porites_sp-370x370.jpg 370w, https:\/\/proyectos.pgiovas.com\/alfaquarium\/wp-content\/uploads\/2020\/08\/porites_sp-90x90.jpg 90w, https:\/\/proyectos.pgiovas.com\/alfaquarium\/wp-content\/uploads\/2020\/08\/porites_sp-406x406.jpg 406w, https:\/\/proyectos.pgiovas.com\/alfaquarium\/wp-content\/uploads\/2020\/08\/porites_sp-143x143.jpg 143w, https:\/\/proyectos.pgiovas.com\/alfaquarium\/wp-content\/uploads\/2020\/08\/porites_sp-400x400.jpg 400w, https:\/\/proyectos.pgiovas.com\/alfaquarium\/wp-content\/uploads\/2020\/08\/porites_sp-100x100.jpg 100w, https:\/\/proyectos.pgiovas.com\/alfaquarium\/wp-content\/uploads\/2020\/08\/porites_sp.jpg 500w\" sizes=\"(max-width: 300px) 100vw, 300px\" \/><\/p><p><strong>Nombre cient\u00edfico:<\/strong> Porites sp<br \/><strong>Nombre com\u00fan en ingl\u00e9s:<\/strong> Christmas tree worm rock, boulder coral<br \/><strong>Nombre com\u00fan en espa\u00f1ol:<\/strong> Porites<br \/><strong>Familia:<\/strong> Poritidae<br \/><strong>Origen:<\/strong> La mayor\u00eda de los mares y oc\u00e9anos del mundo y cultivado<br \/><strong>Par\u00e1metros ideales:<\/strong><br \/><strong>Salinidad:<\/strong> 1023 a 1025<br \/><strong>Temperatura:<\/strong> 23 a 26\u00ba C<br \/><strong>Calcio:<\/strong> 400 a 450 ppm<br \/><strong>Alcalinidad:<\/strong> 8 a 12 dKH<br \/><strong>Magnesio:<\/strong> 1200 a 1350<br \/><strong>Estroncio:<\/strong> 8 a 10<br \/><strong>PH:<\/strong> 8.10 a 8.40<\/p><p><strong>Informaci\u00f3n, cuidados y curiosidades: <\/strong>El g\u00e9nero Porites engloba a algunos de los organismos m\u00e1s longevos de la tierra, que pueden alcanzar proporciones masivas en la naturaleza. Tambi\u00e9n forman algunas de las colonias de corales m\u00e1s grandes, que en algunos casos sobrepasan los 8 metros de altura. Bas\u00e1ndose en su tasa de crecimiento, se cree que algunas de estas colonias pueden tener m\u00e1s de 1000 a\u00f1os de antig\u00fcedad. Pero esto no quiere decir que en cautiverio vamos a tener al Porites asom\u00e1ndose hasta por la ventana de la cocina por que ya se desbord\u00f3 del acuario. Es un coral que crece muy lentamente (un promedio de 9 mil\u00edmetros al a\u00f1o).<\/p><p>Su esqueleto es ligero y poroso. Sus formas de crecimiento pueden ser incrustante, l\u00e1minas planas en forma de hoja, domo o ramificado.<\/p><p>Algunas especies incrustantes del g\u00e9nero Porites a menudo llegan de contrabando en la roca viva. Estos corales pueden encontrarse en diferentes y variados colores. Algunos son: Verde, azul, amarillo oro, p\u00farpura y rosa. Estos colores generalmente son muy intensos, y el color de muchos espec\u00edmenes se intensifica a\u00fan m\u00e1s estando bajo iluminaci\u00f3n intensa.<\/p><p>Hay una especie de Porites que vive en perfecta simbiosis con un gusanito llamado worm fan o Christmas tree worm en ingl\u00e9s, que taladra el esqueleto del Porites y se instala en \u00e9l muy a gusto. Esta curios\u00edsima relaci\u00f3n comensal entre el coral y el gusanito es una maravilla m\u00e1s del Oc\u00e9ano. Aunque estos corales generalmente son vendidos por el gusanito, se debe cuidar bien del coral, puesto que el gusanito no podr\u00e1 seguir viviendo si el coral muere.<\/p><p>Al principio este coral puede ser bastante delicado y dif\u00edcil de mantener, pero una vez que se adapta y aclimata, es muy resistente. Aquellas especies que llegan de contrabando incrustadas en la roca viva suelen ser las m\u00e1s resistentes, y las que extruden sus tent\u00e1culos d\u00eda y noche.<\/p><p>Las variedades m\u00e1s dif\u00edciles de mantener son aquellas que solamente extruden sus tent\u00e1culos durante el d\u00eda o durante la noche. Para crecer, desarrollarse y mantenerse siempre sano y contento, necesita estar en un acuario no muy profundo, iluminaci\u00f3n intensa y movimiento de agua fuerte. Posee zooxantelas simbiontes y de ellas recibe la mayor\u00eda de los nutrientes que necesita. Tambi\u00e9n captura microorganismos min\u00fasculos en la columna de agua, pero tambi\u00e9n se le puede dar comidas l\u00edquidas comerciales especiales. Tambi\u00e9n requieren adici\u00f3n constante de elementos traza para crecer, desarrollarse y mantenerse sano y contento.<\/p><p>No es un coral apto para principiantes, pues para sobrevivir necesita estar en un acuario perfectamente maduro y establecido.<\/p><p><strong><em>Fuentes del art\u00edculo:<\/em><\/strong><\/p><p><strong><em>Animal world<\/em><em>\u00a0<\/em><\/strong><\/p><p><strong><em>Origen de la imagen:<\/em><\/strong><\/p><p><strong><a href=\"http:\/\/www.aboututila.com\"><em>http:\/\/www.aboututila.com<\/em><\/a><\/strong><\/p><p><strong><em>Colaboraci\u00f3n de:<\/em><\/strong><\/p><p><strong><em>Jessica Romero Saldivar (AtOmIcFaRt)<\/em><\/strong><\/p>\t\t\t\t\t\t\t\t<\/div>\n\t\t\t\t<\/div>\n\t\t\t\t\t<\/div>\n\t\t<\/div>\n\t\t\t\t\t<\/div>\n\t\t<\/section>\n\t\t\t\t<\/div>\n\t\t","protected":false},"excerpt":{"rendered":"<p>Porites Sp Nombre cient\u00edfico: Porites spNombre com\u00fan en ingl\u00e9s: Christmas tree worm rock, boulder coralNombre com\u00fan en espa\u00f1ol: PoritesFamilia: PoritidaeOrigen: La mayor\u00eda de los mares y oc\u00e9anos del mundo y cultivadoPar\u00e1metros ideales:Salinidad: 1023 a 1025Temperatura:&hellip;<\/p>\n","protected":false},"author":4,"featured_media":0,"parent":0,"menu_order":0,"comment_status":"closed","ping_status":"closed","template":"","meta":{"footnotes":""},"class_list":["post-4624","page","type-page","status-publish","hentry"],"_links":{"self":[{"href":"https:\/\/proyectos.pgiovas.com\/alfaquarium\/wp-json\/wp\/v2\/pages\/4624","targetHints":{"allow":["GET"]}}],"collection":[{"href":"https:\/\/proyectos.pgiovas.com\/alfaquarium\/wp-json\/wp\/v2\/pages"}],"about":[{"href":"https:\/\/proyectos.pgiovas.com\/alfaquarium\/wp-json\/wp\/v2\/types\/page"}],"author":[{"embeddable":true,"href":"https:\/\/proyectos.pgiovas.com\/alfaquarium\/wp-json\/wp\/v2\/users\/4"}],"replies":[{"embeddable":true,"href":"https:\/\/proyectos.pgiovas.com\/alfaquarium\/wp-json\/wp\/v2\/comments?post=4624"}],"version-history":[{"count":2,"href":"https:\/\/proyectos.pgiovas.com\/alfaquarium\/wp-json\/wp\/v2\/pages\/4624\/revisions"}],"predecessor-version":[{"id":4626,"href":"https:\/\/proyectos.pgiovas.com\/alfaquarium\/wp-json\/wp\/v2\/pages\/4624\/revisions\/4626"}],"wp:attachment":[{"href":"https:\/\/proyectos.pgiovas.com\/alfaquarium\/wp-json\/wp\/v2\/media?parent=4624"}],"curies":[{"name":"wp","href":"https:\/\/api.w.org\/{rel}","templated":true}]}}