{"id":4620,"date":"2020-10-28T19:03:53","date_gmt":"2020-10-28T19:03:53","guid":{"rendered":"http:\/\/alfaquarium.mx\/?page_id=4620"},"modified":"2020-10-28T19:09:37","modified_gmt":"2020-10-28T19:09:37","slug":"porites-porites","status":"publish","type":"page","link":"https:\/\/proyectos.pgiovas.com\/alfaquarium\/porites-porites","title":{"rendered":"Porites Porites"},"content":{"rendered":"\t\t<div data-elementor-type=\"wp-page\" data-elementor-id=\"4620\" class=\"elementor elementor-4620\">\n\t\t\t\t\t\t<section class=\"elementor-section elementor-top-section elementor-element elementor-element-79b8e8b elementor-section-full_width elementor-section-height-default elementor-section-height-default\" data-id=\"79b8e8b\" data-element_type=\"section\" data-e-type=\"section\">\n\t\t\t\t\t\t<div class=\"elementor-container elementor-column-gap-default\">\n\t\t\t\t\t<div class=\"elementor-column elementor-col-100 elementor-top-column elementor-element elementor-element-8003a9b\" data-id=\"8003a9b\" data-element_type=\"column\" data-e-type=\"column\">\n\t\t\t<div class=\"elementor-widget-wrap elementor-element-populated\">\n\t\t\t\t\t\t<div class=\"elementor-element elementor-element-a9cc64a elementor-widget elementor-widget-heading\" data-id=\"a9cc64a\" data-element_type=\"widget\" data-e-type=\"widget\" data-widget_type=\"heading.default\">\n\t\t\t\t<div class=\"elementor-widget-container\">\n\t\t\t\t\t<h3 class=\"elementor-heading-title elementor-size-default\">Porites Porites<\/h3>\t\t\t\t<\/div>\n\t\t\t\t<\/div>\n\t\t\t\t<div class=\"elementor-element elementor-element-254ba6f elementor-widget elementor-widget-spacer\" data-id=\"254ba6f\" data-element_type=\"widget\" data-e-type=\"widget\" data-widget_type=\"spacer.default\">\n\t\t\t\t<div class=\"elementor-widget-container\">\n\t\t\t\t\t\t\t<div class=\"elementor-spacer\">\n\t\t\t<div class=\"elementor-spacer-inner\"><\/div>\n\t\t<\/div>\n\t\t\t\t\t\t<\/div>\n\t\t\t\t<\/div>\n\t\t\t\t<div class=\"elementor-element elementor-element-65959d3 elementor-widget-divider--separator-type-pattern elementor-widget-divider--view-line elementor-widget elementor-widget-divider\" data-id=\"65959d3\" data-element_type=\"widget\" data-e-type=\"widget\" data-widget_type=\"divider.default\">\n\t\t\t\t<div class=\"elementor-widget-container\">\n\t\t\t\t\t\t\t<div class=\"elementor-divider\" style=\"--divider-pattern-url: url(&quot;data:image\/svg+xml,%3Csvg xmlns=&#039;http:\/\/www.w3.org\/2000\/svg&#039; preserveAspectRatio=&#039;none&#039; overflow=&#039;visible&#039; height=&#039;100%&#039; viewBox=&#039;0 0 24 24&#039; fill=&#039;none&#039; stroke=&#039;black&#039; stroke-width=&#039;7&#039; stroke-linecap=&#039;square&#039; stroke-miterlimit=&#039;10&#039;%3E%3Cpath d=&#039;M0,6c6,0,6,13,12,13S18,6,24,6&#039;\/%3E%3C\/svg%3E&quot;);\">\n\t\t\t<span class=\"elementor-divider-separator\">\n\t\t\t\t\t\t<\/span>\n\t\t<\/div>\n\t\t\t\t\t\t<\/div>\n\t\t\t\t<\/div>\n\t\t\t\t<div class=\"elementor-element elementor-element-600efcf elementor-widget elementor-widget-text-editor\" data-id=\"600efcf\" data-element_type=\"widget\" data-e-type=\"widget\" data-widget_type=\"text-editor.default\">\n\t\t\t\t<div class=\"elementor-widget-container\">\n\t\t\t\t\t\t\t\t\t<p><img fetchpriority=\"high\" decoding=\"async\" class=\"size-medium wp-image-1264 alignleft\" src=\"https:\/\/proyectos.pgiovas.com\/alfaquarium\/wp-content\/uploads\/2020\/08\/porites_porites-300x300.jpg\" alt=\"\" width=\"300\" height=\"300\" srcset=\"https:\/\/proyectos.pgiovas.com\/alfaquarium\/wp-content\/uploads\/2020\/08\/porites_porites-300x300.jpg 300w, https:\/\/proyectos.pgiovas.com\/alfaquarium\/wp-content\/uploads\/2020\/08\/porites_porites-150x150.jpg 150w, https:\/\/proyectos.pgiovas.com\/alfaquarium\/wp-content\/uploads\/2020\/08\/porites_porites-370x370.jpg 370w, https:\/\/proyectos.pgiovas.com\/alfaquarium\/wp-content\/uploads\/2020\/08\/porites_porites-90x90.jpg 90w, https:\/\/proyectos.pgiovas.com\/alfaquarium\/wp-content\/uploads\/2020\/08\/porites_porites-406x406.jpg 406w, https:\/\/proyectos.pgiovas.com\/alfaquarium\/wp-content\/uploads\/2020\/08\/porites_porites-143x143.jpg 143w, https:\/\/proyectos.pgiovas.com\/alfaquarium\/wp-content\/uploads\/2020\/08\/porites_porites-400x400.jpg 400w, https:\/\/proyectos.pgiovas.com\/alfaquarium\/wp-content\/uploads\/2020\/08\/porites_porites-100x100.jpg 100w, https:\/\/proyectos.pgiovas.com\/alfaquarium\/wp-content\/uploads\/2020\/08\/porites_porites.jpg 500w\" sizes=\"(max-width: 300px) 100vw, 300px\" \/><\/p><p><strong>Nombre cient\u00edfico:<\/strong> Porites porites<br \/><strong>Nombre com\u00fan en ingl\u00e9s:<\/strong> Boulder coral<br \/><strong>Nombre com\u00fan en espa\u00f1ol:<\/strong> Coral pedrusco<br \/><strong>Familia:<\/strong> Poritidae<br \/><strong>Origen:<\/strong> Casi todos los Oc\u00e9anos y Mares tropicales del mundo <br \/><strong>Par\u00e1metros ideales:<\/strong><br \/><strong>Salinidad:<\/strong> 1023 a 1025<br \/><strong>Temperatura:<\/strong> 23 a 26\u00ba C<br \/><strong>Calcio:<\/strong> 400 a 450 ppm<br \/><strong>Alcalinidad:<\/strong> 8 a 12 dKH<br \/><strong>Magnesio:<\/strong> 1200 a 1350<br \/><strong>Estroncio:<\/strong> 8 a 10<br \/><strong>PH:<\/strong> 8.10 a 8.40<br \/><br \/><strong>Informaci\u00f3n, cuidados y curiosidades: <\/strong>Los corales del g\u00e9nero Porites fueron descritos por Linck en 1807. Hay aproximadamente 122 especies nominales, pero a\u00fan no se sabe cu\u00e1ntas de estas son especies verdaderas. En aguas australianas, todas las 16 especies que pueden ser encontradas all\u00ed son consideradas especies verdaderas. Han demostrado ser dif\u00edciles de clasificar como especies individuales debido a sus diminutos c\u00e1lices.<\/p><p>En algunas \u00e1reas, el coral Porites nigrescens es importado accidentalmente con la esponja azul Haliciona sp, la cual es originaria de Indonesia. Cosa rara en el Oc\u00e9ano, la esponja generalmente mata al coral P. Nigrescens, pero debido a la tasa de mortalidad de la esponja, esta generalmente muere en cautiverio o durante el transporte, dejando al Porites intacto. Si lleg\u00e1ramos a obtener a estos dos especimenes juntos, es necesario separarlos para asegurar la sobrevivencia del coral. Esta especie de Porites de hecho es bastante resistente en cautiverio.<\/p><p>Los corales del g\u00e9nero Porites son originarios de todos los Mares y Oc\u00e9anos tropicales del mundo.<\/p><p>Viven en un amplio rango de h\u00e1bitats. Viven en casi todos los medios ambientes arrecifales, desde lagunas hasta el frente de los arrecifes, as\u00ed como en las bases de los mont\u00edculos coralinos y sobre sustratos arenosos que pueden ser inclinados o planos.<\/p><p>El agua generalmente est\u00e1 muy turbia y con mucha corriente. Se ha observado que algunas especies pueden sobrevivir en aguas con baja salinidad.<\/p><p>Los esqueletos de los corales Porites son ligeros y porosos. Pueden tener diferentes formas de crecimiento que pueden ser bastante grandes. Estas formas incluyen colonias aplanadas e incrustantes, hojas parecidas a frondas, colonias masivas con forma de domo y colonias ramificadas. Algunas especies pueden tener varias de estas caracter\u00edsticas en la misma colonia, porque sus formas de crecimiento est\u00e1n determinadas por la corriente de agua.<\/p><p>El coral Porites porites puede crecer de una forma esf\u00e9rica o semi esf\u00e9rica masiva. Sus colonias pueden alcanzar 8 m de altura y pueden tener 5 m de di\u00e1metro. Se expanden muy lentamente pues crecen solamente 9\u00a0 mm al a\u00f1o. En el Oc\u00e9ano existen colonias que se estima tienen m\u00e1s de 1000 a\u00f1os.<\/p><p>Los coralites de los corales del g\u00e9nero Porites son peque\u00f1os, est\u00e1n sumergidos y llenos de septas. El n\u00famero de septas del g\u00e9nero Porites les han dado a estos corales una apariencia de joya, como si tuviera gemas incrustadas en sus superficies. A menudo son confundidos con los corales Montipora pues ambos poseen coralites extremadamente peque\u00f1os. Sin embargo, los corales Porites tienen muchas diferencias en sus formas de crecimiento, y sus coralites generalmente son m\u00e1s grandes y compactos que los de los corales Montipora. Los corales Montipora tambi\u00e9n carecen del mismo tipo de septas.<\/p><p>Los colores de los corales Porites pueden ser verde, azul, mostaza, amarillo, p\u00farpura, rosa y tambi\u00e9n de versiones apagadas de estos colores. A menudo secretan una capa mucosa cada mes durante la luna llena para deshacerse de sus desperdicios.<\/p><p>El coral Porites porites puede ser dif\u00edcil de mantener, pero una vez que se ha adaptado y aclimatado puede ser muy resistente. Las especies que llegan al acuario incrustadas en las rocas vivas tienden a ser las m\u00e1s resistentes, cuyos tent\u00e1culos se extienden durante el d\u00eda y la noche, mientras que las m\u00e1s dif\u00edciles de mantener son aquellas especies cuyos tent\u00e1culos solamente se extienden durante la noche o durante el d\u00eda.<\/p><p>Los corales Porites a menudo se desprenden de su capa superficial de tejido para deshacerse de sus desperdicios o de algas. Esto lo hacen casi al mismo tiempo que cuando la luna est\u00e1 llena. Este desperdicio debe ser removido del acuario para prevenir que contamine el agua del acuario.<\/p><p>En la naturaleza los corales SPS han desarrollado diversas estrategias para alimentarse.<\/p><p>A trav\u00e9s de una relaci\u00f3n simbi\u00f3tica con las algas marinas zooxantelas reciben parte de los nutrientes que necesitan. Tambi\u00e9n capturan organismos planct\u00f3nicos y part\u00edculas microsc\u00f3picas de comida y absorben materia org\u00e1nica disuelta en la columna de agua.<\/p><p>Los peque\u00f1os tent\u00e1culos que poseen los corales Porites sin embargo, hacen que sea menos viable que puedan capturar alimentos planct\u00f3nicos que los dem\u00e1s corales SPS.<\/p><p>En cautiverio est\u00e1n mejor en acuarios bien alimentados. Los corales SPS obtienen mucha de su nutrici\u00f3n de las algas zooxantelas que viven entre sus tejidos y de la materia org\u00e1nica de la columna de agua. Estos corales generalmente se mantienen de la iluminaci\u00f3n alta y peque\u00f1os organismos que flotan en la columna de agua, pero se pueden beneficiar de los alimentos l\u00edquidos para corales o preparaciones l\u00edquidas de plancton.<\/p><p>Como a los dem\u00e1s corales Porites, es mejor mantener a este coral en un acuario m\u00e1s ancho que alto, con iluminaci\u00f3n alta y mucha corriente de agua. Es mejor mantenerlos junto a peces que produzcan materia org\u00e1nica disuelta. Hay que asegurarnos que los dem\u00e1s corales no entren en contacto con \u00e9l.<\/p><p>No es un coral agresivo pues quiz\u00e1s es uno de los corales m\u00e1s sumisos, pero tambi\u00e9n es muy adaptable. Puede sobrevivir ataques de otros corales, volviendo a crecer y recalcific\u00e1ndose incluso cuando partes de su esqueleto han muerto.<\/p><p>Sus colonias pueden ser macho o hembra, aunque no existen diferencias visibles en su apariencia.<\/p><p>Los corales SPS son machos y hembras y pueden reproducirse sexual o asexualmente. En la naturaleza, en casi todos los corales del g\u00e9nero Porites, la reproducci\u00f3n sexual se realiza internamente. Estos corales forman colonias machos o hembras, un rasgo que comparten con el g\u00e9nero Goniopora. Las colonias macho de los Porites liberan esperma de nado libre que las colonias hembra absorben. M\u00e1s que liberar huevecillos en la columna de agua, los p\u00f3lipos hembra incuban las pl\u00e1nulas en cavidades corporales. Liberan a las larvas maduras cuando su desarrollo se ha completado. Dependen de que el esperma de nado libre que los machos liberan las alcance. Algunas hembras de ciertas especies liberan paquetes de huevecillos en la columna de agua, para que se encuentren con el esperma de las colonias macho, pero solamente unas cuantas especies se reproducen as\u00ed. En la naturaleza los corales SPS tambi\u00e9n se reproducen asexualmente, por la fragmentaci\u00f3n debida a las tormentas o accidentes.<\/p><p>La propagaci\u00f3n de este coral se realiza cort\u00e1ndolo con una sierra el\u00e9ctrica o una sierra manual para hueso. El fragmento se pega con cianoacrilato o resina ep\u00f3xica a un plug o a una roca viva. Hay que colocar el fragmento en una zona del acuario con mucha corriente de agua.<\/p><p>Aunque los Porites son corales resistentes, pueden adquirir las mismas enfermedades que los dem\u00e1s corales SPS si no est\u00e1n bien cuidados y mantenidos. Entre las enfermedades que pueden adquirir, est\u00e1n el blanqueamiento, la Enfermedad de la Banda Negra, Enfermedad de la Banda Blanca, ser invadidos por las algas entre toras.<\/p><p>Si el coral presenta cualquier tipo de recesi\u00f3n de tejido, hay que extirparle la parte enferma. Hay que asegurarnos de cortar tambi\u00e9n parte del tejido sano, para asegurarnos que no quede ning\u00fan resto del tejido da\u00f1ado.<\/p><p><em><strong>Fuentes del art\u00edculo:<\/strong><\/em><\/p><p><strong><em>Animal world<\/em><em>\u00a0<\/em><\/strong><\/p><p><strong><em>Origen de la imagen:<\/em><\/strong><\/p><p><strong><em>http:\/\/www.advancedaquarist.com<\/em><em>\u00a0<\/em><\/strong><\/p><p><strong><em>Colaboraci\u00f3n de:<\/em><\/strong><\/p><p><strong><em>Jessica Romero Saldivar (AtOmIcFaRt)<\/em><\/strong><\/p>\t\t\t\t\t\t\t\t<\/div>\n\t\t\t\t<\/div>\n\t\t\t\t\t<\/div>\n\t\t<\/div>\n\t\t\t\t\t<\/div>\n\t\t<\/section>\n\t\t\t\t<\/div>\n\t\t","protected":false},"excerpt":{"rendered":"<p>Porites Porites Nombre cient\u00edfico: Porites poritesNombre com\u00fan en ingl\u00e9s: Boulder coralNombre com\u00fan en espa\u00f1ol: Coral pedruscoFamilia: PoritidaeOrigen: Casi todos los Oc\u00e9anos y Mares tropicales del mundo Par\u00e1metros ideales:Salinidad: 1023 a 1025Temperatura: 23 a 26\u00ba CCalcio:&hellip;<\/p>\n","protected":false},"author":4,"featured_media":0,"parent":0,"menu_order":0,"comment_status":"closed","ping_status":"closed","template":"","meta":{"footnotes":""},"class_list":["post-4620","page","type-page","status-publish","hentry"],"_links":{"self":[{"href":"https:\/\/proyectos.pgiovas.com\/alfaquarium\/wp-json\/wp\/v2\/pages\/4620","targetHints":{"allow":["GET"]}}],"collection":[{"href":"https:\/\/proyectos.pgiovas.com\/alfaquarium\/wp-json\/wp\/v2\/pages"}],"about":[{"href":"https:\/\/proyectos.pgiovas.com\/alfaquarium\/wp-json\/wp\/v2\/types\/page"}],"author":[{"embeddable":true,"href":"https:\/\/proyectos.pgiovas.com\/alfaquarium\/wp-json\/wp\/v2\/users\/4"}],"replies":[{"embeddable":true,"href":"https:\/\/proyectos.pgiovas.com\/alfaquarium\/wp-json\/wp\/v2\/comments?post=4620"}],"version-history":[{"count":3,"href":"https:\/\/proyectos.pgiovas.com\/alfaquarium\/wp-json\/wp\/v2\/pages\/4620\/revisions"}],"predecessor-version":[{"id":4623,"href":"https:\/\/proyectos.pgiovas.com\/alfaquarium\/wp-json\/wp\/v2\/pages\/4620\/revisions\/4623"}],"wp:attachment":[{"href":"https:\/\/proyectos.pgiovas.com\/alfaquarium\/wp-json\/wp\/v2\/media?parent=4620"}],"curies":[{"name":"wp","href":"https:\/\/api.w.org\/{rel}","templated":true}]}}