{"id":4590,"date":"2020-10-28T00:38:49","date_gmt":"2020-10-28T00:38:49","guid":{"rendered":"http:\/\/alfaquarium.mx\/?page_id=4590"},"modified":"2020-10-28T00:46:48","modified_gmt":"2020-10-28T00:46:48","slug":"montipora-foliosa","status":"publish","type":"page","link":"https:\/\/proyectos.pgiovas.com\/alfaquarium\/montipora-foliosa","title":{"rendered":"Montipora Foliosa"},"content":{"rendered":"\t\t<div data-elementor-type=\"wp-page\" data-elementor-id=\"4590\" class=\"elementor elementor-4590\">\n\t\t\t\t\t\t<section class=\"elementor-section elementor-top-section elementor-element elementor-element-79b8e8b elementor-section-full_width elementor-section-height-default elementor-section-height-default\" data-id=\"79b8e8b\" data-element_type=\"section\" data-e-type=\"section\">\n\t\t\t\t\t\t<div class=\"elementor-container elementor-column-gap-default\">\n\t\t\t\t\t<div class=\"elementor-column elementor-col-100 elementor-top-column elementor-element elementor-element-8003a9b\" data-id=\"8003a9b\" data-element_type=\"column\" data-e-type=\"column\">\n\t\t\t<div class=\"elementor-widget-wrap elementor-element-populated\">\n\t\t\t\t\t\t<div class=\"elementor-element elementor-element-a9cc64a elementor-widget elementor-widget-heading\" data-id=\"a9cc64a\" data-element_type=\"widget\" data-e-type=\"widget\" data-widget_type=\"heading.default\">\n\t\t\t\t<div class=\"elementor-widget-container\">\n\t\t\t\t\t<h3 class=\"elementor-heading-title elementor-size-default\">Montipora Foliosa<\/h3>\t\t\t\t<\/div>\n\t\t\t\t<\/div>\n\t\t\t\t<div class=\"elementor-element elementor-element-254ba6f elementor-widget elementor-widget-spacer\" data-id=\"254ba6f\" data-element_type=\"widget\" data-e-type=\"widget\" data-widget_type=\"spacer.default\">\n\t\t\t\t<div class=\"elementor-widget-container\">\n\t\t\t\t\t\t\t<div class=\"elementor-spacer\">\n\t\t\t<div class=\"elementor-spacer-inner\"><\/div>\n\t\t<\/div>\n\t\t\t\t\t\t<\/div>\n\t\t\t\t<\/div>\n\t\t\t\t<div class=\"elementor-element elementor-element-65959d3 elementor-widget-divider--separator-type-pattern elementor-widget-divider--view-line elementor-widget elementor-widget-divider\" data-id=\"65959d3\" data-element_type=\"widget\" data-e-type=\"widget\" data-widget_type=\"divider.default\">\n\t\t\t\t<div class=\"elementor-widget-container\">\n\t\t\t\t\t\t\t<div class=\"elementor-divider\" style=\"--divider-pattern-url: url(&quot;data:image\/svg+xml,%3Csvg xmlns=&#039;http:\/\/www.w3.org\/2000\/svg&#039; preserveAspectRatio=&#039;none&#039; overflow=&#039;visible&#039; height=&#039;100%&#039; viewBox=&#039;0 0 24 24&#039; fill=&#039;none&#039; stroke=&#039;black&#039; stroke-width=&#039;7&#039; stroke-linecap=&#039;square&#039; stroke-miterlimit=&#039;10&#039;%3E%3Cpath d=&#039;M0,6c6,0,6,13,12,13S18,6,24,6&#039;\/%3E%3C\/svg%3E&quot;);\">\n\t\t\t<span class=\"elementor-divider-separator\">\n\t\t\t\t\t\t<\/span>\n\t\t<\/div>\n\t\t\t\t\t\t<\/div>\n\t\t\t\t<\/div>\n\t\t\t\t<div class=\"elementor-element elementor-element-600efcf elementor-widget elementor-widget-text-editor\" data-id=\"600efcf\" data-element_type=\"widget\" data-e-type=\"widget\" data-widget_type=\"text-editor.default\">\n\t\t\t\t<div class=\"elementor-widget-container\">\n\t\t\t\t\t\t\t\t\t<p><img fetchpriority=\"high\" decoding=\"async\" class=\"size-medium wp-image-1255 alignleft\" src=\"https:\/\/proyectos.pgiovas.com\/alfaquarium\/wp-content\/uploads\/2020\/08\/montipora_foliosa-300x300.jpg\" alt=\"\" width=\"300\" height=\"300\" srcset=\"https:\/\/proyectos.pgiovas.com\/alfaquarium\/wp-content\/uploads\/2020\/08\/montipora_foliosa-300x300.jpg 300w, https:\/\/proyectos.pgiovas.com\/alfaquarium\/wp-content\/uploads\/2020\/08\/montipora_foliosa-150x150.jpg 150w, https:\/\/proyectos.pgiovas.com\/alfaquarium\/wp-content\/uploads\/2020\/08\/montipora_foliosa-370x370.jpg 370w, https:\/\/proyectos.pgiovas.com\/alfaquarium\/wp-content\/uploads\/2020\/08\/montipora_foliosa-90x90.jpg 90w, https:\/\/proyectos.pgiovas.com\/alfaquarium\/wp-content\/uploads\/2020\/08\/montipora_foliosa-406x406.jpg 406w, https:\/\/proyectos.pgiovas.com\/alfaquarium\/wp-content\/uploads\/2020\/08\/montipora_foliosa-143x143.jpg 143w, https:\/\/proyectos.pgiovas.com\/alfaquarium\/wp-content\/uploads\/2020\/08\/montipora_foliosa-400x400.jpg 400w, https:\/\/proyectos.pgiovas.com\/alfaquarium\/wp-content\/uploads\/2020\/08\/montipora_foliosa-100x100.jpg 100w, https:\/\/proyectos.pgiovas.com\/alfaquarium\/wp-content\/uploads\/2020\/08\/montipora_foliosa.jpg 500w\" sizes=\"(max-width: 300px) 100vw, 300px\" \/><\/p><p><strong>Nombre cient\u00edfico:<\/strong> Montipora foliosa<br \/><strong>Nombre com\u00fan en ingl\u00e9s:<\/strong> Cabbage coral<br \/><strong>Nombre com\u00fan en espa\u00f1ol:<\/strong> Montipora foliosa<br \/><strong>Familia:<\/strong> Acroporidae<br \/><strong>Origen:<\/strong> Indo Pac\u00edfico <br \/><strong>Par\u00e1metros ideales:<\/strong><br \/><strong>Salinidad:<\/strong> 1023 a 1025<br \/><strong>Temperatura:<\/strong> 23 a 26\u00ba C<br \/><strong>Calcio:<\/strong> 400 a 450 ppm<br \/><strong>Alcalinidad:<\/strong> 8 a 12 dKH<br \/><strong>Magnesio:<\/strong> 1200 a 1350<br \/><strong>Estroncio:<\/strong> 8 a 10<br \/><strong>PH:<\/strong> 8.10 a 8.40<\/p><p><strong>Informaci\u00f3n, cuidados y curiosidades: <\/strong>El coral Montipora foliosa fue descrito por Pailas en 1766.<\/p><p>Este coral generalmente puede encontrarse en las aguas de Australia, en la Gran Barrera de Arrecifes, el Mar de Coral y las islas Houtman Abrolhos. Tambi\u00e9n pueden encontrarse en el Mar Rojo, Nuevas H\u00e9bridas y Fiji.<\/p><p>Generalmente vive en la parte superior de las laderas protegidas de los arrecifes, en aguas someras y templadas, como lagunas, a profundidades que van de los 0 a los 3 m. El movimiento del agua en su h\u00e1bitat es calmo pero turbulento, un movimiento de agua no lineal. A veces, el arrecife puede estar formado completamente por esta especie de Montipora.<\/p><p>Los corales Montipora pueden encontrarse en aguas profundas (a m\u00e1s de 10 m de profundidad), en las crestas de los arrecifes, cristalinos arrecifes oce\u00e1nicos y lagunas turbias por los sedimentos. Aunque su distribuci\u00f3n es amplia, es m\u00e1s probable encontrarlos en aguas tranquilas a una profundidad media.<\/p><p>Los Montipora tienen esqueletos muy porosos y ligeros. El coral M. Foliosa es una especie con forma de plato de coral SPS. Crece en colonias que forman platos delgados sin formar ramas verticales en su superficie. Sus coralites crecen entre las muchas y espaciadas paredes o ret\u00edculos. Estas hileras de crestas corren perpendiculares al borde o margen del coral.<\/p><p>Los colores de este coral pueden ser rosa, verde, caf\u00e9, crema, azul. Lavanda o gris. Los p\u00f3lipos generalmente son de color contrastante y pueden ser blanco, turquesa, rosa oscuro, azul oscuro o p\u00farpura. Los m\u00e1rgenes o bordes del coral pueden ser crema, rosa o p\u00farpura. Los ejemplares propagados en cautiverio pueden ser a\u00fan m\u00e1s coloridos.<\/p><p>Este coral es moderadamente f\u00e1cil de mantener pues acepta un amplio rango de intensidad de iluminaci\u00f3n. Deben ser colocados en un sitio en donde tengan suficiente espacio para crecer porque, bajo la iluminaci\u00f3n correcta, es un coral de crecimiento r\u00e1pido. A diferencia de los Acropora, que pertenecen tambi\u00e9n a la familia, los corales Montipora no se estresan tan f\u00e1cilmente y son m\u00e1s resistentes al blanqueamiento y a las enfermedades. Algunos creen que esta resistencia se debe a que sus p\u00f3lipos est\u00e1n profundamente incrustados en su esqueleto. Tambi\u00e9n es un coral f\u00e1cil de propagar. Los espec\u00edmenes salvajes no se adaptan muy bien al cautiverio.<\/p><p>En la naturaleza, los corales Montipora han desarrollado diversas estrategias para alimentarse. Por medio de una relaci\u00f3n simbi\u00f3tica con las algas zooxantelas reciben parte de los nutrientes que necesitan. Tambi\u00e9n capturan\u00a0 organismos planct\u00f3nicos, part\u00edculas microsc\u00f3picas de comida y absorben materia org\u00e1nica disuelta en la columna de agua. En cautiverio pueden alimentarse con zooplankton, plancton o alg\u00fan alimento especial para organismos filtrantes una vez a la semana. Los cop\u00e9podos, artemias y sus nauplios son demasiado grandes para que ellos los puedan ingerir.<\/p><p>Hay que asegurarse que este coral no entre en contacto con otros corales o algas, pues es un coral delicado y siempre acaba perdiendo las guerras qu\u00edmicas.<\/p><p>Estos corales son macho y hembra, y pueden reproducirse sexual o asexualmente. En la naturaleza se reproducen sexualmente liberando huevecillos y esperma al mismo tiempo, lo que resulta en un huevecillo fertilizado que entonces se convierte en una larva pl\u00e1nula de nado libre. Eventualmente la larva pl\u00e1nula se establece en el sustrato y se vuelve un plankter. Entonces forma un peque\u00f1o p\u00f3lipo que empieza a secretar carbonato de calcio y se desarrolla un coral. Esta larva es extremadamente vulnerable a la depredaci\u00f3n, por lo que muy pocas sobreviven. Estos corales tambi\u00e9n se reproducen asexualmente. En la naturaleza los Montipora se extienden debido a la fragmentaci\u00f3n producida por las tormentas o accidentes.<\/p><p>La propagaci\u00f3n en cautiverio de estos corales es relativamente sencilla. Lo primero es escoger cuidadosamente un coral que no muestre ning\u00fan signo de enfermedad. Entonces, simplemente hay que cortarle un trozo de al menos 2\u201d de largo y pegarlo en una roca o base. Para esto puede utilizarse resina ep\u00f3xica o cianoacrilato. La mucosidad que excreta el coral al ser cortado no debe entrar en contacto con los dem\u00e1s corales, y se recomienda utilizar guantes y material desinfectado para fragmentar.<\/p><p>Los Montipora son corales pac\u00edficos, pero hay que tener cuidado con los cangrejos. Ellos son depredadores oportunistas, con la excepci\u00f3n de algunos cangrejos simbi\u00f3ticos o comensales.<\/p><p>Estos corales generalmente son resistentes a las\u00a0 enfermedades, pero a\u00fan as\u00ed pueden contraer las mismas enfermedades que adquieren los dem\u00e1s corales SPS cuando no est\u00e1n bien cuidados y mantenidos. Es com\u00fan que presenten crecimientos parecidos a tumores, pero no son da\u00f1inos, solamente son feos.<\/p><p>En la naturaleza, pueden encontrarse estrellas marinas y otros detr\u00edvoros en la base del coral. Hay que revisarlos cuidadosamente para eliminar a los organismos indeseados, especialmente si el coral proviene de la naturaleza. Un organismo indeseado problem\u00e1tico que puede venir escondido en el coral es un nudibranquio del g\u00e9nero Aeolid. Este nudibranquio se comer\u00e1 el coral desde el a base hacia arriba.<\/p><p>No deben introducirse al acuario caracoles Limpet pues son devoradores de Montipora y Acropora. El gastr\u00f3podo Magliopsis y el gusano plano Prosthiostomum tambi\u00e9n son devoradores de Montipora.<\/p><p>Si el coral presenta recesi\u00f3n de tejido, solo hay que cortarle la parte enferma. Hay que cortar tambi\u00e9n parte del tejido sano para asegurarse de eliminar por completo la enfermedad. Tambi\u00e9n hay que mantener a raya las cianobacterias y las algas con la corriente de agua fuerte.<\/p><p><strong><em>Fuentes del art\u00edculo:<\/em><\/strong><\/p><p><strong><em>Animal world<\/em><em>\u00a0<\/em><\/strong><\/p><p><strong><em>Origen de la imagen:<\/em><\/strong><\/p><p><strong><em>http:\/\/www.abrisousroche.com<\/em><em>\u00a0<\/em><\/strong><\/p><p><strong><em>Colaboraci\u00f3n de:<\/em><\/strong><\/p><p><strong><em>Jessica Romero Saldivar (AtOmIcFaRt)<\/em><\/strong><\/p>\t\t\t\t\t\t\t\t<\/div>\n\t\t\t\t<\/div>\n\t\t\t\t\t<\/div>\n\t\t<\/div>\n\t\t\t\t\t<\/div>\n\t\t<\/section>\n\t\t\t\t<\/div>\n\t\t","protected":false},"excerpt":{"rendered":"<p>Montipora Foliosa Nombre cient\u00edfico: Montipora foliosaNombre com\u00fan en ingl\u00e9s: Cabbage coralNombre com\u00fan en espa\u00f1ol: Montipora foliosaFamilia: AcroporidaeOrigen: Indo Pac\u00edfico Par\u00e1metros ideales:Salinidad: 1023 a 1025Temperatura: 23 a 26\u00ba CCalcio: 400 a 450 ppmAlcalinidad: 8 a 12&hellip;<\/p>\n","protected":false},"author":4,"featured_media":0,"parent":0,"menu_order":0,"comment_status":"closed","ping_status":"closed","template":"","meta":{"footnotes":""},"class_list":["post-4590","page","type-page","status-publish","hentry"],"_links":{"self":[{"href":"https:\/\/proyectos.pgiovas.com\/alfaquarium\/wp-json\/wp\/v2\/pages\/4590","targetHints":{"allow":["GET"]}}],"collection":[{"href":"https:\/\/proyectos.pgiovas.com\/alfaquarium\/wp-json\/wp\/v2\/pages"}],"about":[{"href":"https:\/\/proyectos.pgiovas.com\/alfaquarium\/wp-json\/wp\/v2\/types\/page"}],"author":[{"embeddable":true,"href":"https:\/\/proyectos.pgiovas.com\/alfaquarium\/wp-json\/wp\/v2\/users\/4"}],"replies":[{"embeddable":true,"href":"https:\/\/proyectos.pgiovas.com\/alfaquarium\/wp-json\/wp\/v2\/comments?post=4590"}],"version-history":[{"count":3,"href":"https:\/\/proyectos.pgiovas.com\/alfaquarium\/wp-json\/wp\/v2\/pages\/4590\/revisions"}],"predecessor-version":[{"id":4593,"href":"https:\/\/proyectos.pgiovas.com\/alfaquarium\/wp-json\/wp\/v2\/pages\/4590\/revisions\/4593"}],"wp:attachment":[{"href":"https:\/\/proyectos.pgiovas.com\/alfaquarium\/wp-json\/wp\/v2\/media?parent=4590"}],"curies":[{"name":"wp","href":"https:\/\/api.w.org\/{rel}","templated":true}]}}