{"id":4569,"date":"2020-10-27T22:56:32","date_gmt":"2020-10-27T22:56:32","guid":{"rendered":"http:\/\/alfaquarium.mx\/?page_id=4569"},"modified":"2020-10-27T23:00:19","modified_gmt":"2020-10-27T23:00:19","slug":"echinophyllia-aspera","status":"publish","type":"page","link":"https:\/\/proyectos.pgiovas.com\/alfaquarium\/echinophyllia-aspera","title":{"rendered":"Echinophyllia Aspera"},"content":{"rendered":"\t\t<div data-elementor-type=\"wp-page\" data-elementor-id=\"4569\" class=\"elementor elementor-4569\">\n\t\t\t\t\t\t<section class=\"elementor-section elementor-top-section elementor-element elementor-element-79b8e8b elementor-section-full_width elementor-section-height-default elementor-section-height-default\" data-id=\"79b8e8b\" data-element_type=\"section\" data-e-type=\"section\">\n\t\t\t\t\t\t<div class=\"elementor-container elementor-column-gap-default\">\n\t\t\t\t\t<div class=\"elementor-column elementor-col-100 elementor-top-column elementor-element elementor-element-8003a9b\" data-id=\"8003a9b\" data-element_type=\"column\" data-e-type=\"column\">\n\t\t\t<div class=\"elementor-widget-wrap elementor-element-populated\">\n\t\t\t\t\t\t<div class=\"elementor-element elementor-element-a9cc64a elementor-widget elementor-widget-heading\" data-id=\"a9cc64a\" data-element_type=\"widget\" data-e-type=\"widget\" data-widget_type=\"heading.default\">\n\t\t\t\t<div class=\"elementor-widget-container\">\n\t\t\t\t\t<h3 class=\"elementor-heading-title elementor-size-default\">Echinophyllia Aspera<\/h3>\t\t\t\t<\/div>\n\t\t\t\t<\/div>\n\t\t\t\t<div class=\"elementor-element elementor-element-254ba6f elementor-widget elementor-widget-spacer\" data-id=\"254ba6f\" data-element_type=\"widget\" data-e-type=\"widget\" data-widget_type=\"spacer.default\">\n\t\t\t\t<div class=\"elementor-widget-container\">\n\t\t\t\t\t\t\t<div class=\"elementor-spacer\">\n\t\t\t<div class=\"elementor-spacer-inner\"><\/div>\n\t\t<\/div>\n\t\t\t\t\t\t<\/div>\n\t\t\t\t<\/div>\n\t\t\t\t<div class=\"elementor-element elementor-element-65959d3 elementor-widget-divider--separator-type-pattern elementor-widget-divider--view-line elementor-widget elementor-widget-divider\" data-id=\"65959d3\" data-element_type=\"widget\" data-e-type=\"widget\" data-widget_type=\"divider.default\">\n\t\t\t\t<div class=\"elementor-widget-container\">\n\t\t\t\t\t\t\t<div class=\"elementor-divider\" style=\"--divider-pattern-url: url(&quot;data:image\/svg+xml,%3Csvg xmlns=&#039;http:\/\/www.w3.org\/2000\/svg&#039; preserveAspectRatio=&#039;none&#039; overflow=&#039;visible&#039; height=&#039;100%&#039; viewBox=&#039;0 0 24 24&#039; fill=&#039;none&#039; stroke=&#039;black&#039; stroke-width=&#039;7&#039; stroke-linecap=&#039;square&#039; stroke-miterlimit=&#039;10&#039;%3E%3Cpath d=&#039;M0,6c6,0,6,13,12,13S18,6,24,6&#039;\/%3E%3C\/svg%3E&quot;);\">\n\t\t\t<span class=\"elementor-divider-separator\">\n\t\t\t\t\t\t<\/span>\n\t\t<\/div>\n\t\t\t\t\t\t<\/div>\n\t\t\t\t<\/div>\n\t\t\t\t<div class=\"elementor-element elementor-element-600efcf elementor-widget elementor-widget-text-editor\" data-id=\"600efcf\" data-element_type=\"widget\" data-e-type=\"widget\" data-widget_type=\"text-editor.default\">\n\t\t\t\t<div class=\"elementor-widget-container\">\n\t\t\t\t\t\t\t\t\t<p><img fetchpriority=\"high\" decoding=\"async\" class=\"size-medium wp-image-1249 alignleft\" src=\"https:\/\/proyectos.pgiovas.com\/alfaquarium\/wp-content\/uploads\/2020\/08\/echinophyllia_aspera-300x300.jpg\" alt=\"\" width=\"300\" height=\"300\" srcset=\"https:\/\/proyectos.pgiovas.com\/alfaquarium\/wp-content\/uploads\/2020\/08\/echinophyllia_aspera-300x300.jpg 300w, https:\/\/proyectos.pgiovas.com\/alfaquarium\/wp-content\/uploads\/2020\/08\/echinophyllia_aspera-150x150.jpg 150w, https:\/\/proyectos.pgiovas.com\/alfaquarium\/wp-content\/uploads\/2020\/08\/echinophyllia_aspera-370x370.jpg 370w, https:\/\/proyectos.pgiovas.com\/alfaquarium\/wp-content\/uploads\/2020\/08\/echinophyllia_aspera-90x90.jpg 90w, https:\/\/proyectos.pgiovas.com\/alfaquarium\/wp-content\/uploads\/2020\/08\/echinophyllia_aspera-406x406.jpg 406w, https:\/\/proyectos.pgiovas.com\/alfaquarium\/wp-content\/uploads\/2020\/08\/echinophyllia_aspera-143x143.jpg 143w, https:\/\/proyectos.pgiovas.com\/alfaquarium\/wp-content\/uploads\/2020\/08\/echinophyllia_aspera-400x400.jpg 400w, https:\/\/proyectos.pgiovas.com\/alfaquarium\/wp-content\/uploads\/2020\/08\/echinophyllia_aspera-100x100.jpg 100w, https:\/\/proyectos.pgiovas.com\/alfaquarium\/wp-content\/uploads\/2020\/08\/echinophyllia_aspera.jpg 500w\" sizes=\"(max-width: 300px) 100vw, 300px\" \/><\/p><p><strong>Nombre cient\u00edfico:<\/strong> Echinophyllia aspera<br \/><strong>Nombre com\u00fan en ingl\u00e9s:<\/strong> Plate, scroll, flat lettuce coral<br \/><strong>Nombre com\u00fan en espa\u00f1ol:<\/strong> Coral plato, coral lechuga<br \/><strong>Familia:<\/strong> Pectiniidae<br \/><strong>Origen:<\/strong> Indo Pac\u00edfico<br \/><strong>Par\u00e1metros ideales:<\/strong><br \/><strong>Salinidad:<\/strong> 1023 a 1025<br \/><strong>Temperatura:<\/strong> 23 a 26\u00ba C<br \/><strong>Calcio:<\/strong> 400 a 450 ppm<br \/><strong>Alcalinidad:<\/strong> 8 a 12 dKH<br \/><strong>Magnesio:<\/strong> 1200 a 1350<br \/><strong>Estroncio:<\/strong> 8 a 10<br \/><strong>PH:<\/strong> 8.10 a 8.40<\/p><p><strong>Informaci\u00f3n, cuidados y curiosidades: <\/strong>El Echinophyllia aspera no solamente es uno de los m\u00e1s f\u00e1ciles de mantener de la familia Pectiniidae, tambi\u00e9n es uno de los m\u00e1s coloridos, aunque de crecimiento lento.<\/p><p>En la naturaleza viven en numerosos h\u00e1bitats, a diferentes profundidades y en diferentes corrientes de agua. Su adaptabilidad a diferentes ambientes contribuye a que sea un coral f\u00e1cil de mantener. Como ejemplo, si la orilla del coral est\u00e1 en contacto con el cristal del acuario, empezar\u00e1 a incrustarse en \u00e9l.<\/p><p>Las formas que adopta esta especie generalmente son formaciones incrustantes bajas en forma de copa o c\u00e1liz. El coral suele tener coralites significativamente elevados en la mitad de su superficie que parecen brote de acn\u00e9. Sus colores pueden ser much\u00edsimos, especialmente los que son cultivados. Los discos orales generalmente son de un color diferente, que contrastan con el color del resto del cuerpo.<\/p><p>Este coral es f\u00e1cil de mantener, pero la calidad del agua le es muy importante para crecer y desarrollarse. Como los dem\u00e1s corales SPS (Small Polyp Stony), obtiene parte de los nutrientes que necesita de sus zooxantelas simbiontes, pero tambi\u00e9n debe ser alimentado dos o tres veces a la semana con cyclop eeze, micro plankton o alg\u00fan alimento comercial. De preferencia debe alimentarse por las noches, que es cuando extrude sus tent\u00e1culos, para cazar su comida. Estos tent\u00e1culos poseen nematocistos irritantes, lo que lo hace un coral agresivo. Por esto mismo, debe ser situado a prudente distancia de los dem\u00e1s corales, para evitar que los irrite, queme o mate.<\/p><p>Tambi\u00e9n requiere adiciones constantes de elementos traza tales como magnesio, estroncio, carbonatos, calcio y dem\u00e1s para desarrollar su esqueleto, crecer y mantenerse sano.<\/p><p>Aunque es un coral moderadamente f\u00e1cil de mantener, no se recomienda para aquellos que apenas inician o no tienen un acuario perfectamente maduro y establecido.<\/p><p><em><strong>Fuentes del art\u00edculo:<\/strong><\/em><\/p><p><em><strong>Corals of the World y The IUCN red list of threatened species<\/strong><\/em><\/p><p><em><strong>Origen de la imagen:<\/strong><\/em><\/p><p><em><strong><a href=\"http:\/\/blog.fragd.it\">http:\/\/blog.fragd.it<\/a><\/strong><\/em><\/p><p><em><strong>Fragmento bajo iluminaci\u00f3n act\u00ednica<\/strong><\/em><\/p><p><em><strong>Colaboraci\u00f3n de:<\/strong><\/em><\/p><p><em><strong>Jessica Romero Saldivar (AtOmIcFaRt)<\/strong><\/em><\/p>\t\t\t\t\t\t\t\t<\/div>\n\t\t\t\t<\/div>\n\t\t\t\t\t<\/div>\n\t\t<\/div>\n\t\t\t\t\t<\/div>\n\t\t<\/section>\n\t\t\t\t<\/div>\n\t\t","protected":false},"excerpt":{"rendered":"<p>Echinophyllia Aspera Nombre cient\u00edfico: Echinophyllia asperaNombre com\u00fan en ingl\u00e9s: Plate, scroll, flat lettuce coralNombre com\u00fan en espa\u00f1ol: Coral plato, coral lechugaFamilia: PectiniidaeOrigen: Indo Pac\u00edficoPar\u00e1metros ideales:Salinidad: 1023 a 1025Temperatura: 23 a 26\u00ba CCalcio: 400 a 450&hellip;<\/p>\n","protected":false},"author":4,"featured_media":0,"parent":0,"menu_order":0,"comment_status":"closed","ping_status":"closed","template":"","meta":{"footnotes":""},"class_list":["post-4569","page","type-page","status-publish","hentry"],"_links":{"self":[{"href":"https:\/\/proyectos.pgiovas.com\/alfaquarium\/wp-json\/wp\/v2\/pages\/4569","targetHints":{"allow":["GET"]}}],"collection":[{"href":"https:\/\/proyectos.pgiovas.com\/alfaquarium\/wp-json\/wp\/v2\/pages"}],"about":[{"href":"https:\/\/proyectos.pgiovas.com\/alfaquarium\/wp-json\/wp\/v2\/types\/page"}],"author":[{"embeddable":true,"href":"https:\/\/proyectos.pgiovas.com\/alfaquarium\/wp-json\/wp\/v2\/users\/4"}],"replies":[{"embeddable":true,"href":"https:\/\/proyectos.pgiovas.com\/alfaquarium\/wp-json\/wp\/v2\/comments?post=4569"}],"version-history":[{"count":2,"href":"https:\/\/proyectos.pgiovas.com\/alfaquarium\/wp-json\/wp\/v2\/pages\/4569\/revisions"}],"predecessor-version":[{"id":4571,"href":"https:\/\/proyectos.pgiovas.com\/alfaquarium\/wp-json\/wp\/v2\/pages\/4569\/revisions\/4571"}],"wp:attachment":[{"href":"https:\/\/proyectos.pgiovas.com\/alfaquarium\/wp-json\/wp\/v2\/media?parent=4569"}],"curies":[{"name":"wp","href":"https:\/\/api.w.org\/{rel}","templated":true}]}}