{"id":4564,"date":"2020-10-27T22:52:18","date_gmt":"2020-10-27T22:52:18","guid":{"rendered":"http:\/\/alfaquarium.mx\/?page_id=4564"},"modified":"2020-10-27T22:55:35","modified_gmt":"2020-10-27T22:55:35","slug":"acropora-tenuis","status":"publish","type":"page","link":"https:\/\/proyectos.pgiovas.com\/alfaquarium\/acropora-tenuis","title":{"rendered":"Acropora Tenuis"},"content":{"rendered":"\t\t<div data-elementor-type=\"wp-page\" data-elementor-id=\"4564\" class=\"elementor elementor-4564\">\n\t\t\t\t\t\t<section class=\"elementor-section elementor-top-section elementor-element elementor-element-79b8e8b elementor-section-full_width elementor-section-height-default elementor-section-height-default\" data-id=\"79b8e8b\" data-element_type=\"section\" data-e-type=\"section\">\n\t\t\t\t\t\t<div class=\"elementor-container elementor-column-gap-default\">\n\t\t\t\t\t<div class=\"elementor-column elementor-col-100 elementor-top-column elementor-element elementor-element-8003a9b\" data-id=\"8003a9b\" data-element_type=\"column\" data-e-type=\"column\">\n\t\t\t<div class=\"elementor-widget-wrap elementor-element-populated\">\n\t\t\t\t\t\t<div class=\"elementor-element elementor-element-a9cc64a elementor-widget elementor-widget-heading\" data-id=\"a9cc64a\" data-element_type=\"widget\" data-e-type=\"widget\" data-widget_type=\"heading.default\">\n\t\t\t\t<div class=\"elementor-widget-container\">\n\t\t\t\t\t<h3 class=\"elementor-heading-title elementor-size-default\">Acropora Tenuis<\/h3>\t\t\t\t<\/div>\n\t\t\t\t<\/div>\n\t\t\t\t<div class=\"elementor-element elementor-element-254ba6f elementor-widget elementor-widget-spacer\" data-id=\"254ba6f\" data-element_type=\"widget\" data-e-type=\"widget\" data-widget_type=\"spacer.default\">\n\t\t\t\t<div class=\"elementor-widget-container\">\n\t\t\t\t\t\t\t<div class=\"elementor-spacer\">\n\t\t\t<div class=\"elementor-spacer-inner\"><\/div>\n\t\t<\/div>\n\t\t\t\t\t\t<\/div>\n\t\t\t\t<\/div>\n\t\t\t\t<div class=\"elementor-element elementor-element-65959d3 elementor-widget-divider--separator-type-pattern elementor-widget-divider--view-line elementor-widget elementor-widget-divider\" data-id=\"65959d3\" data-element_type=\"widget\" data-e-type=\"widget\" data-widget_type=\"divider.default\">\n\t\t\t\t<div class=\"elementor-widget-container\">\n\t\t\t\t\t\t\t<div class=\"elementor-divider\" style=\"--divider-pattern-url: url(&quot;data:image\/svg+xml,%3Csvg xmlns=&#039;http:\/\/www.w3.org\/2000\/svg&#039; preserveAspectRatio=&#039;none&#039; overflow=&#039;visible&#039; height=&#039;100%&#039; viewBox=&#039;0 0 24 24&#039; fill=&#039;none&#039; stroke=&#039;black&#039; stroke-width=&#039;7&#039; stroke-linecap=&#039;square&#039; stroke-miterlimit=&#039;10&#039;%3E%3Cpath d=&#039;M0,6c6,0,6,13,12,13S18,6,24,6&#039;\/%3E%3C\/svg%3E&quot;);\">\n\t\t\t<span class=\"elementor-divider-separator\">\n\t\t\t\t\t\t<\/span>\n\t\t<\/div>\n\t\t\t\t\t\t<\/div>\n\t\t\t\t<\/div>\n\t\t\t\t<div class=\"elementor-element elementor-element-600efcf elementor-widget elementor-widget-text-editor\" data-id=\"600efcf\" data-element_type=\"widget\" data-e-type=\"widget\" data-widget_type=\"text-editor.default\">\n\t\t\t\t<div class=\"elementor-widget-container\">\n\t\t\t\t\t\t\t\t\t<p><img fetchpriority=\"high\" decoding=\"async\" class=\"size-medium wp-image-1247 alignleft\" src=\"https:\/\/proyectos.pgiovas.com\/alfaquarium\/wp-content\/uploads\/2020\/08\/acropora_tenuis-300x300.jpg\" alt=\"\" width=\"300\" height=\"300\" srcset=\"https:\/\/proyectos.pgiovas.com\/alfaquarium\/wp-content\/uploads\/2020\/08\/acropora_tenuis-300x300.jpg 300w, https:\/\/proyectos.pgiovas.com\/alfaquarium\/wp-content\/uploads\/2020\/08\/acropora_tenuis-150x150.jpg 150w, https:\/\/proyectos.pgiovas.com\/alfaquarium\/wp-content\/uploads\/2020\/08\/acropora_tenuis-370x370.jpg 370w, https:\/\/proyectos.pgiovas.com\/alfaquarium\/wp-content\/uploads\/2020\/08\/acropora_tenuis-90x90.jpg 90w, https:\/\/proyectos.pgiovas.com\/alfaquarium\/wp-content\/uploads\/2020\/08\/acropora_tenuis-406x406.jpg 406w, https:\/\/proyectos.pgiovas.com\/alfaquarium\/wp-content\/uploads\/2020\/08\/acropora_tenuis-143x143.jpg 143w, https:\/\/proyectos.pgiovas.com\/alfaquarium\/wp-content\/uploads\/2020\/08\/acropora_tenuis-400x400.jpg 400w, https:\/\/proyectos.pgiovas.com\/alfaquarium\/wp-content\/uploads\/2020\/08\/acropora_tenuis-100x100.jpg 100w, https:\/\/proyectos.pgiovas.com\/alfaquarium\/wp-content\/uploads\/2020\/08\/acropora_tenuis.jpg 500w\" sizes=\"(max-width: 300px) 100vw, 300px\" \/><\/p><p><strong>Nombre cient\u00edfico:<\/strong> Acropora tenuis<br \/><strong>Nombre com\u00fan en ingl\u00e9s:<\/strong> Purple tipped acropora<br \/><strong>Nombre com\u00fan en espa\u00f1ol:<\/strong> Acropora de puntas p\u00farpura<br \/><strong>Familia:<\/strong> Acroporidae<br \/><strong>Origen:<\/strong> Indo Pac\u00edfico <br \/><strong>Par\u00e1metros ideales:<\/strong><br \/><strong>Salinidad:<\/strong> 1023 a 1025<br \/><strong>Temperatura:<\/strong> 23 a 26\u00ba C<br \/><strong>Calcio:<\/strong> 400 a 450 ppm<br \/><strong>Alcalinidad:<\/strong> 8 a 12 dKH<br \/><strong>Magnesio:<\/strong> 1200 a 1350<br \/><strong>Estroncio:<\/strong> 8 a 10<br \/><strong>PH:<\/strong> 8.10 a 8.40<br \/><br \/><strong>Informaci\u00f3n, cuidados y curiosidades: <\/strong>El coral Acropora tenuis fue descrito por Dana en 1846.<\/p><p>Pertenecen al grupo de Acroporas llamado Selago, que incluye a los corales A. Selago, A. Donei, A. Dendrum y A. Yonguei.<\/p><p>Sus coralites tienen labios inferiores acampanados. Algunas de sus formas de crecimiento var\u00edan seg\u00fan su ubicaci\u00f3n geogr\u00e1fica. Los especimenes originarios del Oc\u00e9ano \u00cdndico y el Mar Rojo tienen las paredes de los coralites relativamente m\u00e1s delgadas y redondeadas.<\/p><p>Este coral es originario del Oc\u00e9ano Pac\u00edfico, del Oc\u00e9ano \u00cdndico y el Mar Rojo. Pueden encontrarse en Mauritius, al este en las islas Marshall, el Mar de Coral y los arrecifes Elizabeth y Middleton en el este, y en la Gran Barrera de Arrecifes de Australia y en las islas Houtman Abrolhos, en la costa este de Australia.<\/p><p>Vive en la parte superior de las laderas de los arrecifes, donde la corriente es muy fuerte. En la naturaleza, los corales Acropora viven en diferentes zonas del arrecife, en lugares con aguas turbias por los sedimentos, con fuertes corrientes y oleaje, \u00e1reas donde casi no llega la luz o pueden estar completamente expuestos al sol o al aire cuando baja la marea.<\/p><p>Los corales Acropora poseen esqueletos muy porosos y ligeros. El A. Tenuis tiene ramas equitativamente distribuidas y coralites radiales que son largos y tubulares. Estos parecen \u201cC\u201d de lado conectadas a la rama. Sus coralites tienen labios inferiores acampanados, por lo que el dise\u00f1o parece roseta, vi\u00e9ndolo desde arriba. Puede ser color crema, verde, azul, p\u00farpura, o crema con las puntas p\u00farpura y de muchos otros brillantes colores.<\/p><p>Este coral se caracteriza por sus p\u00f3lipos axiales (o terminales) de crecimiento r\u00e1pido en las puntas de sus ramas. Estos p\u00f3lipos secretan los coralites, formando constantemente nuevo crecimiento en forma de racimo. Estos p\u00f3lipos terminales no poseen algas zooxantelas. Crecen r\u00e1pidamente por que el resto de la colonia los alimenta. Esto le permite a los Acropora sobrepasar a los dem\u00e1s corales del arrecife.<\/p><p>Sus coralites radiales (la copa que forman los p\u00f3lipos) pueden ser de dos tama\u00f1os. Los m\u00e1s grandes est\u00e1n en hileras y su tama\u00f1o se incrementa ligeramente en las bases de las ramas. Esto les da una apariencia de racimo agrupado, colocado en forma de \u201cpelota\u201d. Este crecimiento es necesario porque el coral vive en aguas muy turbias. A veces, este coral est\u00e1 completamente expuesto cuando baja la marea.<\/p><p>Todos los corales Acropora est\u00e1n entre los corales m\u00e1s dif\u00edciles de mantener, lo cual es sorprendente porque en su medio natural ellos soportan cambios bruscos de temperatura, salinidad, corrientes de agua, etc. En cautiverio requieren un acuario perfectamente maduro y bien establecido, y los cambios bruscos pueden matarlos r\u00e1pidamente. Son muy sensibles a los cambios en la temperatura, la sedimentaci\u00f3n y estresantes medioambientales qu\u00edmicos y otros. Pueden estresarse f\u00e1cilmente si la iluminaci\u00f3n es muy baja o la corriente de agua no es suficiente.<\/p><p>Deben ser aclimatados muy cuidadosamente. Necesitan ser colocados en su ubicaci\u00f3n definitiva inmediatamente despu\u00e9s de haber sido aclimatados. Les toma alrededor de 5 a 6 meses retomar su crecimiento normal despu\u00e9s de haber sido introducidos al acuario. Moverlos de un lugar a otro los estresar\u00e1 y seguramente morir\u00e1n.<\/p><p>A veces, al introducir un ejemplar nuevo al acuario, todos los dem\u00e1s mueren de lo que la gente llama RTN (Rapid Tissue Necrosis). Todos los corales Acropora pueden morir en unas cuantas horas. No se sabe a ciencia cierta por qu\u00e9 ocurre esto, pero es una buena idea introducir al acuario todos los Acropora que deseemos mantener al mismo tiempo.<\/p><p>En la naturaleza, estos corales han desarrollado diversas estrategias para alimentarse. Tienen una relaci\u00f3n simbi\u00f3tica con las algas zooxantelas, de las cuales reciben parte de los nutrientes que necesitan. Tambi\u00e9n capturan organismos planct\u00f3nicos y part\u00edculas microsc\u00f3picas de comida y absorben materia org\u00e1nica disuelta en la columna de agua. En cautiverio deben ser alimentados con zooplankton. Los cop\u00e9podos, las artemias y los nauplios son demasiado grandes para que los puedan ingerir, pero se han desarrollado nuevos organismos como larvas de invertebrados y cepas nuevas de rot\u00edferos con los que pueden ser alimentados. Muchos creen que en cautiverio todo lo que los Acropora necesitan para vivir y prosperar es estar en un acuario con materia org\u00e1nica disuelta. Sin alimentaci\u00f3n, estos corales parecer\u00e1n estar bien por un tiempo, pero despu\u00e9s de algunos meses, sin previo aviso, morir\u00e1n debido a la inanici\u00f3n. Algunos signos de la falta de alimentaci\u00f3n pueden ser que no presenten nuevo crecimiento, que no extiendan sus p\u00f3lipos y algo de recesi\u00f3n de tejido.<\/p><p>Estos corales son pac\u00edficos, pero hay que cuidar que no haya cangrejos en el acuario. Los cangrejos son depredadores oportunistas, a excepci\u00f3n de algunos cangrejos simbi\u00f3ticos o comensales.<\/p><p>Es mejor mantenerlos en un acuario en el que solamente haya corales SPS. Son capaces de extender fibras digestivas llamadas \u201cacontia\u201d que pueden usar para digerir a los corales cercanos a ellos. Esto puede evitarse colocando a los Acropora al menos a 10\u201d de distancia de los dem\u00e1s corales, como zoanthus, corales LPS y otros invertebrados.<\/p><p>No deben mantenerse corales blandos tipo Sinularia y similares en el mismo acuario, pues estos liberan terpinas, las cuales matan a los Acropora. Este tipo de corales son peligrosos para los Acropora, incluso empleando carb\u00f3n activo y teniendo el mejor sistema de filtraci\u00f3n. Otros corales LPS pueden extender sus tent\u00e1culos y matarlos, por lo que debe tenerse mucho cuidado si el acuario es mixto.<\/p><p>Estos corales son considerados entre los corales de crecimiento m\u00e1s r\u00e1pido entre los corales duros. Llegan a la madurez sexual en 3 o 5 a\u00f1os, (con ramas de un di\u00e1metro de 4 a 7 cm). Se pueden fragmentar f\u00e1cilmente y estos fragmentos pueden formar colonias nuevas. Esto los hace candidatos id\u00f3neos para la propagaci\u00f3n en cautiverio.<\/p><p>Algunos indicadores de estr\u00e9s son el blanqueamiento y la recesi\u00f3n, y pueden morir r\u00e1pidamente. Transportar a estos corales puede ser problem\u00e1tico por sus formas, la facilidad con que pueden romperse sus ramas y estresarse. Tambi\u00e9n son propensos a casi todas las enfermedades de los corales, incluyendo la Enfermedad de la Banda Blanca, Enfermedad de la Banda Negra, la necrosis, etc. Los Acropora son especialmente propensos al RTN, sobre todo los ejemplares salvajes.<\/p><p>Tambi\u00e9n hay muchos animales depredadores de estos corales. Algunos de estos corales tienen una relaci\u00f3n simbi\u00f3tica con cangrejos y camarones que los ayudan a defenderse de los depredadores. Otros organismos que entran al acuario de contrabando tambi\u00e9n pueden ser depredadores. Las estrellas de mar chocolate y otras del mismo g\u00e9nero son devoradoras de Acropora.<\/p><p><em><strong>Fuentes del art\u00edculo:<\/strong><\/em><\/p><p><em><strong>Corals of the World y The IUCN red list of threatened species\u00a0<\/strong><\/em><\/p><p><em><strong>Origen de la imagen:<\/strong><\/em><\/p><p><em><strong>http:\/\/www.melevsreef.com<\/strong><\/em><\/p><p><em><strong>Colaboraci\u00f3n de:<\/strong><\/em><\/p><p><em><strong>Jessica Romero Saldivar (AtOmIcFaRt)<\/strong><\/em><\/p>\t\t\t\t\t\t\t\t<\/div>\n\t\t\t\t<\/div>\n\t\t\t\t\t<\/div>\n\t\t<\/div>\n\t\t\t\t\t<\/div>\n\t\t<\/section>\n\t\t\t\t<\/div>\n\t\t","protected":false},"excerpt":{"rendered":"<p>Acropora Tenuis Nombre cient\u00edfico: Acropora tenuisNombre com\u00fan en ingl\u00e9s: Purple tipped acroporaNombre com\u00fan en espa\u00f1ol: Acropora de puntas p\u00farpuraFamilia: AcroporidaeOrigen: Indo Pac\u00edfico Par\u00e1metros ideales:Salinidad: 1023 a 1025Temperatura: 23 a 26\u00ba CCalcio: 400 a 450 ppmAlcalinidad:&hellip;<\/p>\n","protected":false},"author":4,"featured_media":0,"parent":0,"menu_order":0,"comment_status":"closed","ping_status":"closed","template":"","meta":{"footnotes":""},"class_list":["post-4564","page","type-page","status-publish","hentry"],"_links":{"self":[{"href":"https:\/\/proyectos.pgiovas.com\/alfaquarium\/wp-json\/wp\/v2\/pages\/4564","targetHints":{"allow":["GET"]}}],"collection":[{"href":"https:\/\/proyectos.pgiovas.com\/alfaquarium\/wp-json\/wp\/v2\/pages"}],"about":[{"href":"https:\/\/proyectos.pgiovas.com\/alfaquarium\/wp-json\/wp\/v2\/types\/page"}],"author":[{"embeddable":true,"href":"https:\/\/proyectos.pgiovas.com\/alfaquarium\/wp-json\/wp\/v2\/users\/4"}],"replies":[{"embeddable":true,"href":"https:\/\/proyectos.pgiovas.com\/alfaquarium\/wp-json\/wp\/v2\/comments?post=4564"}],"version-history":[{"count":2,"href":"https:\/\/proyectos.pgiovas.com\/alfaquarium\/wp-json\/wp\/v2\/pages\/4564\/revisions"}],"predecessor-version":[{"id":4566,"href":"https:\/\/proyectos.pgiovas.com\/alfaquarium\/wp-json\/wp\/v2\/pages\/4564\/revisions\/4566"}],"wp:attachment":[{"href":"https:\/\/proyectos.pgiovas.com\/alfaquarium\/wp-json\/wp\/v2\/media?parent=4564"}],"curies":[{"name":"wp","href":"https:\/\/api.w.org\/{rel}","templated":true}]}}