{"id":4515,"date":"2020-10-27T21:34:09","date_gmt":"2020-10-27T21:34:09","guid":{"rendered":"http:\/\/alfaquarium.mx\/?page_id=4515"},"modified":"2020-10-27T21:37:33","modified_gmt":"2020-10-27T21:37:33","slug":"acropora-prostrata","status":"publish","type":"page","link":"https:\/\/proyectos.pgiovas.com\/alfaquarium\/acropora-prostrata","title":{"rendered":"Acropora Prostrata"},"content":{"rendered":"\t\t<div data-elementor-type=\"wp-page\" data-elementor-id=\"4515\" class=\"elementor elementor-4515\">\n\t\t\t\t\t\t<section class=\"elementor-section elementor-top-section elementor-element elementor-element-79b8e8b elementor-section-full_width elementor-section-height-default elementor-section-height-default\" data-id=\"79b8e8b\" data-element_type=\"section\" data-e-type=\"section\">\n\t\t\t\t\t\t<div class=\"elementor-container elementor-column-gap-default\">\n\t\t\t\t\t<div class=\"elementor-column elementor-col-100 elementor-top-column elementor-element elementor-element-8003a9b\" data-id=\"8003a9b\" data-element_type=\"column\" data-e-type=\"column\">\n\t\t\t<div class=\"elementor-widget-wrap elementor-element-populated\">\n\t\t\t\t\t\t<div class=\"elementor-element elementor-element-a9cc64a elementor-widget elementor-widget-heading\" data-id=\"a9cc64a\" data-element_type=\"widget\" data-e-type=\"widget\" data-widget_type=\"heading.default\">\n\t\t\t\t<div class=\"elementor-widget-container\">\n\t\t\t\t\t<h3 class=\"elementor-heading-title elementor-size-default\">Acropora Prostrata<\/h3>\t\t\t\t<\/div>\n\t\t\t\t<\/div>\n\t\t\t\t<div class=\"elementor-element elementor-element-254ba6f elementor-widget elementor-widget-spacer\" data-id=\"254ba6f\" data-element_type=\"widget\" data-e-type=\"widget\" data-widget_type=\"spacer.default\">\n\t\t\t\t<div class=\"elementor-widget-container\">\n\t\t\t\t\t\t\t<div class=\"elementor-spacer\">\n\t\t\t<div class=\"elementor-spacer-inner\"><\/div>\n\t\t<\/div>\n\t\t\t\t\t\t<\/div>\n\t\t\t\t<\/div>\n\t\t\t\t<div class=\"elementor-element elementor-element-65959d3 elementor-widget-divider--separator-type-pattern elementor-widget-divider--view-line elementor-widget elementor-widget-divider\" data-id=\"65959d3\" data-element_type=\"widget\" data-e-type=\"widget\" data-widget_type=\"divider.default\">\n\t\t\t\t<div class=\"elementor-widget-container\">\n\t\t\t\t\t\t\t<div class=\"elementor-divider\" style=\"--divider-pattern-url: url(&quot;data:image\/svg+xml,%3Csvg xmlns=&#039;http:\/\/www.w3.org\/2000\/svg&#039; preserveAspectRatio=&#039;none&#039; overflow=&#039;visible&#039; height=&#039;100%&#039; viewBox=&#039;0 0 24 24&#039; fill=&#039;none&#039; stroke=&#039;black&#039; stroke-width=&#039;7&#039; stroke-linecap=&#039;square&#039; stroke-miterlimit=&#039;10&#039;%3E%3Cpath d=&#039;M0,6c6,0,6,13,12,13S18,6,24,6&#039;\/%3E%3C\/svg%3E&quot;);\">\n\t\t\t<span class=\"elementor-divider-separator\">\n\t\t\t\t\t\t<\/span>\n\t\t<\/div>\n\t\t\t\t\t\t<\/div>\n\t\t\t\t<\/div>\n\t\t\t\t<div class=\"elementor-element elementor-element-600efcf elementor-widget elementor-widget-text-editor\" data-id=\"600efcf\" data-element_type=\"widget\" data-e-type=\"widget\" data-widget_type=\"text-editor.default\">\n\t\t\t\t<div class=\"elementor-widget-container\">\n\t\t\t\t\t\t\t\t\t<p><img fetchpriority=\"high\" decoding=\"async\" class=\"size-medium wp-image-1236 alignleft\" src=\"https:\/\/proyectos.pgiovas.com\/alfaquarium\/wp-content\/uploads\/2020\/08\/acropora_prostrata-300x300.jpg\" alt=\"\" width=\"300\" height=\"300\" srcset=\"https:\/\/proyectos.pgiovas.com\/alfaquarium\/wp-content\/uploads\/2020\/08\/acropora_prostrata-300x300.jpg 300w, https:\/\/proyectos.pgiovas.com\/alfaquarium\/wp-content\/uploads\/2020\/08\/acropora_prostrata-150x150.jpg 150w, https:\/\/proyectos.pgiovas.com\/alfaquarium\/wp-content\/uploads\/2020\/08\/acropora_prostrata-370x370.jpg 370w, https:\/\/proyectos.pgiovas.com\/alfaquarium\/wp-content\/uploads\/2020\/08\/acropora_prostrata-90x90.jpg 90w, https:\/\/proyectos.pgiovas.com\/alfaquarium\/wp-content\/uploads\/2020\/08\/acropora_prostrata-406x406.jpg 406w, https:\/\/proyectos.pgiovas.com\/alfaquarium\/wp-content\/uploads\/2020\/08\/acropora_prostrata-143x143.jpg 143w, https:\/\/proyectos.pgiovas.com\/alfaquarium\/wp-content\/uploads\/2020\/08\/acropora_prostrata-400x400.jpg 400w, https:\/\/proyectos.pgiovas.com\/alfaquarium\/wp-content\/uploads\/2020\/08\/acropora_prostrata-100x100.jpg 100w, https:\/\/proyectos.pgiovas.com\/alfaquarium\/wp-content\/uploads\/2020\/08\/acropora_prostrata.jpg 500w\" sizes=\"(max-width: 300px) 100vw, 300px\" \/><\/p><p><strong>Nombre cient\u00edfico:<\/strong> Acropora prostrata<br \/><strong>Nombre com\u00fan en ingl\u00e9s:<\/strong> Staghorn coral<br \/><strong>Nombre com\u00fan en espa\u00f1ol:<\/strong> Acropora astas de ciervo <br \/><strong>Familia:<\/strong> Acroporidae<br \/><strong>Origen:<\/strong> Oc\u00e9ano Atl\u00e1ntico <br \/><strong>Par\u00e1metros ideales:<\/strong><br \/><strong>Salinidad:<\/strong> 1023 a 1025<br \/><strong>Temperatura:<\/strong> 23 a 26\u00ba C<br \/><strong>Calcio:<\/strong> 400 a 450 ppm<br \/><strong>Alcalinidad:<\/strong> 8 a 12 dKH<br \/><strong>Magnesio:<\/strong> 1200 a 1350<br \/><strong>Estroncio:<\/strong> 8 a 10<br \/><strong>PH:<\/strong> 8.10 a 8.40<br \/><br \/><strong>Informaci\u00f3n, cuidados y curiosidades: <\/strong>El coral Acropora prostrata fue descrito por Dana en 1846.<\/p><p>Es originario del centro del Oc\u00e9ano Indo-Pac\u00edfico, el sureste de Asia, el este del Mar de China, el este de Australia y el este del Oc\u00e9ano Pac\u00edfico.<\/p><p>Puede encontrarse en Australia, Cambodia, las islas Cook, Fiji, Indonesia, Kiribati, Malaysia, Niue, Pap\u00faa Nueva Guinea, Filipinas, Samoa, Singapur, las islas Salom\u00f3n, Taiw\u00e1n, la Provincia de China, Tailandia, Tokelau, Tonga, Tuvalu, las islas Minor Outlying, Vietnam, Wallis y Futuna.<\/p><p>Vive en la parte superior las laderas de los arrecifes y en las lagunas.<\/p><p>Es una especie que est\u00e1 en peligro de extinci\u00f3n pues es poco resistente y muy propensa al blanqueamiento, las enfermedades y se recupera muy lentamente.<\/p><p>Todos los Acropora tienen esqueletos muy porosos, ligeros y tienen respuestas similares a las formas de crecimiento, estimulados por las corrientes de agua que los rodean. Tienen una forma de crecimiento llamado digitate, el cual se refiere a las proyecciones en forma de dedo que surgen desde su base central.<\/p><p>Las colonias son corimbosas y pueden formar colchones irregulares con ramas delgadas y alargadas. Sus coralites axiales tienen forma tubular. Todos sus coralites radiales son del mismo tama\u00f1o, tienen los labios prominentes y parecen escamas.<\/p><p>La coloraci\u00f3n de las colonias puede ser crema-caf\u00e9 p\u00e1lido, rosa o azul (que en las fotos parece p\u00farpura) y sus coralites radiales tienen una coloraci\u00f3n distintiva.<\/p><p>Los corales Acropora se caracterizan por crecer r\u00e1pidamente formando p\u00f3lipos terminales (o axiales) en las puntas de sus ramas. Los p\u00f3lipos en las puntas secretan estos coralites, formando constantemente nuevo crecimiento en forma de racimo. Estos p\u00f3lipos terminales no poseen zooxantelas. Ellos crecen r\u00e1pidamente por que son alimentados por el resto de la colonia. Esto permite a los Acropora sobrepasar a los dem\u00e1s corales del arrecife.<\/p><p>Todos los corales Acropora est\u00e1n entre los m\u00e1s grandes y los que m\u00e1s contribuyen a formar los arrecifes alrededor del mundo. De hecho, los corales Acropora y Montipora constituyen un tercio de todas las especies constructoras de arrecifes. En la naturaleza ellos son los m\u00e1s tolerantes a los cambios en la temperatura del agua, la salinidad, las corrientes y la iluminaci\u00f3n, pero en cautiverio pueden ser bastante dif\u00edciles de mantener. En el Oc\u00e9ano, son los primeros en llegar al arrecife y extenderse r\u00e1pidamente.<\/p><p>Este coral alcanza la madurez sexual en unos 3-5 a\u00f1os. Como los dem\u00e1s Acropora, puede llegar a medir m\u00e1s de 51 cm y vivir de 5 a 7 a\u00f1os.<\/p><p>Los espec\u00edmenes propagados en cautiverio generalmente tienen una coloraci\u00f3n m\u00e1s intensa que los espec\u00edmenes salvajes, que casi siempre tienen una coloraci\u00f3n menos vistosa.<\/p><p>Este coral es propagado en cautiverio, lo que ayuda a mantener las colonias salvajes en los arrecifes del mundo.<\/p><p>Al comprar corales propagados en cautiverio nos ayudamos a nosotros mismos porque son m\u00e1s resistentes que sus hermanos salvajes, pero no hay que olvidar que a\u00fan as\u00ed pueden sucumbir debido a las enfermedades t\u00edpicas de los corales Acropora.<\/p><p>Todos los corales Acropora est\u00e1n entre los corales m\u00e1s dif\u00edciles de mantener, lo cual es sorprendente porque en su medio natural ellos soportan cambios bruscos de temperatura, salinidad, corrientes de agua, etc. En cautiverio requieren un acuario perfectamente maduro y bien establecido, y los cambios bruscos pueden matarlos r\u00e1pidamente. Son muy sensibles a los cambios en la temperatura, la sedimentaci\u00f3n y estresantes medioambientales qu\u00edmicos y otros. Pueden estresarse f\u00e1cilmente si la iluminaci\u00f3n es muy baja o la corriente de agua no es suficiente.<\/p><p>Deben ser aclimatados muy cuidadosamente. Necesitan ser colocados en su ubicaci\u00f3n definitiva inmediatamente despu\u00e9s de haber sido aclimatados. Les toma alrededor de 5 a 6 meses retomar su crecimiento normal despu\u00e9s de haber sido introducidos al acuario. Moverlos de un lugar a otro los estresar\u00e1 y seguramente morir\u00e1n.<\/p><p>A veces, al introducir un ejemplar nuevo al acuario, todos los dem\u00e1s mueren de lo que la gente llama RTN (Rapid Tissue Necrosis). Todos los corales Acropora pueden morir en unas cuantas horas. No se sabe a ciencia cierta por qu\u00e9 ocurre esto, pero es una buena idea introducir al acuario todos los Acropora que deseemos mantener al mismo tiempo.<\/p><p>En la naturaleza, estos corales han desarrollado diversas estrategias para alimentarse. Tienen una relaci\u00f3n simbi\u00f3tica con las algas zooxantelas, de las cuales reciben parte de los nutrientes que necesitan. Tambi\u00e9n capturan organismos planct\u00f3nicos y part\u00edculas microsc\u00f3picas de comida y absorben materia org\u00e1nica disuelta en la columna de agua. En cautiverio deben ser alimentados con zooplancton. Los cop\u00e9podos, las artemias y los nauplios son demasiado grandes para que los puedan ingerir, pero se han desarrollado nuevos organismos como larvas de invertebrados y cepas nuevas de rot\u00edferos con los que pueden ser alimentados. Muchos creen que en cautiverio todo lo que los Acropora necesitan para vivir y prosperar es estar en un acuario con materia org\u00e1nica disuelta. Sin alimentaci\u00f3n, estos corales parecer\u00e1n estar bien por un tiempo, pero despu\u00e9s de algunos meses, sin previo aviso, morir\u00e1n debido a la inanici\u00f3n. Algunos signos de la falta de alimentaci\u00f3n pueden ser que no presenten nuevo crecimiento, que no extiendan sus p\u00f3lipos y algo de recesi\u00f3n de tejido.<\/p><p>Estos corales son pac\u00edficos, pero hay que cuidar que no haya cangrejos en el acuario. Los cangrejos son depredadores oportunistas, a excepci\u00f3n de algunos cangrejos simbi\u00f3ticos o comensales.<\/p><p>Es mejor mantenerlos en un acuario en el que solamente haya corales SPS. Son capaces de extender fibras digestivas llamadas \u201cacontia\u201d que pueden usar para digerir a los corales cercanos a ellos. Esto puede evitarse colocando a los Acropora al menos a 10\u201d de distancia de los dem\u00e1s corales, como zoanthus, corales LPS y otros invertebrados.<\/p><p>No deben mantenerse corales blandos tipo Sinularia y similares en el mismo acuario, pues estos liberan terpinas, las cuales matan a los Acropora. Este tipo de corales son peligrosos para los Acropora, incluso empleando carb\u00f3n activo y teniendo el mejor sistema de filtraci\u00f3n. Otros corales LPS pueden extender sus tent\u00e1culos y matarlos, por lo que debe tenerse mucho cuidado si el acuario es mixto.<\/p><p>Estos corales son considerados entre los corales de crecimiento m\u00e1s r\u00e1pido entre los corales duros. Llegan a la madurez sexual en 3 o 5 a\u00f1os, (con ramas de un di\u00e1metro de 4 a 7 cm). Se pueden fragmentar f\u00e1cilmente y estos fragmentos pueden formar colonias nuevas. Esto los hace candidatos id\u00f3neos para la propagaci\u00f3n en cautiverio.<\/p><p>Algunos indicadores de estr\u00e9s son el blanqueamiento y la recesi\u00f3n, y pueden morir r\u00e1pidamente. Transportar a estos corales puede ser problem\u00e1tico por sus formas, la facilidad con que pueden romperse sus ramas y estresarse. Tambi\u00e9n son propensos a casi todas las enfermedades de los corales, incluyendo la Enfermedad de la Banda Blanca, Enfermedad de la Banda Negra, la necrosis, etc. Los Acropora son especialmente propensos al RTN, sobre todo los ejemplares salvajes.<\/p><p>Tambi\u00e9n hay muchos animales depredadores de estos corales. Algunos de estos corales tienen una relaci\u00f3n simbi\u00f3tica con cangrejos y camarones que los ayudan a defenderse de los depredadores. Otros organismos que entran al acuario de contrabando tambi\u00e9n pueden ser depredadores. Las estrellas de mar chocolate y otras del mismo g\u00e9nero son devoradoras de Acropora.<\/p><p><em><strong>Fuentes del art\u00edculo:<\/strong><\/em><\/p><p><em><strong>Corals of the World y The IUCN red list of threatened species<\/strong><\/em><\/p><p><em><strong>Origen de la imagen:<\/strong><\/em><\/p><p><em><strong>http:\/\/www.reefcorals.com<\/strong><\/em><\/p><p><em><strong>Colaboraci\u00f3n de:<\/strong><\/em><\/p><p><em><strong>Jessica Romero Saldivar (AtOmIcFaRt)<\/strong><\/em><\/p>\t\t\t\t\t\t\t\t<\/div>\n\t\t\t\t<\/div>\n\t\t\t\t\t<\/div>\n\t\t<\/div>\n\t\t\t\t\t<\/div>\n\t\t<\/section>\n\t\t\t\t<\/div>\n\t\t","protected":false},"excerpt":{"rendered":"<p>Acropora Prostrata Nombre cient\u00edfico: Acropora prostrataNombre com\u00fan en ingl\u00e9s: Staghorn coralNombre com\u00fan en espa\u00f1ol: Acropora astas de ciervo Familia: AcroporidaeOrigen: Oc\u00e9ano Atl\u00e1ntico Par\u00e1metros ideales:Salinidad: 1023 a 1025Temperatura: 23 a 26\u00ba CCalcio: 400 a 450 ppmAlcalinidad:&hellip;<\/p>\n","protected":false},"author":4,"featured_media":0,"parent":0,"menu_order":0,"comment_status":"closed","ping_status":"closed","template":"","meta":{"footnotes":""},"class_list":["post-4515","page","type-page","status-publish","hentry"],"_links":{"self":[{"href":"https:\/\/proyectos.pgiovas.com\/alfaquarium\/wp-json\/wp\/v2\/pages\/4515","targetHints":{"allow":["GET"]}}],"collection":[{"href":"https:\/\/proyectos.pgiovas.com\/alfaquarium\/wp-json\/wp\/v2\/pages"}],"about":[{"href":"https:\/\/proyectos.pgiovas.com\/alfaquarium\/wp-json\/wp\/v2\/types\/page"}],"author":[{"embeddable":true,"href":"https:\/\/proyectos.pgiovas.com\/alfaquarium\/wp-json\/wp\/v2\/users\/4"}],"replies":[{"embeddable":true,"href":"https:\/\/proyectos.pgiovas.com\/alfaquarium\/wp-json\/wp\/v2\/comments?post=4515"}],"version-history":[{"count":2,"href":"https:\/\/proyectos.pgiovas.com\/alfaquarium\/wp-json\/wp\/v2\/pages\/4515\/revisions"}],"predecessor-version":[{"id":4519,"href":"https:\/\/proyectos.pgiovas.com\/alfaquarium\/wp-json\/wp\/v2\/pages\/4515\/revisions\/4519"}],"wp:attachment":[{"href":"https:\/\/proyectos.pgiovas.com\/alfaquarium\/wp-json\/wp\/v2\/media?parent=4515"}],"curies":[{"name":"wp","href":"https:\/\/api.w.org\/{rel}","templated":true}]}}