{"id":4115,"date":"2020-09-02T20:42:54","date_gmt":"2020-09-02T20:42:54","guid":{"rendered":"http:\/\/alfaquarium.mx\/?page_id=4115"},"modified":"2020-09-02T20:47:15","modified_gmt":"2020-09-02T20:47:15","slug":"acropora-formosa","status":"publish","type":"page","link":"https:\/\/proyectos.pgiovas.com\/alfaquarium\/acropora-formosa","title":{"rendered":"Acropora Formosa"},"content":{"rendered":"\t\t<div data-elementor-type=\"wp-page\" data-elementor-id=\"4115\" class=\"elementor elementor-4115\">\n\t\t\t\t\t\t<section class=\"elementor-section elementor-top-section elementor-element elementor-element-79b8e8b elementor-section-full_width elementor-section-height-default elementor-section-height-default\" data-id=\"79b8e8b\" data-element_type=\"section\" data-e-type=\"section\">\n\t\t\t\t\t\t<div class=\"elementor-container elementor-column-gap-default\">\n\t\t\t\t\t<div class=\"elementor-column elementor-col-100 elementor-top-column elementor-element elementor-element-8003a9b\" data-id=\"8003a9b\" data-element_type=\"column\" data-e-type=\"column\">\n\t\t\t<div class=\"elementor-widget-wrap elementor-element-populated\">\n\t\t\t\t\t\t<div class=\"elementor-element elementor-element-a9cc64a elementor-widget elementor-widget-heading\" data-id=\"a9cc64a\" data-element_type=\"widget\" data-e-type=\"widget\" data-widget_type=\"heading.default\">\n\t\t\t\t<div class=\"elementor-widget-container\">\n\t\t\t\t\t<h3 class=\"elementor-heading-title elementor-size-default\">Acropora Formosa<\/h3>\t\t\t\t<\/div>\n\t\t\t\t<\/div>\n\t\t\t\t<div class=\"elementor-element elementor-element-254ba6f elementor-widget elementor-widget-spacer\" data-id=\"254ba6f\" data-element_type=\"widget\" data-e-type=\"widget\" data-widget_type=\"spacer.default\">\n\t\t\t\t<div class=\"elementor-widget-container\">\n\t\t\t\t\t\t\t<div class=\"elementor-spacer\">\n\t\t\t<div class=\"elementor-spacer-inner\"><\/div>\n\t\t<\/div>\n\t\t\t\t\t\t<\/div>\n\t\t\t\t<\/div>\n\t\t\t\t<div class=\"elementor-element elementor-element-65959d3 elementor-widget-divider--separator-type-pattern elementor-widget-divider--view-line elementor-widget elementor-widget-divider\" data-id=\"65959d3\" data-element_type=\"widget\" data-e-type=\"widget\" data-widget_type=\"divider.default\">\n\t\t\t\t<div class=\"elementor-widget-container\">\n\t\t\t\t\t\t\t<div class=\"elementor-divider\" style=\"--divider-pattern-url: url(&quot;data:image\/svg+xml,%3Csvg xmlns=&#039;http:\/\/www.w3.org\/2000\/svg&#039; preserveAspectRatio=&#039;none&#039; overflow=&#039;visible&#039; height=&#039;100%&#039; viewBox=&#039;0 0 24 24&#039; fill=&#039;none&#039; stroke=&#039;black&#039; stroke-width=&#039;7&#039; stroke-linecap=&#039;square&#039; stroke-miterlimit=&#039;10&#039;%3E%3Cpath d=&#039;M0,6c6,0,6,13,12,13S18,6,24,6&#039;\/%3E%3C\/svg%3E&quot;);\">\n\t\t\t<span class=\"elementor-divider-separator\">\n\t\t\t\t\t\t<\/span>\n\t\t<\/div>\n\t\t\t\t\t\t<\/div>\n\t\t\t\t<\/div>\n\t\t\t\t<div class=\"elementor-element elementor-element-600efcf elementor-widget elementor-widget-text-editor\" data-id=\"600efcf\" data-element_type=\"widget\" data-e-type=\"widget\" data-widget_type=\"text-editor.default\">\n\t\t\t\t<div class=\"elementor-widget-container\">\n\t\t\t\t\t\t\t\t\t<p><img fetchpriority=\"high\" decoding=\"async\" class=\"size-medium wp-image-1201 alignleft\" src=\"https:\/\/proyectos.pgiovas.com\/alfaquarium\/wp-content\/uploads\/2020\/07\/acropora_formosa-300x300.jpg\" alt=\"\" width=\"300\" height=\"300\" srcset=\"https:\/\/proyectos.pgiovas.com\/alfaquarium\/wp-content\/uploads\/2020\/07\/acropora_formosa-300x300.jpg 300w, https:\/\/proyectos.pgiovas.com\/alfaquarium\/wp-content\/uploads\/2020\/07\/acropora_formosa-150x150.jpg 150w, https:\/\/proyectos.pgiovas.com\/alfaquarium\/wp-content\/uploads\/2020\/07\/acropora_formosa-370x370.jpg 370w, https:\/\/proyectos.pgiovas.com\/alfaquarium\/wp-content\/uploads\/2020\/07\/acropora_formosa-90x90.jpg 90w, https:\/\/proyectos.pgiovas.com\/alfaquarium\/wp-content\/uploads\/2020\/07\/acropora_formosa-406x406.jpg 406w, https:\/\/proyectos.pgiovas.com\/alfaquarium\/wp-content\/uploads\/2020\/07\/acropora_formosa-143x143.jpg 143w, https:\/\/proyectos.pgiovas.com\/alfaquarium\/wp-content\/uploads\/2020\/07\/acropora_formosa-400x400.jpg 400w, https:\/\/proyectos.pgiovas.com\/alfaquarium\/wp-content\/uploads\/2020\/07\/acropora_formosa-100x100.jpg 100w, https:\/\/proyectos.pgiovas.com\/alfaquarium\/wp-content\/uploads\/2020\/07\/acropora_formosa.jpg 500w\" sizes=\"(max-width: 300px) 100vw, 300px\" \/><\/p><p><strong>Nombre cient\u00edfico:<\/strong> Acropora formosa<br \/><strong>Nombre com\u00fan en ingl\u00e9s:<\/strong> Staghorn coral<br \/><strong>Nombre com\u00fan en espa\u00f1ol:<\/strong> Coral asta de ciervo<br \/><strong>Familia:<\/strong> Acroporidae<br \/><strong>Origen:<\/strong> Oc\u00e9ano Indo Pac\u00edfico <br \/><strong>Par\u00e1metros ideales:<\/strong><br \/><strong>Salinidad:<\/strong> 1023 a 1025<br \/><strong>Temperatura:<\/strong> 23 a 26\u00ba C<br \/><strong>Calcio:<\/strong> 400 a 450 ppm<br \/><strong>Alcalinidad:<\/strong> 8 a 12 dKH<br \/><strong>Magnesio:<\/strong> 1200 a 1350<br \/><strong>Estroncio:<\/strong> 8 a 10<br \/><strong>PH:<\/strong> 8.10 a 8.40<br \/><br \/><strong>Informaci\u00f3n, cuidados y curiosidades: <\/strong>El coral Acropora formosa fue descrito por Dana en 1846. Es un coral que pertenece al grupo de Acropora llamado Formosa.<\/p><p>Es originario de los Oc\u00e9anos Pac\u00edfico e \u00cdndico, del Mar Rojo, de Fiji, del Mar Sulu, de Madagascar, de las Islas Marshall y Phoenix y de los arrecifes de Australia.<\/p><p>Vive en las laderas y m\u00e1rgenes de los arrecifes, pero predomina en las lagunas. Generalmente forma \u201cmatorrales\u201d de una sola especie que se extienden hasta 10 metros. Com\u00fanmente vive junto a los corales A. Nobilis y A. Grandis, pero el coral A. Formosa es la especie dominante.<\/p><p>En la naturaleza estos corales pueden vivir en diferentes zonas del arrecife, como en aguas turbias por los sedimentos, zonas con fuerte oleaje y corrientes de agua, \u00e1reas donde casi no llega la luz o pueden estar completamente expuestos a la luz y el aire cuando baja la marea.<\/p><p>Todos los corales Acropora poseen esqueletos muy porosos y ligeros cerca de los bordes del coral y en las puntas de las ramas. Sus bases son muy densas. El A. Formosa y el A. Cervicornis tienen la base de sus esqueletos m\u00e1s densa de los corales SPS. Generalmente su color es crema, caf\u00e9, azul, rosa, y verde con las puntas p\u00e1lidas. El color m\u00e1s com\u00fan es rosa o marr\u00f3n con las puntas coloridas.<\/p><p>Los corales Acropora se caracterizan por crecer r\u00e1pidamente formando p\u00f3lipos terminales (o axiales) en las puntas de las ramas. Los p\u00f3lipos en las puntas secretan estos coralites, formando constantemente nuevo crecimiento en forma de racimo. Estos p\u00f3lipos terminales no poseen zooxantelas. Ellos crecen r\u00e1pidamente por que son alimentados por el resto de la colonia. Esto permite a los Acropora sobrepasar a los dem\u00e1s corales del arrecife.<\/p><p>Todos los corales Acropora est\u00e1n entre los m\u00e1s grandes y los que m\u00e1s contribuyen a formar los arrecifes alrededor del mundo. De hecho, los corales Acropora y Montipora constituyen un tercio de todas las especies constructoras de arrecifes. En la naturaleza ellos son los m\u00e1s tolerantes a los cambios en la temperatura del agua, la salinidad, las corrientes y la iluminaci\u00f3n, pero en cautiverio pueden ser bastante dif\u00edciles de mantener. En el Oc\u00e9ano, son los primeros en llegar al arrecife y extenderse r\u00e1pidamente.<\/p><p>Todos los corales Acropora est\u00e1n entre los corales m\u00e1s dif\u00edciles de mantener, lo cual es sorprendente porque en su medio natural ellos soportan cambios bruscos de temperatura, salinidad, corrientes de agua, etc. En cautiverio requieren un acuario perfectamente maduro y bien establecido, y los cambios bruscos pueden matarlos r\u00e1pidamente. Son muy sensibles a los cambios en la temperatura, la sedimentaci\u00f3n y estresantes medioambientales qu\u00edmicos y otros. Pueden estresarse f\u00e1cilmente si la iluminaci\u00f3n es muy baja o la corriente de agua no es suficiente.<\/p><p>Deben ser aclimatados muy cuidadosamente. Necesitan ser colocados en su ubicaci\u00f3n definitiva inmediatamente despu\u00e9s de haber sido aclimatados. Les toma alrededor de 5 a 6 meses retomar su crecimiento normal despu\u00e9s de haber sido introducidos al acuario. Moverlos de un lugar a otro los estresar\u00e1 y seguramente morir\u00e1n.<\/p><p>A veces, al introducir un ejemplar nuevo al acuario, todos los dem\u00e1s mueren de lo que la gente llama RTN (Rapid Tissue Necrosis). Todos los corales Acropora pueden morir en unas cuantas horas. No se sabe a ciencia cierta por qu\u00e9 ocurre esto, pero es una buena idea introducir al acuario todos los Acropora que deseemos mantener al mismo tiempo.<\/p><p>En la naturaleza, estos corales han desarrollado diversas estrategias para alimentarse. Tienen una relaci\u00f3n simbi\u00f3tica con las algas zooxantelas, de las cuales reciben parte de los nutrientes que necesitan. Tambi\u00e9n capturan organismos planct\u00f3nicos y part\u00edculas microsc\u00f3picas de comida y absorben materia org\u00e1nica disuelta en la columna de agua. En cautiverio deben ser alimentados con zooplankton. Los cop\u00e9podos, las artemias y los nauplios son demasiado grandes para que los puedan ingerir, pero se han desarrollado nuevos organismos como larvas de invertebrados y cepas nuevas de rot\u00edferos con los que pueden ser alimentados. Muchos creen que en cautiverio todo lo que los Acropora necesitan para vivir y prosperar es estar en un acuario con materia org\u00e1nica disuelta. Sin alimentaci\u00f3n, estos corales parecer\u00e1n estar bien por un tiempo, pero despu\u00e9s de algunos meses, sin previo aviso, morir\u00e1n debido a la inanici\u00f3n. Algunos signos de la falta de alimentaci\u00f3n pueden ser que no presenten nuevo crecimiento, que no extiendan sus p\u00f3lipos y algo de recesi\u00f3n de tejido.<\/p><p>Estos corales son macho y hembra, y pueden reproducirse sexual o asexualmente. En la naturaleza se reproducen sexualmente liberando huevecillos y esperma al mismo tiempo, lo que resulta en un huevecillo fertilizado que entonces se convierte en una larva pl\u00e1nula de nado libre. Eventualmente la larva pl\u00e1nula se establece en el sustrato y se vuelve un plankter. Entonces forma un peque\u00f1o p\u00f3lipo que empieza a secretar carbonato de calcio y se desarrolla un coral. Esta larva es extremadamente vulnerable a la depredaci\u00f3n, por lo que muy pocas sobreviven. Estos corales tambi\u00e9n se reproducen asexualmente. En la naturaleza los Acropora se extienden debido a la fragmentaci\u00f3n producida por las tormentas o accidentes.<\/p><p>La propagaci\u00f3n en cautiverio de estos corales es relativamente sencilla. Lo primero es escoger cuidadosamente un coral que no muestre ning\u00fan signo de enfermedad. Entonces, simplemente hay que cortarle un trozo de al menos 2\u201d de largo y pegarlo en una roca o base. Para esto puede utilizarse resina ep\u00f3xica o cianoacrilato. La mucosidad que excreta el coral al ser cortado no debe entrar en contacto con los dem\u00e1s corales, y se recomienda utilizar guantes y material desinfectado para fragmentar.<\/p><p>Estos corales son pac\u00edficos, pero hay que cuidar que no haya cangrejos en el acuario. Los cangrejos son depredadores oportunistas, a excepci\u00f3n de algunos cangrejos simbi\u00f3ticos o comensales.<\/p><p>Es mejor mantenerlos en un acuario en el que solamente haya corales SPS. Son capaces de extender fibras digestivas llamadas \u201cacontia\u201d que pueden usar para digerir a los corales cercanos a ellos. Esto puede evitarse colocando a los Acropora al menos a 10\u201d de distancia de los dem\u00e1s corales, como zoanthus, corales LPS y otros invertebrados.<\/p><p>No deben mantenerse corales blandos tipo Sinularia y similares en el mismo acuario, pues estos liberan terpinas, las cuales matan a los Acropora. Este tipo de corales son peligrosos para los Acropora, incluso empleando carb\u00f3n activo y teniendo el mejor sistema de filtraci\u00f3n. Otros corales LPS pueden extender sus tent\u00e1culos y matarlos, por lo que debe tenerse mucho cuidado si el acuario es mixto.<\/p><p>Estos corales son considerados entre los corales de crecimiento m\u00e1s r\u00e1pido entre los corales duros. Llegan a la madurez sexual en 3 o 5 a\u00f1os, (con ramas de un di\u00e1metro de 4 a 7 cm). Se pueden fragmentar f\u00e1cilmente y estos fragmentos pueden formar colonias nuevas. Esto los hace candidatos id\u00f3neos para la propagaci\u00f3n en cautiverio.<\/p><p>Algunos indicadores de estr\u00e9s son el blanqueamiento y la recesi\u00f3n, y pueden morir r\u00e1pidamente. Transportar a estos corales puede ser problem\u00e1tico por sus formas, la facilidad con que pueden romperse sus ramas y estresarse. Tambi\u00e9n son propensos a casi todas las enfermedades de los corales, incluyendo la Enfermedad de la Banda Blanca, Enfermedad de la Banda Negra, la necrosis, etc. Los Acropora son especialmente propensos al RTN, sobre todo los ejemplares salvajes.<\/p><p>Tambi\u00e9n hay muchos animales depredadores de estos corales. Algunos de estos corales tienen una relaci\u00f3n simbi\u00f3tica con cangrejos y camarones que los ayudan a defenderse de los depredadores. Otros organismos que entran al acuario de contrabando tambi\u00e9n pueden ser depredadores. Las estrellas de mar chocolate y otras del mismo g\u00e9nero son devoradoras de Acropora.<\/p><p><em>\u00a0<\/em><strong><em>Fuentes del art\u00edculo:<\/em><\/strong><\/p><p><strong><em>Animal world<\/em><\/strong><\/p><p><strong><em>Origen de la imagen:<\/em><\/strong><\/p><p><strong><em>http:\/\/zoo2.zool.kyoto-u.ac.jp<\/em><\/strong><\/p><p><strong><em>Colaboraci\u00f3n de:<\/em><\/strong><\/p><p><strong><em>Jessica Romero Saldivar (AtOmIcFaRt)<\/em><\/strong><\/p>\t\t\t\t\t\t\t\t<\/div>\n\t\t\t\t<\/div>\n\t\t\t\t\t<\/div>\n\t\t<\/div>\n\t\t\t\t\t<\/div>\n\t\t<\/section>\n\t\t\t\t<\/div>\n\t\t","protected":false},"excerpt":{"rendered":"<p>Acropora Formosa Nombre cient\u00edfico: Acropora formosaNombre com\u00fan en ingl\u00e9s: Staghorn coralNombre com\u00fan en espa\u00f1ol: Coral asta de ciervoFamilia: AcroporidaeOrigen: Oc\u00e9ano Indo Pac\u00edfico Par\u00e1metros ideales:Salinidad: 1023 a 1025Temperatura: 23 a 26\u00ba CCalcio: 400 a 450 ppmAlcalinidad:&hellip;<\/p>\n","protected":false},"author":4,"featured_media":0,"parent":0,"menu_order":0,"comment_status":"closed","ping_status":"closed","template":"","meta":{"footnotes":""},"class_list":["post-4115","page","type-page","status-publish","hentry"],"_links":{"self":[{"href":"https:\/\/proyectos.pgiovas.com\/alfaquarium\/wp-json\/wp\/v2\/pages\/4115","targetHints":{"allow":["GET"]}}],"collection":[{"href":"https:\/\/proyectos.pgiovas.com\/alfaquarium\/wp-json\/wp\/v2\/pages"}],"about":[{"href":"https:\/\/proyectos.pgiovas.com\/alfaquarium\/wp-json\/wp\/v2\/types\/page"}],"author":[{"embeddable":true,"href":"https:\/\/proyectos.pgiovas.com\/alfaquarium\/wp-json\/wp\/v2\/users\/4"}],"replies":[{"embeddable":true,"href":"https:\/\/proyectos.pgiovas.com\/alfaquarium\/wp-json\/wp\/v2\/comments?post=4115"}],"version-history":[{"count":2,"href":"https:\/\/proyectos.pgiovas.com\/alfaquarium\/wp-json\/wp\/v2\/pages\/4115\/revisions"}],"predecessor-version":[{"id":4117,"href":"https:\/\/proyectos.pgiovas.com\/alfaquarium\/wp-json\/wp\/v2\/pages\/4115\/revisions\/4117"}],"wp:attachment":[{"href":"https:\/\/proyectos.pgiovas.com\/alfaquarium\/wp-json\/wp\/v2\/media?parent=4115"}],"curies":[{"name":"wp","href":"https:\/\/api.w.org\/{rel}","templated":true}]}}