{"id":4108,"date":"2020-08-27T23:22:35","date_gmt":"2020-08-27T23:22:35","guid":{"rendered":"http:\/\/alfaquarium.mx\/?page_id=4108"},"modified":"2020-08-27T23:24:09","modified_gmt":"2020-08-27T23:24:09","slug":"ogilbyina-queenslandiae","status":"publish","type":"page","link":"https:\/\/proyectos.pgiovas.com\/alfaquarium\/ogilbyina-queenslandiae","title":{"rendered":"Ogilbyina Queenslandiae"},"content":{"rendered":"\t\t<div data-elementor-type=\"wp-page\" data-elementor-id=\"4108\" class=\"elementor elementor-4108\">\n\t\t\t\t\t\t<section class=\"elementor-section elementor-top-section elementor-element elementor-element-79b8e8b elementor-section-full_width elementor-section-height-default elementor-section-height-default\" data-id=\"79b8e8b\" data-element_type=\"section\" data-e-type=\"section\">\n\t\t\t\t\t\t<div class=\"elementor-container elementor-column-gap-default\">\n\t\t\t\t\t<div class=\"elementor-column elementor-col-100 elementor-top-column elementor-element elementor-element-8003a9b\" data-id=\"8003a9b\" data-element_type=\"column\" data-e-type=\"column\">\n\t\t\t<div class=\"elementor-widget-wrap elementor-element-populated\">\n\t\t\t\t\t\t<div class=\"elementor-element elementor-element-a9cc64a elementor-widget elementor-widget-heading\" data-id=\"a9cc64a\" data-element_type=\"widget\" data-e-type=\"widget\" data-widget_type=\"heading.default\">\n\t\t\t\t<div class=\"elementor-widget-container\">\n\t\t\t\t\t<h3 class=\"elementor-heading-title elementor-size-default\">Acantholabrus Palloni<\/h3>\t\t\t\t<\/div>\n\t\t\t\t<\/div>\n\t\t\t\t<div class=\"elementor-element elementor-element-254ba6f elementor-widget elementor-widget-spacer\" data-id=\"254ba6f\" data-element_type=\"widget\" data-e-type=\"widget\" data-widget_type=\"spacer.default\">\n\t\t\t\t<div class=\"elementor-widget-container\">\n\t\t\t\t\t\t\t<div class=\"elementor-spacer\">\n\t\t\t<div class=\"elementor-spacer-inner\"><\/div>\n\t\t<\/div>\n\t\t\t\t\t\t<\/div>\n\t\t\t\t<\/div>\n\t\t\t\t<div class=\"elementor-element elementor-element-65959d3 elementor-widget-divider--separator-type-pattern elementor-widget-divider--view-line elementor-widget elementor-widget-divider\" data-id=\"65959d3\" data-element_type=\"widget\" data-e-type=\"widget\" data-widget_type=\"divider.default\">\n\t\t\t\t<div class=\"elementor-widget-container\">\n\t\t\t\t\t\t\t<div class=\"elementor-divider\" style=\"--divider-pattern-url: url(&quot;data:image\/svg+xml,%3Csvg xmlns=&#039;http:\/\/www.w3.org\/2000\/svg&#039; preserveAspectRatio=&#039;none&#039; overflow=&#039;visible&#039; height=&#039;100%&#039; viewBox=&#039;0 0 24 24&#039; fill=&#039;none&#039; stroke=&#039;black&#039; stroke-width=&#039;7&#039; stroke-linecap=&#039;square&#039; stroke-miterlimit=&#039;10&#039;%3E%3Cpath d=&#039;M0,6c6,0,6,13,12,13S18,6,24,6&#039;\/%3E%3C\/svg%3E&quot;);\">\n\t\t\t<span class=\"elementor-divider-separator\">\n\t\t\t\t\t\t<\/span>\n\t\t<\/div>\n\t\t\t\t\t\t<\/div>\n\t\t\t\t<\/div>\n\t\t\t\t<div class=\"elementor-element elementor-element-600efcf elementor-widget elementor-widget-text-editor\" data-id=\"600efcf\" data-element_type=\"widget\" data-e-type=\"widget\" data-widget_type=\"text-editor.default\">\n\t\t\t\t<div class=\"elementor-widget-container\">\n\t\t\t\t\t\t\t\t\t<p><img fetchpriority=\"high\" decoding=\"async\" class=\"size-medium wp-image-1537 alignleft\" src=\"https:\/\/proyectos.pgiovas.com\/alfaquarium\/wp-content\/uploads\/2020\/08\/acantholabrus_palloni-300x270.jpg\" alt=\"\" width=\"300\" height=\"270\" srcset=\"https:\/\/proyectos.pgiovas.com\/alfaquarium\/wp-content\/uploads\/2020\/08\/acantholabrus_palloni-300x270.jpg 300w, https:\/\/proyectos.pgiovas.com\/alfaquarium\/wp-content\/uploads\/2020\/08\/acantholabrus_palloni-370x333.jpg 370w, https:\/\/proyectos.pgiovas.com\/alfaquarium\/wp-content\/uploads\/2020\/08\/acantholabrus_palloni-400x360.jpg 400w, https:\/\/proyectos.pgiovas.com\/alfaquarium\/wp-content\/uploads\/2020\/08\/acantholabrus_palloni.jpg 500w\" sizes=\"(max-width: 300px) 100vw, 300px\" \/><\/p><p><strong>Nombre cient\u00edfico:<\/strong> Acantholabrus palloni<br \/><strong>Nombre com\u00fan en ingl\u00e9s:<\/strong> Scale rayed wrasse<br \/><strong>Nombre com\u00fan en espa\u00f1ol:<\/strong> Pez labrido de escamas rayadas<br \/><strong>Familia:<\/strong> Labridae<br \/><strong>Origen:<\/strong> Oc\u00e9ano Atl\u00e1ntico<br \/><strong>Par\u00e1metros ideales:<\/strong><br \/><strong>Salinidad:<\/strong> 1023 a 1025<br \/><strong>Temperatura:<\/strong> 23 a 26\u00ba C<br \/><strong>Calcio:<\/strong> 400 a 450 ppm<br \/><strong>Alcalinidad:<\/strong> 8 a 12 dKH<br \/><strong>Magnesio:<\/strong> 1200 a 1350<br \/><strong>Estroncio:<\/strong> 8 a 10<br \/><strong>PH:<\/strong> 8.10 a 8.40<\/p><p><strong>Informaci\u00f3n, cuidados y curiosidades: <\/strong>El pez labrido de escamas rayadas Acantholabrus palloni fue descrito por Risso en 1810.<\/p><p>Es originario del Oc\u00e9ano Atl\u00e1ntico Oriental, de la zona que abarcan desde Noruega al Cabo L\u00f3pez, Gab\u00f3n, Madeira, Azores y las islas Canarias. Tambi\u00e9n en el mar Mediterr\u00e1neo y el Adri\u00e1tico.<\/p><p>Vive en las aguas costeras cerca de los fondos rocosos o arenosos, a profundidades que van de los 30 a los 500 m.<\/p><p>Su coloraci\u00f3n corporal general puede ir del naranja al caf\u00e9 y su zona ventral es m\u00e1s clara. Sus aletas dorsal, caudal y ventrales son transparentes., su aleta p\u00e9lvica es blanca, en la zona dorsal tiene y puntos blancos justo debajo de su aleta dorsal, tiene un punto negro en la parte superior de su ped\u00fanculo caudal y en el final de la parte espinosa de su aleta dorsal.<\/p><p>Este pez puede llegar a medir alrededor de 25 cm.<\/p><p>Este pez es resistente y f\u00e1cil de mantener en cautiverio. Se adapta y acostumbra r\u00e1pidamente a vivir en el acuario y a los alimentos preparados. Generalmente no se considera un pez totalmente seguro para un acuario de arrecife. Aunque no molesta a los corales, se comer\u00e1 los peque\u00f1os crust\u00e1ceos e invertebrados. Es una buena opci\u00f3n para un acuario comunitario pues generalmente es pac\u00edfico y tranquilo, aunque los machos secundarios pueden volverse agresivos. Necesita estar en un acuario de al menos 500 litros con mucho espacio libre para nadar, muchas rocas vivas para esconderse y descansar y una cama de arena viva de al menos 4\u201d de espesor.<\/p><p>Es carn\u00edvoro y en la naturaleza se alimenta principalmente de erizos, cangrejos, camarones y otros crust\u00e1ceos y moluscos. Al tener un gran apetito, en el acuario es f\u00e1cil entrenarlo para que acepte de muy buena gana los alimentos preparados que le ofrezcamos. Hay que proporcionarle una variada dieta prote\u00ednica que incluya crust\u00e1ceos peque\u00f1os, formulas y alimentos congelados como mysis, artemias enriquecidas, trozos de pescado crudo descongelado picados finamente e incluso alimento en hojuelas. Es muy trag\u00f3n y necesita ser alimentado dos o tres veces al d\u00eda.<\/p><p>En su medio ambiente natural los juveniles a veces pueden ser observados en grupo, pero los adultos son observados en solitario o formando peque\u00f1os grupos. Este pez puede mostrarse agresivo con peces de su mismo tama\u00f1o, por lo que debe ser mantenido con peces un poco m\u00e1s grandes que \u00e9l. Hay que evitar mantenerlo con peces lentos o m\u00e1s peque\u00f1os, pues los acosar\u00e1 y es muy posible que se los coma.<\/p><p>Es un pez hermafrodita prot\u00f3gino, con dicromatismo sexual distintivo. Sus huevecillos son pel\u00e1gicos.<\/p><p>Este pez a\u00fan no ha sido propagado en cautiverio.<\/p><p>Viabilidad en cautiverio.<\/p><p><em><strong>Origen de la imagen:<\/strong><\/em><\/p><p><em><strong>http:\/\/www.zipcodezoo.com<\/strong><\/em><\/p><p><em><strong>Fuentes del art\u00edculo:<\/strong><\/em><\/p><p><em><strong>Fishbase\u00a0<\/strong><\/em><\/p><p><em><strong>Origen de la imagen:<\/strong><\/em><\/p><p><em><strong>http:\/\/www.zipcodezoo.com\u00a0<\/strong><\/em><\/p><p><em><strong>Colaboraci\u00f3n de:<\/strong><\/em><\/p><p><em><strong>Jessica Romero Saldivar (AtOmIcFaRt)<\/strong><\/em><\/p>\t\t\t\t\t\t\t\t<\/div>\n\t\t\t\t<\/div>\n\t\t\t\t\t<\/div>\n\t\t<\/div>\n\t\t\t\t\t<\/div>\n\t\t<\/section>\n\t\t\t\t<\/div>\n\t\t","protected":false},"excerpt":{"rendered":"<p>Acantholabrus Palloni Nombre cient\u00edfico: Acantholabrus palloni Nombre com\u00fan en ingl\u00e9s: Scale rayed wrasse Nombre com\u00fan en espa\u00f1ol: Pez labrido de escamas rayadas Familia: Labridae Origen: Oc\u00e9ano Atl\u00e1ntico Par\u00e1metros ideales: Salinidad: 1023 a 1025 Temperatura: 23&hellip;<\/p>\n","protected":false},"author":4,"featured_media":0,"parent":0,"menu_order":0,"comment_status":"closed","ping_status":"closed","template":"","meta":{"footnotes":""},"class_list":["post-4108","page","type-page","status-publish","hentry"],"_links":{"self":[{"href":"https:\/\/proyectos.pgiovas.com\/alfaquarium\/wp-json\/wp\/v2\/pages\/4108","targetHints":{"allow":["GET"]}}],"collection":[{"href":"https:\/\/proyectos.pgiovas.com\/alfaquarium\/wp-json\/wp\/v2\/pages"}],"about":[{"href":"https:\/\/proyectos.pgiovas.com\/alfaquarium\/wp-json\/wp\/v2\/types\/page"}],"author":[{"embeddable":true,"href":"https:\/\/proyectos.pgiovas.com\/alfaquarium\/wp-json\/wp\/v2\/users\/4"}],"replies":[{"embeddable":true,"href":"https:\/\/proyectos.pgiovas.com\/alfaquarium\/wp-json\/wp\/v2\/comments?post=4108"}],"version-history":[{"count":1,"href":"https:\/\/proyectos.pgiovas.com\/alfaquarium\/wp-json\/wp\/v2\/pages\/4108\/revisions"}],"predecessor-version":[{"id":4109,"href":"https:\/\/proyectos.pgiovas.com\/alfaquarium\/wp-json\/wp\/v2\/pages\/4108\/revisions\/4109"}],"wp:attachment":[{"href":"https:\/\/proyectos.pgiovas.com\/alfaquarium\/wp-json\/wp\/v2\/media?parent=4108"}],"curies":[{"name":"wp","href":"https:\/\/api.w.org\/{rel}","templated":true}]}}