{"id":4031,"date":"2020-08-27T20:28:50","date_gmt":"2020-08-27T20:28:50","guid":{"rendered":"http:\/\/alfaquarium.mx\/?page_id=4031"},"modified":"2020-08-27T20:32:41","modified_gmt":"2020-08-27T20:32:41","slug":"chlidichthys-auratus","status":"publish","type":"page","link":"https:\/\/proyectos.pgiovas.com\/alfaquarium\/chlidichthys-auratus","title":{"rendered":"Chlidichthys Auratus"},"content":{"rendered":"\t\t<div data-elementor-type=\"wp-page\" data-elementor-id=\"4031\" class=\"elementor elementor-4031\">\n\t\t\t\t\t\t<section class=\"elementor-section elementor-top-section elementor-element elementor-element-79b8e8b elementor-section-full_width elementor-section-height-default elementor-section-height-default\" data-id=\"79b8e8b\" data-element_type=\"section\" data-e-type=\"section\">\n\t\t\t\t\t\t<div class=\"elementor-container elementor-column-gap-default\">\n\t\t\t\t\t<div class=\"elementor-column elementor-col-100 elementor-top-column elementor-element elementor-element-8003a9b\" data-id=\"8003a9b\" data-element_type=\"column\" data-e-type=\"column\">\n\t\t\t<div class=\"elementor-widget-wrap elementor-element-populated\">\n\t\t\t\t\t\t<div class=\"elementor-element elementor-element-a9cc64a elementor-widget elementor-widget-heading\" data-id=\"a9cc64a\" data-element_type=\"widget\" data-e-type=\"widget\" data-widget_type=\"heading.default\">\n\t\t\t\t<div class=\"elementor-widget-container\">\n\t\t\t\t\t<h3 class=\"elementor-heading-title elementor-size-default\">Chlidichthys Auratus<\/h3>\t\t\t\t<\/div>\n\t\t\t\t<\/div>\n\t\t\t\t<div class=\"elementor-element elementor-element-254ba6f elementor-widget elementor-widget-spacer\" data-id=\"254ba6f\" data-element_type=\"widget\" data-e-type=\"widget\" data-widget_type=\"spacer.default\">\n\t\t\t\t<div class=\"elementor-widget-container\">\n\t\t\t\t\t\t\t<div class=\"elementor-spacer\">\n\t\t\t<div class=\"elementor-spacer-inner\"><\/div>\n\t\t<\/div>\n\t\t\t\t\t\t<\/div>\n\t\t\t\t<\/div>\n\t\t\t\t<div class=\"elementor-element elementor-element-65959d3 elementor-widget-divider--separator-type-pattern elementor-widget-divider--view-line elementor-widget elementor-widget-divider\" data-id=\"65959d3\" data-element_type=\"widget\" data-e-type=\"widget\" data-widget_type=\"divider.default\">\n\t\t\t\t<div class=\"elementor-widget-container\">\n\t\t\t\t\t\t\t<div class=\"elementor-divider\" style=\"--divider-pattern-url: url(&quot;data:image\/svg+xml,%3Csvg xmlns=&#039;http:\/\/www.w3.org\/2000\/svg&#039; preserveAspectRatio=&#039;none&#039; overflow=&#039;visible&#039; height=&#039;100%&#039; viewBox=&#039;0 0 24 24&#039; fill=&#039;none&#039; stroke=&#039;black&#039; stroke-width=&#039;7&#039; stroke-linecap=&#039;square&#039; stroke-miterlimit=&#039;10&#039;%3E%3Cpath d=&#039;M0,6c6,0,6,13,12,13S18,6,24,6&#039;\/%3E%3C\/svg%3E&quot;);\">\n\t\t\t<span class=\"elementor-divider-separator\">\n\t\t\t\t\t\t<\/span>\n\t\t<\/div>\n\t\t\t\t\t\t<\/div>\n\t\t\t\t<\/div>\n\t\t\t\t<div class=\"elementor-element elementor-element-600efcf elementor-widget elementor-widget-text-editor\" data-id=\"600efcf\" data-element_type=\"widget\" data-e-type=\"widget\" data-widget_type=\"text-editor.default\">\n\t\t\t\t<div class=\"elementor-widget-container\">\n\t\t\t\t\t\t\t\t\t<p><strong>Nombre cient\u00edfico:<\/strong> Chlidichthys auratus<br \/><strong>Nombre com\u00fan en ingl\u00e9s:<\/strong> Golden dottyback<br \/><strong>Nombre com\u00fan en espa\u00f1ol:<\/strong> Pseudochromis dorado<br \/><strong>Familia:<\/strong> Pseudochromidae<br \/><strong>Origen:<\/strong> Oc\u00e9ano \u00cdndico<br \/><strong>Par\u00e1metros ideales:<\/strong><br \/><strong>Salinidad:<\/strong> 1023 a 1025<br \/><strong>Temperatura:<\/strong> 23 a 26\u00ba C<br \/><strong>Calcio:<\/strong> 400 a 450 ppm<br \/><strong>Alcalinidad:<\/strong> 8 a 12 dKH<br \/><strong>Magnesio:<\/strong> 1200 a 1350<br \/><strong>Estroncio:<\/strong> 8 a 10<br \/><strong>PH:<\/strong> 8.10 a 8.40<\/p><p><strong>Informaci\u00f3n, cuidados y curiosidades: \u00a0<\/strong>El pez pseudochromis dorado Chlidichthys auratus fue descrito por Lubbock en 1975.<\/p><p>Es originario del Oc\u00e9ano \u00cdndico Occidental y se cree que es end\u00e9mico del Mar Rojo.<\/p><p>Vive en los arrecifes coralinos y permanece a una profundidad que va de 2 a 20 m.<\/p><p>Se alimenta principalmente invertebrados b\u00e9nticos.<\/p><p>Su coloraci\u00f3n corporal puede ir del amarillo dorado al naranja.<\/p><p>Desde la zona interorbital hasta la base de la aleta caudal tiene una franja horizontal cuya coloraci\u00f3n puede ir del naranja al rojo brillante.<\/p><p>Tiene una segunda franja de color naranja que va desde la parte trasera superior de sus ojos, pasa a lo largo de la zona dorsal de su cuerpo y termina debajo del 13\u00ba al 16\u00ba de los rayos segmentados de su aleta dorsal.<\/p><p>Tiene otra tercera franja de color naranja brillante que se extiende en arco desde debajo de sus ojos a la parte posteriodorsal de sus op\u00e9rculos, paralelada ventralmente por otra franja m\u00e1s corta de color naranja brillante desde el istmo al subop\u00e9rculo.<\/p><p>A veces presenta una franja muy corta o un punto de color naranja brillante a\u00a0 lo largo del borde dorsal del op\u00e9rculo entre la segunda y tercera franja.<\/p><p>En el \u00e1rea adyacente a las franjas anaranjadas tiene un punto\u00a0 cuya coloraci\u00f3n puede ser azuloso, naranja, p\u00farpura o azul gris\u00e1ceo, el anillo posterior a sus ojos es de color gris azuloso, a veces est\u00e1 bordeado anteriormente por una franja corta de color gris oscuro, la coloraci\u00f3n de su hocico puede ir del gris azuloso al azul-anaranjado con una franja de color naranja brillante que se extiende desde el borde anterior de sus ojos, sus iris pueden ser amarillos o naranja brillante, sus aletas dorsal y anales pueden ir del rojizo al anaranjado traslucido con franjas tenues de color azul y naranja basalmente, a veces tiene los m\u00e1rgenes distales de las aletas de color azul brillante, su aleta caudal puede ir del naranja brillante al rojo basalmente, posteriormente es anaranjado traslucido, sus aletas pectorales y p\u00e9lvicas\u00a0 pueden ser traslucidas o ros\u00e1ceas y a veces tienen en el borde anterior un margen de color azul brillante.<\/p><p>Este pez puede llegar a medir 4 cm.<\/p><p>Es muy agresivo y territorial, por lo que debe ser mantenido con peces m\u00e1s grandes que \u00e9l. Tambi\u00e9n puede molestar a los camarones ornamentales. Necesita un acuario de al menos 200 litros, con cama de arena y abundante roca viva entre cuyos huecos y recovecos el pez pueda encontrar un sitio para descansar o esconderse. Reci\u00e9n introducido al acuario puede ser dif\u00edcil estimularlo a comer, pero poco a poco ir\u00e1 entrando en confianza y podremos alimentarlo con mysis, peque\u00f1os trozos de camar\u00f3n, pescado, calamar, carne de cangrejo o alg\u00fan alimento comercial especial para peces carn\u00edvoros. Para mantener su hermoso y brillante colorido, necesita una dieta lo m\u00e1s variada posible.<\/p><p>Al ser un pez raro y dif\u00edcil de encontrarlo a la venta, de momento esta ficha carece de im\u00e1genes.<\/p><p><strong><em>Fuentes del art\u00edculo:<\/em><\/strong><\/p><p><strong><em>Fishbase, Animal world y Aquatic community.<\/em><em>\u00a0<\/em><\/strong><\/p><p><strong><em>Origen de la imagen:<\/em><\/strong><\/p><p><strong><em>Colaboraci\u00f3n de:<\/em><\/strong><\/p><p><strong><em>Jessica Romero Saldivar (AtOmIcFaRt)<\/em><\/strong><\/p>\t\t\t\t\t\t\t\t<\/div>\n\t\t\t\t<\/div>\n\t\t\t\t\t<\/div>\n\t\t<\/div>\n\t\t\t\t\t<\/div>\n\t\t<\/section>\n\t\t\t\t<\/div>\n\t\t","protected":false},"excerpt":{"rendered":"<p>Chlidichthys Auratus Nombre cient\u00edfico: Chlidichthys auratusNombre com\u00fan en ingl\u00e9s: Golden dottybackNombre com\u00fan en espa\u00f1ol: Pseudochromis doradoFamilia: PseudochromidaeOrigen: Oc\u00e9ano \u00cdndicoPar\u00e1metros ideales:Salinidad: 1023 a 1025Temperatura: 23 a 26\u00ba CCalcio: 400 a 450 ppmAlcalinidad: 8 a 12 dKHMagnesio:&hellip;<\/p>\n","protected":false},"author":4,"featured_media":0,"parent":0,"menu_order":0,"comment_status":"closed","ping_status":"closed","template":"","meta":{"footnotes":""},"class_list":["post-4031","page","type-page","status-publish","hentry"],"_links":{"self":[{"href":"https:\/\/proyectos.pgiovas.com\/alfaquarium\/wp-json\/wp\/v2\/pages\/4031","targetHints":{"allow":["GET"]}}],"collection":[{"href":"https:\/\/proyectos.pgiovas.com\/alfaquarium\/wp-json\/wp\/v2\/pages"}],"about":[{"href":"https:\/\/proyectos.pgiovas.com\/alfaquarium\/wp-json\/wp\/v2\/types\/page"}],"author":[{"embeddable":true,"href":"https:\/\/proyectos.pgiovas.com\/alfaquarium\/wp-json\/wp\/v2\/users\/4"}],"replies":[{"embeddable":true,"href":"https:\/\/proyectos.pgiovas.com\/alfaquarium\/wp-json\/wp\/v2\/comments?post=4031"}],"version-history":[{"count":2,"href":"https:\/\/proyectos.pgiovas.com\/alfaquarium\/wp-json\/wp\/v2\/pages\/4031\/revisions"}],"predecessor-version":[{"id":4034,"href":"https:\/\/proyectos.pgiovas.com\/alfaquarium\/wp-json\/wp\/v2\/pages\/4031\/revisions\/4034"}],"wp:attachment":[{"href":"https:\/\/proyectos.pgiovas.com\/alfaquarium\/wp-json\/wp\/v2\/media?parent=4031"}],"curies":[{"name":"wp","href":"https:\/\/api.w.org\/{rel}","templated":true}]}}