{"id":3976,"date":"2020-08-27T20:20:34","date_gmt":"2020-08-27T20:20:34","guid":{"rendered":"http:\/\/alfaquarium.mx\/?page_id=3976"},"modified":"2020-08-27T20:24:54","modified_gmt":"2020-08-27T20:24:54","slug":"chlidichthys-abruptus","status":"publish","type":"page","link":"https:\/\/proyectos.pgiovas.com\/alfaquarium\/chlidichthys-abruptus","title":{"rendered":"Chlidichthys Abruptus"},"content":{"rendered":"\t\t<div data-elementor-type=\"wp-page\" data-elementor-id=\"3976\" class=\"elementor elementor-3976\">\n\t\t\t\t\t\t<section class=\"elementor-section elementor-top-section elementor-element elementor-element-79b8e8b elementor-section-full_width elementor-section-height-default elementor-section-height-default\" data-id=\"79b8e8b\" data-element_type=\"section\" data-e-type=\"section\">\n\t\t\t\t\t\t<div class=\"elementor-container elementor-column-gap-default\">\n\t\t\t\t\t<div class=\"elementor-column elementor-col-100 elementor-top-column elementor-element elementor-element-8003a9b\" data-id=\"8003a9b\" data-element_type=\"column\" data-e-type=\"column\">\n\t\t\t<div class=\"elementor-widget-wrap elementor-element-populated\">\n\t\t\t\t\t\t<div class=\"elementor-element elementor-element-a9cc64a elementor-widget elementor-widget-heading\" data-id=\"a9cc64a\" data-element_type=\"widget\" data-e-type=\"widget\" data-widget_type=\"heading.default\">\n\t\t\t\t<div class=\"elementor-widget-container\">\n\t\t\t\t\t<h3 class=\"elementor-heading-title elementor-size-default\">Chlidichthys Abruptus<\/h3>\t\t\t\t<\/div>\n\t\t\t\t<\/div>\n\t\t\t\t<div class=\"elementor-element elementor-element-254ba6f elementor-widget elementor-widget-spacer\" data-id=\"254ba6f\" data-element_type=\"widget\" data-e-type=\"widget\" data-widget_type=\"spacer.default\">\n\t\t\t\t<div class=\"elementor-widget-container\">\n\t\t\t\t\t\t\t<div class=\"elementor-spacer\">\n\t\t\t<div class=\"elementor-spacer-inner\"><\/div>\n\t\t<\/div>\n\t\t\t\t\t\t<\/div>\n\t\t\t\t<\/div>\n\t\t\t\t<div class=\"elementor-element elementor-element-65959d3 elementor-widget-divider--separator-type-pattern elementor-widget-divider--view-line elementor-widget elementor-widget-divider\" data-id=\"65959d3\" data-element_type=\"widget\" data-e-type=\"widget\" data-widget_type=\"divider.default\">\n\t\t\t\t<div class=\"elementor-widget-container\">\n\t\t\t\t\t\t\t<div class=\"elementor-divider\" style=\"--divider-pattern-url: url(&quot;data:image\/svg+xml,%3Csvg xmlns=&#039;http:\/\/www.w3.org\/2000\/svg&#039; preserveAspectRatio=&#039;none&#039; overflow=&#039;visible&#039; height=&#039;100%&#039; viewBox=&#039;0 0 24 24&#039; fill=&#039;none&#039; stroke=&#039;black&#039; stroke-width=&#039;7&#039; stroke-linecap=&#039;square&#039; stroke-miterlimit=&#039;10&#039;%3E%3Cpath d=&#039;M0,6c6,0,6,13,12,13S18,6,24,6&#039;\/%3E%3C\/svg%3E&quot;);\">\n\t\t\t<span class=\"elementor-divider-separator\">\n\t\t\t\t\t\t<\/span>\n\t\t<\/div>\n\t\t\t\t\t\t<\/div>\n\t\t\t\t<\/div>\n\t\t\t\t<div class=\"elementor-element elementor-element-600efcf elementor-widget elementor-widget-text-editor\" data-id=\"600efcf\" data-element_type=\"widget\" data-e-type=\"widget\" data-widget_type=\"text-editor.default\">\n\t\t\t\t<div class=\"elementor-widget-container\">\n\t\t\t\t\t\t\t\t\t<p><strong>Nombre cient\u00edfico:<\/strong> Chlidichthys abruptus<br \/><strong>Nombre com\u00fan en ingl\u00e9s:<\/strong> St Brandon\u2019s dottyback<br \/><strong>Nombre com\u00fan en espa\u00f1ol:<\/strong> Pseudochromis de St Brandon<br \/><strong>Familia:<\/strong> Pseudochromidae<br \/><strong>Origen:<\/strong> Oc\u00e9ano \u00cdndico<br \/><strong>Par\u00e1metros ideales:<\/strong><br \/><strong>Salinidad:<\/strong> 1023 a 1025<br \/><strong>Temperatura:<\/strong> 23 a 26\u00ba C<br \/><strong>Calcio:<\/strong> 400 a 450 ppm<br \/><strong>Alcalinidad:<\/strong> 8 a 12 dKH<br \/><strong>Magnesio:<\/strong> 1200 a 1350<br \/><strong>Estroncio:<\/strong> 8 a 10<br \/><strong>PH:<\/strong> 8.10 a 8.40<\/p><p><strong>Informaci\u00f3n, cuidados y curiosidades: \u00a0<\/strong>El pez pseudochromis de St Brandon Chlidichthys abruptus fue descrito por Lubbock en 1977.<\/p><p>Es originario del Oc\u00e9ano \u00cdndico Occidental y se cree que es end\u00e9mico de Cargados Carajos.<\/p><p>Vive en los arrecifes coralinos y rocosos, en los canales, las laderas, los precipicios y permanece a una profundidad de hasta 21 m.<\/p><p>Se alimenta principalmente invertebrados b\u00e9nticos.<\/p><p>Su coloraci\u00f3n corporal puede ir del verde oliva al verde-caf\u00e9, su vientre es m\u00e1s p\u00e1lido, su hocico y casi toda la cabeza debajo del ojo son abruptamente anaranjados, su anillo orbital puede ir del naranja al oliva, sus iris son de color naranja claro, se tornan caf\u00e9s hacia el margen exterior y sus pupilas tienen un anillo azul.<\/p><p>En el cuerpo tiene franjas de color caf\u00e9 muy tenues, su aleta dorsal es de color oliva-caf\u00e9 basalmente y presentan una coloraci\u00f3n que va del ros\u00e1ceo al caf\u00e9 traslucido distalmente, sus aletas anales y caudal son de color oliva, m\u00e1s oscuras basalmente y sus aletas pectorales y p\u00e9lvicas son traslucidas.<\/p><p>Este pez puede llegar a medir 5 cm.<\/p><p>Es muy agresivo y territorial, por lo que debe ser mantenido con peces m\u00e1s grandes que \u00e9l. Tambi\u00e9n puede molestar a los camarones ornamentales. Necesita un acuario de al menos 200 litros, con cama de arena y abundante roca viva entre cuyos huecos y recovecos el pez pueda encontrar un sitio para descansar o esconderse. Reci\u00e9n introducido al acuario puede ser dif\u00edcil estimularlo a comer, pero poco a poco ir\u00e1 entrando en confianza y podremos alimentarlo con mysis, peque\u00f1os trozos de camar\u00f3n, pescado, calamar, carne de cangrejo o alg\u00fan alimento comercial especial para peces carn\u00edvoros. Para mantener su hermoso y brillante colorido, necesita una dieta lo m\u00e1s variada posible.<\/p><p>Al ser un pez raro y dif\u00edcil de encontrarlo a la venta, de momento esta ficha carece de im\u00e1genes.<\/p><p><em><strong>Fuentes del art\u00edculo:<\/strong><\/em><\/p><p><em><strong>Fishbase, Animal world y Aquatic community.<\/strong><\/em><\/p><p><em><strong>Origen de la imagen:\u00a0<\/strong><\/em><\/p><p><em><strong>Colaboraci\u00f3n de:<\/strong><\/em><\/p><p><em><strong>Jessica Romero Saldivar (AtOmIcFaRt)<\/strong><\/em><\/p>\t\t\t\t\t\t\t\t<\/div>\n\t\t\t\t<\/div>\n\t\t\t\t\t<\/div>\n\t\t<\/div>\n\t\t\t\t\t<\/div>\n\t\t<\/section>\n\t\t\t\t<\/div>\n\t\t","protected":false},"excerpt":{"rendered":"<p>Chlidichthys Abruptus Nombre cient\u00edfico: Chlidichthys abruptusNombre com\u00fan en ingl\u00e9s: St Brandon\u2019s dottybackNombre com\u00fan en espa\u00f1ol: Pseudochromis de St BrandonFamilia: PseudochromidaeOrigen: Oc\u00e9ano \u00cdndicoPar\u00e1metros ideales:Salinidad: 1023 a 1025Temperatura: 23 a 26\u00ba CCalcio: 400 a 450 ppmAlcalinidad: 8&hellip;<\/p>\n","protected":false},"author":4,"featured_media":0,"parent":0,"menu_order":0,"comment_status":"closed","ping_status":"closed","template":"","meta":{"footnotes":""},"class_list":["post-3976","page","type-page","status-publish","hentry"],"_links":{"self":[{"href":"https:\/\/proyectos.pgiovas.com\/alfaquarium\/wp-json\/wp\/v2\/pages\/3976","targetHints":{"allow":["GET"]}}],"collection":[{"href":"https:\/\/proyectos.pgiovas.com\/alfaquarium\/wp-json\/wp\/v2\/pages"}],"about":[{"href":"https:\/\/proyectos.pgiovas.com\/alfaquarium\/wp-json\/wp\/v2\/types\/page"}],"author":[{"embeddable":true,"href":"https:\/\/proyectos.pgiovas.com\/alfaquarium\/wp-json\/wp\/v2\/users\/4"}],"replies":[{"embeddable":true,"href":"https:\/\/proyectos.pgiovas.com\/alfaquarium\/wp-json\/wp\/v2\/comments?post=3976"}],"version-history":[{"count":2,"href":"https:\/\/proyectos.pgiovas.com\/alfaquarium\/wp-json\/wp\/v2\/pages\/3976\/revisions"}],"predecessor-version":[{"id":4030,"href":"https:\/\/proyectos.pgiovas.com\/alfaquarium\/wp-json\/wp\/v2\/pages\/3976\/revisions\/4030"}],"wp:attachment":[{"href":"https:\/\/proyectos.pgiovas.com\/alfaquarium\/wp-json\/wp\/v2\/media?parent=3976"}],"curies":[{"name":"wp","href":"https:\/\/api.w.org\/{rel}","templated":true}]}}