{"id":3961,"date":"2020-08-13T21:38:12","date_gmt":"2020-08-13T21:38:12","guid":{"rendered":"http:\/\/alfaquarium.mx\/?page_id=3961"},"modified":"2020-08-13T21:40:15","modified_gmt":"2020-08-13T21:40:15","slug":"astricola-spp-coeloplana-spp","status":"publish","type":"page","link":"https:\/\/proyectos.pgiovas.com\/alfaquarium\/astricola-spp-coeloplana-spp","title":{"rendered":"Astricola spp, Coeloplana spp"},"content":{"rendered":"\t\t<div data-elementor-type=\"wp-page\" data-elementor-id=\"3961\" class=\"elementor elementor-3961\">\n\t\t\t\t\t\t<section class=\"elementor-section elementor-top-section elementor-element elementor-element-79b8e8b elementor-section-full_width elementor-section-height-default elementor-section-height-default\" data-id=\"79b8e8b\" data-element_type=\"section\" data-e-type=\"section\">\n\t\t\t\t\t\t<div class=\"elementor-container elementor-column-gap-default\">\n\t\t\t\t\t<div class=\"elementor-column elementor-col-100 elementor-top-column elementor-element elementor-element-8003a9b\" data-id=\"8003a9b\" data-element_type=\"column\" data-e-type=\"column\">\n\t\t\t<div class=\"elementor-widget-wrap elementor-element-populated\">\n\t\t\t\t\t\t<div class=\"elementor-element elementor-element-a9cc64a elementor-widget elementor-widget-heading\" data-id=\"a9cc64a\" data-element_type=\"widget\" data-e-type=\"widget\" data-widget_type=\"heading.default\">\n\t\t\t\t<div class=\"elementor-widget-container\">\n\t\t\t\t\t<h3 class=\"elementor-heading-title elementor-size-default\">Astricola spp, Coeloplana spp<\/h3>\t\t\t\t<\/div>\n\t\t\t\t<\/div>\n\t\t\t\t<div class=\"elementor-element elementor-element-254ba6f elementor-widget elementor-widget-spacer\" data-id=\"254ba6f\" data-element_type=\"widget\" data-e-type=\"widget\" data-widget_type=\"spacer.default\">\n\t\t\t\t<div class=\"elementor-widget-container\">\n\t\t\t\t\t\t\t<div class=\"elementor-spacer\">\n\t\t\t<div class=\"elementor-spacer-inner\"><\/div>\n\t\t<\/div>\n\t\t\t\t\t\t<\/div>\n\t\t\t\t<\/div>\n\t\t\t\t<div class=\"elementor-element elementor-element-65959d3 elementor-widget-divider--separator-type-pattern elementor-widget-divider--view-line elementor-widget elementor-widget-divider\" data-id=\"65959d3\" data-element_type=\"widget\" data-e-type=\"widget\" data-widget_type=\"divider.default\">\n\t\t\t\t<div class=\"elementor-widget-container\">\n\t\t\t\t\t\t\t<div class=\"elementor-divider\" style=\"--divider-pattern-url: url(&quot;data:image\/svg+xml,%3Csvg xmlns=&#039;http:\/\/www.w3.org\/2000\/svg&#039; preserveAspectRatio=&#039;none&#039; overflow=&#039;visible&#039; height=&#039;100%&#039; viewBox=&#039;0 0 24 24&#039; fill=&#039;none&#039; stroke=&#039;black&#039; stroke-width=&#039;7&#039; stroke-linecap=&#039;square&#039; stroke-miterlimit=&#039;10&#039;%3E%3Cpath d=&#039;M0,6c6,0,6,13,12,13S18,6,24,6&#039;\/%3E%3C\/svg%3E&quot;);\">\n\t\t\t<span class=\"elementor-divider-separator\">\n\t\t\t\t\t\t<\/span>\n\t\t<\/div>\n\t\t\t\t\t\t<\/div>\n\t\t\t\t<\/div>\n\t\t\t\t<div class=\"elementor-element elementor-element-600efcf elementor-widget elementor-widget-text-editor\" data-id=\"600efcf\" data-element_type=\"widget\" data-e-type=\"widget\" data-widget_type=\"text-editor.default\">\n\t\t\t\t<div class=\"elementor-widget-container\">\n\t\t\t\t\t\t\t\t\t<p><img decoding=\"async\" class=\"size-full wp-image-2478 alignleft\" src=\"https:\/\/proyectos.pgiovas.com\/alfaquarium\/wp-content\/uploads\/2020\/08\/Astricola-sppCoeloplana-spp.png\" alt=\"\" width=\"178\" height=\"160\" \/><\/p><p><strong>Nombre cient\u00edfico:<\/strong> Astricola spp., Coeloplana spp.<\/p><p><strong>Nombre com\u00fan en ingl\u00e9s:<\/strong> Sessile Comb Jellies<\/p><p><strong>Nombre com\u00fan es espa\u00f1ol:<\/strong> Medusa S\u00e9sil<\/p><p><strong>Tama\u00f1o m\u00e1ximo:<\/strong> Los individuos alcanzan hasta aproximadamente 1 pulgada (2.5 cm) de largo.<\/p><p><strong>Extensi\u00f3n:<\/strong> Todos los mares tropicales.<\/p><p><strong>Tama\u00f1o m\u00ednimo de acuario:<\/strong> Tanques peque\u00f1os, 10 galones (38 lts) o m\u00e1s.<\/p><p><strong>Iluminaci\u00f3n:<\/strong> Irrelevante.<\/p><p><strong>Alimento y Alimentaci\u00f3n:<\/strong> Debe ser alimentado con comidas como <em>Artemia<\/em> beb\u00e9, junto con alimentaciones ocasionales de<em> Artemia<\/em> adulto.<\/p><p><strong>Conveniencia y Compatibilidad con el acuario de arrecife:<\/strong> Buenos animales de acuario de arrecife. Rara vez se vuelven demasiado abundantes. Pueden irritar a los corales u otros invertebrados inm\u00f3viles.<\/p><p><strong>Cuidado Cautivo:<\/strong> Incluso entre los m\u00e1s extra\u00f1os de los invertebrados, estos son animales bastante estrafalarios. La mayor\u00eda de las medusas de peine (<strong><em>cten\u00f3foros<\/em>)<\/strong> son totalmente planct\u00f3nicas, aunque un peque\u00f1o grupo tiene adultos s\u00e9siles. Se ven como gusanos planos con crestas elevadas en sus superficies superiores que pueden haber sido delineadas con una pluma blanca o de color muy fina. Se les presenta a los acuarios en su hu\u00e9sped (estrellas de mar, corales blandos, gorgonias, erizos de mar). Se alimentan extendiendo dos finos tent\u00e1culos en forma de pelo en la columna de agua y se vuelven instant\u00e1neamente reconocibles como <strong><em>cten\u00f3foros<\/em>,<\/strong> ya que tienen tent\u00e1culos ramificados o flecos. Si el tanque est\u00e1 bien alimentado con peque\u00f1os alimentos planct\u00f3nicos, pueden persistir o incluso prosperar.<\/p><p><em><strong>Fuentes del art\u00edculo:<\/strong><\/em><\/p><p><em><strong>Marine Invertebrates; Ronald L. Shimek, Ph.D.<\/strong><\/em><\/p><p><em><strong>Colaboraci\u00f3n de:<\/strong><\/em><\/p><p><em><strong>Luz Alicia Anduaga<\/strong><\/em><\/p>\t\t\t\t\t\t\t\t<\/div>\n\t\t\t\t<\/div>\n\t\t\t\t\t<\/div>\n\t\t<\/div>\n\t\t\t\t\t<\/div>\n\t\t<\/section>\n\t\t\t\t<\/div>\n\t\t","protected":false},"excerpt":{"rendered":"<p>Astricola spp, Coeloplana spp Nombre cient\u00edfico: Astricola spp., Coeloplana spp. Nombre com\u00fan en ingl\u00e9s: Sessile Comb Jellies Nombre com\u00fan es espa\u00f1ol: Medusa S\u00e9sil Tama\u00f1o m\u00e1ximo: Los individuos alcanzan hasta aproximadamente 1 pulgada (2.5 cm) de&hellip;<\/p>\n","protected":false},"author":4,"featured_media":0,"parent":0,"menu_order":0,"comment_status":"closed","ping_status":"closed","template":"","meta":{"footnotes":""},"class_list":["post-3961","page","type-page","status-publish","hentry"],"_links":{"self":[{"href":"https:\/\/proyectos.pgiovas.com\/alfaquarium\/wp-json\/wp\/v2\/pages\/3961","targetHints":{"allow":["GET"]}}],"collection":[{"href":"https:\/\/proyectos.pgiovas.com\/alfaquarium\/wp-json\/wp\/v2\/pages"}],"about":[{"href":"https:\/\/proyectos.pgiovas.com\/alfaquarium\/wp-json\/wp\/v2\/types\/page"}],"author":[{"embeddable":true,"href":"https:\/\/proyectos.pgiovas.com\/alfaquarium\/wp-json\/wp\/v2\/users\/4"}],"replies":[{"embeddable":true,"href":"https:\/\/proyectos.pgiovas.com\/alfaquarium\/wp-json\/wp\/v2\/comments?post=3961"}],"version-history":[{"count":3,"href":"https:\/\/proyectos.pgiovas.com\/alfaquarium\/wp-json\/wp\/v2\/pages\/3961\/revisions"}],"predecessor-version":[{"id":3970,"href":"https:\/\/proyectos.pgiovas.com\/alfaquarium\/wp-json\/wp\/v2\/pages\/3961\/revisions\/3970"}],"wp:attachment":[{"href":"https:\/\/proyectos.pgiovas.com\/alfaquarium\/wp-json\/wp\/v2\/media?parent=3961"}],"curies":[{"name":"wp","href":"https:\/\/api.w.org\/{rel}","templated":true}]}}