{"id":3880,"date":"2020-08-12T11:38:31","date_gmt":"2020-08-12T11:38:31","guid":{"rendered":"http:\/\/alfaquarium.mx\/?page_id=3880"},"modified":"2020-08-12T11:41:29","modified_gmt":"2020-08-12T11:41:29","slug":"chrysiptera-rollandi","status":"publish","type":"page","link":"https:\/\/proyectos.pgiovas.com\/alfaquarium\/chrysiptera-rollandi","title":{"rendered":"Chrysiptera Rollandi"},"content":{"rendered":"\t\t<div data-elementor-type=\"wp-page\" data-elementor-id=\"3880\" class=\"elementor elementor-3880\">\n\t\t\t\t\t\t<section class=\"elementor-section elementor-top-section elementor-element elementor-element-79b8e8b elementor-section-full_width elementor-section-height-default elementor-section-height-default\" data-id=\"79b8e8b\" data-element_type=\"section\" data-e-type=\"section\">\n\t\t\t\t\t\t<div class=\"elementor-container elementor-column-gap-default\">\n\t\t\t\t\t<div class=\"elementor-column elementor-col-100 elementor-top-column elementor-element elementor-element-8003a9b\" data-id=\"8003a9b\" data-element_type=\"column\" data-e-type=\"column\">\n\t\t\t<div class=\"elementor-widget-wrap elementor-element-populated\">\n\t\t\t\t\t\t<div class=\"elementor-element elementor-element-a9cc64a elementor-widget elementor-widget-heading\" data-id=\"a9cc64a\" data-element_type=\"widget\" data-e-type=\"widget\" data-widget_type=\"heading.default\">\n\t\t\t\t<div class=\"elementor-widget-container\">\n\t\t\t\t\t<h3 class=\"elementor-heading-title elementor-size-default\">Chrysiptera Rollandi<\/h3>\t\t\t\t<\/div>\n\t\t\t\t<\/div>\n\t\t\t\t<div class=\"elementor-element elementor-element-254ba6f elementor-widget elementor-widget-spacer\" data-id=\"254ba6f\" data-element_type=\"widget\" data-e-type=\"widget\" data-widget_type=\"spacer.default\">\n\t\t\t\t<div class=\"elementor-widget-container\">\n\t\t\t\t\t\t\t<div class=\"elementor-spacer\">\n\t\t\t<div class=\"elementor-spacer-inner\"><\/div>\n\t\t<\/div>\n\t\t\t\t\t\t<\/div>\n\t\t\t\t<\/div>\n\t\t\t\t<div class=\"elementor-element elementor-element-65959d3 elementor-widget-divider--separator-type-pattern elementor-widget-divider--view-line elementor-widget elementor-widget-divider\" data-id=\"65959d3\" data-element_type=\"widget\" data-e-type=\"widget\" data-widget_type=\"divider.default\">\n\t\t\t\t<div class=\"elementor-widget-container\">\n\t\t\t\t\t\t\t<div class=\"elementor-divider\" style=\"--divider-pattern-url: url(&quot;data:image\/svg+xml,%3Csvg xmlns=&#039;http:\/\/www.w3.org\/2000\/svg&#039; preserveAspectRatio=&#039;none&#039; overflow=&#039;visible&#039; height=&#039;100%&#039; viewBox=&#039;0 0 24 24&#039; fill=&#039;none&#039; stroke=&#039;black&#039; stroke-width=&#039;7&#039; stroke-linecap=&#039;square&#039; stroke-miterlimit=&#039;10&#039;%3E%3Cpath d=&#039;M0,6c6,0,6,13,12,13S18,6,24,6&#039;\/%3E%3C\/svg%3E&quot;);\">\n\t\t\t<span class=\"elementor-divider-separator\">\n\t\t\t\t\t\t<\/span>\n\t\t<\/div>\n\t\t\t\t\t\t<\/div>\n\t\t\t\t<\/div>\n\t\t\t\t<div class=\"elementor-element elementor-element-600efcf elementor-widget elementor-widget-text-editor\" data-id=\"600efcf\" data-element_type=\"widget\" data-e-type=\"widget\" data-widget_type=\"text-editor.default\">\n\t\t\t\t<div class=\"elementor-widget-container\">\n\t\t\t\t\t\t\t\t\t<p><img fetchpriority=\"high\" decoding=\"async\" class=\"size-medium wp-image-1460 alignleft\" src=\"https:\/\/proyectos.pgiovas.com\/alfaquarium\/wp-content\/uploads\/2020\/08\/chrysiptera_rollandi-300x270.jpg\" alt=\"\" width=\"300\" height=\"270\" srcset=\"https:\/\/proyectos.pgiovas.com\/alfaquarium\/wp-content\/uploads\/2020\/08\/chrysiptera_rollandi-300x270.jpg 300w, https:\/\/proyectos.pgiovas.com\/alfaquarium\/wp-content\/uploads\/2020\/08\/chrysiptera_rollandi-370x333.jpg 370w, https:\/\/proyectos.pgiovas.com\/alfaquarium\/wp-content\/uploads\/2020\/08\/chrysiptera_rollandi-400x360.jpg 400w, https:\/\/proyectos.pgiovas.com\/alfaquarium\/wp-content\/uploads\/2020\/08\/chrysiptera_rollandi.jpg 500w\" sizes=\"(max-width: 300px) 100vw, 300px\" \/><\/p><p><strong>Nombre cient\u00edfico:<\/strong> Chrysiptera rollandi<br \/><strong>Nombre com\u00fan en ingl\u00e9s:<\/strong> Rolland\u2019s demoiselle<br \/><strong>Nombre com\u00fan en espa\u00f1ol:<\/strong> Damisela de Rolland<br \/><strong>Familia:<\/strong> Pomacentridae<br \/><strong>Origen:<\/strong> Indo Pac\u00edfico <br \/><strong>Par\u00e1metros ideales:<\/strong><br \/><strong>Salinidad:<\/strong> 1023 a 1025<br \/><strong>Temperatura:<\/strong> 23 a 26\u00ba C<br \/><strong>Calcio:<\/strong> 400 a 450 ppm<br \/><strong>Alcalinidad:<\/strong> 8 a 12 dKH<br \/><strong>Magnesio:<\/strong> 1200 a 1350<br \/><strong>Estroncio:<\/strong> 8 a 10<br \/><strong>PH:<\/strong> 8.10 a 8.40<br \/><br \/><strong>Informaci\u00f3n, cuidados y curiosidades: <\/strong>El pez damisela Chrysiptera rollandi fue descrito por Whittley en 1961.<\/p><p>Fue recolectado por primera vez en Nueva Caledonia y descrito con su nombre cient\u00edfico.<\/p><p>Es originario del Oc\u00e9ano \u00cdndico Oriental y el Oc\u00e9ano Pac\u00edfico Occidental, el Mar de Andaman, Malasia, Filipinas, Palau, Indonesia, la Gran Barrera de Arrecifes, Nueva Caledonia, las islas Salom\u00f3n y Vanuatu.<\/p><p>En su h\u00e1bitat natural viven en solitario o formando peque\u00f1os grupos, a profundidades que van de los 2 a los 35 metros.<\/p><p>Este pez puede presentar dos variaciones de color. Los ejemplares originarios de Nueva Caledonia, las Islas Loyalty y Vanuatu tienen la cabeza y hasta la parte anterior de su espalda de color amarillento. Su cuerpo es blanco, tienen una l\u00ednea ancha negro-azul oblicua desde su aleta dorsal hasta el \u00e1rea del pecho y un peque\u00f1o pinto negro detr\u00e1s del ojo.<\/p><p>Los peces originarios de las dem\u00e1s localidades tienen el cuerpo de color verdoso a negro-azul, degrad\u00e1ndose gradualmente hasta tener el vientre blanco o amarillo. Tienen unas l\u00edneas angostas azules sobre el ojo y su aleta dorsal es negro verdoso. Sus dem\u00e1s aletas blancas y el color se degrada hasta ser trasl\u00facidas.<\/p><p>Este pez puede llegar a medir alrededor de 7.5 cm.<\/p><p>Puede ser superficialmente parecido al pez damisela de aletas amarillas C. Flavipina, originario del Mar de Coral.<\/p><p>Los peces damisela son un extremadamente importante grupo de peces ubicuos de los arrecifes circumtropicales. Junto con los Amphiprion y los Premnas, los peces damisela pertenecen a la familia Pomacentridae, con unos 28 g\u00e9neros y alrededor de 321 especies. Los peces damisela (subfamilia Chrominae) proporcionan un enlace vital como forrajeros del arrecife y como peces ideales para principiantes.<\/p><p>La taxonom\u00eda de la familia todav\u00eda no se conoce muy bien y hay un hueco entre especies de \u201cgrupos\u201d de clasificaci\u00f3n que se mezclan entre grupos de islas diferentes. En el plano m\u00e1s alto del plano taxon\u00f3mico, los Pomacentridae est\u00e1n cercanamente relacionados con los c\u00edclidos por sus semblanzas en la estructura, forma y comportamiento. Ambas familias son notables entre el grupo por ser las \u00fanicas dos familias que poseen un \u00fanico par de ventanas nasales en la mayor\u00eda de las especies.<\/p><p>Este pez es relativamente pac\u00edfico y puede estar junto a otros peces, incluyendo peces m\u00e1s peque\u00f1os o d\u00e9biles. Puede mantenerse un grupo peque\u00f1o de estos peces, pero es necesario que tengan suficientes huecos y recovecos para esconderse, pues de otra manera podr\u00edan pelearse y causarse da\u00f1os serios. Pueden mantenerse junto a peces \u00e1ngel del g\u00e9nero Centropyge, peces cardenales, peces mariposa grandes y wrasses pues son buenos compa\u00f1eros de acuario. No se recomienda mantenerlos junto a peces muy territoriales como dottybacks y basses que se comer\u00e1n todo lo que les quepa en la boca.<\/p><p>Es un pez omn\u00edvoro. Deben proporcion\u00e1rsele algas marinas, espirulina, comidas en hojuelas y trocitos finamente picados de carne de cangrejo, pescado, calamar, camar\u00f3n, pescado, papilla casera, etc. Deben d\u00e1rsele peque\u00f1as cantidades de alimento, pero varias veces al d\u00eda. Este pez ha podido ser reproducido en cautiverio. Los machos generalmente son m\u00e1s grandes y m\u00e1s esbeltos. Cuando est\u00e1n listos para reproducirse, los machos se vuelven muy agresivos con las hembras y el ritual de apareamiento generalmente ocurre en la madrugada. Una almeja abierta es un buen lugar para depositar los cientos de huevecillos pegajosos. El macho es el responsable de limpiar el \u00e1rea y cuidar la puesta, y se toma muy en serio su papel pues no permite que nada ni nadie se acerque a ella. Los alevines eclosionan alrededor de una semana despu\u00e9s. Ellos son muy peque\u00f1os y f\u00e1cilmente pueden ser absorbidos por las entradas de las bombas, por lo que necesitan estar en un acuario especial. Los alevines deben ser alimentados con rot\u00edferos. No se recomienda alimentarlos con artemias salinas reci\u00e9n eclosionadas. Alrededor de un mes despu\u00e9s, los alevines empezar\u00e1n a colorearse. Estos peces pueden llegar a vivir alrededor de 5 a\u00f1os en cautiverio.<\/p><p>Este pez no requiere cuidados especiales para mantenerlo en cautiverio y ser\u00e1 una mascota muy resistente. Generalmente es un nadador muy activo y se aventurar\u00e1 a la superficie para pedir de comer una vez que se haya aclimatado y acostumbrado a su medio ambiente y a nosotros.<\/p><p>Es relativamente pac\u00edfico, tranquilo y se adapta r\u00e1pidamente, acepta cualquier tipo de comida, es muy resistente y no es demasiado exigente con los par\u00e1metros del agua, lo que lo hace un pez ideal para principiantes.<em><br \/><br \/><\/em><strong><em>Fuentes del art\u00edculo:<\/em><\/strong><\/p><p><strong><em>Animal world<\/em><\/strong><\/p><p><strong><em>Origen de la imagen:<\/em><\/strong><\/p><p><strong><em>http:\/\/www.recif-france.com<\/em><\/strong><\/p><p><strong><em>Colaboraci\u00f3n de:<\/em><\/strong><\/p><p><strong><em>Jessica Romero Saldivar (AtOmIcFaRt)<\/em><\/strong><\/p>\t\t\t\t\t\t\t\t<\/div>\n\t\t\t\t<\/div>\n\t\t\t\t\t<\/div>\n\t\t<\/div>\n\t\t\t\t\t<\/div>\n\t\t<\/section>\n\t\t\t\t<\/div>\n\t\t","protected":false},"excerpt":{"rendered":"<p>Chrysiptera Rollandi Nombre cient\u00edfico: Chrysiptera rollandiNombre com\u00fan en ingl\u00e9s: Rolland\u2019s demoiselleNombre com\u00fan en espa\u00f1ol: Damisela de RollandFamilia: PomacentridaeOrigen: Indo Pac\u00edfico Par\u00e1metros ideales:Salinidad: 1023 a 1025Temperatura: 23 a 26\u00ba CCalcio: 400 a 450 ppmAlcalinidad: 8 a&hellip;<\/p>\n","protected":false},"author":4,"featured_media":0,"parent":0,"menu_order":0,"comment_status":"closed","ping_status":"closed","template":"","meta":{"footnotes":""},"class_list":["post-3880","page","type-page","status-publish","hentry"],"_links":{"self":[{"href":"https:\/\/proyectos.pgiovas.com\/alfaquarium\/wp-json\/wp\/v2\/pages\/3880","targetHints":{"allow":["GET"]}}],"collection":[{"href":"https:\/\/proyectos.pgiovas.com\/alfaquarium\/wp-json\/wp\/v2\/pages"}],"about":[{"href":"https:\/\/proyectos.pgiovas.com\/alfaquarium\/wp-json\/wp\/v2\/types\/page"}],"author":[{"embeddable":true,"href":"https:\/\/proyectos.pgiovas.com\/alfaquarium\/wp-json\/wp\/v2\/users\/4"}],"replies":[{"embeddable":true,"href":"https:\/\/proyectos.pgiovas.com\/alfaquarium\/wp-json\/wp\/v2\/comments?post=3880"}],"version-history":[{"count":2,"href":"https:\/\/proyectos.pgiovas.com\/alfaquarium\/wp-json\/wp\/v2\/pages\/3880\/revisions"}],"predecessor-version":[{"id":3884,"href":"https:\/\/proyectos.pgiovas.com\/alfaquarium\/wp-json\/wp\/v2\/pages\/3880\/revisions\/3884"}],"wp:attachment":[{"href":"https:\/\/proyectos.pgiovas.com\/alfaquarium\/wp-json\/wp\/v2\/media?parent=3880"}],"curies":[{"name":"wp","href":"https:\/\/api.w.org\/{rel}","templated":true}]}}