{"id":3870,"date":"2020-08-12T10:50:29","date_gmt":"2020-08-12T10:50:29","guid":{"rendered":"http:\/\/alfaquarium.mx\/?page_id=3870"},"modified":"2020-08-12T10:53:16","modified_gmt":"2020-08-12T10:53:16","slug":"chrysiptera-hemicyanea","status":"publish","type":"page","link":"https:\/\/proyectos.pgiovas.com\/alfaquarium\/chrysiptera-hemicyanea","title":{"rendered":"Chrysiptera Hemicyanea"},"content":{"rendered":"\t\t<div data-elementor-type=\"wp-page\" data-elementor-id=\"3870\" class=\"elementor elementor-3870\">\n\t\t\t\t\t\t<section class=\"elementor-section elementor-top-section elementor-element elementor-element-79b8e8b elementor-section-full_width elementor-section-height-default elementor-section-height-default\" data-id=\"79b8e8b\" data-element_type=\"section\" data-e-type=\"section\">\n\t\t\t\t\t\t<div class=\"elementor-container elementor-column-gap-default\">\n\t\t\t\t\t<div class=\"elementor-column elementor-col-100 elementor-top-column elementor-element elementor-element-8003a9b\" data-id=\"8003a9b\" data-element_type=\"column\" data-e-type=\"column\">\n\t\t\t<div class=\"elementor-widget-wrap elementor-element-populated\">\n\t\t\t\t\t\t<div class=\"elementor-element elementor-element-a9cc64a elementor-widget elementor-widget-heading\" data-id=\"a9cc64a\" data-element_type=\"widget\" data-e-type=\"widget\" data-widget_type=\"heading.default\">\n\t\t\t\t<div class=\"elementor-widget-container\">\n\t\t\t\t\t<h3 class=\"elementor-heading-title elementor-size-default\">Chrysiptera Hemicyanea<\/h3>\t\t\t\t<\/div>\n\t\t\t\t<\/div>\n\t\t\t\t<div class=\"elementor-element elementor-element-254ba6f elementor-widget elementor-widget-spacer\" data-id=\"254ba6f\" data-element_type=\"widget\" data-e-type=\"widget\" data-widget_type=\"spacer.default\">\n\t\t\t\t<div class=\"elementor-widget-container\">\n\t\t\t\t\t\t\t<div class=\"elementor-spacer\">\n\t\t\t<div class=\"elementor-spacer-inner\"><\/div>\n\t\t<\/div>\n\t\t\t\t\t\t<\/div>\n\t\t\t\t<\/div>\n\t\t\t\t<div class=\"elementor-element elementor-element-65959d3 elementor-widget-divider--separator-type-pattern elementor-widget-divider--view-line elementor-widget elementor-widget-divider\" data-id=\"65959d3\" data-element_type=\"widget\" data-e-type=\"widget\" data-widget_type=\"divider.default\">\n\t\t\t\t<div class=\"elementor-widget-container\">\n\t\t\t\t\t\t\t<div class=\"elementor-divider\" style=\"--divider-pattern-url: url(&quot;data:image\/svg+xml,%3Csvg xmlns=&#039;http:\/\/www.w3.org\/2000\/svg&#039; preserveAspectRatio=&#039;none&#039; overflow=&#039;visible&#039; height=&#039;100%&#039; viewBox=&#039;0 0 24 24&#039; fill=&#039;none&#039; stroke=&#039;black&#039; stroke-width=&#039;7&#039; stroke-linecap=&#039;square&#039; stroke-miterlimit=&#039;10&#039;%3E%3Cpath d=&#039;M0,6c6,0,6,13,12,13S18,6,24,6&#039;\/%3E%3C\/svg%3E&quot;);\">\n\t\t\t<span class=\"elementor-divider-separator\">\n\t\t\t\t\t\t<\/span>\n\t\t<\/div>\n\t\t\t\t\t\t<\/div>\n\t\t\t\t<\/div>\n\t\t\t\t<div class=\"elementor-element elementor-element-600efcf elementor-widget elementor-widget-text-editor\" data-id=\"600efcf\" data-element_type=\"widget\" data-e-type=\"widget\" data-widget_type=\"text-editor.default\">\n\t\t\t\t<div class=\"elementor-widget-container\">\n\t\t\t\t\t\t\t\t\t<p><img fetchpriority=\"high\" decoding=\"async\" class=\"size-medium wp-image-1458 alignleft\" src=\"https:\/\/proyectos.pgiovas.com\/alfaquarium\/wp-content\/uploads\/2020\/08\/chrysiptera_hemicyanea-300x270.jpg\" alt=\"\" width=\"300\" height=\"270\" srcset=\"https:\/\/proyectos.pgiovas.com\/alfaquarium\/wp-content\/uploads\/2020\/08\/chrysiptera_hemicyanea-300x270.jpg 300w, https:\/\/proyectos.pgiovas.com\/alfaquarium\/wp-content\/uploads\/2020\/08\/chrysiptera_hemicyanea-370x333.jpg 370w, https:\/\/proyectos.pgiovas.com\/alfaquarium\/wp-content\/uploads\/2020\/08\/chrysiptera_hemicyanea-400x360.jpg 400w, https:\/\/proyectos.pgiovas.com\/alfaquarium\/wp-content\/uploads\/2020\/08\/chrysiptera_hemicyanea.jpg 500w\" sizes=\"(max-width: 300px) 100vw, 300px\" \/><\/p><p><strong>Nombre cient\u00edfico:<\/strong> Chrysiptera hemicyanea<br \/><strong>Nombre com\u00fan en ingl\u00e9s:<\/strong> Azure demoiselle<br \/><strong>Nombre com\u00fan en espa\u00f1ol:<\/strong> Damisela azure<br \/><strong>Familia:<\/strong> Pomacentridae<br \/><strong>Origen:<\/strong> Indo Pac\u00edfico <br \/><strong>Par\u00e1metros ideales:<\/strong><br \/><strong>Salinidad:<\/strong> 1023 a 1025<br \/><strong>Temperatura:<\/strong> 23 a 26\u00ba C<br \/><strong>Calcio:<\/strong> 400 a 450 ppm<br \/><strong>Alcalinidad:<\/strong> 8 a 12 dKH<br \/><strong>Magnesio:<\/strong> 1200 a 1350<br \/><strong>Estroncio:<\/strong> 8 a 10<br \/><strong>PH:<\/strong> 8.10 a 8.40<br \/><br \/><strong>Informaci\u00f3n, cuidados y curiosidades: <\/strong>El pez damisela Chrysiptera hemicyanea fue descrito por Weber en 1913.<\/p><p>Vive en Indonesia (al oriente en las islas Sulawesi y Kai) y los Bancos Rowley (cerca de Australia Occidental).<\/p><p>En su h\u00e1bitat natural rara vez pueden observarse en solitario, m\u00e1s bien generalmente forman card\u00famenes de varios espec\u00edmenes a poca profundidad. En general han sido observados a profundidades que van de 1 a 38 m.<\/p><p>Los peces damisela son un extremadamente importante grupo de peces ubicuos de los arrecifes circumtropicales. Junto con los Amphiprion y los Premnas, los peces damisela pertenecen a la familia Pomacentridae, con unos 28 g\u00e9neros y alrededor de 321 especies. Los peces damisela (subfamilia Chrominae) proporcionan un enlace vital como forrajeros del arrecife y como peces ideales para principiantes.<\/p><p>La taxonom\u00eda de la familia todav\u00eda no se conoce muy bien y hay un hueco entre especies de \u201cgrupos\u201d de clasificaci\u00f3n que se mezclan entre grupos de islas diferentes. En el plano m\u00e1s alto del plano taxon\u00f3mico, los Pomacentridae est\u00e1n cercanamente relacionados con los c\u00edclidos por sus semblanzas en la estructura, forma y comportamiento. Ambas familias son notables entre el grupo por ser las \u00fanicas dos familias que poseen un \u00fanico par de ventanas nasales en la mayor\u00eda de las especies.<\/p><p>La cabeza y los 2\/3 de la parte superior del cuerpo del pez damisela C. Hemicyanea es de un hermoso color azul profundo. Su pecho, abdomen y ped\u00fanculo caudal son amarillos.<\/p><p>Tiene numerosas, delgadas y cortas l\u00edneas verticales negras en el \u00e1rea azul de su cuerpo y muchos puntos de color azul claro debajo del nivel del ojo en la cara. Tambi\u00e9n tiene dos l\u00edneas negras antes del ojo y una que pasa a trav\u00e9s de sus ojos. Su aleta dorsal es azul, sus dem\u00e1s aletas son amarillas y tiene un punto negro en la base de su aleta pectoral.<\/p><p>Este pez es muy parecido al C. Parasema (pez damisela de cola amarilla, con dos variaciones de color distintivas), de las islas Ryuku, a Indonesia y Pap\u00faa. Nueva Guinea, pero estos dos peces damisela pueden ser r\u00e1pidamente diferenciados por los colores de sus libreas.<\/p><p>De adulto este pez puede llegar a medir alrededor de 6 cm.<\/p><p>Es un pez omn\u00edvoro. Deben proporcion\u00e1rsele algas marinas, espirulina, comidas en hojuelas y trocitos finamente picados de carne de cangrejo, pescado, calamar, camar\u00f3n, pescado, papilla casera, etc. Deben d\u00e1rsele peque\u00f1as cantidades de alimento, pero varias veces al d\u00eda. Este pez ha podido ser reproducido en cautiverio. Los machos generalmente son m\u00e1s grandes y m\u00e1s esbeltos. Cuando est\u00e1n listos para reproducirse, los machos se vuelven muy agresivos con las hembras y el ritual de apareamiento generalmente ocurre en la madrugada. Una almeja abierta es un buen lugar para depositar los cientos de huevecillos pegajosos. El macho es el responsable de limpiar el \u00e1rea y cuidar la puesta, y se toma muy en serio su papel pues no permite que nada ni nadie se acerque a ella. Los alevines eclosionan alrededor de una semana despu\u00e9s. Ellos son muy peque\u00f1os y f\u00e1cilmente pueden ser absorbidos por las entradas de las bombas, por lo que necesitan estar en un acuario especial. Los alevines deben ser alimentados con rot\u00edferos. No se recomienda alimentarlos con artemias salinas reci\u00e9n eclosionadas. Alrededor de un mes despu\u00e9s, los alevines empezar\u00e1n a colorearse. Estos peces pueden llegar a vivir alrededor de 5 a\u00f1os en cautiverio.<\/p><p>Raramente padece enfermedades infecciosas. Las infestaciones parasitarias probablemente son m\u00e1s comunes, pero pueden tratarse f\u00e1cilmente con el medicamento adecuado.<\/p><p>En la naturaleza un Labroides sp le ayuda removi\u00e9ndole los par\u00e1sitos del cuerpo, pero este pez es extremadamente dif\u00edcil de mantener en cautiverio. Pero hay otros peces que pueden ofrecerle este servicio de limpieza en el acuario, como el Gobiosoma sp.<\/p><p>En la naturaleza este pez se alimenta principalmente de plankton. No representa ning\u00fan riesgo para los corales o para los invertebrados peque\u00f1os. No necesita alimentaci\u00f3n especial y aceptar\u00e1 de muy buena gana una gran variedad de alimentos. Hay que proporcionarle\u00a0 alimento en hojuelas, trocitos de carne de pescado o crust\u00e1ceo y ocasionalmente alimento en pellets. Hay que alimentarlo al menos dos veces al d\u00eda.<\/p><p>No requiere cuidados o mantenimiento especiales en el acuario, y se volver\u00e1 una mascota muy resistente. Generalmente es un nadador muy activo y cuando se adapte y acostumbre al acuario y a nosotros, se aventurar\u00e1 a la superficie para pedir de comer o simplemente por curiosidad.<\/p><p>Este pez puede ser mantenido en un acuario con otros peces, pero hay que tener en cuenta que los peces damisela, conforme maduran se van volviendo m\u00e1s agresivos, no se recomienda mantenerlo junto a peces m\u00e1s peque\u00f1os o d\u00e9biles.<\/p><p>En el acuario puede mantenerse un peque\u00f1o grupo de estos peces damisela, siempre y cuando tengan muchos huecos y recovecos en donde esconderse, pues de lo contrario pueden pelearse hasta morir.<\/p><p>De la misma forma que los dem\u00e1s peces de este g\u00e9nero, un macho se mover\u00e1 r\u00e1pidamente con una hermosa coloraci\u00f3n para atraer e invitar a las hembras.<\/p><p>No hay reportes documentados de su comportamiento reproductivo en cautiverio. Aunque no se reproduce comercialmente, puede que se reproduzca a futuro en laboratorios. En la naturaleza, el macho establece un territorio y prepara las superficies de corales o rocas para que las hembras depositen sus pegajosos huevecillos. Una vez realizada la puesta, el macho r\u00e1pidamente los fertiliza y ataca agresivamente a cualquier intruso hasta que eclosionan.<\/p><p><em><strong>Fuentes del art\u00edculo:<\/strong><\/em><\/p><p><strong><em>Animal world<\/em><em>\u00a0<\/em><\/strong><\/p><p><strong><em>Origen de la imagen:<\/em><\/strong><\/p><p><strong><em>http:\/\/www.wetwebmedia.com<\/em><em>\u00a0<\/em><\/strong><\/p><p><strong><em>Colaboraci\u00f3n de:<\/em><\/strong><\/p><p><strong><em>Jessica Romero Saldivar (AtOmIcFaRt)<\/em><\/strong><\/p>\t\t\t\t\t\t\t\t<\/div>\n\t\t\t\t<\/div>\n\t\t\t\t\t<\/div>\n\t\t<\/div>\n\t\t\t\t\t<\/div>\n\t\t<\/section>\n\t\t\t\t<\/div>\n\t\t","protected":false},"excerpt":{"rendered":"<p>Chrysiptera Hemicyanea Nombre cient\u00edfico: Chrysiptera hemicyaneaNombre com\u00fan en ingl\u00e9s: Azure demoiselleNombre com\u00fan en espa\u00f1ol: Damisela azureFamilia: PomacentridaeOrigen: Indo Pac\u00edfico Par\u00e1metros ideales:Salinidad: 1023 a 1025Temperatura: 23 a 26\u00ba CCalcio: 400 a 450 ppmAlcalinidad: 8 a 12&hellip;<\/p>\n","protected":false},"author":4,"featured_media":0,"parent":0,"menu_order":0,"comment_status":"closed","ping_status":"closed","template":"","meta":{"footnotes":""},"class_list":["post-3870","page","type-page","status-publish","hentry"],"_links":{"self":[{"href":"https:\/\/proyectos.pgiovas.com\/alfaquarium\/wp-json\/wp\/v2\/pages\/3870","targetHints":{"allow":["GET"]}}],"collection":[{"href":"https:\/\/proyectos.pgiovas.com\/alfaquarium\/wp-json\/wp\/v2\/pages"}],"about":[{"href":"https:\/\/proyectos.pgiovas.com\/alfaquarium\/wp-json\/wp\/v2\/types\/page"}],"author":[{"embeddable":true,"href":"https:\/\/proyectos.pgiovas.com\/alfaquarium\/wp-json\/wp\/v2\/users\/4"}],"replies":[{"embeddable":true,"href":"https:\/\/proyectos.pgiovas.com\/alfaquarium\/wp-json\/wp\/v2\/comments?post=3870"}],"version-history":[{"count":2,"href":"https:\/\/proyectos.pgiovas.com\/alfaquarium\/wp-json\/wp\/v2\/pages\/3870\/revisions"}],"predecessor-version":[{"id":3873,"href":"https:\/\/proyectos.pgiovas.com\/alfaquarium\/wp-json\/wp\/v2\/pages\/3870\/revisions\/3873"}],"wp:attachment":[{"href":"https:\/\/proyectos.pgiovas.com\/alfaquarium\/wp-json\/wp\/v2\/media?parent=3870"}],"curies":[{"name":"wp","href":"https:\/\/api.w.org\/{rel}","templated":true}]}}