{"id":3855,"date":"2020-08-12T10:37:25","date_gmt":"2020-08-12T10:37:25","guid":{"rendered":"http:\/\/alfaquarium.mx\/?page_id=3855"},"modified":"2020-08-12T10:40:19","modified_gmt":"2020-08-12T10:40:19","slug":"chrysiptera-starcki","status":"publish","type":"page","link":"https:\/\/proyectos.pgiovas.com\/alfaquarium\/chrysiptera-starcki","title":{"rendered":"Chrysiptera Starcki"},"content":{"rendered":"\t\t<div data-elementor-type=\"wp-page\" data-elementor-id=\"3855\" class=\"elementor elementor-3855\">\n\t\t\t\t\t\t<section class=\"elementor-section elementor-top-section elementor-element elementor-element-79b8e8b elementor-section-full_width elementor-section-height-default elementor-section-height-default\" data-id=\"79b8e8b\" data-element_type=\"section\" data-e-type=\"section\">\n\t\t\t\t\t\t<div class=\"elementor-container elementor-column-gap-default\">\n\t\t\t\t\t<div class=\"elementor-column elementor-col-100 elementor-top-column elementor-element elementor-element-8003a9b\" data-id=\"8003a9b\" data-element_type=\"column\" data-e-type=\"column\">\n\t\t\t<div class=\"elementor-widget-wrap elementor-element-populated\">\n\t\t\t\t\t\t<div class=\"elementor-element elementor-element-a9cc64a elementor-widget elementor-widget-heading\" data-id=\"a9cc64a\" data-element_type=\"widget\" data-e-type=\"widget\" data-widget_type=\"heading.default\">\n\t\t\t\t<div class=\"elementor-widget-container\">\n\t\t\t\t\t<h3 class=\"elementor-heading-title elementor-size-default\">Chrysiptera Starcki<\/h3>\t\t\t\t<\/div>\n\t\t\t\t<\/div>\n\t\t\t\t<div class=\"elementor-element elementor-element-254ba6f elementor-widget elementor-widget-spacer\" data-id=\"254ba6f\" data-element_type=\"widget\" data-e-type=\"widget\" data-widget_type=\"spacer.default\">\n\t\t\t\t<div class=\"elementor-widget-container\">\n\t\t\t\t\t\t\t<div class=\"elementor-spacer\">\n\t\t\t<div class=\"elementor-spacer-inner\"><\/div>\n\t\t<\/div>\n\t\t\t\t\t\t<\/div>\n\t\t\t\t<\/div>\n\t\t\t\t<div class=\"elementor-element elementor-element-65959d3 elementor-widget-divider--separator-type-pattern elementor-widget-divider--view-line elementor-widget elementor-widget-divider\" data-id=\"65959d3\" data-element_type=\"widget\" data-e-type=\"widget\" data-widget_type=\"divider.default\">\n\t\t\t\t<div class=\"elementor-widget-container\">\n\t\t\t\t\t\t\t<div class=\"elementor-divider\" style=\"--divider-pattern-url: url(&quot;data:image\/svg+xml,%3Csvg xmlns=&#039;http:\/\/www.w3.org\/2000\/svg&#039; preserveAspectRatio=&#039;none&#039; overflow=&#039;visible&#039; height=&#039;100%&#039; viewBox=&#039;0 0 24 24&#039; fill=&#039;none&#039; stroke=&#039;black&#039; stroke-width=&#039;7&#039; stroke-linecap=&#039;square&#039; stroke-miterlimit=&#039;10&#039;%3E%3Cpath d=&#039;M0,6c6,0,6,13,12,13S18,6,24,6&#039;\/%3E%3C\/svg%3E&quot;);\">\n\t\t\t<span class=\"elementor-divider-separator\">\n\t\t\t\t\t\t<\/span>\n\t\t<\/div>\n\t\t\t\t\t\t<\/div>\n\t\t\t\t<\/div>\n\t\t\t\t<div class=\"elementor-element elementor-element-600efcf elementor-widget elementor-widget-text-editor\" data-id=\"600efcf\" data-element_type=\"widget\" data-e-type=\"widget\" data-widget_type=\"text-editor.default\">\n\t\t\t\t<div class=\"elementor-widget-container\">\n\t\t\t\t\t\t\t\t\t<p><img fetchpriority=\"high\" decoding=\"async\" class=\"size-medium wp-image-1463 alignleft\" src=\"https:\/\/proyectos.pgiovas.com\/alfaquarium\/wp-content\/uploads\/2020\/08\/chrysiptera_starcki-300x270.jpg\" alt=\"\" width=\"300\" height=\"270\" srcset=\"https:\/\/proyectos.pgiovas.com\/alfaquarium\/wp-content\/uploads\/2020\/08\/chrysiptera_starcki-300x270.jpg 300w, https:\/\/proyectos.pgiovas.com\/alfaquarium\/wp-content\/uploads\/2020\/08\/chrysiptera_starcki-370x333.jpg 370w, https:\/\/proyectos.pgiovas.com\/alfaquarium\/wp-content\/uploads\/2020\/08\/chrysiptera_starcki-400x360.jpg 400w, https:\/\/proyectos.pgiovas.com\/alfaquarium\/wp-content\/uploads\/2020\/08\/chrysiptera_starcki.jpg 500w\" sizes=\"(max-width: 300px) 100vw, 300px\" \/><\/p><p><strong>Nombre cient\u00edfico:<\/strong> Chrysiptera starcki<br \/><strong>Nombre com\u00fan en ingl\u00e9s:<\/strong> Starck\u2019s demoiselle<br \/><strong>Nombre com\u00fan en espa\u00f1ol:<\/strong> Damisela de Starck<br \/><strong>Familia:<\/strong> Pomacentridae<br \/><strong>Origen:<\/strong> Oc\u00e9ano Pac\u00edfico Oriental <br \/><strong>Par\u00e1metros ideales:<\/strong><br \/><strong>Salinidad:<\/strong> 1023 a 1025<br \/><strong>Temperatura:<\/strong> 23 a 26\u00ba C<br \/><strong>Calcio:<\/strong> 400 a 450 ppm<br \/><strong>Alcalinidad:<\/strong> 8 a 12 dKH<br \/><strong>Magnesio:<\/strong> 1200 a 1350<br \/><strong>Estroncio:<\/strong> 8 a 10<br \/><strong>PH:<\/strong> 8.10 a 8.40<br \/><br \/><strong>Informaci\u00f3n, cuidados y curiosidades: <\/strong>El pez damisela Chrysiptera starcki fue descrito por Allen en 1973 como Abudefduf starcki y como originaria del Arrecife Osprey de la parte sureste de la Gran Barrera de Arrecifes y el Mar de Coral. Ahora su especie es v\u00e1lida como Chrysiptera starcki.<\/p><p>Este pez es originario del Oc\u00e9ano Pac\u00edfico Occidental, con dos distribuciones disjuntas; el sureste de Jap\u00f3n, Taiw\u00e1n y el noreste de las Filipinas, y la Gran Barrera de Arrecife a Sydney, Nueva Caledonia y las Islas Loyalty.<\/p><p>En su h\u00e1bitat natural generalmente puede ser encontrado solo o en peque\u00f1os grupos, a profundidades que van de los 25 a los 60 m.<\/p><p>Este pez damisela prefiere vivir a m\u00e1s profundidad. La distribuci\u00f3n de esta especie est\u00e1 dividida en las partes noreste y sureste del Oc\u00e9ano Pac\u00edfico Occidental; probablemente alguna vez fue un pez ampliamente distribuido. En Okinawa los buceadores fotografiaron muchos de estos peces en cardumen a una profundidad de 60 metros. En el verano ocasionalmente en las islas Hachijo-jima (Izu) pueden ser observados en solitario o en peque\u00f1os grupos a una profundidad de 8 metros (T Mizutani, pers. Comm., 2006). Raramente pueden ser observados en las aguas costeras del sureste de Honshu (Jap\u00f3n). En las Filipinas su distribuci\u00f3n no ha sido bien determinada, pero se dice que pueden encontrarse al menos en las \u00e1reas septentrionales. No se sabe que hayan sido observados desde Indonesia o Pap\u00faa Nueva Guinea. Este pez es com\u00fan fuera de Noumea o Nueva Caledonia (Allen, 1975).<\/p><p>Los peces del g\u00e9nero Chrysiptera forman un gran grupo en la familia Pomacentridae. Junto con el pez damisela de Starck, este grupo incluye a peces como C. Cyanea, C. Parasema y C. Springeri, que es completamente azul, o con algunas zonas amarillas o naranjas.<\/p><p>La cabeza y la parte inferior del pez C. Starcki es azul, con una ancha franja amarilla a lo largo de su lomo, que se estrecha hacia su parte posterior. Su garganta es amarilla a blanquizca y tiene unas l\u00edneas a los lados de sus mejillas. Las aletas dorsales y caudal son amarillas, y sus aletas anales y p\u00e9lvicas son azules. Sus aletas pectorales tienen unos toques de amarillo y tiene un peque\u00f1o punto negro en la base de su aleta pectoral.<\/p><p>Esta especie tiene dos mutaciones de color distintivas; los peces originarios de la parte septentrional del Oc\u00e9ano Pac\u00edfico Occidental tienen un \u00e1rea amarilla en la porci\u00f3n posterior de sus aletas caudales, y los peces originarios de la parte sur tienen una aleta caudal que es casi completamente amarilla, a excepci\u00f3n de sus ped\u00fanculos, que son azules. Tambi\u00e9n son superficialmente similares al pez C. Flavipina, del Mar de Coral.<\/p><p>Los peces del g\u00e9nero Chrysiptera est\u00e1n ampliamente distribuidos en el Indo Pac\u00edfico Occidental y el n\u00famero de sus especies sigue increment\u00e1ndose. Casi todos ellos son muy coloridos y f\u00e1ciles de mantener en cautiverio. El pez C. Starcki es resistente y aceptar\u00e1 de muy buena gana muchos diferentes tipos de alimento. Se adapta r\u00e1pida y f\u00e1cilmente al acuario y a nosotros sin requerir cuidados especiales, y puede estar perfectamente en un acuario de arrecife o en un acuario de s\u00f3lo peces. No necesita mucho espacio abierto en el acuario para nadar, solamente necesita muchos huecos y recovecos en las rocas vivas para esconderse y descansar.<\/p><p>Este pez es resistente y rara vez padece enfermedades infecciosas. Puede sufrir infestaciones de par\u00e1sitos, pero puede ser desparasitado f\u00e1cilmente con el tratamiento adecuado.<\/p><p>En la naturaleza un pez Labroides sp le ayuda removi\u00e9ndole los par\u00e1sitos del cuerpo, pero este pez es extremadamente dif\u00edcil de mantener en cautiverio. En el acuario pueden mantenerse peces como el Gobiosoma sp, que le puede ayudar ofreci\u00e9ndole sus servicios de limpieza.<\/p><p>Este pez en la naturaleza se alimenta de zooplancton y phytoplankton. En cautiverio no requieren alimentaci\u00f3n especial y aceptar\u00e1n de muy buena gana alimentos como trocitos finamente picados de camar\u00f3n, calamar, pescado, carne de cangrejo, alimento en hojuelas, etc, y hay que alimentarlos dos veces al d\u00eda. No requiere cuidados especiales, come de todo y es un pez muy resistente. No es un nadador muy activo y cuando se aclimate y adapte se aventurar\u00e1 a la superficie para pedir comida. Puede ser mantenido en un acuario de solo peces. Tambi\u00e9n puede estar en un acuario de arrecife y no da\u00f1ar\u00e1 a los corales, pero puede atacar a los peque\u00f1os invertebrados, como los camarones. Puede ser mantenido junto a otros peces, pero debido a que conforme maduran se vuelven m\u00e1s agresivos, no es recomendable mantenerlos junto a peces m\u00e1s peque\u00f1os o d\u00e9biles. No deben mantenerse dos o m\u00e1s peces de esta especie juntos, incluso si hay muchos recovecos donde puedan esconderse, pues se pelar\u00e1n y se causar\u00e1n mucho da\u00f1o.<\/p><p>No tiene coloraci\u00f3n sexual diferenciada. Como otros peces de este g\u00e9nero, el macho se mover\u00e1 r\u00e1pidamente y adquirir\u00e1 una hermosa coloraci\u00f3n para atraer a las hembras.<\/p><p>No se sabe que este pez presente comportamiento reproductivo o haya podido ser reproducido, pero en un futuro podr\u00eda ser reproducido en laboratorios. Los peces damisela macho establecen un territorio y prepara las superficies de trozos de cascajo o corales para que las hembras depositen sus adhesivos huevecillos. Una vez realizada la puesta, el macho r\u00e1pidamente los fertilizar\u00e1 y los defender\u00e1 agresivamente de los intrusos hasta que eclosionen.<em><br \/><\/em><\/p><p><strong><em>Fuentes del art\u00edculo:<\/em><\/strong><\/p><p><strong><em>Animal world<\/em><em>\u00a0<\/em><\/strong><\/p><p><strong><em>Origen de la imagen:<\/em><\/strong><\/p><p><strong><em>http:\/\/lh5.ggpht.com<\/em><\/strong><\/p><p><strong><em>Colaboraci\u00f3n de:<\/em><\/strong><\/p><p><strong><em>Jessica Romero Saldivar (AtOmIcFaRt)<\/em><\/strong><\/p>\t\t\t\t\t\t\t\t<\/div>\n\t\t\t\t<\/div>\n\t\t\t\t\t<\/div>\n\t\t<\/div>\n\t\t\t\t\t<\/div>\n\t\t<\/section>\n\t\t\t\t<\/div>\n\t\t","protected":false},"excerpt":{"rendered":"<p>Chrysiptera Starcki Nombre cient\u00edfico: Chrysiptera starckiNombre com\u00fan en ingl\u00e9s: Starck\u2019s demoiselleNombre com\u00fan en espa\u00f1ol: Damisela de StarckFamilia: PomacentridaeOrigen: Oc\u00e9ano Pac\u00edfico Oriental Par\u00e1metros ideales:Salinidad: 1023 a 1025Temperatura: 23 a 26\u00ba CCalcio: 400 a 450 ppmAlcalinidad: 8&hellip;<\/p>\n","protected":false},"author":4,"featured_media":0,"parent":0,"menu_order":0,"comment_status":"closed","ping_status":"closed","template":"","meta":{"footnotes":""},"class_list":["post-3855","page","type-page","status-publish","hentry"],"_links":{"self":[{"href":"https:\/\/proyectos.pgiovas.com\/alfaquarium\/wp-json\/wp\/v2\/pages\/3855","targetHints":{"allow":["GET"]}}],"collection":[{"href":"https:\/\/proyectos.pgiovas.com\/alfaquarium\/wp-json\/wp\/v2\/pages"}],"about":[{"href":"https:\/\/proyectos.pgiovas.com\/alfaquarium\/wp-json\/wp\/v2\/types\/page"}],"author":[{"embeddable":true,"href":"https:\/\/proyectos.pgiovas.com\/alfaquarium\/wp-json\/wp\/v2\/users\/4"}],"replies":[{"embeddable":true,"href":"https:\/\/proyectos.pgiovas.com\/alfaquarium\/wp-json\/wp\/v2\/comments?post=3855"}],"version-history":[{"count":2,"href":"https:\/\/proyectos.pgiovas.com\/alfaquarium\/wp-json\/wp\/v2\/pages\/3855\/revisions"}],"predecessor-version":[{"id":3858,"href":"https:\/\/proyectos.pgiovas.com\/alfaquarium\/wp-json\/wp\/v2\/pages\/3855\/revisions\/3858"}],"wp:attachment":[{"href":"https:\/\/proyectos.pgiovas.com\/alfaquarium\/wp-json\/wp\/v2\/media?parent=3855"}],"curies":[{"name":"wp","href":"https:\/\/api.w.org\/{rel}","templated":true}]}}