{"id":3798,"date":"2020-08-12T09:47:55","date_gmt":"2020-08-12T09:47:55","guid":{"rendered":"http:\/\/alfaquarium.mx\/?page_id=3798"},"modified":"2020-08-12T09:51:39","modified_gmt":"2020-08-12T09:51:39","slug":"chrysiptera-galba","status":"publish","type":"page","link":"https:\/\/proyectos.pgiovas.com\/alfaquarium\/chrysiptera-galba","title":{"rendered":"Chrysiptera Galba"},"content":{"rendered":"\t\t<div data-elementor-type=\"wp-page\" data-elementor-id=\"3798\" class=\"elementor elementor-3798\">\n\t\t\t\t\t\t<section class=\"elementor-section elementor-top-section elementor-element elementor-element-79b8e8b elementor-section-full_width elementor-section-height-default elementor-section-height-default\" data-id=\"79b8e8b\" data-element_type=\"section\" data-e-type=\"section\">\n\t\t\t\t\t\t<div class=\"elementor-container elementor-column-gap-default\">\n\t\t\t\t\t<div class=\"elementor-column elementor-col-100 elementor-top-column elementor-element elementor-element-8003a9b\" data-id=\"8003a9b\" data-element_type=\"column\" data-e-type=\"column\">\n\t\t\t<div class=\"elementor-widget-wrap elementor-element-populated\">\n\t\t\t\t\t\t<div class=\"elementor-element elementor-element-a9cc64a elementor-widget elementor-widget-heading\" data-id=\"a9cc64a\" data-element_type=\"widget\" data-e-type=\"widget\" data-widget_type=\"heading.default\">\n\t\t\t\t<div class=\"elementor-widget-container\">\n\t\t\t\t\t<h3 class=\"elementor-heading-title elementor-size-default\">Chrysiptera Galba<\/h3>\t\t\t\t<\/div>\n\t\t\t\t<\/div>\n\t\t\t\t<div class=\"elementor-element elementor-element-254ba6f elementor-widget elementor-widget-spacer\" data-id=\"254ba6f\" data-element_type=\"widget\" data-e-type=\"widget\" data-widget_type=\"spacer.default\">\n\t\t\t\t<div class=\"elementor-widget-container\">\n\t\t\t\t\t\t\t<div class=\"elementor-spacer\">\n\t\t\t<div class=\"elementor-spacer-inner\"><\/div>\n\t\t<\/div>\n\t\t\t\t\t\t<\/div>\n\t\t\t\t<\/div>\n\t\t\t\t<div class=\"elementor-element elementor-element-65959d3 elementor-widget-divider--separator-type-pattern elementor-widget-divider--view-line elementor-widget elementor-widget-divider\" data-id=\"65959d3\" data-element_type=\"widget\" data-e-type=\"widget\" data-widget_type=\"divider.default\">\n\t\t\t\t<div class=\"elementor-widget-container\">\n\t\t\t\t\t\t\t<div class=\"elementor-divider\" style=\"--divider-pattern-url: url(&quot;data:image\/svg+xml,%3Csvg xmlns=&#039;http:\/\/www.w3.org\/2000\/svg&#039; preserveAspectRatio=&#039;none&#039; overflow=&#039;visible&#039; height=&#039;100%&#039; viewBox=&#039;0 0 24 24&#039; fill=&#039;none&#039; stroke=&#039;black&#039; stroke-width=&#039;7&#039; stroke-linecap=&#039;square&#039; stroke-miterlimit=&#039;10&#039;%3E%3Cpath d=&#039;M0,6c6,0,6,13,12,13S18,6,24,6&#039;\/%3E%3C\/svg%3E&quot;);\">\n\t\t\t<span class=\"elementor-divider-separator\">\n\t\t\t\t\t\t<\/span>\n\t\t<\/div>\n\t\t\t\t\t\t<\/div>\n\t\t\t\t<\/div>\n\t\t\t\t<div class=\"elementor-element elementor-element-600efcf elementor-widget elementor-widget-text-editor\" data-id=\"600efcf\" data-element_type=\"widget\" data-e-type=\"widget\" data-widget_type=\"text-editor.default\">\n\t\t\t\t<div class=\"elementor-widget-container\">\n\t\t\t\t\t\t\t\t\t<p><img fetchpriority=\"high\" decoding=\"async\" class=\"size-medium wp-image-1457 alignleft\" src=\"https:\/\/proyectos.pgiovas.com\/alfaquarium\/wp-content\/uploads\/2020\/08\/chrysiptera_galba-300x270.jpg\" alt=\"\" width=\"300\" height=\"270\" srcset=\"https:\/\/proyectos.pgiovas.com\/alfaquarium\/wp-content\/uploads\/2020\/08\/chrysiptera_galba-300x270.jpg 300w, https:\/\/proyectos.pgiovas.com\/alfaquarium\/wp-content\/uploads\/2020\/08\/chrysiptera_galba-370x333.jpg 370w, https:\/\/proyectos.pgiovas.com\/alfaquarium\/wp-content\/uploads\/2020\/08\/chrysiptera_galba-400x360.jpg 400w, https:\/\/proyectos.pgiovas.com\/alfaquarium\/wp-content\/uploads\/2020\/08\/chrysiptera_galba.jpg 500w\" sizes=\"(max-width: 300px) 100vw, 300px\" \/><\/p><p><strong>Nombre cient\u00edfico:<\/strong> Chrysiptera galba<br \/><strong>Nombre com\u00fan en ingl\u00e9s:<\/strong> Canary demoiselle<br \/><strong>Nombre com\u00fan en espa\u00f1ol:<\/strong> Pez damisela canario<br \/><strong>Familia:<\/strong> Pomacentridae<br \/><strong>Origen:<\/strong> Indo Pac\u00edfico <br \/><strong>Par\u00e1metros ideales:<\/strong><br \/><strong>Salinidad:<\/strong> 1023 a 1025<br \/><strong>Temperatura:<\/strong> 23 a 26\u00ba C<br \/><strong>Calcio:<\/strong> 400 a 450 ppm<br \/><strong>Alcalinidad:<\/strong> 8 a 12 dKH<br \/><strong>Magnesio:<\/strong> 1200 a 1350<br \/><strong>Estroncio:<\/strong> 8 a 10<em><br \/><\/em><strong>PH:<\/strong> 8.10 a 8.40<em><br \/><br \/><\/em><strong>Informaci\u00f3n, cuidados y curiosidades: <\/strong>El pez damisela Chrysiptera galba fue descrito por Allen y Randall en 1974.<\/p><p>Es originario del sureste de Ocean\u00eda, incluyendo las islas Cook, Australes, Rapa, Gambier y el grupo Pitcairn.<\/p><p>Vive entre los arrecifes y sus laderas exteriores, y puede ser encontrado a profundidades de hasta 30 m.<\/p><p>Los peces damisela son un extremadamente importante grupo de peces ubicuos de los arrecifes circumtropicales. Junto con los Amphiprion y los Premnas, los peces damisela pertenecen a la familia Pomacentridae, con unos 28 g\u00e9neros y alrededor de 321 especies. Los peces damisela (subfamilia Chrominae) proporcionan un enlace vital como forrajeros del arrecife y como peces ideales para principiantes.<\/p><p>La taxonom\u00eda de la familia todav\u00eda no se conoce muy bien y hay un hueco entre especies de \u201cgrupos\u201d de clasificaci\u00f3n que se mezclan entre grupos de islas diferentes. En el plano m\u00e1s alto del plano taxon\u00f3mico, los Pomacentridae est\u00e1n cercanamente relacionados con los c\u00edclidos por sus semblanzas en la estructura, forma y comportamiento. Ambas familias son notables entre el grupo por ser las \u00fanicas dos familias que poseen un \u00fanico par de ventanas nasales en la mayor\u00eda de las especies.<\/p><p>Conforme maduran, los peces damisela se vuelven m\u00e1s agresivos, por lo que es mejor no mantenerlos junto con peces m\u00e1s peque\u00f1os, t\u00edmidos o pasivos. Esta especie no es la excepci\u00f3n, es territorial y algo agresiva. Puede ser peligroso mantener varios espec\u00edmenes juntos pues pueden pelearse seriamente y causarse da\u00f1o severo o matarse entre ellos. Proporcionarles rocas vivas en cuyos recovecos puedan refugiarse y esconderse ayudar\u00e1 a disminuir la agresi\u00f3n. Se puede mantener juntos varios especimenes si introducimos solamente un macho y 3 \u00f3 4 hembras, siempre y cuando est\u00e9n bien vigilados, para evitar problemas. En la naturaleza cada macho tiene varias hembras.<\/p><p>Es un pez omn\u00edvoro. Deben proporcion\u00e1rsele algas marinas, espirulina, comidas en hojuelas y trocitos finamente picados de carne de cangrejo, pescado, calamar, camar\u00f3n, pescado, papilla casera, etc. Deben d\u00e1rsele peque\u00f1as cantidades de alimento, pero varias veces al d\u00eda. Este pez ha podido ser reproducido en cautiverio. Los machos generalmente son m\u00e1s grandes y m\u00e1s esbeltos. Cuando est\u00e1n listos para reproducirse, los machos se vuelven muy agresivos con las hembras y el ritual de apareamiento generalmente ocurre en la madrugada. Una almeja abierta es un buen lugar para depositar los cientos de huevecillos pegajosos. El macho es el responsable de limpiar el \u00e1rea y cuidar la puesta, y se toma muy en serio su papel pues no permite que nada ni nadie se acerque a ella. Los alevines eclosionan alrededor de una semana despu\u00e9s. Ellos son muy peque\u00f1os y f\u00e1cilmente pueden ser absorbidos por las entradas de las bombas, por lo que necesitan estar en un acuario especial. Los alevines deben ser alimentados con rot\u00edferos. No se recomienda alimentarlos con artemias salinas reci\u00e9n eclosionadas. Alrededor de un mes despu\u00e9s, los alevines empezar\u00e1n a colorearse. Estos peces pueden llegar a vivir alrededor de 5 a\u00f1os en cautiverio.<\/p><p>Este es uno de los peces m\u00e1s f\u00e1ciles de mantener en cautiverio pues se adapta r\u00e1pidamente, acepta cualquier tipo de comida, es muy resistente y no es demasiado exigente con los par\u00e1metros del agua, lo que lo hace un pez ideal para principiantes. El principal inconveniente es su agresividad, pero si lo introducimos al acuario una vez que todos los dem\u00e1s peces se hayan adaptado y establecido su territorio y con peces m\u00e1s grandes que \u00e9l, no tendremos demasiados problemas. Pero siempre hay que mantenerlo bien vigilado, para intervenir inmediatamente en caso de peleas o ataques, o para retirarlo del acuario en caso de ser necesario.\u00a0<\/p><p><strong><em>Fuentes del art\u00edculo:<\/em><\/strong><\/p><p><strong><em>Tropicalfish y Animal world<\/em><\/strong><\/p><p><strong><em>Origen de la imagen:<\/em><\/strong><\/p><p><strong><em>http:\/\/www.ultimatereef.net<\/em><\/strong><\/p><p><strong><em>Colaboraci\u00f3n de:<\/em><\/strong><\/p><p><strong><em>Jessica Romero Saldivar (AtOmIcFaRt)<\/em><\/strong><\/p>\t\t\t\t\t\t\t\t<\/div>\n\t\t\t\t<\/div>\n\t\t\t\t\t<\/div>\n\t\t<\/div>\n\t\t\t\t\t<\/div>\n\t\t<\/section>\n\t\t\t\t<\/div>\n\t\t","protected":false},"excerpt":{"rendered":"<p>Chrysiptera Galba Nombre cient\u00edfico: Chrysiptera galbaNombre com\u00fan en ingl\u00e9s: Canary demoiselleNombre com\u00fan en espa\u00f1ol: Pez damisela canarioFamilia: PomacentridaeOrigen: Indo Pac\u00edfico Par\u00e1metros ideales:Salinidad: 1023 a 1025Temperatura: 23 a 26\u00ba CCalcio: 400 a 450 ppmAlcalinidad: 8 a&hellip;<\/p>\n","protected":false},"author":4,"featured_media":0,"parent":0,"menu_order":0,"comment_status":"closed","ping_status":"closed","template":"","meta":{"footnotes":""},"class_list":["post-3798","page","type-page","status-publish","hentry"],"_links":{"self":[{"href":"https:\/\/proyectos.pgiovas.com\/alfaquarium\/wp-json\/wp\/v2\/pages\/3798","targetHints":{"allow":["GET"]}}],"collection":[{"href":"https:\/\/proyectos.pgiovas.com\/alfaquarium\/wp-json\/wp\/v2\/pages"}],"about":[{"href":"https:\/\/proyectos.pgiovas.com\/alfaquarium\/wp-json\/wp\/v2\/types\/page"}],"author":[{"embeddable":true,"href":"https:\/\/proyectos.pgiovas.com\/alfaquarium\/wp-json\/wp\/v2\/users\/4"}],"replies":[{"embeddable":true,"href":"https:\/\/proyectos.pgiovas.com\/alfaquarium\/wp-json\/wp\/v2\/comments?post=3798"}],"version-history":[{"count":2,"href":"https:\/\/proyectos.pgiovas.com\/alfaquarium\/wp-json\/wp\/v2\/pages\/3798\/revisions"}],"predecessor-version":[{"id":3809,"href":"https:\/\/proyectos.pgiovas.com\/alfaquarium\/wp-json\/wp\/v2\/pages\/3798\/revisions\/3809"}],"wp:attachment":[{"href":"https:\/\/proyectos.pgiovas.com\/alfaquarium\/wp-json\/wp\/v2\/media?parent=3798"}],"curies":[{"name":"wp","href":"https:\/\/api.w.org\/{rel}","templated":true}]}}