{"id":3786,"date":"2020-08-12T09:32:08","date_gmt":"2020-08-12T09:32:08","guid":{"rendered":"http:\/\/alfaquarium.mx\/?page_id=3786"},"modified":"2020-08-12T09:36:45","modified_gmt":"2020-08-12T09:36:45","slug":"chromis-chrysura","status":"publish","type":"page","link":"https:\/\/proyectos.pgiovas.com\/alfaquarium\/chromis-chrysura","title":{"rendered":"Chromis Chrysura"},"content":{"rendered":"\t\t<div data-elementor-type=\"wp-page\" data-elementor-id=\"3786\" class=\"elementor elementor-3786\">\n\t\t\t\t\t\t<section class=\"elementor-section elementor-top-section elementor-element elementor-element-79b8e8b elementor-section-full_width elementor-section-height-default elementor-section-height-default\" data-id=\"79b8e8b\" data-element_type=\"section\" data-e-type=\"section\">\n\t\t\t\t\t\t<div class=\"elementor-container elementor-column-gap-default\">\n\t\t\t\t\t<div class=\"elementor-column elementor-col-100 elementor-top-column elementor-element elementor-element-8003a9b\" data-id=\"8003a9b\" data-element_type=\"column\" data-e-type=\"column\">\n\t\t\t<div class=\"elementor-widget-wrap elementor-element-populated\">\n\t\t\t\t\t\t<div class=\"elementor-element elementor-element-a9cc64a elementor-widget elementor-widget-heading\" data-id=\"a9cc64a\" data-element_type=\"widget\" data-e-type=\"widget\" data-widget_type=\"heading.default\">\n\t\t\t\t<div class=\"elementor-widget-container\">\n\t\t\t\t\t<h3 class=\"elementor-heading-title elementor-size-default\">Chromis Chrysura<\/h3>\t\t\t\t<\/div>\n\t\t\t\t<\/div>\n\t\t\t\t<div class=\"elementor-element elementor-element-254ba6f elementor-widget elementor-widget-spacer\" data-id=\"254ba6f\" data-element_type=\"widget\" data-e-type=\"widget\" data-widget_type=\"spacer.default\">\n\t\t\t\t<div class=\"elementor-widget-container\">\n\t\t\t\t\t\t\t<div class=\"elementor-spacer\">\n\t\t\t<div class=\"elementor-spacer-inner\"><\/div>\n\t\t<\/div>\n\t\t\t\t\t\t<\/div>\n\t\t\t\t<\/div>\n\t\t\t\t<div class=\"elementor-element elementor-element-65959d3 elementor-widget-divider--separator-type-pattern elementor-widget-divider--view-line elementor-widget elementor-widget-divider\" data-id=\"65959d3\" data-element_type=\"widget\" data-e-type=\"widget\" data-widget_type=\"divider.default\">\n\t\t\t\t<div class=\"elementor-widget-container\">\n\t\t\t\t\t\t\t<div class=\"elementor-divider\" style=\"--divider-pattern-url: url(&quot;data:image\/svg+xml,%3Csvg xmlns=&#039;http:\/\/www.w3.org\/2000\/svg&#039; preserveAspectRatio=&#039;none&#039; overflow=&#039;visible&#039; height=&#039;100%&#039; viewBox=&#039;0 0 24 24&#039; fill=&#039;none&#039; stroke=&#039;black&#039; stroke-width=&#039;7&#039; stroke-linecap=&#039;square&#039; stroke-miterlimit=&#039;10&#039;%3E%3Cpath d=&#039;M0,6c6,0,6,13,12,13S18,6,24,6&#039;\/%3E%3C\/svg%3E&quot;);\">\n\t\t\t<span class=\"elementor-divider-separator\">\n\t\t\t\t\t\t<\/span>\n\t\t<\/div>\n\t\t\t\t\t\t<\/div>\n\t\t\t\t<\/div>\n\t\t\t\t<div class=\"elementor-element elementor-element-600efcf elementor-widget elementor-widget-text-editor\" data-id=\"600efcf\" data-element_type=\"widget\" data-e-type=\"widget\" data-widget_type=\"text-editor.default\">\n\t\t\t\t<div class=\"elementor-widget-container\">\n\t\t\t\t\t\t\t\t\t<p><img fetchpriority=\"high\" decoding=\"async\" class=\"size-medium wp-image-1443 alignleft\" src=\"https:\/\/proyectos.pgiovas.com\/alfaquarium\/wp-content\/uploads\/2020\/08\/chromis_chrysura-300x270.jpg\" alt=\"\" width=\"300\" height=\"270\" srcset=\"https:\/\/proyectos.pgiovas.com\/alfaquarium\/wp-content\/uploads\/2020\/08\/chromis_chrysura-300x270.jpg 300w, https:\/\/proyectos.pgiovas.com\/alfaquarium\/wp-content\/uploads\/2020\/08\/chromis_chrysura-370x333.jpg 370w, https:\/\/proyectos.pgiovas.com\/alfaquarium\/wp-content\/uploads\/2020\/08\/chromis_chrysura-400x360.jpg 400w, https:\/\/proyectos.pgiovas.com\/alfaquarium\/wp-content\/uploads\/2020\/08\/chromis_chrysura.jpg 500w\" sizes=\"(max-width: 300px) 100vw, 300px\" \/><\/p><p><strong>Nombre cient\u00edfico:<\/strong> Chromis chrysura<br \/><strong>Nombre com\u00fan en ingl\u00e9s:<\/strong> Stout chromis<br \/><strong>Nombre com\u00fan en espa\u00f1ol:<\/strong> Pez chromis robusto<br \/><strong>Familia:<\/strong> Pomacentridae<br \/><strong>Origen:<\/strong> Oc\u00e9ano Indo-Pac\u00edfico<br \/><strong>Par\u00e1metros ideales:<\/strong><br \/><strong>Salinidad:<\/strong> 1023 a 1025<br \/><strong>Temperatura:<\/strong> 23 a 26\u00ba C<br \/><strong>Calcio:<\/strong> 400 a 450 ppm<br \/><strong>Alcalinidad:<\/strong> 8 a 12 dKH<br \/><strong>Magnesio:<\/strong> 1200 a 1350<br \/><strong>Estroncio:<\/strong> 8 a 10<br \/><strong>PH:<\/strong> 8.10 a 8.40<\/p><p><strong>Informaci\u00f3n, cuidados y curiosidades: <\/strong>El pez chromis robusto Chromis chrysura fue descrito por Bliss en 1883.<\/p><p>Es originario del este del Oc\u00e9ano Indo-Pac\u00edfico, en tres poblaciones aisladas: 1) El sur de Jap\u00f3n, en la islas Ryukyu y Jap\u00f3n. 2) El Mar de Coral, incluyendo Nueva Caledonia, Vanuatu, Fiji y el este de Australia. 3) Mauritius y Reuni\u00f3n en el occidente del Oc\u00e9ano \u00cdndico.<\/p><p>Tambi\u00e9n fue fotografiado en el Banco de Leadsman y en las Filipinas.<\/p><p>Los adultos viven en los alrededores de los arrecifes coralinos o rocosos. Generalmente forman grandes card\u00famenes a poca profundidad, por ejemplo en las lagunas, y merodean sobre el sustrato en busca de zooplancton, a profundidades que van de los 6 a los 45 m.<\/p><p>De momento se desconocen m\u00e1s datos acerca de su h\u00e1bitat pues una especie poco estudiada, raramente vista y probablemente discriminada debido a su apariencia poco vistosa.<\/p><p>Los estudios realizados a los peces de la familia Pomacentridae indican que estos son ov\u00edparos, que no son mon\u00f3gamos, que sus huevecillos son demersales y se adhieren al sustrato.<\/p><p>Su coloraci\u00f3n corporal general es caf\u00e9, su ped\u00fanculo y aleta caudal son blancos, lo mismo que sus aletas dorsal y anal. En la base de sus aletas pectorales presenta un punto negro.<\/p><p>Este pez puede llegar a medir alrededor de 13 cm.<\/p><p>Los peces chromis, conforme maduran, se vuelven m\u00e1s agresivos, por lo que es mejor no mantenerlos junto con peces m\u00e1s peque\u00f1os, t\u00edmidos o pasivos. Esta especie no es la excepci\u00f3n, es territorial y algo agresiva. Nunca deben mantenerse varios espec\u00edmenes juntos pues pueden pelearse seriamente y causarse da\u00f1o severo o matarse entre ellos.<\/p><p>Puede ser mantenido junto a peces m\u00e1s grandes que \u00e9l, pero hay que observarlo muy atentamente para asegurarnos que su agresi\u00f3n no se vuelva destructiva.<\/p><p>No se recomienda mantenerlos junto a peces muy territoriales, como dottybacks y basses que se comer\u00e1n todo lo que les quepa en la boca.<\/p><p>Es un pez omn\u00edvoro. Deben proporcion\u00e1rsele algas marinas, espirulina, comidas en hojuelas y trocitos finamente picados de carne de cangrejo, pescado, calamar, camar\u00f3n, pescado, papilla casera, etc. Deben d\u00e1rsele peque\u00f1as cantidades de alimento, pero varias veces al d\u00eda. Los machos generalmente son m\u00e1s grandes y m\u00e1s esbeltos. Cuando est\u00e1n listos para reproducirse, se vuelven muy agresivos con las hembras y el ritual de apareamiento generalmente ocurre en la madrugada. Una almeja abierta es un buen lugar para depositar los cientos de huevecillos pegajosos. El macho es el responsable de limpiar el \u00e1rea y cuidar la puesta, y se toma muy en serio su papel pues no permite que nada ni nadie se acerque a ella. Los alevines eclosionan alrededor de una semana despu\u00e9s. Ellos son muy peque\u00f1os y f\u00e1cilmente pueden ser absorbidos por las entradas de las bombas, por lo que necesitan estar en un acuario especial. Los alevines deben ser alimentados con rot\u00edferos. No se recomienda alimentarlos con artemias salinas reci\u00e9n eclosionadas. Alrededor de un mes despu\u00e9s, los alevines empezar\u00e1n a colorearse.<\/p><p>Aunque son peces muy f\u00e1ciles de mantener en cautiverio pues se adaptan r\u00e1pidamente, aceptan cualquier tipo de comida, son muy resistentes y no demasiado exigentes con los par\u00e1metros del agua, son muy agresivos y territoriales. Si los introducimos al acuario una vez que todos los dem\u00e1s peces se hayan adaptado, establecido su territorio y con peces m\u00e1s grandes que ellos, no tendremos demasiados problemas. Pero siempre hay que mantenerlos bien vigilados, para intervenir inmediatamente en caso de peleas o ataques, o para retirarlos del acuario en caso de ser necesario.<\/p><p><em><strong>Fuentes del art\u00edculo:<\/strong><\/em><\/p><p><em><strong>Fishbase<\/strong><\/em><\/p><p><em><strong>Origen de la imagen:<\/strong><\/em><\/p><p><em><strong>http:\/\/i.pbase.com<\/strong><\/em><\/p><p><em><strong>Colaboraci\u00f3n de:<\/strong><\/em><\/p><p><em><strong>Jessica Romero Saldivar (AtOmIcFaRt)<\/strong><\/em><\/p>\t\t\t\t\t\t\t\t<\/div>\n\t\t\t\t<\/div>\n\t\t\t\t\t<\/div>\n\t\t<\/div>\n\t\t\t\t\t<\/div>\n\t\t<\/section>\n\t\t\t\t<\/div>\n\t\t","protected":false},"excerpt":{"rendered":"<p>Chromis Chrysura Nombre cient\u00edfico: Chromis chrysuraNombre com\u00fan en ingl\u00e9s: Stout chromisNombre com\u00fan en espa\u00f1ol: Pez chromis robustoFamilia: PomacentridaeOrigen: Oc\u00e9ano Indo-Pac\u00edficoPar\u00e1metros ideales:Salinidad: 1023 a 1025Temperatura: 23 a 26\u00ba CCalcio: 400 a 450 ppmAlcalinidad: 8 a 12&hellip;<\/p>\n","protected":false},"author":4,"featured_media":0,"parent":0,"menu_order":0,"comment_status":"closed","ping_status":"closed","template":"","meta":{"footnotes":""},"class_list":["post-3786","page","type-page","status-publish","hentry"],"_links":{"self":[{"href":"https:\/\/proyectos.pgiovas.com\/alfaquarium\/wp-json\/wp\/v2\/pages\/3786","targetHints":{"allow":["GET"]}}],"collection":[{"href":"https:\/\/proyectos.pgiovas.com\/alfaquarium\/wp-json\/wp\/v2\/pages"}],"about":[{"href":"https:\/\/proyectos.pgiovas.com\/alfaquarium\/wp-json\/wp\/v2\/types\/page"}],"author":[{"embeddable":true,"href":"https:\/\/proyectos.pgiovas.com\/alfaquarium\/wp-json\/wp\/v2\/users\/4"}],"replies":[{"embeddable":true,"href":"https:\/\/proyectos.pgiovas.com\/alfaquarium\/wp-json\/wp\/v2\/comments?post=3786"}],"version-history":[{"count":2,"href":"https:\/\/proyectos.pgiovas.com\/alfaquarium\/wp-json\/wp\/v2\/pages\/3786\/revisions"}],"predecessor-version":[{"id":3801,"href":"https:\/\/proyectos.pgiovas.com\/alfaquarium\/wp-json\/wp\/v2\/pages\/3786\/revisions\/3801"}],"wp:attachment":[{"href":"https:\/\/proyectos.pgiovas.com\/alfaquarium\/wp-json\/wp\/v2\/media?parent=3786"}],"curies":[{"name":"wp","href":"https:\/\/api.w.org\/{rel}","templated":true}]}}