{"id":3750,"date":"2020-08-12T08:23:59","date_gmt":"2020-08-12T08:23:59","guid":{"rendered":"http:\/\/alfaquarium.mx\/?page_id=3750"},"modified":"2020-08-12T08:26:23","modified_gmt":"2020-08-12T08:26:23","slug":"valenciennea-puellaris","status":"publish","type":"page","link":"https:\/\/proyectos.pgiovas.com\/alfaquarium\/valenciennea-puellaris","title":{"rendered":"Valenciennea Puellaris"},"content":{"rendered":"\t\t<div data-elementor-type=\"wp-page\" data-elementor-id=\"3750\" class=\"elementor elementor-3750\">\n\t\t\t\t\t\t<section class=\"elementor-section elementor-top-section elementor-element elementor-element-79b8e8b elementor-section-full_width elementor-section-height-default elementor-section-height-default\" data-id=\"79b8e8b\" data-element_type=\"section\" data-e-type=\"section\">\n\t\t\t\t\t\t<div class=\"elementor-container elementor-column-gap-default\">\n\t\t\t\t\t<div class=\"elementor-column elementor-col-100 elementor-top-column elementor-element elementor-element-8003a9b\" data-id=\"8003a9b\" data-element_type=\"column\" data-e-type=\"column\">\n\t\t\t<div class=\"elementor-widget-wrap elementor-element-populated\">\n\t\t\t\t\t\t<div class=\"elementor-element elementor-element-a9cc64a elementor-widget elementor-widget-heading\" data-id=\"a9cc64a\" data-element_type=\"widget\" data-e-type=\"widget\" data-widget_type=\"heading.default\">\n\t\t\t\t<div class=\"elementor-widget-container\">\n\t\t\t\t\t<h3 class=\"elementor-heading-title elementor-size-default\">Valenciennea Puellaris<\/h3>\t\t\t\t<\/div>\n\t\t\t\t<\/div>\n\t\t\t\t<div class=\"elementor-element elementor-element-254ba6f elementor-widget elementor-widget-spacer\" data-id=\"254ba6f\" data-element_type=\"widget\" data-e-type=\"widget\" data-widget_type=\"spacer.default\">\n\t\t\t\t<div class=\"elementor-widget-container\">\n\t\t\t\t\t\t\t<div class=\"elementor-spacer\">\n\t\t\t<div class=\"elementor-spacer-inner\"><\/div>\n\t\t<\/div>\n\t\t\t\t\t\t<\/div>\n\t\t\t\t<\/div>\n\t\t\t\t<div class=\"elementor-element elementor-element-65959d3 elementor-widget-divider--separator-type-pattern elementor-widget-divider--view-line elementor-widget elementor-widget-divider\" data-id=\"65959d3\" data-element_type=\"widget\" data-e-type=\"widget\" data-widget_type=\"divider.default\">\n\t\t\t\t<div class=\"elementor-widget-container\">\n\t\t\t\t\t\t\t<div class=\"elementor-divider\" style=\"--divider-pattern-url: url(&quot;data:image\/svg+xml,%3Csvg xmlns=&#039;http:\/\/www.w3.org\/2000\/svg&#039; preserveAspectRatio=&#039;none&#039; overflow=&#039;visible&#039; height=&#039;100%&#039; viewBox=&#039;0 0 24 24&#039; fill=&#039;none&#039; stroke=&#039;black&#039; stroke-width=&#039;7&#039; stroke-linecap=&#039;square&#039; stroke-miterlimit=&#039;10&#039;%3E%3Cpath d=&#039;M0,6c6,0,6,13,12,13S18,6,24,6&#039;\/%3E%3C\/svg%3E&quot;);\">\n\t\t\t<span class=\"elementor-divider-separator\">\n\t\t\t\t\t\t<\/span>\n\t\t<\/div>\n\t\t\t\t\t\t<\/div>\n\t\t\t\t<\/div>\n\t\t\t\t<div class=\"elementor-element elementor-element-600efcf elementor-widget elementor-widget-text-editor\" data-id=\"600efcf\" data-element_type=\"widget\" data-e-type=\"widget\" data-widget_type=\"text-editor.default\">\n\t\t\t\t<div class=\"elementor-widget-container\">\n\t\t\t\t\t\t\t\t\t<p><img fetchpriority=\"high\" decoding=\"async\" class=\"size-medium wp-image-1515 alignleft\" src=\"https:\/\/proyectos.pgiovas.com\/alfaquarium\/wp-content\/uploads\/2020\/08\/valenciennea-puellaris-300x300.jpg\" alt=\"\" width=\"300\" height=\"300\" srcset=\"https:\/\/proyectos.pgiovas.com\/alfaquarium\/wp-content\/uploads\/2020\/08\/valenciennea-puellaris-300x300.jpg 300w, https:\/\/proyectos.pgiovas.com\/alfaquarium\/wp-content\/uploads\/2020\/08\/valenciennea-puellaris-150x150.jpg 150w, https:\/\/proyectos.pgiovas.com\/alfaquarium\/wp-content\/uploads\/2020\/08\/valenciennea-puellaris-370x370.jpg 370w, https:\/\/proyectos.pgiovas.com\/alfaquarium\/wp-content\/uploads\/2020\/08\/valenciennea-puellaris-90x90.jpg 90w, https:\/\/proyectos.pgiovas.com\/alfaquarium\/wp-content\/uploads\/2020\/08\/valenciennea-puellaris-406x406.jpg 406w, https:\/\/proyectos.pgiovas.com\/alfaquarium\/wp-content\/uploads\/2020\/08\/valenciennea-puellaris-143x143.jpg 143w, https:\/\/proyectos.pgiovas.com\/alfaquarium\/wp-content\/uploads\/2020\/08\/valenciennea-puellaris-400x400.jpg 400w, https:\/\/proyectos.pgiovas.com\/alfaquarium\/wp-content\/uploads\/2020\/08\/valenciennea-puellaris-100x100.jpg 100w, https:\/\/proyectos.pgiovas.com\/alfaquarium\/wp-content\/uploads\/2020\/08\/valenciennea-puellaris.jpg 500w\" sizes=\"(max-width: 300px) 100vw, 300px\" \/><\/p><p><strong>Nombre cient\u00edfico:<\/strong> Valenciennea puellaris<\/p><p><strong>Nombre com\u00fan en ingl\u00e9s:<\/strong> Orangespotted Sleeper Goby<\/p><p><strong>Nombre com\u00fan es espa\u00f1ol:<\/strong> Pez Gobio Diamante<\/p><p><strong>Tama\u00f1o m\u00e1ximo:<\/strong> 5.5 pulgadas (14 cm)<\/p><p><strong>Extensi\u00f3n:<\/strong> Pac\u00edfico Indo Occidental<\/p><p><strong>Tama\u00f1o m\u00ednimo de acuario:<\/strong> 55 galones (208 lts)<\/p><p><strong>Alimento y Alimentaci\u00f3n:<\/strong> Dif\u00edcil de alimentar. Alimentos carnosos, incluyendo crust\u00e1ceos peque\u00f1os como camarones mysid frescos o congelados, camar\u00f3n en salmuera enriquecido con vitaminas, lombrices negras vivas y as\u00ed como preparaciones congeladas para carn\u00edvoros.\u00a0 Alimentar varias veces al d\u00eda.<\/p><p><strong>\u00cdndice de Adaptaci\u00f3n al Acuario:<\/strong> La mayor\u00eda de individuos de estas especies no se aclimatan al acuario casero, rehus\u00e1ndose a menudo a comer y consumi\u00e9ndose en cautiverio. El individuo ocasional puede adaptarse si se mantiene en condiciones \u00f3ptimas de agua y se aloja en su propio tanque o con compa\u00f1eros no competitivos. Es mejor dejar a estas especies en estado silvestre o ser ordenados s\u00f3lo por un acuarista experimentado con la aptitud y voluntad de dedicar el tiempo y la energ\u00eda para mantenerlos.\u00a0 Estas especies son moderadamente resistentes; la mayor\u00eda de los individuos se aclimatan al acuario casero, si se les proporciona cuidado especial. Esto puede incluir ofrecer alimentos vivos para inducir una respuesta alimentaria, mantenerlos con compa\u00f1eros de tanque menos competitivos (y menos agresivos) y proporcionar condiciones de acuario similares a las de sus h\u00e1bitats naturales. Para algunas de estas especies, un exuberante crecimiento de algas filamentosas puede proporcionar una fuente natural de alimento y aumentar las posibilidades de su mantenimiento exitoso.<\/p><p><strong>Compatibilidad con el acuario de arrecife:<\/strong> Excelente. Comer\u00e1 gusanos de cerdas peque\u00f1as y tambi\u00e9n invertebrados de fauna deseable en arena viva.<\/p><p><strong>Cuidado Cautivo:<\/strong> Los gobios durmientes se emplean a veces como peces de trabajo en los tanques de arrecife con sustrato porque sus actividades de alimentaci\u00f3n los llevan m\u00e1s profundamente en el lecho de la arena que muchos otros gobios. Por desgracia, son dif\u00edciles de mantener, muchos lentamente se mueren de hambre. Para mejorar las posibilidades de \u00e9xito, mantenerlos en un tanque con arena viva y un refugio bien establecido; Aseg\u00farese de que est\u00e1n bien alimentados. La desparasitaci\u00f3n puede ayudar. Se pueden mantener en parejas de macho y hembra (especialmente en tanques m\u00e1s peque\u00f1os); De lo contrario pueden pelear entre s\u00ed y con otros gobios durmientes. El color de esta especie var\u00eda en su rango.<\/p>\t\t\t\t\t\t\t\t<\/div>\n\t\t\t\t<\/div>\n\t\t\t\t\t<\/div>\n\t\t<\/div>\n\t\t\t\t\t<\/div>\n\t\t<\/section>\n\t\t\t\t<\/div>\n\t\t","protected":false},"excerpt":{"rendered":"<p>Valenciennea Puellaris Nombre cient\u00edfico: Valenciennea puellaris Nombre com\u00fan en ingl\u00e9s: Orangespotted Sleeper Goby Nombre com\u00fan es espa\u00f1ol: Pez Gobio Diamante Tama\u00f1o m\u00e1ximo: 5.5 pulgadas (14 cm) Extensi\u00f3n: Pac\u00edfico Indo Occidental Tama\u00f1o m\u00ednimo de acuario: 55&hellip;<\/p>\n","protected":false},"author":4,"featured_media":0,"parent":0,"menu_order":0,"comment_status":"closed","ping_status":"closed","template":"","meta":{"footnotes":""},"class_list":["post-3750","page","type-page","status-publish","hentry"],"_links":{"self":[{"href":"https:\/\/proyectos.pgiovas.com\/alfaquarium\/wp-json\/wp\/v2\/pages\/3750","targetHints":{"allow":["GET"]}}],"collection":[{"href":"https:\/\/proyectos.pgiovas.com\/alfaquarium\/wp-json\/wp\/v2\/pages"}],"about":[{"href":"https:\/\/proyectos.pgiovas.com\/alfaquarium\/wp-json\/wp\/v2\/types\/page"}],"author":[{"embeddable":true,"href":"https:\/\/proyectos.pgiovas.com\/alfaquarium\/wp-json\/wp\/v2\/users\/4"}],"replies":[{"embeddable":true,"href":"https:\/\/proyectos.pgiovas.com\/alfaquarium\/wp-json\/wp\/v2\/comments?post=3750"}],"version-history":[{"count":2,"href":"https:\/\/proyectos.pgiovas.com\/alfaquarium\/wp-json\/wp\/v2\/pages\/3750\/revisions"}],"predecessor-version":[{"id":3755,"href":"https:\/\/proyectos.pgiovas.com\/alfaquarium\/wp-json\/wp\/v2\/pages\/3750\/revisions\/3755"}],"wp:attachment":[{"href":"https:\/\/proyectos.pgiovas.com\/alfaquarium\/wp-json\/wp\/v2\/media?parent=3750"}],"curies":[{"name":"wp","href":"https:\/\/api.w.org\/{rel}","templated":true}]}}