{"id":3704,"date":"2020-08-12T07:43:23","date_gmt":"2020-08-12T07:43:23","guid":{"rendered":"http:\/\/alfaquarium.mx\/?page_id=3704"},"modified":"2020-08-12T07:45:29","modified_gmt":"2020-08-12T07:45:29","slug":"amblyeleotris-guttata","status":"publish","type":"page","link":"https:\/\/proyectos.pgiovas.com\/alfaquarium\/amblyeleotris-guttata","title":{"rendered":"Amblyeleotris Guttata"},"content":{"rendered":"\t\t<div data-elementor-type=\"wp-page\" data-elementor-id=\"3704\" class=\"elementor elementor-3704\">\n\t\t\t\t\t\t<section class=\"elementor-section elementor-top-section elementor-element elementor-element-79b8e8b elementor-section-full_width elementor-section-height-default elementor-section-height-default\" data-id=\"79b8e8b\" data-element_type=\"section\" data-e-type=\"section\">\n\t\t\t\t\t\t<div class=\"elementor-container elementor-column-gap-default\">\n\t\t\t\t\t<div class=\"elementor-column elementor-col-100 elementor-top-column elementor-element elementor-element-8003a9b\" data-id=\"8003a9b\" data-element_type=\"column\" data-e-type=\"column\">\n\t\t\t<div class=\"elementor-widget-wrap elementor-element-populated\">\n\t\t\t\t\t\t<div class=\"elementor-element elementor-element-a9cc64a elementor-widget elementor-widget-heading\" data-id=\"a9cc64a\" data-element_type=\"widget\" data-e-type=\"widget\" data-widget_type=\"heading.default\">\n\t\t\t\t<div class=\"elementor-widget-container\">\n\t\t\t\t\t<h3 class=\"elementor-heading-title elementor-size-default\">Amblyeleotris Guttata<\/h3>\t\t\t\t<\/div>\n\t\t\t\t<\/div>\n\t\t\t\t<div class=\"elementor-element elementor-element-254ba6f elementor-widget elementor-widget-spacer\" data-id=\"254ba6f\" data-element_type=\"widget\" data-e-type=\"widget\" data-widget_type=\"spacer.default\">\n\t\t\t\t<div class=\"elementor-widget-container\">\n\t\t\t\t\t\t\t<div class=\"elementor-spacer\">\n\t\t\t<div class=\"elementor-spacer-inner\"><\/div>\n\t\t<\/div>\n\t\t\t\t\t\t<\/div>\n\t\t\t\t<\/div>\n\t\t\t\t<div class=\"elementor-element elementor-element-65959d3 elementor-widget-divider--separator-type-pattern elementor-widget-divider--view-line elementor-widget elementor-widget-divider\" data-id=\"65959d3\" data-element_type=\"widget\" data-e-type=\"widget\" data-widget_type=\"divider.default\">\n\t\t\t\t<div class=\"elementor-widget-container\">\n\t\t\t\t\t\t\t<div class=\"elementor-divider\" style=\"--divider-pattern-url: url(&quot;data:image\/svg+xml,%3Csvg xmlns=&#039;http:\/\/www.w3.org\/2000\/svg&#039; preserveAspectRatio=&#039;none&#039; overflow=&#039;visible&#039; height=&#039;100%&#039; viewBox=&#039;0 0 24 24&#039; fill=&#039;none&#039; stroke=&#039;black&#039; stroke-width=&#039;7&#039; stroke-linecap=&#039;square&#039; stroke-miterlimit=&#039;10&#039;%3E%3Cpath d=&#039;M0,6c6,0,6,13,12,13S18,6,24,6&#039;\/%3E%3C\/svg%3E&quot;);\">\n\t\t\t<span class=\"elementor-divider-separator\">\n\t\t\t\t\t\t<\/span>\n\t\t<\/div>\n\t\t\t\t\t\t<\/div>\n\t\t\t\t<\/div>\n\t\t\t\t<div class=\"elementor-element elementor-element-600efcf elementor-widget elementor-widget-text-editor\" data-id=\"600efcf\" data-element_type=\"widget\" data-e-type=\"widget\" data-widget_type=\"text-editor.default\">\n\t\t\t\t<div class=\"elementor-widget-container\">\n\t\t\t\t\t\t\t\t\t<p><img fetchpriority=\"high\" decoding=\"async\" class=\"size-medium wp-image-1503 alignleft\" src=\"https:\/\/proyectos.pgiovas.com\/alfaquarium\/wp-content\/uploads\/2020\/08\/amblyeleotris-guttata-300x300.jpg\" alt=\"\" width=\"300\" height=\"300\" srcset=\"https:\/\/proyectos.pgiovas.com\/alfaquarium\/wp-content\/uploads\/2020\/08\/amblyeleotris-guttata-300x300.jpg 300w, https:\/\/proyectos.pgiovas.com\/alfaquarium\/wp-content\/uploads\/2020\/08\/amblyeleotris-guttata-150x150.jpg 150w, https:\/\/proyectos.pgiovas.com\/alfaquarium\/wp-content\/uploads\/2020\/08\/amblyeleotris-guttata-370x370.jpg 370w, https:\/\/proyectos.pgiovas.com\/alfaquarium\/wp-content\/uploads\/2020\/08\/amblyeleotris-guttata-90x90.jpg 90w, https:\/\/proyectos.pgiovas.com\/alfaquarium\/wp-content\/uploads\/2020\/08\/amblyeleotris-guttata-406x406.jpg 406w, https:\/\/proyectos.pgiovas.com\/alfaquarium\/wp-content\/uploads\/2020\/08\/amblyeleotris-guttata-143x143.jpg 143w, https:\/\/proyectos.pgiovas.com\/alfaquarium\/wp-content\/uploads\/2020\/08\/amblyeleotris-guttata-400x400.jpg 400w, https:\/\/proyectos.pgiovas.com\/alfaquarium\/wp-content\/uploads\/2020\/08\/amblyeleotris-guttata-100x100.jpg 100w, https:\/\/proyectos.pgiovas.com\/alfaquarium\/wp-content\/uploads\/2020\/08\/amblyeleotris-guttata.jpg 500w\" sizes=\"(max-width: 300px) 100vw, 300px\" \/><\/p><p><strong>Nombre cient\u00edfico:<\/strong> Amblyeleotris guttata<br \/><strong>Nombre com\u00fan en ingl\u00e9s:<\/strong> Orangespotted Shrimp Goby<br \/><strong>Nombre com\u00fan es espa\u00f1ol:<\/strong> Pez Gobio de Manchas Naranjas<br \/><strong>Tama\u00f1o m\u00e1ximo:<\/strong> 3.5 pulgadas (9 cm)<br \/><strong>Extensi\u00f3n:<\/strong> Pac\u00edfico Occidental<br \/><strong>Tama\u00f1o m\u00ednimo de acuario:<\/strong> 20 galones (76 lts)<\/p><p><strong>Alimento y Alimentaci\u00f3n:<\/strong> Alimentos carnosos, incluyendo camarones mysid frescos o congelados, camar\u00f3n en salmuera enriquecido con vitaminas, camar\u00f3n de mesa finamente picado, y preparaciones congeladas para carn\u00edvoros. Alimentar al menos 2 veces al d\u00eda.<\/p><p><strong>\u00cdndice de Adaptaci\u00f3n al Acuario:<\/strong> Estas especies son generalmente duraderas y resistentes; la mayor\u00eda de los individuos se aclimatan al acuario casero. Los peces en esta categor\u00eda deben prosperar, siempre que no est\u00e9n expuestos a cambios dram\u00e1ticos en el medio ambiente o condiciones de agua pobres. Aceptar\u00e1n una amplia gama de alimentos comercialmente disponibles. Los alimentos vivos pueden ser necesarios para inducir la alimentaci\u00f3n o pueden ser el \u00fanico tipo de alimento aceptado. Estos peces son recomendados para los acuaristas que han adquirido alguna experiencia de cr\u00eda (por lo menos 6 meses con un acuario marino).<\/p><p><strong>Compatibilidad con el acuario de arrecife:<\/strong> Excelente, sin embargo es una amenaza potencial para camarones ornamentales delicados y peque\u00f1os.<\/p><p><strong>Cuidado Cautivo:<\/strong> Los miembros de este g\u00e9nero forman alianzas simbi\u00f3ticas con camarones alfeidos casi ciegos, el pez proporciona ojos vigilantes y el camar\u00f3n cavando una madriguera, que comparten. Tambi\u00e9n conocidos como Gobios de gambas, son todos muy adecuados para la vida del acuario y no agresivos, excepto posiblemente hacia conspec\u00edficos (esto se aplica particularmente a los ejemplares machos). El gobio sobrevivir\u00e1 sin los camarones, pero hacen una exhibici\u00f3n fascinante cuando son adquiridos juntos. (Esta especie habitualmente vive en las madrigueras de Alpheus ochrostriatus.) Proporcionarles una cama de arena fina y escombros de coral sueltos. Puede saltar fuera de un acuario abierto cuando se asusta.<\/p>\t\t\t\t\t\t\t\t<\/div>\n\t\t\t\t<\/div>\n\t\t\t\t\t<\/div>\n\t\t<\/div>\n\t\t\t\t\t<\/div>\n\t\t<\/section>\n\t\t\t\t<\/div>\n\t\t","protected":false},"excerpt":{"rendered":"<p>Amblyeleotris Guttata Nombre cient\u00edfico: Amblyeleotris guttataNombre com\u00fan en ingl\u00e9s: Orangespotted Shrimp GobyNombre com\u00fan es espa\u00f1ol: Pez Gobio de Manchas NaranjasTama\u00f1o m\u00e1ximo: 3.5 pulgadas (9 cm)Extensi\u00f3n: Pac\u00edfico OccidentalTama\u00f1o m\u00ednimo de acuario: 20 galones (76 lts) Alimento&hellip;<\/p>\n","protected":false},"author":4,"featured_media":0,"parent":0,"menu_order":0,"comment_status":"closed","ping_status":"closed","template":"","meta":{"footnotes":""},"class_list":["post-3704","page","type-page","status-publish","hentry"],"_links":{"self":[{"href":"https:\/\/proyectos.pgiovas.com\/alfaquarium\/wp-json\/wp\/v2\/pages\/3704","targetHints":{"allow":["GET"]}}],"collection":[{"href":"https:\/\/proyectos.pgiovas.com\/alfaquarium\/wp-json\/wp\/v2\/pages"}],"about":[{"href":"https:\/\/proyectos.pgiovas.com\/alfaquarium\/wp-json\/wp\/v2\/types\/page"}],"author":[{"embeddable":true,"href":"https:\/\/proyectos.pgiovas.com\/alfaquarium\/wp-json\/wp\/v2\/users\/4"}],"replies":[{"embeddable":true,"href":"https:\/\/proyectos.pgiovas.com\/alfaquarium\/wp-json\/wp\/v2\/comments?post=3704"}],"version-history":[{"count":2,"href":"https:\/\/proyectos.pgiovas.com\/alfaquarium\/wp-json\/wp\/v2\/pages\/3704\/revisions"}],"predecessor-version":[{"id":3710,"href":"https:\/\/proyectos.pgiovas.com\/alfaquarium\/wp-json\/wp\/v2\/pages\/3704\/revisions\/3710"}],"wp:attachment":[{"href":"https:\/\/proyectos.pgiovas.com\/alfaquarium\/wp-json\/wp\/v2\/media?parent=3704"}],"curies":[{"name":"wp","href":"https:\/\/api.w.org\/{rel}","templated":true}]}}