{"id":3681,"date":"2020-08-12T07:28:38","date_gmt":"2020-08-12T07:28:38","guid":{"rendered":"http:\/\/alfaquarium.mx\/?page_id=3681"},"modified":"2020-08-12T07:32:06","modified_gmt":"2020-08-12T07:32:06","slug":"neoglyphidodon-bonang","status":"publish","type":"page","link":"https:\/\/proyectos.pgiovas.com\/alfaquarium\/neoglyphidodon-bonang","title":{"rendered":"Neoglyphidodon Bonang"},"content":{"rendered":"\t\t<div data-elementor-type=\"wp-page\" data-elementor-id=\"3681\" class=\"elementor elementor-3681\">\n\t\t\t\t\t\t<section class=\"elementor-section elementor-top-section elementor-element elementor-element-79b8e8b elementor-section-full_width elementor-section-height-default elementor-section-height-default\" data-id=\"79b8e8b\" data-element_type=\"section\" data-e-type=\"section\">\n\t\t\t\t\t\t<div class=\"elementor-container elementor-column-gap-default\">\n\t\t\t\t\t<div class=\"elementor-column elementor-col-100 elementor-top-column elementor-element elementor-element-8003a9b\" data-id=\"8003a9b\" data-element_type=\"column\" data-e-type=\"column\">\n\t\t\t<div class=\"elementor-widget-wrap elementor-element-populated\">\n\t\t\t\t\t\t<div class=\"elementor-element elementor-element-a9cc64a elementor-widget elementor-widget-heading\" data-id=\"a9cc64a\" data-element_type=\"widget\" data-e-type=\"widget\" data-widget_type=\"heading.default\">\n\t\t\t\t<div class=\"elementor-widget-container\">\n\t\t\t\t\t<h3 class=\"elementor-heading-title elementor-size-default\">Neoglyphidodon Bonang<\/h3>\t\t\t\t<\/div>\n\t\t\t\t<\/div>\n\t\t\t\t<div class=\"elementor-element elementor-element-254ba6f elementor-widget elementor-widget-spacer\" data-id=\"254ba6f\" data-element_type=\"widget\" data-e-type=\"widget\" data-widget_type=\"spacer.default\">\n\t\t\t\t<div class=\"elementor-widget-container\">\n\t\t\t\t\t\t\t<div class=\"elementor-spacer\">\n\t\t\t<div class=\"elementor-spacer-inner\"><\/div>\n\t\t<\/div>\n\t\t\t\t\t\t<\/div>\n\t\t\t\t<\/div>\n\t\t\t\t<div class=\"elementor-element elementor-element-65959d3 elementor-widget-divider--separator-type-pattern elementor-widget-divider--view-line elementor-widget elementor-widget-divider\" data-id=\"65959d3\" data-element_type=\"widget\" data-e-type=\"widget\" data-widget_type=\"divider.default\">\n\t\t\t\t<div class=\"elementor-widget-container\">\n\t\t\t\t\t\t\t<div class=\"elementor-divider\" style=\"--divider-pattern-url: url(&quot;data:image\/svg+xml,%3Csvg xmlns=&#039;http:\/\/www.w3.org\/2000\/svg&#039; preserveAspectRatio=&#039;none&#039; overflow=&#039;visible&#039; height=&#039;100%&#039; viewBox=&#039;0 0 24 24&#039; fill=&#039;none&#039; stroke=&#039;black&#039; stroke-width=&#039;7&#039; stroke-linecap=&#039;square&#039; stroke-miterlimit=&#039;10&#039;%3E%3Cpath d=&#039;M0,6c6,0,6,13,12,13S18,6,24,6&#039;\/%3E%3C\/svg%3E&quot;);\">\n\t\t\t<span class=\"elementor-divider-separator\">\n\t\t\t\t\t\t<\/span>\n\t\t<\/div>\n\t\t\t\t\t\t<\/div>\n\t\t\t\t<\/div>\n\t\t\t\t<div class=\"elementor-element elementor-element-600efcf elementor-widget elementor-widget-text-editor\" data-id=\"600efcf\" data-element_type=\"widget\" data-e-type=\"widget\" data-widget_type=\"text-editor.default\">\n\t\t\t\t<div class=\"elementor-widget-container\">\n\t\t\t\t\t\t\t\t\t<p><img fetchpriority=\"high\" decoding=\"async\" class=\"size-medium wp-image-1474 alignleft\" src=\"https:\/\/proyectos.pgiovas.com\/alfaquarium\/wp-content\/uploads\/2020\/08\/neoglyphidodon_bonang-300x270.jpg\" alt=\"\" width=\"300\" height=\"270\" srcset=\"https:\/\/proyectos.pgiovas.com\/alfaquarium\/wp-content\/uploads\/2020\/08\/neoglyphidodon_bonang-300x270.jpg 300w, https:\/\/proyectos.pgiovas.com\/alfaquarium\/wp-content\/uploads\/2020\/08\/neoglyphidodon_bonang-370x333.jpg 370w, https:\/\/proyectos.pgiovas.com\/alfaquarium\/wp-content\/uploads\/2020\/08\/neoglyphidodon_bonang-400x360.jpg 400w, https:\/\/proyectos.pgiovas.com\/alfaquarium\/wp-content\/uploads\/2020\/08\/neoglyphidodon_bonang.jpg 500w\" sizes=\"(max-width: 300px) 100vw, 300px\" \/><\/p><p><strong>Nombre cient\u00edfico:<\/strong> Neoglyphidodon bonang<br \/><strong>Nombre com\u00fan en ingl\u00e9s:<\/strong> Ocellated damselfish<br \/><strong>Nombre com\u00fan en espa\u00f1ol:<\/strong> Pez damisela ocelado<br \/><strong>Familia<\/strong>: Pomacentridae<br \/><strong>Origen:<\/strong> Oc\u00e9ano Indo-Pac\u00edfico<br \/><strong>Par\u00e1metros ideales:<\/strong><br \/><strong>Salinidad:<\/strong> 1023 a 1025<br \/><strong>Temperatura:<\/strong> 23 a 26\u00ba C<br \/><strong>Calcio:<\/strong> 400 a 450 ppm<br \/><strong>Alcalinidad:<\/strong> 8 a 12 dKH<br \/><strong>Magnesio:<\/strong> 1200 a 1350<br \/><strong>Estroncio:<\/strong> 8 a 10<br \/><strong>PH:<\/strong> 8.10 a 8.40<\/p><p><strong>Informaci\u00f3n, cuidados y curiosidades:<\/strong> El pez damisela ocelado Neoglyphidodon bonang fue descrito por Bleeker en 1852.<\/p><p>Es originario del este del Oc\u00e9ano Indo-Pac\u00edfico, de la zona que abarca desde Sri Lanka al archipi\u00e9lago Indo-Australiano, incluyendo Sumatra, Java, Sulawesi y las islas Salom\u00f3n.<\/p><p>Los reportes de la presencia de este pez en otras localidades son malas identificaciones.<\/p><p>Los adultos viven en los arrecifes coralinos, probablemente barridos por las corrientes marinas y a unos 20 m. de profundidad. Es una especie poco estudiada, raramente vista y probablemente discriminada debido a su apariencia poco vistosa.<\/p><p>Su coloraci\u00f3n corporal puede ir del blanco-ros\u00e1ceo al naranja claro, en la cara y en sus costados tiene varios puntos iridiscentes blanquizco-azulados, una l\u00ednea que va desde sus orificios nasales hasta el borde posterior de sus op\u00e9rculos, otra corta l\u00ednea similar en la base de sus 3-4 rayos dorsales frontales y un ocelo negro bordeado de azul iridiscente en la parte media de su aleta dorsal.<\/p><p>Los juveniles a\u00fan no han sido estudiados y probablemente tengan un gran ocelo como el pez damisela N. Thoracotaeniatus.<\/p><p>Los estudios realizados a los peces de la familia Pomacentridae indican que estos son ov\u00edparos, que no son mon\u00f3gamos, que sus huevecillos son demersales y se adhieren al sustrato.<\/p><p>Los machos son quienes se encargan de cuidar y airear los huevecillos.<\/p><p>Este pez puede llegar a medir alrededor de 13 cm.<\/p><p>Los peces damisela, conforme maduran, se vuelven m\u00e1s agresivos, por lo que es mejor no mantenerlos junto con peces m\u00e1s peque\u00f1os, t\u00edmidos o pasivos. Esta especie no es la excepci\u00f3n, es territorial y algo agresiva. Nunca deben mantenerse varios espec\u00edmenes juntos pues pueden pelearse seriamente y causarse da\u00f1o severo o matarse entre ellos.<\/p><p>Puede ser mantenido junto a peces m\u00e1s grandes que \u00e9l, pero hay que observarlo muy atentamente para asegurarnos que su agresi\u00f3n no se vuelva destructiva.<\/p><p>No se recomienda mantenerlos junto a peces muy territoriales, como dottybacks y basses que se comer\u00e1n todo lo que les quepa en la boca.<\/p><p>Es un pez omn\u00edvoro. Deben proporcion\u00e1rsele algas marinas, espirulina, comidas en hojuelas y trocitos finamente picados de carne de cangrejo, pescado, calamar, camar\u00f3n, pescado, papilla casera, etc. Deben d\u00e1rsele peque\u00f1as cantidades de alimento, pero varias veces al d\u00eda. Los machos generalmente son m\u00e1s grandes y m\u00e1s esbeltos. Cuando est\u00e1n listos para reproducirse, se vuelven muy agresivos con las hembras y el ritual de apareamiento generalmente ocurre en la madrugada. Una almeja abierta es un buen lugar para depositar los cientos de huevecillos pegajosos. El macho es el responsable de limpiar el \u00e1rea y cuidar la puesta, y se toma muy en serio su papel pues no permite que nada ni nadie se acerque a ella. Los alevines eclosionan alrededor de una semana despu\u00e9s. Ellos son muy peque\u00f1os y f\u00e1cilmente pueden ser absorbidos por las entradas de las bombas, por lo que necesitan estar en un acuario especial. Los alevines deben ser alimentados con rot\u00edferos. No se recomienda alimentarlos con artemias salinas reci\u00e9n eclosionadas. Alrededor de un mes despu\u00e9s, los alevines empezar\u00e1n a colorearse.<\/p><p>Aunque son peces muy f\u00e1ciles de mantener en cautiverio pues se adaptan r\u00e1pidamente, aceptan cualquier tipo de comida, son muy resistentes y no demasiado exigentes con los par\u00e1metros del agua, son muy agresivos y territoriales. Si los introducimos al acuario una vez que todos los dem\u00e1s peces se hayan adaptado, establecido su territorio y con peces m\u00e1s grandes que ellos, no tendremos demasiados problemas. Pero siempre hay que mantenerlos bien vigilados, para intervenir inmediatamente en caso de peleas o ataques, o para retirarlos del acuario en caso de ser necesario.<\/p><p><em><strong>Fuentes del art\u00edculo:<\/strong><\/em><\/p><p><em><strong>Fishbase<\/strong><\/em><\/p><p><em><strong>Origen de la imagen:<\/strong><\/em><\/p><p><em><strong>http:\/\/www.fishbase.org<\/strong><\/em><\/p><p><em><strong>Colaboraci\u00f3n de:<\/strong><\/em><\/p><p><em><strong>Jessica Romero Saldivar (AtOmIcFaRt)<\/strong><\/em><\/p>\t\t\t\t\t\t\t\t<\/div>\n\t\t\t\t<\/div>\n\t\t\t\t\t<\/div>\n\t\t<\/div>\n\t\t\t\t\t<\/div>\n\t\t<\/section>\n\t\t\t\t<\/div>\n\t\t","protected":false},"excerpt":{"rendered":"<p>Neoglyphidodon Bonang Nombre cient\u00edfico: Neoglyphidodon bonangNombre com\u00fan en ingl\u00e9s: Ocellated damselfishNombre com\u00fan en espa\u00f1ol: Pez damisela oceladoFamilia: PomacentridaeOrigen: Oc\u00e9ano Indo-Pac\u00edficoPar\u00e1metros ideales:Salinidad: 1023 a 1025Temperatura: 23 a 26\u00ba CCalcio: 400 a 450 ppmAlcalinidad: 8 a 12&hellip;<\/p>\n","protected":false},"author":4,"featured_media":0,"parent":0,"menu_order":0,"comment_status":"closed","ping_status":"closed","template":"","meta":{"footnotes":""},"class_list":["post-3681","page","type-page","status-publish","hentry"],"_links":{"self":[{"href":"https:\/\/proyectos.pgiovas.com\/alfaquarium\/wp-json\/wp\/v2\/pages\/3681","targetHints":{"allow":["GET"]}}],"collection":[{"href":"https:\/\/proyectos.pgiovas.com\/alfaquarium\/wp-json\/wp\/v2\/pages"}],"about":[{"href":"https:\/\/proyectos.pgiovas.com\/alfaquarium\/wp-json\/wp\/v2\/types\/page"}],"author":[{"embeddable":true,"href":"https:\/\/proyectos.pgiovas.com\/alfaquarium\/wp-json\/wp\/v2\/users\/4"}],"replies":[{"embeddable":true,"href":"https:\/\/proyectos.pgiovas.com\/alfaquarium\/wp-json\/wp\/v2\/comments?post=3681"}],"version-history":[{"count":2,"href":"https:\/\/proyectos.pgiovas.com\/alfaquarium\/wp-json\/wp\/v2\/pages\/3681\/revisions"}],"predecessor-version":[{"id":3698,"href":"https:\/\/proyectos.pgiovas.com\/alfaquarium\/wp-json\/wp\/v2\/pages\/3681\/revisions\/3698"}],"wp:attachment":[{"href":"https:\/\/proyectos.pgiovas.com\/alfaquarium\/wp-json\/wp\/v2\/media?parent=3681"}],"curies":[{"name":"wp","href":"https:\/\/api.w.org\/{rel}","templated":true}]}}