{"id":3625,"date":"2020-08-12T06:17:58","date_gmt":"2020-08-12T06:17:58","guid":{"rendered":"http:\/\/alfaquarium.mx\/?page_id=3625"},"modified":"2020-08-12T06:21:52","modified_gmt":"2020-08-12T06:21:52","slug":"pterapogon-kauderni","status":"publish","type":"page","link":"https:\/\/proyectos.pgiovas.com\/alfaquarium\/pterapogon-kauderni","title":{"rendered":"Pterapogon Kauderni"},"content":{"rendered":"\t\t<div data-elementor-type=\"wp-page\" data-elementor-id=\"3625\" class=\"elementor elementor-3625\">\n\t\t\t\t\t\t<section class=\"elementor-section elementor-top-section elementor-element elementor-element-79b8e8b elementor-section-full_width elementor-section-height-default elementor-section-height-default\" data-id=\"79b8e8b\" data-element_type=\"section\" data-e-type=\"section\">\n\t\t\t\t\t\t<div class=\"elementor-container elementor-column-gap-default\">\n\t\t\t\t\t<div class=\"elementor-column elementor-col-100 elementor-top-column elementor-element elementor-element-8003a9b\" data-id=\"8003a9b\" data-element_type=\"column\" data-e-type=\"column\">\n\t\t\t<div class=\"elementor-widget-wrap elementor-element-populated\">\n\t\t\t\t\t\t<div class=\"elementor-element elementor-element-a9cc64a elementor-widget elementor-widget-heading\" data-id=\"a9cc64a\" data-element_type=\"widget\" data-e-type=\"widget\" data-widget_type=\"heading.default\">\n\t\t\t\t<div class=\"elementor-widget-container\">\n\t\t\t\t\t<h3 class=\"elementor-heading-title elementor-size-default\">Acantholabrus Palloni<\/h3>\t\t\t\t<\/div>\n\t\t\t\t<\/div>\n\t\t\t\t<div class=\"elementor-element elementor-element-254ba6f elementor-widget elementor-widget-spacer\" data-id=\"254ba6f\" data-element_type=\"widget\" data-e-type=\"widget\" data-widget_type=\"spacer.default\">\n\t\t\t\t<div class=\"elementor-widget-container\">\n\t\t\t\t\t\t\t<div class=\"elementor-spacer\">\n\t\t\t<div class=\"elementor-spacer-inner\"><\/div>\n\t\t<\/div>\n\t\t\t\t\t\t<\/div>\n\t\t\t\t<\/div>\n\t\t\t\t<div class=\"elementor-element elementor-element-65959d3 elementor-widget-divider--separator-type-pattern elementor-widget-divider--view-line elementor-widget elementor-widget-divider\" data-id=\"65959d3\" data-element_type=\"widget\" data-e-type=\"widget\" data-widget_type=\"divider.default\">\n\t\t\t\t<div class=\"elementor-widget-container\">\n\t\t\t\t\t\t\t<div class=\"elementor-divider\" style=\"--divider-pattern-url: url(&quot;data:image\/svg+xml,%3Csvg xmlns=&#039;http:\/\/www.w3.org\/2000\/svg&#039; preserveAspectRatio=&#039;none&#039; overflow=&#039;visible&#039; height=&#039;100%&#039; viewBox=&#039;0 0 24 24&#039; fill=&#039;none&#039; stroke=&#039;black&#039; stroke-width=&#039;7&#039; stroke-linecap=&#039;square&#039; stroke-miterlimit=&#039;10&#039;%3E%3Cpath d=&#039;M0,6c6,0,6,13,12,13S18,6,24,6&#039;\/%3E%3C\/svg%3E&quot;);\">\n\t\t\t<span class=\"elementor-divider-separator\">\n\t\t\t\t\t\t<\/span>\n\t\t<\/div>\n\t\t\t\t\t\t<\/div>\n\t\t\t\t<\/div>\n\t\t\t\t<div class=\"elementor-element elementor-element-600efcf elementor-widget elementor-widget-text-editor\" data-id=\"600efcf\" data-element_type=\"widget\" data-e-type=\"widget\" data-widget_type=\"text-editor.default\">\n\t\t\t\t<div class=\"elementor-widget-container\">\n\t\t\t\t\t\t\t\t\t<p><img fetchpriority=\"high\" decoding=\"async\" class=\"size-medium wp-image-1419 alignleft\" src=\"https:\/\/proyectos.pgiovas.com\/alfaquarium\/wp-content\/uploads\/2020\/08\/pterapogon_kauderni-300x270.jpg\" alt=\"\" width=\"300\" height=\"270\" srcset=\"https:\/\/proyectos.pgiovas.com\/alfaquarium\/wp-content\/uploads\/2020\/08\/pterapogon_kauderni-300x270.jpg 300w, https:\/\/proyectos.pgiovas.com\/alfaquarium\/wp-content\/uploads\/2020\/08\/pterapogon_kauderni-370x333.jpg 370w, https:\/\/proyectos.pgiovas.com\/alfaquarium\/wp-content\/uploads\/2020\/08\/pterapogon_kauderni-400x360.jpg 400w, https:\/\/proyectos.pgiovas.com\/alfaquarium\/wp-content\/uploads\/2020\/08\/pterapogon_kauderni.jpg 500w\" sizes=\"(max-width: 300px) 100vw, 300px\" \/><\/p><p><strong>Nombre cient\u00edfico:<\/strong> Pterapogon kauderni<br \/><strong>Nombre com\u00fan en ingl\u00e9s:<\/strong> Banggai cardinalfish<br \/><strong>Nombre com\u00fan en espa\u00f1ol: <\/strong>Cardenal de Banggai<br \/><strong>Familia:<\/strong> Apogonidae<br \/><strong>Origen:<\/strong> Indonesia<br \/><strong>Par\u00e1metros ideales:<\/strong><br \/><strong>Salinidad: <\/strong>1023 a 1025<br \/><strong>Temperatura:<\/strong> 23 a 26\u00ba C<br \/><strong>Calcio:<\/strong> 400 a 450 ppm<br \/><strong>Alcalinidad: <\/strong>8 a 12 dKH<br \/><strong>Magnesio:<\/strong> 1200 a 1350<br \/><strong>Estroncio: <\/strong>8 a 10<br \/><strong>PH: <\/strong>8.10 a 8.40<\/p><p><strong>Informaci\u00f3n, cuidados y curiosidades: <\/strong>El Pterapogon kauderni es un peque\u00f1o pez cardenal tropical que raramente sobrepasa los 8 cm de largo. Es uno de los relativamente pocos peces que han podido ser reproducidos frecuentemente en cautiverio, pero desgraciadamente muchos siguen siendo capturados en la naturaleza, a tal grado que ahora es una especie en peligro de extinci\u00f3n. Esta especie \u00fanicamente se encuentra en las islas Banggai de Indonesia, en una extremadamente limitada \u00e1rea geogr\u00e1fica (5500 km2) y su peque\u00f1a poblaci\u00f3n total est\u00e1 estimada en 2.4 millones de peces.<\/p><p>Este pez puede llegar a medir 8 cm de largo. El dise\u00f1o de su piel es muy caracter\u00edstico y contrastante, de barras blancas, negras y puntos blancos. Esta especie se diferencia f\u00e1cilmente de todos los dem\u00e1s peces cardenal por su primera aleta dorsal, que acaba en una especie de borla. Esta aleta dorsal es diferente en los machos y en las hembras. La de los machos es m\u00e1s grande. Lo machos tambi\u00e9n se diferencian en que su mand\u00edbula es m\u00e1s angular y prominente, debido a que ellos son los que incuban los huevecillos en su boca.<\/p><p>En su h\u00e1bitat natural se alimentan de zooplankton y peque\u00f1os crust\u00e1ceos. En cautiverio aceptan de muy buena gana artemias enriquecidas, mysis, papilla casera y peque\u00f1os trozos de camar\u00f3n, pescado o calamar. Incluso pueden llegar a comer alimentos en hojuelas para peces.<\/p><p>Pueden mantenerse en el acuario dos o m\u00e1s P. Kauderni en el acuario. Es un pez pac\u00edfico y\u00a0 prefiere estar en grupo.<\/p><p>No molestar\u00e1 a los dem\u00e1s peces, corales y dem\u00e1s organismos. El acuario debe ser de m\u00e1s de 200 litros, para que el pez o peces est\u00e9n a gusto. Cabe advertir que este pez puede comerse los camarones ornamentales.<\/p><p>A pesar de que ya es una especie en peligro de extinci\u00f3n desgraciadamente se siguen comercializando ejemplares capturados en la naturaleza. Es una especie considerada vulnerable por el IUCN, debido a la peque\u00f1a \u00e1rea geogr\u00e1fica en la que se encuentra esta especie, la severa fragmentaci\u00f3n y la constante diminuci\u00f3n de su poblaci\u00f3n debido a la explotaci\u00f3n que sufren para satisfacer el mercado internacional. En el a\u00f1o 2007 se propuso proteger esta especie bajo el CITES ap\u00e9ndice II, el cual podr\u00eda limitar la exportaci\u00f3n de ejemplares capturados en la naturaleza, pero Indonesia (el pa\u00eds del cual este pez es originario) no acept\u00f3 y la propuesta acab\u00f3 siendo desestimada.<\/p><p>La buena noticia es que estos hermosos peces pueden ser criados en cautiverio. Los machos son incubadores bucales y mantienen los huevecillos en su boca 20 dias aproximadamente, tiempo durante el cual no come absolutamente nada. Cuando el macho haya liberado a los alevines, habr\u00e1 que separarlos de los padres.<\/p><p><em><strong>Fuentes del art\u00edculo:<\/strong><\/em><\/p><p><em><strong>About fish online, Animal world y Wikipedia.<\/strong><\/em><\/p><p><em><strong>Colaboraci\u00f3n de:<\/strong><\/em><\/p><p><em><strong>Jessica Romero Saldivar (AtOmIcFaRt)<\/strong><\/em><\/p>\t\t\t\t\t\t\t\t<\/div>\n\t\t\t\t<\/div>\n\t\t\t\t\t<\/div>\n\t\t<\/div>\n\t\t\t\t\t<\/div>\n\t\t<\/section>\n\t\t\t\t<\/div>\n\t\t","protected":false},"excerpt":{"rendered":"<p>Acantholabrus Palloni Nombre cient\u00edfico: Pterapogon kauderniNombre com\u00fan en ingl\u00e9s: Banggai cardinalfishNombre com\u00fan en espa\u00f1ol: Cardenal de BanggaiFamilia: ApogonidaeOrigen: IndonesiaPar\u00e1metros ideales:Salinidad: 1023 a 1025Temperatura: 23 a 26\u00ba CCalcio: 400 a 450 ppmAlcalinidad: 8 a 12 dKHMagnesio:&hellip;<\/p>\n","protected":false},"author":4,"featured_media":0,"parent":0,"menu_order":0,"comment_status":"closed","ping_status":"closed","template":"","meta":{"footnotes":""},"class_list":["post-3625","page","type-page","status-publish","hentry"],"_links":{"self":[{"href":"https:\/\/proyectos.pgiovas.com\/alfaquarium\/wp-json\/wp\/v2\/pages\/3625","targetHints":{"allow":["GET"]}}],"collection":[{"href":"https:\/\/proyectos.pgiovas.com\/alfaquarium\/wp-json\/wp\/v2\/pages"}],"about":[{"href":"https:\/\/proyectos.pgiovas.com\/alfaquarium\/wp-json\/wp\/v2\/types\/page"}],"author":[{"embeddable":true,"href":"https:\/\/proyectos.pgiovas.com\/alfaquarium\/wp-json\/wp\/v2\/users\/4"}],"replies":[{"embeddable":true,"href":"https:\/\/proyectos.pgiovas.com\/alfaquarium\/wp-json\/wp\/v2\/comments?post=3625"}],"version-history":[{"count":2,"href":"https:\/\/proyectos.pgiovas.com\/alfaquarium\/wp-json\/wp\/v2\/pages\/3625\/revisions"}],"predecessor-version":[{"id":3627,"href":"https:\/\/proyectos.pgiovas.com\/alfaquarium\/wp-json\/wp\/v2\/pages\/3625\/revisions\/3627"}],"wp:attachment":[{"href":"https:\/\/proyectos.pgiovas.com\/alfaquarium\/wp-json\/wp\/v2\/media?parent=3625"}],"curies":[{"name":"wp","href":"https:\/\/api.w.org\/{rel}","templated":true}]}}