{"id":3617,"date":"2020-08-12T06:08:39","date_gmt":"2020-08-12T06:08:39","guid":{"rendered":"http:\/\/alfaquarium.mx\/?page_id=3617"},"modified":"2020-08-12T06:11:41","modified_gmt":"2020-08-12T06:11:41","slug":"cheilodipterus-alleni","status":"publish","type":"page","link":"https:\/\/proyectos.pgiovas.com\/alfaquarium\/cheilodipterus-alleni","title":{"rendered":"Cheilodipterus Alleni"},"content":{"rendered":"\t\t<div data-elementor-type=\"wp-page\" data-elementor-id=\"3617\" class=\"elementor elementor-3617\">\n\t\t\t\t\t\t<section class=\"elementor-section elementor-top-section elementor-element elementor-element-79b8e8b elementor-section-full_width elementor-section-height-default elementor-section-height-default\" data-id=\"79b8e8b\" data-element_type=\"section\" data-e-type=\"section\">\n\t\t\t\t\t\t<div class=\"elementor-container elementor-column-gap-default\">\n\t\t\t\t\t<div class=\"elementor-column elementor-col-100 elementor-top-column elementor-element elementor-element-8003a9b\" data-id=\"8003a9b\" data-element_type=\"column\" data-e-type=\"column\">\n\t\t\t<div class=\"elementor-widget-wrap elementor-element-populated\">\n\t\t\t\t\t\t<div class=\"elementor-element elementor-element-a9cc64a elementor-widget elementor-widget-heading\" data-id=\"a9cc64a\" data-element_type=\"widget\" data-e-type=\"widget\" data-widget_type=\"heading.default\">\n\t\t\t\t<div class=\"elementor-widget-container\">\n\t\t\t\t\t<h3 class=\"elementor-heading-title elementor-size-default\">Cheilodipterus Alleni<\/h3>\t\t\t\t<\/div>\n\t\t\t\t<\/div>\n\t\t\t\t<div class=\"elementor-element elementor-element-254ba6f elementor-widget elementor-widget-spacer\" data-id=\"254ba6f\" data-element_type=\"widget\" data-e-type=\"widget\" data-widget_type=\"spacer.default\">\n\t\t\t\t<div class=\"elementor-widget-container\">\n\t\t\t\t\t\t\t<div class=\"elementor-spacer\">\n\t\t\t<div class=\"elementor-spacer-inner\"><\/div>\n\t\t<\/div>\n\t\t\t\t\t\t<\/div>\n\t\t\t\t<\/div>\n\t\t\t\t<div class=\"elementor-element elementor-element-65959d3 elementor-widget-divider--separator-type-pattern elementor-widget-divider--view-line elementor-widget elementor-widget-divider\" data-id=\"65959d3\" data-element_type=\"widget\" data-e-type=\"widget\" data-widget_type=\"divider.default\">\n\t\t\t\t<div class=\"elementor-widget-container\">\n\t\t\t\t\t\t\t<div class=\"elementor-divider\" style=\"--divider-pattern-url: url(&quot;data:image\/svg+xml,%3Csvg xmlns=&#039;http:\/\/www.w3.org\/2000\/svg&#039; preserveAspectRatio=&#039;none&#039; overflow=&#039;visible&#039; height=&#039;100%&#039; viewBox=&#039;0 0 24 24&#039; fill=&#039;none&#039; stroke=&#039;black&#039; stroke-width=&#039;7&#039; stroke-linecap=&#039;square&#039; stroke-miterlimit=&#039;10&#039;%3E%3Cpath d=&#039;M0,6c6,0,6,13,12,13S18,6,24,6&#039;\/%3E%3C\/svg%3E&quot;);\">\n\t\t\t<span class=\"elementor-divider-separator\">\n\t\t\t\t\t\t<\/span>\n\t\t<\/div>\n\t\t\t\t\t\t<\/div>\n\t\t\t\t<\/div>\n\t\t\t\t<div class=\"elementor-element elementor-element-600efcf elementor-widget elementor-widget-text-editor\" data-id=\"600efcf\" data-element_type=\"widget\" data-e-type=\"widget\" data-widget_type=\"text-editor.default\">\n\t\t\t\t<div class=\"elementor-widget-container\">\n\t\t\t\t\t\t\t\t\t<p><img fetchpriority=\"high\" decoding=\"async\" class=\"size-medium wp-image-1404 alignleft\" src=\"https:\/\/proyectos.pgiovas.com\/alfaquarium\/wp-content\/uploads\/2020\/08\/cheilodipterus_alleni-300x270.jpg\" alt=\"\" width=\"300\" height=\"270\" srcset=\"https:\/\/proyectos.pgiovas.com\/alfaquarium\/wp-content\/uploads\/2020\/08\/cheilodipterus_alleni-300x270.jpg 300w, https:\/\/proyectos.pgiovas.com\/alfaquarium\/wp-content\/uploads\/2020\/08\/cheilodipterus_alleni-370x333.jpg 370w, https:\/\/proyectos.pgiovas.com\/alfaquarium\/wp-content\/uploads\/2020\/08\/cheilodipterus_alleni-400x360.jpg 400w, https:\/\/proyectos.pgiovas.com\/alfaquarium\/wp-content\/uploads\/2020\/08\/cheilodipterus_alleni.jpg 500w\" sizes=\"(max-width: 300px) 100vw, 300px\" \/><\/p><p><strong>Nombre cient\u00edfico: <\/strong>Cheilodipterus alleni<br \/><strong>Nombre com\u00fan en ingl\u00e9s:<\/strong> Allen\u2019s cardinalfish<br \/><strong>Nombre com\u00fan en espa\u00f1ol: <\/strong>Cardenal de Allen<br \/><strong>Familia: <\/strong>Apogonidae<br \/><strong>Origen: <\/strong>Oc\u00e9ano Indo-Pac\u00edfico<br \/><strong>Par\u00e1metros ideales:<\/strong><br \/><strong>Salinidad: <\/strong>1023 a 1025<br \/><strong>Temperatura: <\/strong>23 a 26\u00ba C<br \/><strong>Calcio:<\/strong> 400 a 450 ppm<br \/><strong>Alcalinidad:<\/strong> 8 a 12 dKH<br \/><strong>Magnesio: <\/strong>1200 a 1350<br \/><strong>Estroncio: <\/strong>8 a 10<br \/><strong>PH:<\/strong> 8.10 a 8.40<\/p><p><strong>Informaci\u00f3n, cuidados y curiosidades:<\/strong> El cardenal de Allen Cheilodipterus alleni puede llegar a medir 10 cm de largo. Esta especie es originaria del occidente del Oc\u00e9ano Indo-Pac\u00edfico: De Pap\u00faa Nueva Guinea, Flores en Indonesia y la isla Sibvan en Borneo.<\/p><p>Fue descrito por Gon en 1993.<\/p><p>Vive en solitario en las cuevas y debajo de las cornisas de las laderas de los arrecifes y a una profundidad que va de 10 a 40 m.<\/p><p>Su coloraci\u00f3n corporal es blanquecina y tiene 8 franjas color caf\u00e9 dorado. Las franjas debajo de la mitad de su cuerpo son iguales o un poco m\u00e1s anchas que los espacios entre ellas. Las franjas arriba de la mitad de su cuerpo son ligeramente m\u00e1s delgadas que los espacios entre ellas. La mitad distal de su aleta dorsal es negra y la mitad proximal es blanquizca. Sus aletas segunda aleta dorsal, anal, pectorales y p\u00e9lvica son rojizas. La coloraci\u00f3n del borde de su segunda aleta dorsal y las anales va del canela al caf\u00e9 oscuro y generalmente son m\u00e1s oscuras distalmente. Los rayos superior y \u00faltimo de su aleta caudal son caf\u00e9 oscuro y carece de punto en la aleta caudal.<\/p><p>En su h\u00e1bitat natural por las noches (al atardecer y poco antes del amanecer) se alimenta principalmente de crust\u00e1ceos planct\u00f3nicos.<\/p><p>En un acuario puede ser alimentado con camarones, peces peque\u00f1os y otros alimentos frescos o congelados. Tambi\u00e9n se puede acostumbrar a comer comidas procesadas y congeladas.<\/p><p>No molestar\u00e1 a los dem\u00e1s peces, corales y dem\u00e1s organismos. El acuario debe ser de m\u00e1s de 500 litros, para que el pez o peces est\u00e9n a gusto. Cabe advertir que este pez puede comerse los camarones ornamentales.<\/p><p>A pesar de que ya es una especie en peligro de extinci\u00f3n desgraciadamente se siguen comercializando ejemplares capturados en la naturaleza. Es una especie considerada vulnerable por el IUCN, debido a la severa fragmentaci\u00f3n y la constante diminuci\u00f3n de su poblaci\u00f3n debido a la explotaci\u00f3n que sufren para satisfacer el mercado internacional.<\/p><p><strong><em>Fuentes del art\u00edculo:<\/em><\/strong><\/p><p><strong><em>About fish online, Animal world y Wikipedia.<\/em><\/strong><\/p><p><strong><em>Origen de la imagen:<\/em><\/strong><\/p><p><strong><em>http:\/\/content61.eol.org<\/em><\/strong><\/p><p><strong><em>Colaboraci\u00f3n de:<\/em><\/strong><\/p><p><strong><em>Jessica Romero Saldivar (AtOmIcFaRt)<\/em><\/strong><\/p>\t\t\t\t\t\t\t\t<\/div>\n\t\t\t\t<\/div>\n\t\t\t\t\t<\/div>\n\t\t<\/div>\n\t\t\t\t\t<\/div>\n\t\t<\/section>\n\t\t\t\t<\/div>\n\t\t","protected":false},"excerpt":{"rendered":"<p>Cheilodipterus Alleni Nombre cient\u00edfico: Cheilodipterus alleniNombre com\u00fan en ingl\u00e9s: Allen\u2019s cardinalfishNombre com\u00fan en espa\u00f1ol: Cardenal de AllenFamilia: ApogonidaeOrigen: Oc\u00e9ano Indo-Pac\u00edficoPar\u00e1metros ideales:Salinidad: 1023 a 1025Temperatura: 23 a 26\u00ba CCalcio: 400 a 450 ppmAlcalinidad: 8 a 12&hellip;<\/p>\n","protected":false},"author":4,"featured_media":0,"parent":0,"menu_order":0,"comment_status":"closed","ping_status":"closed","template":"","meta":{"footnotes":""},"class_list":["post-3617","page","type-page","status-publish","hentry"],"_links":{"self":[{"href":"https:\/\/proyectos.pgiovas.com\/alfaquarium\/wp-json\/wp\/v2\/pages\/3617","targetHints":{"allow":["GET"]}}],"collection":[{"href":"https:\/\/proyectos.pgiovas.com\/alfaquarium\/wp-json\/wp\/v2\/pages"}],"about":[{"href":"https:\/\/proyectos.pgiovas.com\/alfaquarium\/wp-json\/wp\/v2\/types\/page"}],"author":[{"embeddable":true,"href":"https:\/\/proyectos.pgiovas.com\/alfaquarium\/wp-json\/wp\/v2\/users\/4"}],"replies":[{"embeddable":true,"href":"https:\/\/proyectos.pgiovas.com\/alfaquarium\/wp-json\/wp\/v2\/comments?post=3617"}],"version-history":[{"count":2,"href":"https:\/\/proyectos.pgiovas.com\/alfaquarium\/wp-json\/wp\/v2\/pages\/3617\/revisions"}],"predecessor-version":[{"id":3619,"href":"https:\/\/proyectos.pgiovas.com\/alfaquarium\/wp-json\/wp\/v2\/pages\/3617\/revisions\/3619"}],"wp:attachment":[{"href":"https:\/\/proyectos.pgiovas.com\/alfaquarium\/wp-json\/wp\/v2\/media?parent=3617"}],"curies":[{"name":"wp","href":"https:\/\/api.w.org\/{rel}","templated":true}]}}