{"id":3616,"date":"2020-08-12T06:43:38","date_gmt":"2020-08-12T06:43:38","guid":{"rendered":"http:\/\/alfaquarium.mx\/?page_id=3616"},"modified":"2020-08-12T06:46:37","modified_gmt":"2020-08-12T06:46:37","slug":"chrysiptera-taupou","status":"publish","type":"page","link":"https:\/\/proyectos.pgiovas.com\/alfaquarium\/chrysiptera-taupou","title":{"rendered":"Chrysiptera Taupou"},"content":{"rendered":"\t\t<div data-elementor-type=\"wp-page\" data-elementor-id=\"3616\" class=\"elementor elementor-3616\">\n\t\t\t\t\t\t<section class=\"elementor-section elementor-top-section elementor-element elementor-element-79b8e8b elementor-section-full_width elementor-section-height-default elementor-section-height-default\" data-id=\"79b8e8b\" data-element_type=\"section\" data-e-type=\"section\">\n\t\t\t\t\t\t<div class=\"elementor-container elementor-column-gap-default\">\n\t\t\t\t\t<div class=\"elementor-column elementor-col-100 elementor-top-column elementor-element elementor-element-8003a9b\" data-id=\"8003a9b\" data-element_type=\"column\" data-e-type=\"column\">\n\t\t\t<div class=\"elementor-widget-wrap elementor-element-populated\">\n\t\t\t\t\t\t<div class=\"elementor-element elementor-element-a9cc64a elementor-widget elementor-widget-heading\" data-id=\"a9cc64a\" data-element_type=\"widget\" data-e-type=\"widget\" data-widget_type=\"heading.default\">\n\t\t\t\t<div class=\"elementor-widget-container\">\n\t\t\t\t\t<h3 class=\"elementor-heading-title elementor-size-default\">Chrysiptera Taupou<\/h3>\t\t\t\t<\/div>\n\t\t\t\t<\/div>\n\t\t\t\t<div class=\"elementor-element elementor-element-254ba6f elementor-widget elementor-widget-spacer\" data-id=\"254ba6f\" data-element_type=\"widget\" data-e-type=\"widget\" data-widget_type=\"spacer.default\">\n\t\t\t\t<div class=\"elementor-widget-container\">\n\t\t\t\t\t\t\t<div class=\"elementor-spacer\">\n\t\t\t<div class=\"elementor-spacer-inner\"><\/div>\n\t\t<\/div>\n\t\t\t\t\t\t<\/div>\n\t\t\t\t<\/div>\n\t\t\t\t<div class=\"elementor-element elementor-element-65959d3 elementor-widget-divider--separator-type-pattern elementor-widget-divider--view-line elementor-widget elementor-widget-divider\" data-id=\"65959d3\" data-element_type=\"widget\" data-e-type=\"widget\" data-widget_type=\"divider.default\">\n\t\t\t\t<div class=\"elementor-widget-container\">\n\t\t\t\t\t\t\t<div class=\"elementor-divider\" style=\"--divider-pattern-url: url(&quot;data:image\/svg+xml,%3Csvg xmlns=&#039;http:\/\/www.w3.org\/2000\/svg&#039; preserveAspectRatio=&#039;none&#039; overflow=&#039;visible&#039; height=&#039;100%&#039; viewBox=&#039;0 0 24 24&#039; fill=&#039;none&#039; stroke=&#039;black&#039; stroke-width=&#039;7&#039; stroke-linecap=&#039;square&#039; stroke-miterlimit=&#039;10&#039;%3E%3Cpath d=&#039;M0,6c6,0,6,13,12,13S18,6,24,6&#039;\/%3E%3C\/svg%3E&quot;);\">\n\t\t\t<span class=\"elementor-divider-separator\">\n\t\t\t\t\t\t<\/span>\n\t\t<\/div>\n\t\t\t\t\t\t<\/div>\n\t\t\t\t<\/div>\n\t\t\t\t<div class=\"elementor-element elementor-element-600efcf elementor-widget elementor-widget-text-editor\" data-id=\"600efcf\" data-element_type=\"widget\" data-e-type=\"widget\" data-widget_type=\"text-editor.default\">\n\t\t\t\t<div class=\"elementor-widget-container\">\n\t\t\t\t\t\t\t\t\t<p><img fetchpriority=\"high\" decoding=\"async\" class=\"size-medium wp-image-1468 alignleft\" src=\"https:\/\/proyectos.pgiovas.com\/alfaquarium\/wp-content\/uploads\/2020\/08\/chrysiptera_taupou-300x270.jpg\" alt=\"\" width=\"300\" height=\"270\" srcset=\"https:\/\/proyectos.pgiovas.com\/alfaquarium\/wp-content\/uploads\/2020\/08\/chrysiptera_taupou-300x270.jpg 300w, https:\/\/proyectos.pgiovas.com\/alfaquarium\/wp-content\/uploads\/2020\/08\/chrysiptera_taupou-370x333.jpg 370w, https:\/\/proyectos.pgiovas.com\/alfaquarium\/wp-content\/uploads\/2020\/08\/chrysiptera_taupou-400x360.jpg 400w, https:\/\/proyectos.pgiovas.com\/alfaquarium\/wp-content\/uploads\/2020\/08\/chrysiptera_taupou.jpg 500w\" sizes=\"(max-width: 300px) 100vw, 300px\" \/><\/p><p><strong>Nombre cient\u00edfico:<\/strong> Chrysiptera taupou<br \/><strong>Nombre com\u00fan en ingl\u00e9s:<\/strong> Fiji bluedevil damselfish<br \/><strong>Nombre com\u00fan en espa\u00f1ol:<\/strong> Damisela demonio azul de Fiji<br \/><strong>Familia:<\/strong> Pomacentridae<br \/>Origen: Indo Pac\u00edfico<br \/><strong>Par\u00e1metros ideales:<\/strong><br \/><strong>Salinidad:<\/strong> 1023 a 1025<br \/><strong>Temperatura:<\/strong> 23 a 26\u00ba C<br \/><strong>Calcio:<\/strong> 400 a 450 ppm<br \/><strong>Alcalinidad:<\/strong> 8 a 12 dKH<br \/><strong>Magnesio:<\/strong> 1200 a 1350<br \/><strong>Estroncio:<\/strong> 8 a 10<br \/><strong>PH:<\/strong> 8.10 a 8.40<\/p><p><strong>Informaci\u00f3n, cuidados y curiosidades: <\/strong>El pez Chrysiptera taupou fue descrito por Jordan y Seale en 1906. Se encuentra en el Mar de Coral; al noreste en la Gran Barrera de Arrecifes, Nueva Caledonia, las islas Loyalty, Vanuatu, Fiji y Samoa. Esta especie fue descrita como Abudefduf taupou de Samoa, pero hoy es v\u00e1lida como Chrysiptera taupou, mientras que la anterior descripci\u00f3n ahora es un peque\u00f1o sin\u00f3nimo. Est\u00e1 relacionada de cerca con el pez que es muy similar, C. Cyanea del pac\u00edfico oriental, pero no viven en las mismas \u00e1reas, excepto en la parte norte de la Gran Barrera de Arrecifes. El C. Taupou generalmente vive en aguas someras, en peque\u00f1os grupos, a profundidades que van de los 2 a los 10 m. Misteriosamente, una vez se report\u00f3 que este pez damisela fue encontrado en la isla Ishigaki, al sur de las islas Ryuku (hembra, 30 mm; Burgess y Axelrod, 1973), pero nunca se ha vuelto a reportar otro avistamiento en aguas japonesas. El g\u00e9nero Chrysiptera est\u00e1 ampliamente distribuido en el Indo Pac\u00edfico Oeste y el n\u00famero de especies sigue increment\u00e1ndose. Casi todos ellos est\u00e1n brillantemente coloridos y son muy resistentes en cautiverio. La familia Pomacentridae comprende unas 350 especies, y este g\u00e9nero es un gran grupo en la familia. Este incluye peces que son completamente azules, o con \u00e1reas amarillas a naranjas; junto con el C. Cyanea, C. Parasema y C. Springeri. Algunas especies son sexualmente dim\u00f3rficas y generalmente los machos son m\u00e1s coloridos que las hembras de la misma especie. La especie m\u00e1s variable de la familia es el C. Cyanea dependiendo de la localidad, por lo que tiene una larga lista de sin\u00f3nimos. El C. Chrysiptera alguna vez fue considerado de la misma especie que el C. Cyanea (Allen, 1975).<\/p><p>Este pez es sexualmente dim\u00f3rfico. Los machos son azules, su vientre se torna amarillo abruptamente y su pecho es blanquizco. Tiene muchos puntos amarillos en sus costados y una l\u00ednea blanquizca en el abdomen posterior. Los juveniles son similares a los adultos, pero los puntos blancos se desvanecen en el abdomen y el abdomen es blanquizco en vez de amarillo. A veces pueden encontrarse peces con un dise\u00f1o de aleta dorsal de colores intermedios. Este pez se adapta r\u00e1pidamente al cautiverio sin necesitar ning\u00fan cuidado especial. Es muy resistente y aceptar\u00e1 de buena gana todo lo que le ofrezcamos de comer. Puede estar en acuarios de solo peces o de arrecife, pero puede atacar a los invertebrados peque\u00f1os, como los camarones. Necesita espacio suficiente para nadar y rocas vivas en cuyos recovecos pueda refugiarse y descansar. Estos peces rara vez padecen alguna enfermedad, aunque en ocasiones pueden sufrir parasitaciones. En la naturaleza un labrido les ayuda removi\u00e9ndoles estos par\u00e1sitos, pero estos peces son sumamente dif\u00edciles de mantener en cautiverio. Pero los gobios ne\u00f3n o los camarones limpiadores pueden ayudarlos, ofreci\u00e9ndoles este servicio en el acuario.<\/p><p>Se cree que este pez en la naturaleza se alimenta de zooplancton y phytoplankton. En cautiverio no requieren alimentaci\u00f3n especial y aceptar\u00e1n de muy buena gana alimentos como trocitos finamente picados de camar\u00f3n, calamar, pescado, carne de cangrejo, alimento en hojuelas, etc, y hay que alimentarlos dos veces al d\u00eda. No requiere cuidados especiales, come de todo y es un pez muy resistente. Es un nadador muy activo y cuando se aclimate y adapte se aventurar\u00e1 a la superficie para pedir comida. Puede ser mantenido en un acuario de solo peces. Tambi\u00e9n puede estar en un acuario de arrecife y no da\u00f1ar\u00e1 a los corales, pero puede atacar a los peque\u00f1os invertebrados, como los camarones. Puede ser mantenido junto a otros peces, pero debido a que conforme maduran se vuelven m\u00e1s agresivos, no es recomendable mantenerlos junto a peces m\u00e1s peque\u00f1os o d\u00e9biles. Hay que tener mucho cuidado al colocar dos o m\u00e1s peces de esta especie juntos, incluso si hay muchos recovecos donde puedan esconderse, pues pueden pelearse.<\/p><p>Estos peces son sexualmente dim\u00f3rficos. El macho tiene la aleta dorsal blanca mientras que varias partes de la aleta dorsal de la hembra son amarillas y se vuelve trasl\u00facida posteriormente. Igual que otros miembros del g\u00e9nero, el macho se mueve r\u00e1pidamente con una espl\u00e9ndida coloraci\u00f3n para atraer e invitar a la hembra a aparearse.<\/p><p>Hay menciones espor\u00e1dicas acerca de que este pez ha realizado puestas en el acuario, pero no hay reportes documentados de su comportamiento reproductivo. Aunque no se reproduce comercialmente, puede que se reproduzca a futuro en laboratorios. En la naturaleza, el macho establece un territorio y prepara las superficies de corales o rocas para que las hembras depositen sus pegajosos huevecillos. Una vez realizada la puesta, el macho r\u00e1pidamente los fertiliza y ataca agresivamente a cualquier intruso hasta que eclosionan.<\/p><p><strong><em>Fuentes del art\u00edculo:<\/em><\/strong><\/p><p><strong><em>Animal world y Wet web media<\/em><\/strong><\/p><p><strong><em>Origen de la imagen:<\/em><\/strong><\/p><p><strong><em>http:\/\/www.ryanphotographic.com<\/em><\/strong><\/p><p><strong><em>Colaboraci\u00f3n de:<\/em><\/strong><\/p><p><strong><em>Jessica Romero Saldivar (AtOmIcFaRt)<\/em><\/strong><\/p>\t\t\t\t\t\t\t\t<\/div>\n\t\t\t\t<\/div>\n\t\t\t\t\t<\/div>\n\t\t<\/div>\n\t\t\t\t\t<\/div>\n\t\t<\/section>\n\t\t\t\t<\/div>\n\t\t","protected":false},"excerpt":{"rendered":"<p>Chrysiptera Taupou Nombre cient\u00edfico: Chrysiptera taupouNombre com\u00fan en ingl\u00e9s: Fiji bluedevil damselfishNombre com\u00fan en espa\u00f1ol: Damisela demonio azul de FijiFamilia: PomacentridaeOrigen: Indo Pac\u00edficoPar\u00e1metros ideales:Salinidad: 1023 a 1025Temperatura: 23 a 26\u00ba CCalcio: 400 a 450 ppmAlcalinidad:&hellip;<\/p>\n","protected":false},"author":4,"featured_media":0,"parent":0,"menu_order":0,"comment_status":"closed","ping_status":"closed","template":"","meta":{"footnotes":""},"class_list":["post-3616","page","type-page","status-publish","hentry"],"_links":{"self":[{"href":"https:\/\/proyectos.pgiovas.com\/alfaquarium\/wp-json\/wp\/v2\/pages\/3616","targetHints":{"allow":["GET"]}}],"collection":[{"href":"https:\/\/proyectos.pgiovas.com\/alfaquarium\/wp-json\/wp\/v2\/pages"}],"about":[{"href":"https:\/\/proyectos.pgiovas.com\/alfaquarium\/wp-json\/wp\/v2\/types\/page"}],"author":[{"embeddable":true,"href":"https:\/\/proyectos.pgiovas.com\/alfaquarium\/wp-json\/wp\/v2\/users\/4"}],"replies":[{"embeddable":true,"href":"https:\/\/proyectos.pgiovas.com\/alfaquarium\/wp-json\/wp\/v2\/comments?post=3616"}],"version-history":[{"count":2,"href":"https:\/\/proyectos.pgiovas.com\/alfaquarium\/wp-json\/wp\/v2\/pages\/3616\/revisions"}],"predecessor-version":[{"id":3651,"href":"https:\/\/proyectos.pgiovas.com\/alfaquarium\/wp-json\/wp\/v2\/pages\/3616\/revisions\/3651"}],"wp:attachment":[{"href":"https:\/\/proyectos.pgiovas.com\/alfaquarium\/wp-json\/wp\/v2\/media?parent=3616"}],"curies":[{"name":"wp","href":"https:\/\/api.w.org\/{rel}","templated":true}]}}