{"id":3609,"date":"2020-08-12T06:00:33","date_gmt":"2020-08-12T06:00:33","guid":{"rendered":"http:\/\/alfaquarium.mx\/?page_id=3609"},"modified":"2020-08-12T06:03:26","modified_gmt":"2020-08-12T06:03:26","slug":"pristiapogon-taeniopterus","status":"publish","type":"page","link":"https:\/\/proyectos.pgiovas.com\/alfaquarium\/pristiapogon-taeniopterus","title":{"rendered":"Pristiapogon Taeniopterus"},"content":{"rendered":"\t\t<div data-elementor-type=\"wp-page\" data-elementor-id=\"3609\" class=\"elementor elementor-3609\">\n\t\t\t\t\t\t<section class=\"elementor-section elementor-top-section elementor-element elementor-element-79b8e8b elementor-section-full_width elementor-section-height-default elementor-section-height-default\" data-id=\"79b8e8b\" data-element_type=\"section\" data-e-type=\"section\">\n\t\t\t\t\t\t<div class=\"elementor-container elementor-column-gap-default\">\n\t\t\t\t\t<div class=\"elementor-column elementor-col-100 elementor-top-column elementor-element elementor-element-8003a9b\" data-id=\"8003a9b\" data-element_type=\"column\" data-e-type=\"column\">\n\t\t\t<div class=\"elementor-widget-wrap elementor-element-populated\">\n\t\t\t\t\t\t<div class=\"elementor-element elementor-element-a9cc64a elementor-widget elementor-widget-heading\" data-id=\"a9cc64a\" data-element_type=\"widget\" data-e-type=\"widget\" data-widget_type=\"heading.default\">\n\t\t\t\t<div class=\"elementor-widget-container\">\n\t\t\t\t\t<h3 class=\"elementor-heading-title elementor-size-default\">Pristiapogon Taeniopterus<\/h3>\t\t\t\t<\/div>\n\t\t\t\t<\/div>\n\t\t\t\t<div class=\"elementor-element elementor-element-254ba6f elementor-widget elementor-widget-spacer\" data-id=\"254ba6f\" data-element_type=\"widget\" data-e-type=\"widget\" data-widget_type=\"spacer.default\">\n\t\t\t\t<div class=\"elementor-widget-container\">\n\t\t\t\t\t\t\t<div class=\"elementor-spacer\">\n\t\t\t<div class=\"elementor-spacer-inner\"><\/div>\n\t\t<\/div>\n\t\t\t\t\t\t<\/div>\n\t\t\t\t<\/div>\n\t\t\t\t<div class=\"elementor-element elementor-element-65959d3 elementor-widget-divider--separator-type-pattern elementor-widget-divider--view-line elementor-widget elementor-widget-divider\" data-id=\"65959d3\" data-element_type=\"widget\" data-e-type=\"widget\" data-widget_type=\"divider.default\">\n\t\t\t\t<div class=\"elementor-widget-container\">\n\t\t\t\t\t\t\t<div class=\"elementor-divider\" style=\"--divider-pattern-url: url(&quot;data:image\/svg+xml,%3Csvg xmlns=&#039;http:\/\/www.w3.org\/2000\/svg&#039; preserveAspectRatio=&#039;none&#039; overflow=&#039;visible&#039; height=&#039;100%&#039; viewBox=&#039;0 0 24 24&#039; fill=&#039;none&#039; stroke=&#039;black&#039; stroke-width=&#039;7&#039; stroke-linecap=&#039;square&#039; stroke-miterlimit=&#039;10&#039;%3E%3Cpath d=&#039;M0,6c6,0,6,13,12,13S18,6,24,6&#039;\/%3E%3C\/svg%3E&quot;);\">\n\t\t\t<span class=\"elementor-divider-separator\">\n\t\t\t\t\t\t<\/span>\n\t\t<\/div>\n\t\t\t\t\t\t<\/div>\n\t\t\t\t<\/div>\n\t\t\t\t<div class=\"elementor-element elementor-element-600efcf elementor-widget elementor-widget-text-editor\" data-id=\"600efcf\" data-element_type=\"widget\" data-e-type=\"widget\" data-widget_type=\"text-editor.default\">\n\t\t\t\t<div class=\"elementor-widget-container\">\n\t\t\t\t\t\t\t\t\t<p><img fetchpriority=\"high\" decoding=\"async\" class=\"size-medium wp-image-1417 alignleft\" src=\"https:\/\/proyectos.pgiovas.com\/alfaquarium\/wp-content\/uploads\/2020\/08\/pristiapogon_taeniopterus-300x270.jpg\" alt=\"\" width=\"300\" height=\"270\" srcset=\"https:\/\/proyectos.pgiovas.com\/alfaquarium\/wp-content\/uploads\/2020\/08\/pristiapogon_taeniopterus-300x270.jpg 300w, https:\/\/proyectos.pgiovas.com\/alfaquarium\/wp-content\/uploads\/2020\/08\/pristiapogon_taeniopterus-370x333.jpg 370w, https:\/\/proyectos.pgiovas.com\/alfaquarium\/wp-content\/uploads\/2020\/08\/pristiapogon_taeniopterus-400x360.jpg 400w, https:\/\/proyectos.pgiovas.com\/alfaquarium\/wp-content\/uploads\/2020\/08\/pristiapogon_taeniopterus.jpg 500w\" sizes=\"(max-width: 300px) 100vw, 300px\" \/><\/p><p><strong>Nombre cient\u00edfico:<\/strong> Pristiapogon taeniopterus<br \/><strong>Nombre com\u00fan en ingl\u00e9s<\/strong>: Bandfin cardinalfish<br \/><strong>Nombre com\u00fan en espa\u00f1ol:<\/strong> Cardenal de banda en la cola<br \/><strong>Familia:<\/strong> Apogonidae<br \/><strong>Origen:<\/strong> Oc\u00e9ano Indo-Pac\u00edfico<br \/><strong>Par\u00e1metros ideales:<\/strong><br \/><strong>Salinidad:<\/strong> 1023 a 1025<br \/><strong>Temperatura:<\/strong> 23 a 26\u00ba C<br \/><strong>Calcio:<\/strong> 400 a 450 ppm<br \/><strong>Alcalinidad:<\/strong> 8 a 12 dKH<br \/><strong>Magnesio:<\/strong> 1200 a 1350<br \/><strong>Estroncio:<\/strong> 8 a 10<br \/><strong>PH:<\/strong> 8.10 a 8.40<\/p><p><strong>Informaci\u00f3n, cuidados y curiosidades:<\/strong> El Pristiapogon taeniopterus es un pez cardenal tropical que puede llegar a medir 15 cm de largo. Esta especie es originaria del Oc\u00e9ano Indo-Pac\u00edfico: Desde Mauritius a las islas Line, Marquesas y Tuamotu, al sur hacia Nueva Caledonia y las islas Cook. En las islas de Hawaii es reemplazado por el pez Apogon Menesemus.<\/p><p>Fue descrito por Bennett en 1836.<\/p><p>Vive en los arrecifes coralinos y rocosos protegidos de las corrientes marinas. Permanece dentro o cerca de su escondite durante el d\u00eda. Es bentopel\u00e1gico y permanece en solitario o forma peque\u00f1os card\u00famenes. Se caracteriza por su coloraci\u00f3n gris en la parte superior de su lomo. Sus costados son caf\u00e9s o ros\u00e1ceos, tiene una franja negra a lo largo de la base de su aleta caudal, tiene una franja submarginal negra y el borde exterior negro en la base de su aleta caudal y sus aletas dorsal y anales tienen anchas franjas basales negras.<\/p><p>En su h\u00e1bitat natural se alimenta de zoobentos, crust\u00e1ceos b\u00e9nticos, peces e invertebrados. En un acuario puede ser alimentado con camarones, peces peque\u00f1os y otros alimentos frescos o congelados. Tambi\u00e9n se puede acostumbrar a comer comidas procesadas y congeladas.<\/p><p>No molestar\u00e1 a los dem\u00e1s peces, corales y dem\u00e1s organismos. El acuario debe ser de m\u00e1s de 400 litros, para que el pez o peces est\u00e9n a gusto. Cabe advertir que este pez puede comerse los camarones ornamentales.<\/p><p>A pesar de que ya es una especie en peligro de extinci\u00f3n desgraciadamente se siguen comercializando ejemplares capturados en la naturaleza. Es una especie considerada vulnerable por el IUCN, debido a la severa fragmentaci\u00f3n y la constante diminuci\u00f3n de su poblaci\u00f3n debido a la explotaci\u00f3n que sufren para satisfacer el mercado internacional.<\/p><p><strong><em>Fuentes del art\u00edculo:<\/em><\/strong><\/p><p><strong><em>About fish online, Animal world y Wikipedia.<\/em><em>\u00a0<\/em><\/strong><\/p><p><strong><em>Origen de la imagen:<\/em><\/strong><\/p><p><strong><em>http:\/\/reefbuilders.com<\/em><\/strong><\/p><p><strong><em>Colaboraci\u00f3n de:<\/em><\/strong><\/p><p><strong><em>Jessica Romero Saldivar (AtOmIcFaRt)<\/em><\/strong><\/p>\t\t\t\t\t\t\t\t<\/div>\n\t\t\t\t<\/div>\n\t\t\t\t\t<\/div>\n\t\t<\/div>\n\t\t\t\t\t<\/div>\n\t\t<\/section>\n\t\t\t\t<\/div>\n\t\t","protected":false},"excerpt":{"rendered":"<p>Pristiapogon Taeniopterus Nombre cient\u00edfico: Pristiapogon taeniopterusNombre com\u00fan en ingl\u00e9s: Bandfin cardinalfishNombre com\u00fan en espa\u00f1ol: Cardenal de banda en la colaFamilia: ApogonidaeOrigen: Oc\u00e9ano Indo-Pac\u00edficoPar\u00e1metros ideales:Salinidad: 1023 a 1025Temperatura: 23 a 26\u00ba CCalcio: 400 a 450 ppmAlcalinidad:&hellip;<\/p>\n","protected":false},"author":4,"featured_media":0,"parent":0,"menu_order":0,"comment_status":"closed","ping_status":"closed","template":"","meta":{"footnotes":""},"class_list":["post-3609","page","type-page","status-publish","hentry"],"_links":{"self":[{"href":"https:\/\/proyectos.pgiovas.com\/alfaquarium\/wp-json\/wp\/v2\/pages\/3609","targetHints":{"allow":["GET"]}}],"collection":[{"href":"https:\/\/proyectos.pgiovas.com\/alfaquarium\/wp-json\/wp\/v2\/pages"}],"about":[{"href":"https:\/\/proyectos.pgiovas.com\/alfaquarium\/wp-json\/wp\/v2\/types\/page"}],"author":[{"embeddable":true,"href":"https:\/\/proyectos.pgiovas.com\/alfaquarium\/wp-json\/wp\/v2\/users\/4"}],"replies":[{"embeddable":true,"href":"https:\/\/proyectos.pgiovas.com\/alfaquarium\/wp-json\/wp\/v2\/comments?post=3609"}],"version-history":[{"count":2,"href":"https:\/\/proyectos.pgiovas.com\/alfaquarium\/wp-json\/wp\/v2\/pages\/3609\/revisions"}],"predecessor-version":[{"id":3612,"href":"https:\/\/proyectos.pgiovas.com\/alfaquarium\/wp-json\/wp\/v2\/pages\/3609\/revisions\/3612"}],"wp:attachment":[{"href":"https:\/\/proyectos.pgiovas.com\/alfaquarium\/wp-json\/wp\/v2\/media?parent=3609"}],"curies":[{"name":"wp","href":"https:\/\/api.w.org\/{rel}","templated":true}]}}