{"id":3508,"date":"2020-08-12T03:05:16","date_gmt":"2020-08-12T03:05:16","guid":{"rendered":"http:\/\/alfaquarium.mx\/?page_id=3508"},"modified":"2020-08-12T04:13:28","modified_gmt":"2020-08-12T04:13:28","slug":"aidablennius-sphynx","status":"publish","type":"page","link":"https:\/\/proyectos.pgiovas.com\/alfaquarium\/aidablennius-sphynx","title":{"rendered":"Aidablennius Sphynx"},"content":{"rendered":"\t\t<div data-elementor-type=\"wp-page\" data-elementor-id=\"3508\" class=\"elementor elementor-3508\">\n\t\t\t\t\t\t<section class=\"elementor-section elementor-top-section elementor-element elementor-element-79b8e8b elementor-section-full_width elementor-section-height-default elementor-section-height-default\" data-id=\"79b8e8b\" data-element_type=\"section\" data-e-type=\"section\">\n\t\t\t\t\t\t<div class=\"elementor-container elementor-column-gap-default\">\n\t\t\t\t\t<div class=\"elementor-column elementor-col-100 elementor-top-column elementor-element elementor-element-8003a9b\" data-id=\"8003a9b\" data-element_type=\"column\" data-e-type=\"column\">\n\t\t\t<div class=\"elementor-widget-wrap elementor-element-populated\">\n\t\t\t\t\t\t<div class=\"elementor-element elementor-element-a9cc64a elementor-widget elementor-widget-heading\" data-id=\"a9cc64a\" data-element_type=\"widget\" data-e-type=\"widget\" data-widget_type=\"heading.default\">\n\t\t\t\t<div class=\"elementor-widget-container\">\n\t\t\t\t\t<h3 class=\"elementor-heading-title elementor-size-default\">Aidablennius Sphynx<\/h3>\t\t\t\t<\/div>\n\t\t\t\t<\/div>\n\t\t\t\t<div class=\"elementor-element elementor-element-254ba6f elementor-widget elementor-widget-spacer\" data-id=\"254ba6f\" data-element_type=\"widget\" data-e-type=\"widget\" data-widget_type=\"spacer.default\">\n\t\t\t\t<div class=\"elementor-widget-container\">\n\t\t\t\t\t\t\t<div class=\"elementor-spacer\">\n\t\t\t<div class=\"elementor-spacer-inner\"><\/div>\n\t\t<\/div>\n\t\t\t\t\t\t<\/div>\n\t\t\t\t<\/div>\n\t\t\t\t<div class=\"elementor-element elementor-element-65959d3 elementor-widget-divider--separator-type-pattern elementor-widget-divider--view-line elementor-widget elementor-widget-divider\" data-id=\"65959d3\" data-element_type=\"widget\" data-e-type=\"widget\" data-widget_type=\"divider.default\">\n\t\t\t\t<div class=\"elementor-widget-container\">\n\t\t\t\t\t\t\t<div class=\"elementor-divider\" style=\"--divider-pattern-url: url(&quot;data:image\/svg+xml,%3Csvg xmlns=&#039;http:\/\/www.w3.org\/2000\/svg&#039; preserveAspectRatio=&#039;none&#039; overflow=&#039;visible&#039; height=&#039;100%&#039; viewBox=&#039;0 0 24 24&#039; fill=&#039;none&#039; stroke=&#039;black&#039; stroke-width=&#039;7&#039; stroke-linecap=&#039;square&#039; stroke-miterlimit=&#039;10&#039;%3E%3Cpath d=&#039;M0,6c6,0,6,13,12,13S18,6,24,6&#039;\/%3E%3C\/svg%3E&quot;);\">\n\t\t\t<span class=\"elementor-divider-separator\">\n\t\t\t\t\t\t<\/span>\n\t\t<\/div>\n\t\t\t\t\t\t<\/div>\n\t\t\t\t<\/div>\n\t\t\t\t<div class=\"elementor-element elementor-element-600efcf elementor-widget elementor-widget-text-editor\" data-id=\"600efcf\" data-element_type=\"widget\" data-e-type=\"widget\" data-widget_type=\"text-editor.default\">\n\t\t\t\t<div class=\"elementor-widget-container\">\n\t\t\t\t\t\t\t\t\t<p><img fetchpriority=\"high\" decoding=\"async\" class=\"size-medium wp-image-1378 alignleft\" src=\"https:\/\/proyectos.pgiovas.com\/alfaquarium\/wp-content\/uploads\/2020\/08\/aidablennius_sphynx-300x270.jpg\" alt=\"\" width=\"300\" height=\"270\" srcset=\"https:\/\/proyectos.pgiovas.com\/alfaquarium\/wp-content\/uploads\/2020\/08\/aidablennius_sphynx-300x270.jpg 300w, https:\/\/proyectos.pgiovas.com\/alfaquarium\/wp-content\/uploads\/2020\/08\/aidablennius_sphynx-370x333.jpg 370w, https:\/\/proyectos.pgiovas.com\/alfaquarium\/wp-content\/uploads\/2020\/08\/aidablennius_sphynx-400x360.jpg 400w, https:\/\/proyectos.pgiovas.com\/alfaquarium\/wp-content\/uploads\/2020\/08\/aidablennius_sphynx.jpg 500w\" sizes=\"(max-width: 300px) 100vw, 300px\" \/><\/p><p><strong>Nombre cient\u00edfico:<\/strong> Aidablennius sphynx<br \/><strong>Nombre com\u00fan en ingl\u00e9s:<\/strong> Sphynx blenny<br \/><strong>Nombre com\u00fan en espa\u00f1ol:<\/strong> Blenio esfinge<br \/><strong>Familia:<\/strong> Bleniidae<br \/><strong>Origen:<\/strong> Oc\u00e9ano Atl\u00e1ntico<br \/><strong>Par\u00e1metros ideales:<\/strong><br \/><strong>Salinidad: 1<\/strong>023 a 1025<br \/><strong>Temperatura:<\/strong> 23 a 26\u00ba C<br \/><strong>Calcio:<\/strong> 400 a 450 ppm<br \/><strong>Alcalinidad:<\/strong> 8 a 12 dKH<br \/><strong>Magnesio:<\/strong> 1200 a 1350<br \/><strong>Estroncio:<\/strong> 8 a 10<br \/><strong>PH:<\/strong> 8.10 a 8.40<\/p><p><strong>Informaci\u00f3n, cuidados y curiosidades:<\/strong> El blenio esfinge Aidablennius sphynx fue descrito por Valenciennes en 1836.<\/p><p>Es originario del este del Oc\u00e9ano Atl\u00e1ntico y es end\u00e9mico de Marruecos. Tambi\u00e9n se report\u00f3 su presencia en el Mediterr\u00e1neo y en el Mar Negro.<\/p><p>Vive en las terrazas horizontales muy superficiales de la zona litoral, rocosas, cubiertas de algas y expuestas a la luz del sol y el oleaje.<\/p><p>Se alimenta de invertebrados b\u00e9nticos y de algas.<\/p><p>Su coloraci\u00f3n corporal es caf\u00e9 rojizo, su cuerpo y aletas est\u00e1n decorados con muchos puntos y l\u00edneas irregulares negros, en las mejillas y las cubiertas de sus agallas tiene puntos y l\u00edneas azul claro iridiscente y los cirrus que tiene en la frente, arriba de los ojos, son naranja.<\/p><p>Este pez puede alcanzar a medir alrededor de 8 cm.<\/p><p>En la naturaleza estos peces son omn\u00edvoros y se alimentan tambi\u00e9n de algas y de peque\u00f1os crust\u00e1ceos que viven en el agua o en el sustrato. En cautiverio se adaptan perfectamente a comer lo que les ofrezcamos, por lo que es recomendable alimentarlos con alimento en hojuelas, trocitos peque\u00f1os de camar\u00f3n, calamar, pescado, carne de cangrejo, papilla casera, alimento comercial congelado, cyclop eeze, mysis, krill, etc.<\/p><p>Este pez vivir\u00e1 feliz en un acuario de al menos 300 litros pues puede llegar a medir alrededor de 12 cm, el cual debe tener muchas rocas vivas sobre las cuales pueda posarse. No es un pez muy r\u00e1pido, m\u00e1s bien es muy mesurado y precavido. Produce una mucosidad por su piel para protegerse y morir\u00e1 si pierde esta mucosidad debido a la mala calidad del agua. En la naturaleza es un pez excavador, y estar\u00e1 encantado de tener en el acuario una cama de arena en la cual pueda excavar y retozar. Al ser un pez asustadizo, es muy importante que el acuario siempre permanezca perfectamente tapado.<\/p><p><em><strong>Fuentes del art\u00edculo:<\/strong><\/em><\/p><p><strong><em>Aquarium domain y Animal world<\/em><\/strong><\/p><p><strong><em>Origen de la imagen:<\/em><\/strong><\/p><p><strong><em>http:\/\/www.esacademic.com<\/em><\/strong><\/p><p><strong><em>Colaboraci\u00f3n de:<\/em><\/strong><\/p><p><strong><em>Jessica Romero Saldivar (AtOmIcFaRt)<\/em><\/strong><\/p>\t\t\t\t\t\t\t\t<\/div>\n\t\t\t\t<\/div>\n\t\t\t\t\t<\/div>\n\t\t<\/div>\n\t\t\t\t\t<\/div>\n\t\t<\/section>\n\t\t\t\t<\/div>\n\t\t","protected":false},"excerpt":{"rendered":"<p>Aidablennius Sphynx Nombre cient\u00edfico: Aidablennius sphynxNombre com\u00fan en ingl\u00e9s: Sphynx blennyNombre com\u00fan en espa\u00f1ol: Blenio esfingeFamilia: BleniidaeOrigen: Oc\u00e9ano Atl\u00e1nticoPar\u00e1metros ideales:Salinidad: 1023 a 1025Temperatura: 23 a 26\u00ba CCalcio: 400 a 450 ppmAlcalinidad: 8 a 12 dKHMagnesio:&hellip;<\/p>\n","protected":false},"author":4,"featured_media":0,"parent":0,"menu_order":0,"comment_status":"closed","ping_status":"closed","template":"","meta":{"footnotes":""},"class_list":["post-3508","page","type-page","status-publish","hentry"],"_links":{"self":[{"href":"https:\/\/proyectos.pgiovas.com\/alfaquarium\/wp-json\/wp\/v2\/pages\/3508","targetHints":{"allow":["GET"]}}],"collection":[{"href":"https:\/\/proyectos.pgiovas.com\/alfaquarium\/wp-json\/wp\/v2\/pages"}],"about":[{"href":"https:\/\/proyectos.pgiovas.com\/alfaquarium\/wp-json\/wp\/v2\/types\/page"}],"author":[{"embeddable":true,"href":"https:\/\/proyectos.pgiovas.com\/alfaquarium\/wp-json\/wp\/v2\/users\/4"}],"replies":[{"embeddable":true,"href":"https:\/\/proyectos.pgiovas.com\/alfaquarium\/wp-json\/wp\/v2\/comments?post=3508"}],"version-history":[{"count":2,"href":"https:\/\/proyectos.pgiovas.com\/alfaquarium\/wp-json\/wp\/v2\/pages\/3508\/revisions"}],"predecessor-version":[{"id":3511,"href":"https:\/\/proyectos.pgiovas.com\/alfaquarium\/wp-json\/wp\/v2\/pages\/3508\/revisions\/3511"}],"wp:attachment":[{"href":"https:\/\/proyectos.pgiovas.com\/alfaquarium\/wp-json\/wp\/v2\/media?parent=3508"}],"curies":[{"name":"wp","href":"https:\/\/api.w.org\/{rel}","templated":true}]}}