{"id":3469,"date":"2020-08-12T01:42:30","date_gmt":"2020-08-12T01:42:30","guid":{"rendered":"http:\/\/alfaquarium.mx\/?page_id=3469"},"modified":"2020-08-12T01:44:36","modified_gmt":"2020-08-12T01:44:36","slug":"bulla-striata-haminoea-spp-hydatina-spp","status":"publish","type":"page","link":"https:\/\/proyectos.pgiovas.com\/alfaquarium\/bulla-striata-haminoea-spp-hydatina-spp","title":{"rendered":"Bulla striata, Haminoea spp, Hydatina spp"},"content":{"rendered":"\t\t<div data-elementor-type=\"wp-page\" data-elementor-id=\"3469\" class=\"elementor elementor-3469\">\n\t\t\t\t\t\t<section class=\"elementor-section elementor-top-section elementor-element elementor-element-79b8e8b elementor-section-full_width elementor-section-height-default elementor-section-height-default\" data-id=\"79b8e8b\" data-element_type=\"section\" data-e-type=\"section\">\n\t\t\t\t\t\t<div class=\"elementor-container elementor-column-gap-default\">\n\t\t\t\t\t<div class=\"elementor-column elementor-col-100 elementor-top-column elementor-element elementor-element-8003a9b\" data-id=\"8003a9b\" data-element_type=\"column\" data-e-type=\"column\">\n\t\t\t<div class=\"elementor-widget-wrap elementor-element-populated\">\n\t\t\t\t\t\t<div class=\"elementor-element elementor-element-a9cc64a elementor-widget elementor-widget-heading\" data-id=\"a9cc64a\" data-element_type=\"widget\" data-e-type=\"widget\" data-widget_type=\"heading.default\">\n\t\t\t\t<div class=\"elementor-widget-container\">\n\t\t\t\t\t<h3 class=\"elementor-heading-title elementor-size-default\">Bulla striata, Haminoea spp, Hydatina spp<\/h3>\t\t\t\t<\/div>\n\t\t\t\t<\/div>\n\t\t\t\t<div class=\"elementor-element elementor-element-254ba6f elementor-widget elementor-widget-spacer\" data-id=\"254ba6f\" data-element_type=\"widget\" data-e-type=\"widget\" data-widget_type=\"spacer.default\">\n\t\t\t\t<div class=\"elementor-widget-container\">\n\t\t\t\t\t\t\t<div class=\"elementor-spacer\">\n\t\t\t<div class=\"elementor-spacer-inner\"><\/div>\n\t\t<\/div>\n\t\t\t\t\t\t<\/div>\n\t\t\t\t<\/div>\n\t\t\t\t<div class=\"elementor-element elementor-element-65959d3 elementor-widget-divider--separator-type-pattern elementor-widget-divider--view-line elementor-widget elementor-widget-divider\" data-id=\"65959d3\" data-element_type=\"widget\" data-e-type=\"widget\" data-widget_type=\"divider.default\">\n\t\t\t\t<div class=\"elementor-widget-container\">\n\t\t\t\t\t\t\t<div class=\"elementor-divider\" style=\"--divider-pattern-url: url(&quot;data:image\/svg+xml,%3Csvg xmlns=&#039;http:\/\/www.w3.org\/2000\/svg&#039; preserveAspectRatio=&#039;none&#039; overflow=&#039;visible&#039; height=&#039;100%&#039; viewBox=&#039;0 0 24 24&#039; fill=&#039;none&#039; stroke=&#039;black&#039; stroke-width=&#039;7&#039; stroke-linecap=&#039;square&#039; stroke-miterlimit=&#039;10&#039;%3E%3Cpath d=&#039;M0,6c6,0,6,13,12,13S18,6,24,6&#039;\/%3E%3C\/svg%3E&quot;);\">\n\t\t\t<span class=\"elementor-divider-separator\">\n\t\t\t\t\t\t<\/span>\n\t\t<\/div>\n\t\t\t\t\t\t<\/div>\n\t\t\t\t<\/div>\n\t\t\t\t<div class=\"elementor-element elementor-element-600efcf elementor-widget elementor-widget-text-editor\" data-id=\"600efcf\" data-element_type=\"widget\" data-e-type=\"widget\" data-widget_type=\"text-editor.default\">\n\t\t\t\t<div class=\"elementor-widget-container\">\n\t\t\t\t\t\t\t\t\t<p><img decoding=\"async\" class=\"size-full wp-image-1342 alignleft\" src=\"https:\/\/proyectos.pgiovas.com\/alfaquarium\/wp-content\/uploads\/2020\/08\/Bulla-striata.png\" alt=\"\" width=\"213\" height=\"192\" \/><\/p><p><strong>Nombre cient\u00edfico:<\/strong> Bulla striata, Haminoea spp., Hydatina spp.<\/p><p><strong>Nombre com\u00fan en ingl\u00e9s:<\/strong> Bubble Shell<\/p><p><strong>Nombre com\u00fan es espa\u00f1ol:<\/strong> Caracoles Burbuja<\/p><p><strong>Tama\u00f1o m\u00e1ximo:<\/strong> Hasta 2 pulgadas (5 cm) de di\u00e1metro.\u00a0<\/p><p><strong>Extensi\u00f3n:<\/strong> Mares Tropicales<\/p><p><strong>Tama\u00f1o m\u00ednimo de acuario:<\/strong> Tanques peque\u00f1os, 10 galones (38 lts) o m\u00e1s.<\/p><p><strong>Iluminaci\u00f3n:<\/strong> Irrelevante<\/p><p><strong>Alimento y Alimentaci\u00f3n:<\/strong> Los h\u00e1bitos de alimentaci\u00f3n var\u00edan por g\u00e9nero. Primordialmente diatomeas; pueden comer algas filamentosas.<\/p><p><strong>Conveniencia y Compatibilidad con el acuario de arrecife:<\/strong> Buenos animales de acuario de arrecife.<\/p><p><strong>Cuidado Cautivo:<\/strong> Los caracoles burbuja suelen ser nocturnos, se esconden durante el d\u00eda y se alimentan de diatomeas y algas. El gran tama\u00f1o de <em>Bulla spp.<\/em> a menudo asusta a los acuaristas. Son bronceados con un color moteado de &#8220;diatomeas&#8221; que coincide con el sustrato. La cubierta interna est\u00e1 cubierta por tejidos que forman el cuerpo &#8220;joroba&#8221;. Los animales llevan un protector para la cabeza que se extiende hasta la base del caparaz\u00f3n de la burbuja interna. Ocasionalmente, los caracoles burbuja m\u00e1s peque\u00f1os, probablemente <em>Haminoea spp<\/em>., est\u00e1n disponibles para los acuaristas. Tambi\u00e9n se alimentan de diatomeas. Son de color marr\u00f3n dorado o bronceado y son peque\u00f1os (menos de 0,4 pulgadas [1 cm] de longitud). De lo contrario, son similares al <em>Bulla<\/em>. Algunas especies de <em>Hydatina,<\/em> muy pocas veces vistas en acuarios, pueden comer gusanos poliquetos.<\/p><p><em><strong>Fuentes del art\u00edculo:<\/strong><\/em><\/p><p><em><strong>Marine Invertebrates; Ronald L. Shimek, Ph.D.<\/strong><\/em><br \/><br \/><em><strong>Colaboraci\u00f3n de:<\/strong><\/em><\/p><p><em><strong>Luz Alicia Anduaga<\/strong><\/em><\/p>\t\t\t\t\t\t\t\t<\/div>\n\t\t\t\t<\/div>\n\t\t\t\t\t<\/div>\n\t\t<\/div>\n\t\t\t\t\t<\/div>\n\t\t<\/section>\n\t\t\t\t<\/div>\n\t\t","protected":false},"excerpt":{"rendered":"<p>Bulla striata, Haminoea spp, Hydatina spp Nombre cient\u00edfico: Bulla striata, Haminoea spp., Hydatina spp. Nombre com\u00fan en ingl\u00e9s: Bubble Shell Nombre com\u00fan es espa\u00f1ol: Caracoles Burbuja Tama\u00f1o m\u00e1ximo: Hasta 2 pulgadas (5 cm) de di\u00e1metro.\u00a0&hellip;<\/p>\n","protected":false},"author":4,"featured_media":0,"parent":0,"menu_order":0,"comment_status":"closed","ping_status":"closed","template":"","meta":{"footnotes":""},"class_list":["post-3469","page","type-page","status-publish","hentry"],"_links":{"self":[{"href":"https:\/\/proyectos.pgiovas.com\/alfaquarium\/wp-json\/wp\/v2\/pages\/3469","targetHints":{"allow":["GET"]}}],"collection":[{"href":"https:\/\/proyectos.pgiovas.com\/alfaquarium\/wp-json\/wp\/v2\/pages"}],"about":[{"href":"https:\/\/proyectos.pgiovas.com\/alfaquarium\/wp-json\/wp\/v2\/types\/page"}],"author":[{"embeddable":true,"href":"https:\/\/proyectos.pgiovas.com\/alfaquarium\/wp-json\/wp\/v2\/users\/4"}],"replies":[{"embeddable":true,"href":"https:\/\/proyectos.pgiovas.com\/alfaquarium\/wp-json\/wp\/v2\/comments?post=3469"}],"version-history":[{"count":2,"href":"https:\/\/proyectos.pgiovas.com\/alfaquarium\/wp-json\/wp\/v2\/pages\/3469\/revisions"}],"predecessor-version":[{"id":3471,"href":"https:\/\/proyectos.pgiovas.com\/alfaquarium\/wp-json\/wp\/v2\/pages\/3469\/revisions\/3471"}],"wp:attachment":[{"href":"https:\/\/proyectos.pgiovas.com\/alfaquarium\/wp-json\/wp\/v2\/media?parent=3469"}],"curies":[{"name":"wp","href":"https:\/\/api.w.org\/{rel}","templated":true}]}}