{"id":3465,"date":"2020-08-12T01:36:54","date_gmt":"2020-08-12T01:36:54","guid":{"rendered":"http:\/\/alfaquarium.mx\/?page_id=3465"},"modified":"2020-08-12T01:39:32","modified_gmt":"2020-08-12T01:39:32","slug":"conus-geographus-conus-striatus-y-varios-mas","status":"publish","type":"page","link":"https:\/\/proyectos.pgiovas.com\/alfaquarium\/conus-geographus-conus-striatus-y-varios-mas","title":{"rendered":"Conus geographus, Conus striatus y varios m\u00e1s"},"content":{"rendered":"\t\t<div data-elementor-type=\"wp-page\" data-elementor-id=\"3465\" class=\"elementor elementor-3465\">\n\t\t\t\t\t\t<section class=\"elementor-section elementor-top-section elementor-element elementor-element-79b8e8b elementor-section-full_width elementor-section-height-default elementor-section-height-default\" data-id=\"79b8e8b\" data-element_type=\"section\" data-e-type=\"section\">\n\t\t\t\t\t\t<div class=\"elementor-container elementor-column-gap-default\">\n\t\t\t\t\t<div class=\"elementor-column elementor-col-100 elementor-top-column elementor-element elementor-element-8003a9b\" data-id=\"8003a9b\" data-element_type=\"column\" data-e-type=\"column\">\n\t\t\t<div class=\"elementor-widget-wrap elementor-element-populated\">\n\t\t\t\t\t\t<div class=\"elementor-element elementor-element-a9cc64a elementor-widget elementor-widget-heading\" data-id=\"a9cc64a\" data-element_type=\"widget\" data-e-type=\"widget\" data-widget_type=\"heading.default\">\n\t\t\t\t<div class=\"elementor-widget-container\">\n\t\t\t\t\t<h3 class=\"elementor-heading-title elementor-size-default\">Conus geographus, Conus striatus y varios m\u00e1s<\/h3>\t\t\t\t<\/div>\n\t\t\t\t<\/div>\n\t\t\t\t<div class=\"elementor-element elementor-element-254ba6f elementor-widget elementor-widget-spacer\" data-id=\"254ba6f\" data-element_type=\"widget\" data-e-type=\"widget\" data-widget_type=\"spacer.default\">\n\t\t\t\t<div class=\"elementor-widget-container\">\n\t\t\t\t\t\t\t<div class=\"elementor-spacer\">\n\t\t\t<div class=\"elementor-spacer-inner\"><\/div>\n\t\t<\/div>\n\t\t\t\t\t\t<\/div>\n\t\t\t\t<\/div>\n\t\t\t\t<div class=\"elementor-element elementor-element-65959d3 elementor-widget-divider--separator-type-pattern elementor-widget-divider--view-line elementor-widget elementor-widget-divider\" data-id=\"65959d3\" data-element_type=\"widget\" data-e-type=\"widget\" data-widget_type=\"divider.default\">\n\t\t\t\t<div class=\"elementor-widget-container\">\n\t\t\t\t\t\t\t<div class=\"elementor-divider\" style=\"--divider-pattern-url: url(&quot;data:image\/svg+xml,%3Csvg xmlns=&#039;http:\/\/www.w3.org\/2000\/svg&#039; preserveAspectRatio=&#039;none&#039; overflow=&#039;visible&#039; height=&#039;100%&#039; viewBox=&#039;0 0 24 24&#039; fill=&#039;none&#039; stroke=&#039;black&#039; stroke-width=&#039;7&#039; stroke-linecap=&#039;square&#039; stroke-miterlimit=&#039;10&#039;%3E%3Cpath d=&#039;M0,6c6,0,6,13,12,13S18,6,24,6&#039;\/%3E%3C\/svg%3E&quot;);\">\n\t\t\t<span class=\"elementor-divider-separator\">\n\t\t\t\t\t\t<\/span>\n\t\t<\/div>\n\t\t\t\t\t\t<\/div>\n\t\t\t\t<\/div>\n\t\t\t\t<div class=\"elementor-element elementor-element-600efcf elementor-widget elementor-widget-text-editor\" data-id=\"600efcf\" data-element_type=\"widget\" data-e-type=\"widget\" data-widget_type=\"text-editor.default\">\n\t\t\t\t<div class=\"elementor-widget-container\">\n\t\t\t\t\t\t\t\t\t<p><img decoding=\"async\" class=\"size-full wp-image-1341 alignleft\" src=\"https:\/\/proyectos.pgiovas.com\/alfaquarium\/wp-content\/uploads\/2020\/08\/Conus-geographus.png\" alt=\"\" width=\"218\" height=\"196\" \/><\/p><p><strong>Nombre cient\u00edfico:<\/strong> Conus geographus, Conus striatus y varios m\u00e1s<\/p><p><strong>Nombre com\u00fan en ingl\u00e9s:<\/strong> Fish-eating Cone Shells<\/p><p><strong>Nombre com\u00fan es espa\u00f1ol:<\/strong> Caracol Cono (Caracol Cigarrillo)<\/p><p><strong>Tama\u00f1o m\u00e1ximo:<\/strong> Hasta 5 pulgadas (13 cm) de largo.\u00a0<\/p><p><strong>Extensi\u00f3n:<\/strong> Mares Tropicales<\/p><p><strong>Tama\u00f1o m\u00ednimo de acuario:<\/strong> Tanques moderados, 50 galones (190 lts) o m\u00e1s.<\/p><p><strong>Iluminaci\u00f3n:<\/strong> Irrelevante<\/p><p><strong>Alimento y Alimentaci\u00f3n:<\/strong> Depredadores de peces.<\/p><p><strong>Conveniencia y Compatibilidad con el acuario de arrecife: <\/strong><em>Excepcionalmente peligrosos; nunca deben ser mantenidos por acuaristas amateurs.<\/em><\/p><p><strong>Cuidado Cautivo:<\/strong> Si uno de estos caracoles te pica, es muy probable que mueras. El veneno es de acci\u00f3n r\u00e1pida y no hay ant\u00eddoto. De ah\u00ed el nombre de Caracol Cigarrillo, pues solo te dar\u00e1 tiempo de un cigarro antes de morir. Si los conos que comen peces se mantienen en un acuario con un lecho de arena profundo, es muy f\u00e1cil pasar por alto sus peque\u00f1os proboscidas que se extienden desde la arena. Afortunadamente, estos caracoles son f\u00e1ciles de reconocer. Sus aberturas de concha tienden a destellar relativamente ampliamente en el extremo angosto de la carcasa. Adem\u00e1s, sus conchas a menudo se colorean con un patr\u00f3n de chevron moteado o fino, t\u00edpicamente marr\u00f3n o casta\u00f1o en blanco o bronceado. Este patr\u00f3n tambi\u00e9n se encuentra en algunos otros conos no adherentes, pero es mejor pecar de cauteloso. Se pueden recoger usando un par de pinzas o alicates para agarrar el extremo raso. Des\u00e9chelos humanamente congelando.<\/p><p><em><strong>Fuentes del art\u00edculo:<\/strong><\/em><\/p><p><em><strong>Marine Invertebrates; Ronald L. Shimek, Ph.D.<\/strong><\/em><br \/><br \/><em><strong>Colaboraci\u00f3n de:<\/strong><\/em><\/p><p><em><strong>Luz Alicia Anduaga<\/strong><\/em><\/p>\t\t\t\t\t\t\t\t<\/div>\n\t\t\t\t<\/div>\n\t\t\t\t\t<\/div>\n\t\t<\/div>\n\t\t\t\t\t<\/div>\n\t\t<\/section>\n\t\t\t\t<\/div>\n\t\t","protected":false},"excerpt":{"rendered":"<p>Conus geographus, Conus striatus y varios m\u00e1s Nombre cient\u00edfico: Conus geographus, Conus striatus y varios m\u00e1s Nombre com\u00fan en ingl\u00e9s: Fish-eating Cone Shells Nombre com\u00fan es espa\u00f1ol: Caracol Cono (Caracol Cigarrillo) Tama\u00f1o m\u00e1ximo: Hasta 5&hellip;<\/p>\n","protected":false},"author":4,"featured_media":0,"parent":0,"menu_order":0,"comment_status":"closed","ping_status":"closed","template":"","meta":{"footnotes":""},"class_list":["post-3465","page","type-page","status-publish","hentry"],"_links":{"self":[{"href":"https:\/\/proyectos.pgiovas.com\/alfaquarium\/wp-json\/wp\/v2\/pages\/3465","targetHints":{"allow":["GET"]}}],"collection":[{"href":"https:\/\/proyectos.pgiovas.com\/alfaquarium\/wp-json\/wp\/v2\/pages"}],"about":[{"href":"https:\/\/proyectos.pgiovas.com\/alfaquarium\/wp-json\/wp\/v2\/types\/page"}],"author":[{"embeddable":true,"href":"https:\/\/proyectos.pgiovas.com\/alfaquarium\/wp-json\/wp\/v2\/users\/4"}],"replies":[{"embeddable":true,"href":"https:\/\/proyectos.pgiovas.com\/alfaquarium\/wp-json\/wp\/v2\/comments?post=3465"}],"version-history":[{"count":2,"href":"https:\/\/proyectos.pgiovas.com\/alfaquarium\/wp-json\/wp\/v2\/pages\/3465\/revisions"}],"predecessor-version":[{"id":3468,"href":"https:\/\/proyectos.pgiovas.com\/alfaquarium\/wp-json\/wp\/v2\/pages\/3465\/revisions\/3468"}],"wp:attachment":[{"href":"https:\/\/proyectos.pgiovas.com\/alfaquarium\/wp-json\/wp\/v2\/media?parent=3465"}],"curies":[{"name":"wp","href":"https:\/\/api.w.org\/{rel}","templated":true}]}}