{"id":3459,"date":"2020-08-12T01:30:40","date_gmt":"2020-08-12T01:30:40","guid":{"rendered":"http:\/\/alfaquarium.mx\/?page_id=3459"},"modified":"2020-08-12T01:32:48","modified_gmt":"2020-08-12T01:32:48","slug":"nassarius-spp","status":"publish","type":"page","link":"https:\/\/proyectos.pgiovas.com\/alfaquarium\/nassarius-spp","title":{"rendered":"Nassarius Spp"},"content":{"rendered":"\t\t<div data-elementor-type=\"wp-page\" data-elementor-id=\"3459\" class=\"elementor elementor-3459\">\n\t\t\t\t\t\t<section class=\"elementor-section elementor-top-section elementor-element elementor-element-79b8e8b elementor-section-full_width elementor-section-height-default elementor-section-height-default\" data-id=\"79b8e8b\" data-element_type=\"section\" data-e-type=\"section\">\n\t\t\t\t\t\t<div class=\"elementor-container elementor-column-gap-default\">\n\t\t\t\t\t<div class=\"elementor-column elementor-col-100 elementor-top-column elementor-element elementor-element-8003a9b\" data-id=\"8003a9b\" data-element_type=\"column\" data-e-type=\"column\">\n\t\t\t<div class=\"elementor-widget-wrap elementor-element-populated\">\n\t\t\t\t\t\t<div class=\"elementor-element elementor-element-a9cc64a elementor-widget elementor-widget-heading\" data-id=\"a9cc64a\" data-element_type=\"widget\" data-e-type=\"widget\" data-widget_type=\"heading.default\">\n\t\t\t\t<div class=\"elementor-widget-container\">\n\t\t\t\t\t<h3 class=\"elementor-heading-title elementor-size-default\">Nassarius Spp<\/h3>\t\t\t\t<\/div>\n\t\t\t\t<\/div>\n\t\t\t\t<div class=\"elementor-element elementor-element-254ba6f elementor-widget elementor-widget-spacer\" data-id=\"254ba6f\" data-element_type=\"widget\" data-e-type=\"widget\" data-widget_type=\"spacer.default\">\n\t\t\t\t<div class=\"elementor-widget-container\">\n\t\t\t\t\t\t\t<div class=\"elementor-spacer\">\n\t\t\t<div class=\"elementor-spacer-inner\"><\/div>\n\t\t<\/div>\n\t\t\t\t\t\t<\/div>\n\t\t\t\t<\/div>\n\t\t\t\t<div class=\"elementor-element elementor-element-65959d3 elementor-widget-divider--separator-type-pattern elementor-widget-divider--view-line elementor-widget elementor-widget-divider\" data-id=\"65959d3\" data-element_type=\"widget\" data-e-type=\"widget\" data-widget_type=\"divider.default\">\n\t\t\t\t<div class=\"elementor-widget-container\">\n\t\t\t\t\t\t\t<div class=\"elementor-divider\" style=\"--divider-pattern-url: url(&quot;data:image\/svg+xml,%3Csvg xmlns=&#039;http:\/\/www.w3.org\/2000\/svg&#039; preserveAspectRatio=&#039;none&#039; overflow=&#039;visible&#039; height=&#039;100%&#039; viewBox=&#039;0 0 24 24&#039; fill=&#039;none&#039; stroke=&#039;black&#039; stroke-width=&#039;7&#039; stroke-linecap=&#039;square&#039; stroke-miterlimit=&#039;10&#039;%3E%3Cpath d=&#039;M0,6c6,0,6,13,12,13S18,6,24,6&#039;\/%3E%3C\/svg%3E&quot;);\">\n\t\t\t<span class=\"elementor-divider-separator\">\n\t\t\t\t\t\t<\/span>\n\t\t<\/div>\n\t\t\t\t\t\t<\/div>\n\t\t\t\t<\/div>\n\t\t\t\t<div class=\"elementor-element elementor-element-600efcf elementor-widget elementor-widget-text-editor\" data-id=\"600efcf\" data-element_type=\"widget\" data-e-type=\"widget\" data-widget_type=\"text-editor.default\">\n\t\t\t\t<div class=\"elementor-widget-container\">\n\t\t\t\t\t\t\t\t\t<p><img decoding=\"async\" class=\"size-full wp-image-1339 alignleft\" src=\"https:\/\/proyectos.pgiovas.com\/alfaquarium\/wp-content\/uploads\/2020\/08\/Nassarius-spp.png\" alt=\"\" width=\"191\" height=\"172\" \/><\/p><p><strong>Nombre cient\u00edfico:<\/strong> Nassarius spp.<\/p><p><strong>Nombre com\u00fan en ingl\u00e9s:<\/strong> Sand Snails<\/p><p><strong>Nombre com\u00fan es espa\u00f1ol:<\/strong> Caracol de Lodo (Caracol Bocina)<\/p><p><strong>Tama\u00f1o m\u00e1ximo:<\/strong> Hasta 1 pulgada (2.5 cm) de largo. La mayor\u00eda m\u00e1s peque\u00f1os.<\/p><p><strong>Extensi\u00f3n:<\/strong> Todos los mares.<\/p><p><strong>Tama\u00f1o m\u00ednimo de acuario:<\/strong> Tanques peque\u00f1os, 10 galones (38 lts) o m\u00e1s.<\/p><p><strong>Iluminaci\u00f3n:<\/strong> Irrelevante<\/p><p><strong>Alimento y Alimentaci\u00f3n:<\/strong> Carro\u00f1eros obligados de alimentos carnosos. No comer\u00e1n desechos ni atacar\u00e1n animales saludables.<\/p><p><strong>Conveniencia y Compatibilidad con el acuario de arrecife: <\/strong>Buenos carro\u00f1eros.<\/p><p><strong>Cuidado Cautivo:<\/strong> Estos peque\u00f1os caracoles con forma de bucle, pueden vivir d\u00e9cadas en cautiverio, realizando \u00fatiles tareas de limpieza, si no se sobre pueblan y se les permite morir de hambre. Especializados en comer carro\u00f1a, no carne viva, consumir\u00e1n r\u00e1pidamente comida sobrante. Si est\u00e1n bien alimentados, ponen peque\u00f1as masas de huevo circulares en las paredes del acuario, que se desarrollan durante varios d\u00edas y luego eclosionan, liberando larvas planct\u00f3nicas. Tienen un canal corto o muy agudo o un canal sifonal en la parte delantera. Un peque\u00f1o surco alrededor del frente del caparaz\u00f3n detr\u00e1s de la boca curva es diagn\u00f3stico y distintivo; ning\u00fan otro buccino tiene una estructura similar. T\u00edpicamente gris, marr\u00f3n claro o marr\u00f3n, pero el color es variable. El caparaz\u00f3n tiene crestas longitudinales bajas que corren a su alrededor y, a menudo, tiene l\u00edneas incisas en espiral que recorren el cuerpo. Los cangrejos ermita\u00f1os los matan y se los comen.<\/p><p><em><strong>Fuentes del art\u00edculo:<\/strong><\/em><\/p><p><em><strong>Marine Invertebrates; Ronald L. Shimek, Ph.D.<\/strong><\/em><br \/><br \/><em><strong>Colaboraci\u00f3n de:<\/strong><\/em><\/p><p><em><strong>Luz Alicia Anduaga<\/strong><\/em><\/p>\t\t\t\t\t\t\t\t<\/div>\n\t\t\t\t<\/div>\n\t\t\t\t\t<\/div>\n\t\t<\/div>\n\t\t\t\t\t<\/div>\n\t\t<\/section>\n\t\t\t\t<\/div>\n\t\t","protected":false},"excerpt":{"rendered":"<p>Nassarius Spp Nombre cient\u00edfico: Nassarius spp. Nombre com\u00fan en ingl\u00e9s: Sand Snails Nombre com\u00fan es espa\u00f1ol: Caracol de Lodo (Caracol Bocina) Tama\u00f1o m\u00e1ximo: Hasta 1 pulgada (2.5 cm) de largo. La mayor\u00eda m\u00e1s peque\u00f1os. Extensi\u00f3n:&hellip;<\/p>\n","protected":false},"author":4,"featured_media":0,"parent":0,"menu_order":0,"comment_status":"closed","ping_status":"closed","template":"","meta":{"footnotes":""},"class_list":["post-3459","page","type-page","status-publish","hentry"],"_links":{"self":[{"href":"https:\/\/proyectos.pgiovas.com\/alfaquarium\/wp-json\/wp\/v2\/pages\/3459","targetHints":{"allow":["GET"]}}],"collection":[{"href":"https:\/\/proyectos.pgiovas.com\/alfaquarium\/wp-json\/wp\/v2\/pages"}],"about":[{"href":"https:\/\/proyectos.pgiovas.com\/alfaquarium\/wp-json\/wp\/v2\/types\/page"}],"author":[{"embeddable":true,"href":"https:\/\/proyectos.pgiovas.com\/alfaquarium\/wp-json\/wp\/v2\/users\/4"}],"replies":[{"embeddable":true,"href":"https:\/\/proyectos.pgiovas.com\/alfaquarium\/wp-json\/wp\/v2\/comments?post=3459"}],"version-history":[{"count":2,"href":"https:\/\/proyectos.pgiovas.com\/alfaquarium\/wp-json\/wp\/v2\/pages\/3459\/revisions"}],"predecessor-version":[{"id":3461,"href":"https:\/\/proyectos.pgiovas.com\/alfaquarium\/wp-json\/wp\/v2\/pages\/3459\/revisions\/3461"}],"wp:attachment":[{"href":"https:\/\/proyectos.pgiovas.com\/alfaquarium\/wp-json\/wp\/v2\/media?parent=3459"}],"curies":[{"name":"wp","href":"https:\/\/api.w.org\/{rel}","templated":true}]}}