{"id":3435,"date":"2020-08-12T01:10:15","date_gmt":"2020-08-12T01:10:15","guid":{"rendered":"http:\/\/alfaquarium.mx\/?page_id=3435"},"modified":"2020-08-12T01:12:11","modified_gmt":"2020-08-12T01:12:11","slug":"thyca-crystallina","status":"publish","type":"page","link":"https:\/\/proyectos.pgiovas.com\/alfaquarium\/thyca-crystallina","title":{"rendered":"Thyca Crystallina"},"content":{"rendered":"\t\t<div data-elementor-type=\"wp-page\" data-elementor-id=\"3435\" class=\"elementor elementor-3435\">\n\t\t\t\t\t\t<section class=\"elementor-section elementor-top-section elementor-element elementor-element-79b8e8b elementor-section-full_width elementor-section-height-default elementor-section-height-default\" data-id=\"79b8e8b\" data-element_type=\"section\" data-e-type=\"section\">\n\t\t\t\t\t\t<div class=\"elementor-container elementor-column-gap-default\">\n\t\t\t\t\t<div class=\"elementor-column elementor-col-100 elementor-top-column elementor-element elementor-element-8003a9b\" data-id=\"8003a9b\" data-element_type=\"column\" data-e-type=\"column\">\n\t\t\t<div class=\"elementor-widget-wrap elementor-element-populated\">\n\t\t\t\t\t\t<div class=\"elementor-element elementor-element-a9cc64a elementor-widget elementor-widget-heading\" data-id=\"a9cc64a\" data-element_type=\"widget\" data-e-type=\"widget\" data-widget_type=\"heading.default\">\n\t\t\t\t<div class=\"elementor-widget-container\">\n\t\t\t\t\t<h3 class=\"elementor-heading-title elementor-size-default\">Thyca Crystallina<\/h3>\t\t\t\t<\/div>\n\t\t\t\t<\/div>\n\t\t\t\t<div class=\"elementor-element elementor-element-254ba6f elementor-widget elementor-widget-spacer\" data-id=\"254ba6f\" data-element_type=\"widget\" data-e-type=\"widget\" data-widget_type=\"spacer.default\">\n\t\t\t\t<div class=\"elementor-widget-container\">\n\t\t\t\t\t\t\t<div class=\"elementor-spacer\">\n\t\t\t<div class=\"elementor-spacer-inner\"><\/div>\n\t\t<\/div>\n\t\t\t\t\t\t<\/div>\n\t\t\t\t<\/div>\n\t\t\t\t<div class=\"elementor-element elementor-element-65959d3 elementor-widget-divider--separator-type-pattern elementor-widget-divider--view-line elementor-widget elementor-widget-divider\" data-id=\"65959d3\" data-element_type=\"widget\" data-e-type=\"widget\" data-widget_type=\"divider.default\">\n\t\t\t\t<div class=\"elementor-widget-container\">\n\t\t\t\t\t\t\t<div class=\"elementor-divider\" style=\"--divider-pattern-url: url(&quot;data:image\/svg+xml,%3Csvg xmlns=&#039;http:\/\/www.w3.org\/2000\/svg&#039; preserveAspectRatio=&#039;none&#039; overflow=&#039;visible&#039; height=&#039;100%&#039; viewBox=&#039;0 0 24 24&#039; fill=&#039;none&#039; stroke=&#039;black&#039; stroke-width=&#039;7&#039; stroke-linecap=&#039;square&#039; stroke-miterlimit=&#039;10&#039;%3E%3Cpath d=&#039;M0,6c6,0,6,13,12,13S18,6,24,6&#039;\/%3E%3C\/svg%3E&quot;);\">\n\t\t\t<span class=\"elementor-divider-separator\">\n\t\t\t\t\t\t<\/span>\n\t\t<\/div>\n\t\t\t\t\t\t<\/div>\n\t\t\t\t<\/div>\n\t\t\t\t<div class=\"elementor-element elementor-element-600efcf elementor-widget elementor-widget-text-editor\" data-id=\"600efcf\" data-element_type=\"widget\" data-e-type=\"widget\" data-widget_type=\"text-editor.default\">\n\t\t\t\t<div class=\"elementor-widget-container\">\n\t\t\t\t\t\t\t\t\t<p><img decoding=\"async\" class=\"size-full wp-image-1334 alignleft\" src=\"https:\/\/proyectos.pgiovas.com\/alfaquarium\/wp-content\/uploads\/2020\/08\/Thyca-crystallina.png\" alt=\"\" width=\"187\" height=\"168\" \/><\/p><p><strong>Nombre cient\u00edfico:<\/strong> Thyca crystallina<\/p><p><strong>Nombre com\u00fan en ingl\u00e9s:<\/strong> Linckia Shell<\/p><p><strong>Nombre com\u00fan es espa\u00f1ol:<\/strong> Caracol Concha Linckia (Concha Cristalina)<\/p><p><strong>Tama\u00f1o m\u00e1ximo:<\/strong> Hasta 0.5 pulgadas (1.3 cm) de largo.<\/p><p><strong>Extensi\u00f3n:<\/strong> Indo Pac\u00edfico<\/p><p><strong>Tama\u00f1o m\u00ednimo de acuario:<\/strong> Tanques grandes, 100 galones (380 lts) o m\u00e1s.<\/p><p><strong>Iluminaci\u00f3n:<\/strong> Irrelevante<\/p><p><strong>Alimento y Alimentaci\u00f3n:<\/strong> Par\u00e1sito de estrellas de mar: <em>Linckia multifora, L. laevigata.<\/em><\/p><p><strong>Conveniencia y Compatibilidad con el acuario de arrecife:<\/strong> Par\u00e1sito de estrellas de mar <em>Linckia<\/em> y debe ser removido.<\/p><p><strong>Cuidado Cautivo:<\/strong> Este viajero &#8220;de avent\u00f3n&#8221; es peque\u00f1o y con forma de lapa, con una concha azul (en <em>Linckia laevigata<\/em>) u ocasionalmente marr\u00f3n (en <em>linckia multifora<\/em>) con una aguja levantada y crestas prominentes. Vive en la superficie de la estrella marina y se alimenta utilizando su prob\u00f3scide larga y extensible para hacer un agujero en el equinodermo, a menudo en el surco donde surgen los pies del tubo, y aspirando fluidos. A menudo se encuentran dos caracoles en la estrella. Si es as\u00ed, cuanto m\u00e1s grande es la hembra, m\u00e1s peque\u00f1o es el macho. Por lo general, no matan a sus anfitriones, pero deben ser eliminados y desechados. Puede ser dif\u00edcil de desalojar, pero si se empuja suficientemente con peque\u00f1os toques repetidos de alg\u00fan objeto, pueden separarse de su anfitri\u00f3n. Si esto no funciona, el acuarista puede simplemente tener que sacarlos suavemente.<\/p><p><em><strong>Fuentes del art\u00edculo:<\/strong><\/em><\/p><p><em><strong>Marine Invertebrates; Ronald L. Shimek, Ph.D.<\/strong><\/em><br \/><br \/><em><strong>Colaboraci\u00f3n de:<\/strong><\/em><\/p><p><em><strong>Luz Alicia Anduaga<\/strong><\/em><\/p>\t\t\t\t\t\t\t\t<\/div>\n\t\t\t\t<\/div>\n\t\t\t\t\t<\/div>\n\t\t<\/div>\n\t\t\t\t\t<\/div>\n\t\t<\/section>\n\t\t\t\t<\/div>\n\t\t","protected":false},"excerpt":{"rendered":"<p>Thyca Crystallina Nombre cient\u00edfico: Thyca crystallina Nombre com\u00fan en ingl\u00e9s: Linckia Shell Nombre com\u00fan es espa\u00f1ol: Caracol Concha Linckia (Concha Cristalina) Tama\u00f1o m\u00e1ximo: Hasta 0.5 pulgadas (1.3 cm) de largo. Extensi\u00f3n: Indo Pac\u00edfico Tama\u00f1o m\u00ednimo&hellip;<\/p>\n","protected":false},"author":4,"featured_media":0,"parent":0,"menu_order":0,"comment_status":"closed","ping_status":"closed","template":"","meta":{"footnotes":""},"class_list":["post-3435","page","type-page","status-publish","hentry"],"_links":{"self":[{"href":"https:\/\/proyectos.pgiovas.com\/alfaquarium\/wp-json\/wp\/v2\/pages\/3435","targetHints":{"allow":["GET"]}}],"collection":[{"href":"https:\/\/proyectos.pgiovas.com\/alfaquarium\/wp-json\/wp\/v2\/pages"}],"about":[{"href":"https:\/\/proyectos.pgiovas.com\/alfaquarium\/wp-json\/wp\/v2\/types\/page"}],"author":[{"embeddable":true,"href":"https:\/\/proyectos.pgiovas.com\/alfaquarium\/wp-json\/wp\/v2\/users\/4"}],"replies":[{"embeddable":true,"href":"https:\/\/proyectos.pgiovas.com\/alfaquarium\/wp-json\/wp\/v2\/comments?post=3435"}],"version-history":[{"count":2,"href":"https:\/\/proyectos.pgiovas.com\/alfaquarium\/wp-json\/wp\/v2\/pages\/3435\/revisions"}],"predecessor-version":[{"id":3438,"href":"https:\/\/proyectos.pgiovas.com\/alfaquarium\/wp-json\/wp\/v2\/pages\/3435\/revisions\/3438"}],"wp:attachment":[{"href":"https:\/\/proyectos.pgiovas.com\/alfaquarium\/wp-json\/wp\/v2\/media?parent=3435"}],"curies":[{"name":"wp","href":"https:\/\/api.w.org\/{rel}","templated":true}]}}