{"id":3417,"date":"2020-08-12T00:55:41","date_gmt":"2020-08-12T00:55:41","guid":{"rendered":"http:\/\/alfaquarium.mx\/?page_id=3417"},"modified":"2020-08-12T00:57:12","modified_gmt":"2020-08-12T00:57:12","slug":"lambis-spp","status":"publish","type":"page","link":"https:\/\/proyectos.pgiovas.com\/alfaquarium\/lambis-spp","title":{"rendered":"Lambis Spp"},"content":{"rendered":"\t\t<div data-elementor-type=\"wp-page\" data-elementor-id=\"3417\" class=\"elementor elementor-3417\">\n\t\t\t\t\t\t<section class=\"elementor-section elementor-top-section elementor-element elementor-element-79b8e8b elementor-section-full_width elementor-section-height-default elementor-section-height-default\" data-id=\"79b8e8b\" data-element_type=\"section\" data-e-type=\"section\">\n\t\t\t\t\t\t<div class=\"elementor-container elementor-column-gap-default\">\n\t\t\t\t\t<div class=\"elementor-column elementor-col-100 elementor-top-column elementor-element elementor-element-8003a9b\" data-id=\"8003a9b\" data-element_type=\"column\" data-e-type=\"column\">\n\t\t\t<div class=\"elementor-widget-wrap elementor-element-populated\">\n\t\t\t\t\t\t<div class=\"elementor-element elementor-element-a9cc64a elementor-widget elementor-widget-heading\" data-id=\"a9cc64a\" data-element_type=\"widget\" data-e-type=\"widget\" data-widget_type=\"heading.default\">\n\t\t\t\t<div class=\"elementor-widget-container\">\n\t\t\t\t\t<h3 class=\"elementor-heading-title elementor-size-default\">Acantholabrus Palloni<\/h3>\t\t\t\t<\/div>\n\t\t\t\t<\/div>\n\t\t\t\t<div class=\"elementor-element elementor-element-254ba6f elementor-widget elementor-widget-spacer\" data-id=\"254ba6f\" data-element_type=\"widget\" data-e-type=\"widget\" data-widget_type=\"spacer.default\">\n\t\t\t\t<div class=\"elementor-widget-container\">\n\t\t\t\t\t\t\t<div class=\"elementor-spacer\">\n\t\t\t<div class=\"elementor-spacer-inner\"><\/div>\n\t\t<\/div>\n\t\t\t\t\t\t<\/div>\n\t\t\t\t<\/div>\n\t\t\t\t<div class=\"elementor-element elementor-element-65959d3 elementor-widget-divider--separator-type-pattern elementor-widget-divider--view-line elementor-widget elementor-widget-divider\" data-id=\"65959d3\" data-element_type=\"widget\" data-e-type=\"widget\" data-widget_type=\"divider.default\">\n\t\t\t\t<div class=\"elementor-widget-container\">\n\t\t\t\t\t\t\t<div class=\"elementor-divider\" style=\"--divider-pattern-url: url(&quot;data:image\/svg+xml,%3Csvg xmlns=&#039;http:\/\/www.w3.org\/2000\/svg&#039; preserveAspectRatio=&#039;none&#039; overflow=&#039;visible&#039; height=&#039;100%&#039; viewBox=&#039;0 0 24 24&#039; fill=&#039;none&#039; stroke=&#039;black&#039; stroke-width=&#039;7&#039; stroke-linecap=&#039;square&#039; stroke-miterlimit=&#039;10&#039;%3E%3Cpath d=&#039;M0,6c6,0,6,13,12,13S18,6,24,6&#039;\/%3E%3C\/svg%3E&quot;);\">\n\t\t\t<span class=\"elementor-divider-separator\">\n\t\t\t\t\t\t<\/span>\n\t\t<\/div>\n\t\t\t\t\t\t<\/div>\n\t\t\t\t<\/div>\n\t\t\t\t<div class=\"elementor-element elementor-element-600efcf elementor-widget elementor-widget-text-editor\" data-id=\"600efcf\" data-element_type=\"widget\" data-e-type=\"widget\" data-widget_type=\"text-editor.default\">\n\t\t\t\t<div class=\"elementor-widget-container\">\n\t\t\t\t\t\t\t\t\t<p><img decoding=\"async\" class=\"size-full wp-image-1330 alignleft\" src=\"https:\/\/proyectos.pgiovas.com\/alfaquarium\/wp-content\/uploads\/2020\/08\/Lambis-spp.png\" alt=\"\" width=\"222\" height=\"200\" \/><\/p><p><strong>Nombre cient\u00edfico:<\/strong> Lambis spp.<\/p><p><strong>Nombre com\u00fan en ingl\u00e9s:<\/strong> Spider Conchs<\/p><p><strong>Nombre com\u00fan es espa\u00f1ol:<\/strong> Caracol Concha de Ara\u00f1a<\/p><p><strong>Tama\u00f1o m\u00e1ximo:<\/strong> Hasta 6 pulgadas (15 cm) de largo.<\/p><p><strong>Extensi\u00f3n:<\/strong> Indo Pac\u00edfico<\/p><p><strong>Tama\u00f1o m\u00ednimo de acuario:<\/strong> Tanques grandes, 100 galones (380 lts) o m\u00e1s.<\/p><p><strong>Iluminaci\u00f3n:<\/strong> Debe ser suficiente para mantener un crecimiento de alga saludable.<\/p><p><strong>Alimento y Alimentaci\u00f3n:<\/strong> Herb\u00edvoro. &#8220;Pastorea&#8221; en todo tipo de micro algas. Puede aceptar raciones en bolitas para herb\u00edvoros.<\/p><p><strong>Conveniencia y Compatibilidad con el acuario de arrecife:<\/strong> Buenos &#8220;pastores&#8221;. Inofensivos. Necesita una gran cantidad de superficie de arena abierta.<\/p><p><strong>Cuidado Cautivo:<\/strong> Al igual que con las conchas reina m\u00e1s comunes, estos\u00a0 interesantes animales tienen ojos grandes y prominentes, y con frecuencia observan a los acuaristas con tanta avidez como los acuaristas a ellos. Son caracoles totalmente herb\u00edvoros y relativamente activos. Necesitan al menos 4 pies cuadrados (0.4 m2) de arena contigua en una parcela grande. Come diatomeas y otras algas finas, pero generalmente no atacar\u00e1 las algas de cabello. Necesita muchas algas y no sobrevivir\u00e1 en tanques con solo algunas parcelas de algas o con muchos competidores que comen algas. Los cangrejos ermita\u00f1os no deber\u00edan ponerse con estos caracoles. La apertura distintiva de la carcasa se agranda ampliamente; el borde exterior de la abertura mide de 5 a 10 pulgadas (13 a 25 cm) de largo; a menudo est\u00e1n presentes extensiones tubulares como piernas, dando a esta concha su nombre.<\/p><p><em><strong>Fuentes del art\u00edculo:<\/strong><\/em><\/p><p><em><strong>Marine Invertebrates; Ronald L. Shimek, Ph.D.<\/strong><\/em><br \/><br \/><em><strong>Colaboraci\u00f3n de:<\/strong><\/em><\/p><p><em><strong>Luz Alicia Anduaga<\/strong><\/em><\/p>\t\t\t\t\t\t\t\t<\/div>\n\t\t\t\t<\/div>\n\t\t\t\t\t<\/div>\n\t\t<\/div>\n\t\t\t\t\t<\/div>\n\t\t<\/section>\n\t\t\t\t<\/div>\n\t\t","protected":false},"excerpt":{"rendered":"<p>Acantholabrus Palloni Nombre cient\u00edfico: Lambis spp. Nombre com\u00fan en ingl\u00e9s: Spider Conchs Nombre com\u00fan es espa\u00f1ol: Caracol Concha de Ara\u00f1a Tama\u00f1o m\u00e1ximo: Hasta 6 pulgadas (15 cm) de largo. Extensi\u00f3n: Indo Pac\u00edfico Tama\u00f1o m\u00ednimo de&hellip;<\/p>\n","protected":false},"author":4,"featured_media":0,"parent":0,"menu_order":0,"comment_status":"closed","ping_status":"closed","template":"","meta":{"footnotes":""},"class_list":["post-3417","page","type-page","status-publish","hentry"],"_links":{"self":[{"href":"https:\/\/proyectos.pgiovas.com\/alfaquarium\/wp-json\/wp\/v2\/pages\/3417","targetHints":{"allow":["GET"]}}],"collection":[{"href":"https:\/\/proyectos.pgiovas.com\/alfaquarium\/wp-json\/wp\/v2\/pages"}],"about":[{"href":"https:\/\/proyectos.pgiovas.com\/alfaquarium\/wp-json\/wp\/v2\/types\/page"}],"author":[{"embeddable":true,"href":"https:\/\/proyectos.pgiovas.com\/alfaquarium\/wp-json\/wp\/v2\/users\/4"}],"replies":[{"embeddable":true,"href":"https:\/\/proyectos.pgiovas.com\/alfaquarium\/wp-json\/wp\/v2\/comments?post=3417"}],"version-history":[{"count":2,"href":"https:\/\/proyectos.pgiovas.com\/alfaquarium\/wp-json\/wp\/v2\/pages\/3417\/revisions"}],"predecessor-version":[{"id":3419,"href":"https:\/\/proyectos.pgiovas.com\/alfaquarium\/wp-json\/wp\/v2\/pages\/3417\/revisions\/3419"}],"wp:attachment":[{"href":"https:\/\/proyectos.pgiovas.com\/alfaquarium\/wp-json\/wp\/v2\/media?parent=3417"}],"curies":[{"name":"wp","href":"https:\/\/api.w.org\/{rel}","templated":true}]}}